{"id":6608,"date":"2025-05-26T12:42:53","date_gmt":"2025-05-26T09:42:53","guid":{"rendered":"https:\/\/birimler.atauni.edu.tr\/okul-oncesi-egitimi\/?page_id=6608"},"modified":"2025-05-26T14:20:09","modified_gmt":"2025-05-26T11:20:09","slug":"formlar","status":"publish","type":"page","link":"https:\/\/atauni.edu.tr\/okul-oncesi-egitimi\/formlar\/","title":{"rendered":"Formlar"},"content":{"rendered":"\t\t<div data-elementor-type=\"wp-page\" data-elementor-id=\"6608\" class=\"elementor elementor-6608\" data-elementor-post-type=\"page\">\n\t\t\t\t\t\t<section class=\"elementor-section elementor-top-section elementor-element elementor-element-30fc924 elementor-section-boxed elementor-section-height-default elementor-section-height-default\" data-id=\"30fc924\" data-element_type=\"section\">\n\t\t\t\t\t\t<div class=\"elementor-container elementor-column-gap-default\">\n\t\t\t\t\t<div class=\"elementor-column elementor-col-50 elementor-top-column elementor-element elementor-element-ae708f6\" data-id=\"ae708f6\" data-element_type=\"column\">\n\t\t\t<div class=\"elementor-widget-wrap elementor-element-populated\">\n\t\t\t\t\t\t<div class=\"elementor-element elementor-element-91b259b elementor-view-default elementor-widget elementor-widget-icon\" data-id=\"91b259b\" data-element_type=\"widget\" data-widget_type=\"icon.default\">\n\t\t\t\t<div class=\"elementor-widget-container\">\n\t\t\t\t\t\t\t<div class=\"elementor-icon-wrapper\">\n\t\t\t<div class=\"elementor-icon\">\n\t\t\t<i aria-hidden=\"true\" class=\"fas fa-thumbtack\"><\/i>\t\t\t<\/div>\n\t\t<\/div>\n\t\t\t\t\t\t<\/div>\n\t\t\t\t<\/div>\n\t\t\t\t\t<\/div>\n\t\t<\/div>\n\t\t\t\t<div class=\"elementor-column elementor-col-50 elementor-top-column elementor-element elementor-element-5fb9917\" data-id=\"5fb9917\" data-element_type=\"column\">\n\t\t\t<div class=\"elementor-widget-wrap elementor-element-populated\">\n\t\t\t\t\t\t<div class=\"elementor-element elementor-element-30e5f62 elementor-widget__width-initial elementor-widget elementor-widget-text-editor\" data-id=\"30e5f62\" data-element_type=\"widget\" data-widget_type=\"text-editor.default\">\n\t\t\t\t<div class=\"elementor-widget-container\">\n\t\t\t\t\t\t\t\t\t<p><a href=\"http:\/\/birimler.atauni.edu.tr\/okul-oncesi-egitimi\/wp-content\/uploads\/sites\/347\/2025\/05\/Okul-Deneyimi-1-Deg\u0306erlendirme-Formu.pdf\">Okul Deneyimi I Ders Deg\u0306erlendirme Formu<\/a><\/p>\t\t\t\t\t\t\t\t<\/div>\n\t\t\t\t<\/div>\n\t\t\t\t\t<\/div>\n\t\t<\/div>\n\t\t\t\t\t<\/div>\n\t\t<\/section>\n\t\t\t\t<section class=\"elementor-section elementor-top-section elementor-element elementor-element-8e6cfc7 elementor-section-boxed elementor-section-height-default elementor-section-height-default\" data-id=\"8e6cfc7\" data-element_type=\"section\">\n\t\t\t\t\t\t<div class=\"elementor-container elementor-column-gap-default\">\n\t\t\t\t\t<div class=\"elementor-column elementor-col-50 elementor-top-column elementor-element elementor-element-06df660\" data-id=\"06df660\" data-element_type=\"column\">\n\t\t\t<div class=\"elementor-widget-wrap elementor-element-populated\">\n\t\t\t\t\t\t<div class=\"elementor-element elementor-element-f1adeef elementor-view-default elementor-widget elementor-widget-icon\" data-id=\"f1adeef\" data-element_type=\"widget\" data-widget_type=\"icon.default\">\n\t\t\t\t<div class=\"elementor-widget-container\">\n\t\t\t\t\t\t\t<div class=\"elementor-icon-wrapper\">\n\t\t\t<div class=\"elementor-icon\">\n\t\t\t<i aria-hidden=\"true\" class=\"fas fa-thumbtack\"><\/i>\t\t\t<\/div>\n\t\t<\/div>\n\t\t\t\t\t\t<\/div>\n\t\t\t\t<\/div>\n\t\t\t\t\t<\/div>\n\t\t<\/div>\n\t\t\t\t<div class=\"elementor-column elementor-col-50 elementor-top-column elementor-element elementor-element-020287e\" data-id=\"020287e\" data-element_type=\"column\">\n\t\t\t<div class=\"elementor-widget-wrap elementor-element-populated\">\n\t\t\t\t\t\t<div class=\"elementor-element elementor-element-34eaf78 elementor-widget__width-initial elementor-widget elementor-widget-text-editor\" data-id=\"34eaf78\" data-element_type=\"widget\" data-widget_type=\"text-editor.default\">\n\t\t\t\t<div class=\"elementor-widget-container\">\n\t\t\t\t\t\t\t\t\t<p><a href=\"http:\/\/birimler.atauni.edu.tr\/okul-oncesi-egitimi\/wp-content\/uploads\/sites\/347\/2025\/05\/Okul-Deneyimi-2-Deg\u0306erlendirme-Formu.pdf\">Okul Deneyimi II Ders Deg\u0306erlendirme Formu<\/a><\/p>\t\t\t\t\t\t\t\t<\/div>\n\t\t\t\t<\/div>\n\t\t\t\t\t<\/div>\n\t\t<\/div>\n\t\t\t\t\t<\/div>\n\t\t<\/section>\n\t\t\t\t<section class=\"elementor-section elementor-top-section elementor-element elementor-element-dbb6a82 elementor-section-boxed elementor-section-height-default elementor-section-height-default\" data-id=\"dbb6a82\" data-element_type=\"section\">\n\t\t\t\t\t\t<div class=\"elementor-container elementor-column-gap-default\">\n\t\t\t\t\t<div class=\"elementor-column elementor-col-50 elementor-top-column elementor-element elementor-element-2f40dca\" data-id=\"2f40dca\" data-element_type=\"column\">\n\t\t\t<div class=\"elementor-widget-wrap elementor-element-populated\">\n\t\t\t\t\t\t<div class=\"elementor-element elementor-element-70d9530 elementor-view-default elementor-widget elementor-widget-icon\" data-id=\"70d9530\" data-element_type=\"widget\" data-widget_type=\"icon.default\">\n\t\t\t\t<div class=\"elementor-widget-container\">\n\t\t\t\t\t\t\t<div class=\"elementor-icon-wrapper\">\n\t\t\t<div class=\"elementor-icon\">\n\t\t\t<i aria-hidden=\"true\" class=\"fas fa-thumbtack\"><\/i>\t\t\t<\/div>\n\t\t<\/div>\n\t\t\t\t\t\t<\/div>\n\t\t\t\t<\/div>\n\t\t\t\t\t<\/div>\n\t\t<\/div>\n\t\t\t\t<div class=\"elementor-column elementor-col-50 elementor-top-column elementor-element elementor-element-a7ba01f\" data-id=\"a7ba01f\" data-element_type=\"column\">\n\t\t\t<div class=\"elementor-widget-wrap elementor-element-populated\">\n\t\t\t\t\t\t<div class=\"elementor-element elementor-element-4a35dd3 elementor-widget__width-initial elementor-widget elementor-widget-text-editor\" data-id=\"4a35dd3\" data-element_type=\"widget\" data-widget_type=\"text-editor.default\">\n\t\t\t\t<div class=\"elementor-widget-container\">\n\t\t\t\t\t\t\t\t\t<p><a href=\"http:\/\/birimler.atauni.edu.tr\/okul-oncesi-egitimi\/wp-content\/uploads\/sites\/347\/2025\/05\/Topluma-Hizmet-Uygulamalari-Toplumsal-Duyarlilik-Projeleri-Dersina-Ait-Formlar.pdf\">Topluma Hizmet Uygulamalar\u0131 (Toplumsal Duyarl\u0131l\u0131k Projeleri) Dersine Ait Formlar<\/a><\/p>\t\t\t\t\t\t\t\t<\/div>\n\t\t\t\t<\/div>\n\t\t\t\t\t<\/div>\n\t\t<\/div>\n\t\t\t\t\t<\/div>\n\t\t<\/section>\n\t\t\t\t<\/div>\n\t\t","protected":false},"excerpt":{"rendered":"<p>Okul Deneyimi I Ders Deg\u0306erlendirme Formu Okul Deneyimi II Ders Deg\u0306erlendirme Formu Topluma Hizmet Uygulamalar\u0131 (Toplumsal Duyarl\u0131l\u0131k Projeleri) Dersine Ait Formlar<\/p>\n","protected":false},"author":633,"featured_media":0,"parent":0,"menu_order":0,"comment_status":"closed","ping_status":"closed","template":"","meta":{"footnotes":""},"class_list":["post-6608","page","type-page","status-publish","hentry"],"_links":{"self":[{"href":"https:\/\/atauni.edu.tr\/okul-oncesi-egitimi\/wp-json\/wp\/v2\/pages\/6608","targetHints":{"allow":["GET"]}}],"collection":[{"href":"https:\/\/atauni.edu.tr\/okul-oncesi-egitimi\/wp-json\/wp\/v2\/pages"}],"about":[{"href":"https:\/\/atauni.edu.tr\/okul-oncesi-egitimi\/wp-json\/wp\/v2\/types\/page"}],"author":[{"embeddable":true,"href":"https:\/\/atauni.edu.tr\/okul-oncesi-egitimi\/wp-json\/wp\/v2\/users\/633"}],"replies":[{"embeddable":true,"href":"https:\/\/atauni.edu.tr\/okul-oncesi-egitimi\/wp-json\/wp\/v2\/comments?post=6608"}],"version-history":[{"count":7,"href":"https:\/\/atauni.edu.tr\/okul-oncesi-egitimi\/wp-json\/wp\/v2\/pages\/6608\/revisions"}],"predecessor-version":[{"id":6634,"href":"https:\/\/atauni.edu.tr\/okul-oncesi-egitimi\/wp-json\/wp\/v2\/pages\/6608\/revisions\/6634"}],"wp:attachment":[{"href":"https:\/\/atauni.edu.tr\/okul-oncesi-egitimi\/wp-json\/wp\/v2\/media?parent=6608"}],"curies":[{"name":"wp","href":"https:\/\/api.w.org\/{rel}","templated":true}]}}