{"id":6693,"date":"2025-08-07T14:24:41","date_gmt":"2025-08-07T11:24:41","guid":{"rendered":"https:\/\/birimler.atauni.edu.tr\/okul-oncesi-egitimi\/?page_id=6693"},"modified":"2025-08-07T14:24:41","modified_gmt":"2025-08-07T11:24:41","slug":"haberler","status":"publish","type":"page","link":"https:\/\/atauni.edu.tr\/okul-oncesi-egitimi\/haberler\/","title":{"rendered":"Haberler"},"content":{"rendered":"<form method=\"get\" class=\"row g-3\" style=\"margin-bottom: 20px;\"><div class=\"col-md-3\"><input type=\"text\" name=\"haber_ara\" class=\"form-control\" placeholder=\"Haber ara...\" value=\"\"><\/div><div class=\"col-md-3\"><input type=\"date\" name=\"baslangic_tarihi\" class=\"form-control\" value=\"\"><\/div><div class=\"col-md-3\"><input type=\"date\" name=\"bitis_tarihi\" class=\"form-control\" value=\"\"><\/div><div class=\"col-md-3\"><button type=\"submit\" class=\"btn btn-secondary w-50\">Filtrele<\/button><\/div><\/form><ul class=\"kategori-yazilari-liste\"><li style=\"display: flex; margin-bottom: 10px; align-items: center;\"><div class=\"post-content\" style=\"flex-grow: 1;\"><span class=\"post-date habertarih\" style=\"display: block; font-weight: bold; margin-bottom: 5px;\">30 Aral\u0131k 2025<\/span><a class=\"haberbaslik\" href=\"https:\/\/atauni.edu.tr\/okul-oncesi-egitimi\/2025\/12\/30\/gelecege-yon-veren-adimlar-kariyer-ve-farkindalik-bulusmasi\/\">Gelece\u011fe Y\u00f6n Veren Ad\u0131mlar: Kariyer ve Fark\u0131ndal\u0131k Bulu\u015fmas\u0131<\/a><\/div><\/li><li style=\"display: flex; margin-bottom: 10px; align-items: center;\"><div class=\"post-content\" style=\"flex-grow: 1;\"><span class=\"post-date habertarih\" style=\"display: block; font-weight: bold; margin-bottom: 5px;\">23 Haziran 2025<\/span><a class=\"haberbaslik\" href=\"https:\/\/atauni.edu.tr\/okul-oncesi-egitimi\/2025\/06\/23\/%f0%9f%8e%93-2024-2025-mezunlarimizi-ugurladik\/\">\ud83c\udf93 2024-2025 Mezunlar\u0131m\u0131z\u0131 U\u011furlad\u0131k!<\/a><\/div><\/li><li style=\"display: flex; margin-bottom: 10px; align-items: center;\"><div class=\"post-content\" style=\"flex-grow: 1;\"><span class=\"post-date habertarih\" style=\"display: block; font-weight: bold; margin-bottom: 5px;\">20 May\u0131s 2025<\/span><a class=\"haberbaslik\" href=\"https:\/\/atauni.edu.tr\/okul-oncesi-egitimi\/2025\/05\/20\/%f0%9f%8e%89-18-ulusal-okul-oncesi-ogrenci-kongresi-mus-alparslan-universitesi\/\">\ud83c\udf89 18. Ulusal Okul \u00d6ncesi \u00d6\u011frenci Kongresi | Mu\u015f Alparslan \u00dcniversitesi<\/a><\/div><\/li><li style=\"display: flex; margin-bottom: 10px; align-items: center;\"><div class=\"post-content\" style=\"flex-grow: 1;\"><span class=\"post-date habertarih\" style=\"display: block; font-weight: bold; margin-bottom: 5px;\">20 May\u0131s 2025<\/span><a class=\"haberbaslik\" href=\"https:\/\/atauni.edu.tr\/okul-oncesi-egitimi\/2025\/05\/20\/%f0%9f%8c%bf-doganin-ritimleri-projesi-sona-erdi-%f0%9f%8e%b6%f0%9f%92%9a\/\">\ud83c\udf3f DO\u011eANIN R\u0130T\u0130MLER\u0130 PROJES\u0130 SONA ERD\u0130! \ud83c\udfb6\ud83d\udc9a<\/a><\/div><\/li><li style=\"display: flex; margin-bottom: 10px; align-items: center;\"><div class=\"post-content\" style=\"flex-grow: 1;\"><span class=\"post-date habertarih\" style=\"display: block; font-weight: bold; margin-bottom: 5px;\">6 Aral\u0131k 2024<\/span><a class=\"haberbaslik\" href=\"https:\/\/atauni.edu.tr\/okul-oncesi-egitimi\/2024\/12\/06\/disarida-oyna-disarida-ogren-toplumsal-duyarlilik-projesi\/\">\u201cD\u0131\u015far\u0131da Oyna D\u0131\u015far\u0131da \u00d6\u011fren\u201d Toplumsal Duyarl\u0131l\u0131k Projesi<\/a><\/div><\/li><li style=\"display: flex; margin-bottom: 10px; align-items: center;\"><div class=\"post-content\" style=\"flex-grow: 1;\"><span class=\"post-date habertarih\" style=\"display: block; font-weight: bold; margin-bottom: 5px;\">6 Aral\u0131k 2024<\/span><a class=\"haberbaslik\" href=\"https:\/\/atauni.edu.tr\/okul-oncesi-egitimi\/2024\/12\/06\/turkiye-okul-oncesi-egitimi-gelistirme-dernegi-ogrenci-komitesi\/\">T\u00fcrkiye Okul \u00d6ncesi E\u011fitimi Geli\u015ftirme Derne\u011fi \u00f6\u011frenci komitesi<\/a><\/div><\/li><\/ul>\n\n\n\n<p><\/p>\n","protected":false},"excerpt":{"rendered":"","protected":false},"author":1,"featured_media":0,"parent":0,"menu_order":0,"comment_status":"closed","ping_status":"closed","template":"","meta":{"footnotes":""},"class_list":["post-6693","page","type-page","status-publish","hentry"],"_links":{"self":[{"href":"https:\/\/atauni.edu.tr\/okul-oncesi-egitimi\/wp-json\/wp\/v2\/pages\/6693","targetHints":{"allow":["GET"]}}],"collection":[{"href":"https:\/\/atauni.edu.tr\/okul-oncesi-egitimi\/wp-json\/wp\/v2\/pages"}],"about":[{"href":"https:\/\/atauni.edu.tr\/okul-oncesi-egitimi\/wp-json\/wp\/v2\/types\/page"}],"author":[{"embeddable":true,"href":"https:\/\/atauni.edu.tr\/okul-oncesi-egitimi\/wp-json\/wp\/v2\/users\/1"}],"replies":[{"embeddable":true,"href":"https:\/\/atauni.edu.tr\/okul-oncesi-egitimi\/wp-json\/wp\/v2\/comments?post=6693"}],"version-history":[{"count":1,"href":"https:\/\/atauni.edu.tr\/okul-oncesi-egitimi\/wp-json\/wp\/v2\/pages\/6693\/revisions"}],"predecessor-version":[{"id":6694,"href":"https:\/\/atauni.edu.tr\/okul-oncesi-egitimi\/wp-json\/wp\/v2\/pages\/6693\/revisions\/6694"}],"wp:attachment":[{"href":"https:\/\/atauni.edu.tr\/okul-oncesi-egitimi\/wp-json\/wp\/v2\/media?parent=6693"}],"curies":[{"name":"wp","href":"https:\/\/api.w.org\/{rel}","templated":true}]}}