{"id":10200,"date":"2022-03-30T14:50:11","date_gmt":"2022-03-30T11:50:11","guid":{"rendered":"https:\/\/birimler.atauni.edu.tr\/oltu-beseri-ve-sosyal-bilimler-fakultesi\/?page_id=10200"},"modified":"2026-02-03T09:24:41","modified_gmt":"2026-02-03T06:24:41","slug":"birim-faaliyet-raporlari","status":"publish","type":"page","link":"https:\/\/atauni.edu.tr\/oltu-beseri-ve-sosyal-bilimler-fakultesi\/birim-faaliyet-raporlari\/","title":{"rendered":"Birim Faaliyet Raporlar\u0131"},"content":{"rendered":"\t\t<div data-elementor-type=\"wp-page\" data-elementor-id=\"10200\" class=\"elementor elementor-10200\" data-elementor-post-type=\"page\">\n\t\t\t\t\t\t<section class=\"elementor-section elementor-top-section elementor-element elementor-element-cdcb888 elementor-section-boxed elementor-section-height-default elementor-section-height-default\" data-id=\"cdcb888\" data-element_type=\"section\">\n\t\t\t\t\t\t<div class=\"elementor-container elementor-column-gap-default\">\n\t\t\t\t\t<div class=\"elementor-column elementor-col-100 elementor-top-column elementor-element elementor-element-56de9c2\" data-id=\"56de9c2\" data-element_type=\"column\">\n\t\t\t<div class=\"elementor-widget-wrap elementor-element-populated\">\n\t\t\t\t\t\t<div class=\"elementor-element elementor-element-68b3a14 elementor-widget elementor-widget-toggle\" data-id=\"68b3a14\" data-element_type=\"widget\" data-widget_type=\"toggle.default\">\n\t\t\t\t<div class=\"elementor-widget-container\">\n\t\t\t\t\t\t\t<div class=\"elementor-toggle\">\n\t\t\t\t\t\t\t<div class=\"elementor-toggle-item\">\n\t\t\t\t\t<div id=\"elementor-tab-title-1091\" class=\"elementor-tab-title\" data-tab=\"1\" role=\"button\" aria-controls=\"elementor-tab-content-1091\" aria-expanded=\"false\">\n\t\t\t\t\t\t\t\t\t\t\t\t<span class=\"elementor-toggle-icon elementor-toggle-icon-left\" aria-hidden=\"true\">\n\t\t\t\t\t\t\t\t\t\t\t\t\t\t\t<span class=\"elementor-toggle-icon-closed\"><i class=\"fas fa-caret-right\"><\/i><\/span>\n\t\t\t\t\t\t\t\t<span class=\"elementor-toggle-icon-opened\"><i class=\"elementor-toggle-icon-opened fas fa-caret-up\"><\/i><\/span>\n\t\t\t\t\t\t\t\t\t\t\t\t\t<\/span>\n\t\t\t\t\t\t\t\t\t\t\t\t<a class=\"elementor-toggle-title\" tabindex=\"0\">Birim Faaliyet Raporlar<\/a>\n\t\t\t\t\t<\/div>\n\n\t\t\t\t\t<div id=\"elementor-tab-content-1091\" class=\"elementor-tab-content elementor-clearfix\" data-tab=\"1\" role=\"region\" aria-labelledby=\"elementor-tab-title-1091\"><ul><li><a href=\"http:\/\/birimler.atauni.edu.tr\/oltu-beseri-ve-sosyal-bilimler-fakultesi\/wp-content\/uploads\/sites\/69\/2026\/02\/2025-Faaliyet-Raporu-16.01.2026-2-1.pdf\">2025 YILI FAAL\u0130YET RAPORU<\/a><\/li><li><a href=\"http:\/\/birimler.atauni.edu.tr\/oltu-beseri-ve-sosyal-bilimler-fakultesi\/wp-content\/uploads\/sites\/69\/2026\/02\/2024-YILI-FAALIYET-RAPORU.pdf\">2024 YILI FAAL\u0130YET RAPORU<\/a><\/li><li><a href=\"http:\/\/birimler.atauni.edu.tr\/oltu-beseri-ve-sosyal-bilimler-fakultesi\/wp-content\/uploads\/sites\/69\/2024\/01\/OLTU-BESERI-VE-SOSYAL-BILIMLER-FAKULTESI-2023-YILI-FAALIYET-RAPORU-2.pdf\">2023 YILI FAALIYET RAPORU<\/a><\/li><li><a href=\"http:\/\/birimler.atauni.edu.tr\/oltu-beseri-ve-sosyal-bilimler-fakultesi\/wp-content\/uploads\/sites\/69\/2020\/07\/OLTU-BESERI-VE-SOSYAL-BILIMLER-FAKULTESI-2022-YILI-FAALIYET-RAPORU.pdf\">2022 YILI FAAL\u0130YET RAPORU<\/a><\/li><li><a style=\"background-color: #ffffff;letter-spacing: 0px\" href=\"http:\/\/birimler.atauni.edu.tr\/oltu-beseri-ve-sosyal-bilimler-fakultesi\/wp-content\/uploads\/sites\/69\/2020\/07\/OLTU-BESERI-VE-SOSYAL-BILIMLER-FAKULTESI-2021-YILI-FAALIYET-RAPORU.pdf\">2021 YILI FAAL\u0130YET RAPORU<\/a><\/li><li><a href=\"http:\/\/birimler.atauni.edu.tr\/oltu-beseri-ve-sosyal-bilimler-fakultesi\/wp-content\/uploads\/sites\/69\/2020\/07\/2020-YILI-BIRIM-FAALIYET-RAPORU.pdf\">2020 YILI FAAL\u0130YET RAPORU<\/a><\/li><\/ul><\/div>\n\t\t\t\t<\/div>\n\t\t\t\t\t\t\t\t<\/div>\n\t\t\t\t\t\t<\/div>\n\t\t\t\t<\/div>\n\t\t\t\t\t<\/div>\n\t\t<\/div>\n\t\t\t\t\t<\/div>\n\t\t<\/section>\n\t\t\t\t<\/div>\n\t\t","protected":false},"excerpt":{"rendered":"<p>Birim Faaliyet Raporlar 2025 YILI FAAL\u0130YET RAPORU 2024 YILI FAAL\u0130YET RAPORU 2023 YILI FAALIYET RAPORU 2022 YILI FAAL\u0130YET RAPORU 2021 YILI FAAL\u0130YET RAPORU 2020 YILI FAAL\u0130YET RAPORU<\/p>\n","protected":false},"author":227,"featured_media":0,"parent":0,"menu_order":0,"comment_status":"closed","ping_status":"closed","template":"","meta":{"footnotes":""},"class_list":["post-10200","page","type-page","status-publish","hentry"],"_links":{"self":[{"href":"https:\/\/atauni.edu.tr\/oltu-beseri-ve-sosyal-bilimler-fakultesi\/wp-json\/wp\/v2\/pages\/10200","targetHints":{"allow":["GET"]}}],"collection":[{"href":"https:\/\/atauni.edu.tr\/oltu-beseri-ve-sosyal-bilimler-fakultesi\/wp-json\/wp\/v2\/pages"}],"about":[{"href":"https:\/\/atauni.edu.tr\/oltu-beseri-ve-sosyal-bilimler-fakultesi\/wp-json\/wp\/v2\/types\/page"}],"author":[{"embeddable":true,"href":"https:\/\/atauni.edu.tr\/oltu-beseri-ve-sosyal-bilimler-fakultesi\/wp-json\/wp\/v2\/users\/227"}],"replies":[{"embeddable":true,"href":"https:\/\/atauni.edu.tr\/oltu-beseri-ve-sosyal-bilimler-fakultesi\/wp-json\/wp\/v2\/comments?post=10200"}],"version-history":[{"count":37,"href":"https:\/\/atauni.edu.tr\/oltu-beseri-ve-sosyal-bilimler-fakultesi\/wp-json\/wp\/v2\/pages\/10200\/revisions"}],"predecessor-version":[{"id":16924,"href":"https:\/\/atauni.edu.tr\/oltu-beseri-ve-sosyal-bilimler-fakultesi\/wp-json\/wp\/v2\/pages\/10200\/revisions\/16924"}],"wp:attachment":[{"href":"https:\/\/atauni.edu.tr\/oltu-beseri-ve-sosyal-bilimler-fakultesi\/wp-json\/wp\/v2\/media?parent=10200"}],"curies":[{"name":"wp","href":"https:\/\/api.w.org\/{rel}","templated":true}]}}