{"id":11649,"date":"2022-12-06T14:27:12","date_gmt":"2022-12-06T11:27:12","guid":{"rendered":"https:\/\/birimler.atauni.edu.tr\/oltu-beseri-ve-sosyal-bilimler-fakultesi\/?page_id=11649"},"modified":"2025-10-08T13:55:22","modified_gmt":"2025-10-08T10:55:22","slug":"enerji-verimliligi-sorumlulari","status":"publish","type":"page","link":"https:\/\/atauni.edu.tr\/oltu-beseri-ve-sosyal-bilimler-fakultesi\/enerji-verimliligi-sorumlulari\/","title":{"rendered":"Enerji Verimlili\u011fi Sorumlular\u0131"},"content":{"rendered":"\t\t<div data-elementor-type=\"wp-page\" data-elementor-id=\"11649\" class=\"elementor elementor-11649\" data-elementor-post-type=\"page\">\n\t\t\t\t\t\t<section class=\"elementor-section elementor-top-section elementor-element elementor-element-e43f908 elementor-section-boxed elementor-section-height-default elementor-section-height-default\" data-id=\"e43f908\" data-element_type=\"section\">\n\t\t\t\t\t\t<div class=\"elementor-container elementor-column-gap-default\">\n\t\t\t\t\t<div class=\"elementor-column elementor-col-100 elementor-top-column elementor-element elementor-element-149eea9\" data-id=\"149eea9\" data-element_type=\"column\">\n\t\t\t<div class=\"elementor-widget-wrap elementor-element-populated\">\n\t\t\t\t\t\t<div class=\"elementor-element elementor-element-3849fa2 elementor-tabs-view-horizontal elementor-widget elementor-widget-tabs\" data-id=\"3849fa2\" data-element_type=\"widget\" data-widget_type=\"tabs.default\">\n\t\t\t\t<div class=\"elementor-widget-container\">\n\t\t\t\t\t\t\t<div class=\"elementor-tabs\">\n\t\t\t<div class=\"elementor-tabs-wrapper\" role=\"tablist\" >\n\t\t\t\t\t\t\t\t\t<div id=\"elementor-tab-title-5901\" class=\"elementor-tab-title elementor-tab-desktop-title\" aria-selected=\"true\" data-tab=\"1\" role=\"tab\" tabindex=\"0\" aria-controls=\"elementor-tab-content-5901\" aria-expanded=\"false\">Enerji Verimlili\u011fi Sorumlular\u0131<\/div>\n\t\t\t\t\t\t\t<\/div>\n\t\t\t<div class=\"elementor-tabs-content-wrapper\" role=\"tablist\" aria-orientation=\"vertical\">\n\t\t\t\t\t\t\t\t\t<div class=\"elementor-tab-title elementor-tab-mobile-title\" aria-selected=\"true\" data-tab=\"1\" role=\"tab\" tabindex=\"0\" aria-controls=\"elementor-tab-content-5901\" aria-expanded=\"false\">Enerji Verimlili\u011fi Sorumlular\u0131<\/div>\n\t\t\t\t\t<div id=\"elementor-tab-content-5901\" class=\"elementor-tab-content elementor-clearfix\" data-tab=\"1\" role=\"tabpanel\" aria-labelledby=\"elementor-tab-title-5901\" tabindex=\"0\" hidden=\"false\"><\/div>\n\t\t\t\t\t\t\t<\/div>\n\t\t<\/div>\n\t\t\t\t\t\t<\/div>\n\t\t\t\t<\/div>\n\t\t\t\t\t<\/div>\n\t\t<\/div>\n\t\t\t\t\t<\/div>\n\t\t<\/section>\n\t\t\t\t<section class=\"elementor-section elementor-top-section elementor-element elementor-element-2fa90ec elementor-section-boxed elementor-section-height-default elementor-section-height-default\" data-id=\"2fa90ec\" data-element_type=\"section\">\n\t\t\t\t\t\t<div class=\"elementor-container elementor-column-gap-default\">\n\t\t\t\t\t<div class=\"elementor-column elementor-col-100 elementor-top-column elementor-element elementor-element-e93b6db\" data-id=\"e93b6db\" data-element_type=\"column\">\n\t\t\t<div class=\"elementor-widget-wrap elementor-element-populated\">\n\t\t\t\t\t\t<div class=\"elementor-element elementor-element-84984df elementor-widget__width-inherit elementor-widget elementor-widget-text-editor\" data-id=\"84984df\" data-element_type=\"widget\" data-widget_type=\"text-editor.default\">\n\t\t\t\t<div class=\"elementor-widget-container\">\n\t\t\t\t\t\t\t\t\t<ul><li><b>ENERJ\u0130 B\u0130R\u0130M SORUMLULARI<\/b><\/li><\/ul><table style=\"height: 142px\" border=\"0\" width=\"699\" cellspacing=\"0\" cellpadding=\"0\"><tbody><tr><td valign=\"bottom\" nowrap=\"nowrap\" width=\"76\">\u00a0<strong>SIRA NO<\/strong><\/td><td style=\"text-align: center\" colspan=\"2\" valign=\"top\" width=\"397\"><strong>ADI VE SOYADI UNVANI\u00a0<\/strong><\/td><td style=\"text-align: center\" valign=\"bottom\" nowrap=\"nowrap\" width=\"217\"><strong>\u00a0G\u00d6REV\u0130<\/strong><\/td><\/tr><tr><td valign=\"bottom\" nowrap=\"nowrap\" width=\"76\"><p align=\"center\"><b>1.<\/b><\/p><\/td><td valign=\"top\" width=\"10\">\u00a0<\/td><td valign=\"bottom\" nowrap=\"nowrap\" width=\"387\"><p>Do\u00e7. Dr. Rafet BEYAZ (Dekan Yard\u0131mc\u0131s\u0131)\u00a0<\/p><\/td><td valign=\"bottom\" nowrap=\"nowrap\" width=\"217\"><p>Enerji Birim Sorumlusu<\/p><\/td><\/tr><tr><td valign=\"bottom\" nowrap=\"nowrap\" width=\"76\"><p align=\"center\"><b>2.<\/b><\/p><\/td><td valign=\"top\" width=\"10\">\u00a0<\/td><td valign=\"bottom\" nowrap=\"nowrap\" width=\"387\"><p>\u00c7etin HASDEM\u0130R (\u015eef)<\/p><\/td><td valign=\"bottom\" nowrap=\"nowrap\" width=\"217\"><p>Enerji Veri Giri\u015f Sorumlusu<\/p><\/td><\/tr><\/tbody><\/table>\t\t\t\t\t\t\t\t<\/div>\n\t\t\t\t<\/div>\n\t\t\t\t\t<\/div>\n\t\t<\/div>\n\t\t\t\t\t<\/div>\n\t\t<\/section>\n\t\t\t\t<\/div>\n\t\t","protected":false},"excerpt":{"rendered":"<p>Enerji Verimlili\u011fi Sorumlular\u0131 Enerji Verimlili\u011fi Sorumlular\u0131 ENERJ\u0130 B\u0130R\u0130M SORUMLULARI \u00a0SIRA NO ADI VE SOYADI UNVANI\u00a0 \u00a0G\u00d6REV\u0130 1. \u00a0 Do\u00e7. Dr. Rafet BEYAZ (Dekan Yard\u0131mc\u0131s\u0131)\u00a0 Enerji Birim Sorumlusu 2. \u00a0 \u00c7etin HASDEM\u0130R (\u015eef) Enerji Veri Giri\u015f Sorumlusu<\/p>\n","protected":false},"author":227,"featured_media":0,"parent":0,"menu_order":0,"comment_status":"closed","ping_status":"closed","template":"","meta":{"footnotes":""},"class_list":["post-11649","page","type-page","status-publish","hentry"],"_links":{"self":[{"href":"https:\/\/atauni.edu.tr\/oltu-beseri-ve-sosyal-bilimler-fakultesi\/wp-json\/wp\/v2\/pages\/11649","targetHints":{"allow":["GET"]}}],"collection":[{"href":"https:\/\/atauni.edu.tr\/oltu-beseri-ve-sosyal-bilimler-fakultesi\/wp-json\/wp\/v2\/pages"}],"about":[{"href":"https:\/\/atauni.edu.tr\/oltu-beseri-ve-sosyal-bilimler-fakultesi\/wp-json\/wp\/v2\/types\/page"}],"author":[{"embeddable":true,"href":"https:\/\/atauni.edu.tr\/oltu-beseri-ve-sosyal-bilimler-fakultesi\/wp-json\/wp\/v2\/users\/227"}],"replies":[{"embeddable":true,"href":"https:\/\/atauni.edu.tr\/oltu-beseri-ve-sosyal-bilimler-fakultesi\/wp-json\/wp\/v2\/comments?post=11649"}],"version-history":[{"count":36,"href":"https:\/\/atauni.edu.tr\/oltu-beseri-ve-sosyal-bilimler-fakultesi\/wp-json\/wp\/v2\/pages\/11649\/revisions"}],"predecessor-version":[{"id":16255,"href":"https:\/\/atauni.edu.tr\/oltu-beseri-ve-sosyal-bilimler-fakultesi\/wp-json\/wp\/v2\/pages\/11649\/revisions\/16255"}],"wp:attachment":[{"href":"https:\/\/atauni.edu.tr\/oltu-beseri-ve-sosyal-bilimler-fakultesi\/wp-json\/wp\/v2\/media?parent=11649"}],"curies":[{"name":"wp","href":"https:\/\/api.w.org\/{rel}","templated":true}]}}