{"id":5743,"date":"2021-07-13T11:47:21","date_gmt":"2021-07-13T08:47:21","guid":{"rendered":"https:\/\/portaltest.atauni.edu.tr\/muhendislik-fakultesi\/?page_id=5743"},"modified":"2022-01-27T14:18:01","modified_gmt":"2022-01-27T11:18:01","slug":"misyon-vizyon-ve-temel-degerler","status":"publish","type":"page","link":"https:\/\/atauni.edu.tr\/oltu-beseri-ve-sosyal-bilimler-fakultesi\/misyon-vizyon-ve-temel-degerler\/","title":{"rendered":"Misyon, Vizyon ve Temel De\u011ferler"},"content":{"rendered":"\t\t<div data-elementor-type=\"wp-page\" data-elementor-id=\"5743\" class=\"elementor elementor-5743\" data-elementor-post-type=\"page\">\n\t\t\t\t\t\t<section class=\"elementor-section elementor-top-section elementor-element elementor-element-46c2cb5d elementor-section-boxed elementor-section-height-default elementor-section-height-default\" data-id=\"46c2cb5d\" data-element_type=\"section\">\n\t\t\t\t\t\t<div class=\"elementor-container elementor-column-gap-default\">\n\t\t\t\t\t<div class=\"elementor-column elementor-col-100 elementor-top-column elementor-element elementor-element-299813e7\" data-id=\"299813e7\" data-element_type=\"column\">\n\t\t\t<div class=\"elementor-widget-wrap elementor-element-populated\">\n\t\t\t\t\t\t<div class=\"elementor-element elementor-element-3ec495a9 elementor-widget elementor-widget-heading\" data-id=\"3ec495a9\" data-element_type=\"widget\" data-widget_type=\"heading.default\">\n\t\t\t\t<div class=\"elementor-widget-container\">\n\t\t\t\t\t<h2 class=\"elementor-heading-title elementor-size-default\">Misyon, Vizyon ve Temel De\u011ferler<\/h2>\t\t\t\t<\/div>\n\t\t\t\t<\/div>\n\t\t\t\t<div class=\"elementor-element elementor-element-2092e3b3 elementor-widget-divider--view-line elementor-widget elementor-widget-divider\" data-id=\"2092e3b3\" data-element_type=\"widget\" data-widget_type=\"divider.default\">\n\t\t\t\t<div class=\"elementor-widget-container\">\n\t\t\t\t\t\t\t<div class=\"elementor-divider\">\n\t\t\t<span class=\"elementor-divider-separator\">\n\t\t\t\t\t\t<\/span>\n\t\t<\/div>\n\t\t\t\t\t\t<\/div>\n\t\t\t\t<\/div>\n\t\t\t\t\t<\/div>\n\t\t<\/div>\n\t\t\t\t\t<\/div>\n\t\t<\/section>\n\t\t\t\t<section class=\"elementor-section elementor-top-section elementor-element elementor-element-3dabc06 elementor-section-boxed elementor-section-height-default elementor-section-height-default\" data-id=\"3dabc06\" data-element_type=\"section\">\n\t\t\t\t\t\t<div class=\"elementor-container elementor-column-gap-default\">\n\t\t\t\t\t<div class=\"elementor-column elementor-col-100 elementor-top-column elementor-element elementor-element-7bf36f8\" data-id=\"7bf36f8\" data-element_type=\"column\">\n\t\t\t<div class=\"elementor-widget-wrap elementor-element-populated\">\n\t\t\t\t\t\t<div class=\"elementor-element elementor-element-f88264f elementor-widget elementor-widget-text-editor\" data-id=\"f88264f\" data-element_type=\"widget\" data-widget_type=\"text-editor.default\">\n\t\t\t\t<div class=\"elementor-widget-container\">\n\t\t\t\t\t\t\t\t\t<p><em><strong>Oltu Be\u015feri ve Sosyal Bilimler Fak\u00fcltesi\u2019nin temel misyonu<\/strong><\/em>; analitik ve yenilik\u00e7i d\u00fc\u015f\u00fcnceyi prati\u011fe d\u00f6n\u00fc\u015ft\u00fcren e\u011fitim i\u00e7eri\u011fi ile i\u015f d\u00fcnyas\u0131n\u0131n ihtiya\u00e7 duyaca\u011f\u0131, toplum refah\u0131na katk\u0131 sa\u011flayacak \u015fekilde sosyal sorumlulu\u011fu i\u00e7selle\u015ftirmi\u015f, yerelde ya\u015fanan sosyal sorunlara duyarl\u0131 bireyler yeti\u015ftirmektir.<\/p><p><strong><em>Vizyonumuz<\/em><\/strong>, yerel ve evrensel de\u011ferlerin bilincinde, ele\u015ftirel d\u00fc\u015f\u00fcnerek ve ara\u015ft\u0131rarak bilimsel bilgiyi i\u015fleyen \u00f6\u011frencilerimiz, mezunlar\u0131m\u0131z ve akademik kadromuz ile \u00fclkemizi daha ileriye ta\u015f\u0131yan \u00f6nc\u00fc fak\u00fclteler aras\u0131nda yer almakt\u0131r.<\/p><p><em><strong>Fak\u00fcltemizin temel de\u011ferleri a\u015f\u011f\u0131daki gibidir.<\/strong><\/em><\/p><ul><li>T\u00fcrkiye Cumhuriyeti\u2019 nin temel ilke ve de\u011ferlerine sadakat,<\/li><li>Milli ve manevi de\u011ferlere ba\u011fl\u0131l\u0131k,<\/li><li>Kalk\u0131nmaya dayal\u0131 ulusal ve k\u00fcresel d\u00fczeyde yenilik\u00e7ilik,<\/li><li>Ya\u015fam boyu \u00f6\u011frenme,<\/li><li>S\u00fcrekli stratejik planlama, s\u00fcrekli iyile\u015ftirme,<\/li><li>G\u00fc\u00e7l\u00fc altyap\u0131 ve sistemler,<\/li><li>\u0130\u015fbirli\u011fine dayal\u0131 ortak \u00e7al\u0131\u015fma(ulusal ve uluslararas\u0131)<\/li><li>\u00d6\u011frenci odakl\u0131l\u0131k,<\/li><li>\u00c7al\u0131\u015fmalar\u0131nda birey, aile, toplum b\u00fct\u00fcnl\u00fc\u011f\u00fc g\u00f6zetmek.<\/li><\/ul><p><em><strong>\u00a0<\/strong><\/em><\/p><p>\u00a0<\/p>\t\t\t\t\t\t\t\t<\/div>\n\t\t\t\t<\/div>\n\t\t\t\t\t<\/div>\n\t\t<\/div>\n\t\t\t\t\t<\/div>\n\t\t<\/section>\n\t\t\t\t<\/div>\n\t\t","protected":false},"excerpt":{"rendered":"<p>Misyon, Vizyon ve Temel De\u011ferler Oltu Be\u015feri ve Sosyal Bilimler Fak\u00fcltesi\u2019nin temel misyonu; analitik ve yenilik\u00e7i d\u00fc\u015f\u00fcnceyi prati\u011fe d\u00f6n\u00fc\u015ft\u00fcren e\u011fitim i\u00e7eri\u011fi ile i\u015f d\u00fcnyas\u0131n\u0131n ihtiya\u00e7 duyaca\u011f\u0131, toplum refah\u0131na katk\u0131 sa\u011flayacak \u015fekilde sosyal sorumlulu\u011fu i\u00e7selle\u015ftirmi\u015f, yerelde ya\u015fanan sosyal sorunlara duyarl\u0131 bireyler yeti\u015ftirmektir. Vizyonumuz, yerel ve evrensel de\u011ferlerin bilincinde, ele\u015ftirel d\u00fc\u015f\u00fcnerek ve ara\u015ft\u0131rarak bilimsel bilgiyi i\u015fleyen \u00f6\u011frencilerimiz, [&hellip;]<\/p>\n","protected":false},"author":1,"featured_media":0,"parent":0,"menu_order":0,"comment_status":"closed","ping_status":"closed","template":"elementor_header_footer","meta":{"footnotes":""},"class_list":["post-5743","page","type-page","status-publish","hentry"],"_links":{"self":[{"href":"https:\/\/atauni.edu.tr\/oltu-beseri-ve-sosyal-bilimler-fakultesi\/wp-json\/wp\/v2\/pages\/5743","targetHints":{"allow":["GET"]}}],"collection":[{"href":"https:\/\/atauni.edu.tr\/oltu-beseri-ve-sosyal-bilimler-fakultesi\/wp-json\/wp\/v2\/pages"}],"about":[{"href":"https:\/\/atauni.edu.tr\/oltu-beseri-ve-sosyal-bilimler-fakultesi\/wp-json\/wp\/v2\/types\/page"}],"author":[{"embeddable":true,"href":"https:\/\/atauni.edu.tr\/oltu-beseri-ve-sosyal-bilimler-fakultesi\/wp-json\/wp\/v2\/users\/1"}],"replies":[{"embeddable":true,"href":"https:\/\/atauni.edu.tr\/oltu-beseri-ve-sosyal-bilimler-fakultesi\/wp-json\/wp\/v2\/comments?post=5743"}],"version-history":[{"count":15,"href":"https:\/\/atauni.edu.tr\/oltu-beseri-ve-sosyal-bilimler-fakultesi\/wp-json\/wp\/v2\/pages\/5743\/revisions"}],"predecessor-version":[{"id":7631,"href":"https:\/\/atauni.edu.tr\/oltu-beseri-ve-sosyal-bilimler-fakultesi\/wp-json\/wp\/v2\/pages\/5743\/revisions\/7631"}],"wp:attachment":[{"href":"https:\/\/atauni.edu.tr\/oltu-beseri-ve-sosyal-bilimler-fakultesi\/wp-json\/wp\/v2\/media?parent=5743"}],"curies":[{"name":"wp","href":"https:\/\/api.w.org\/{rel}","templated":true}]}}