{"id":5804,"date":"2021-07-13T14:23:19","date_gmt":"2021-07-13T11:23:19","guid":{"rendered":"https:\/\/portaltest.atauni.edu.tr\/muhendislik-fakultesi\/?page_id=5804"},"modified":"2021-08-27T15:20:46","modified_gmt":"2021-08-27T12:20:46","slug":"yandal-programlar","status":"publish","type":"page","link":"https:\/\/atauni.edu.tr\/oltu-beseri-ve-sosyal-bilimler-fakultesi\/yandal-programlar\/","title":{"rendered":"Yandal Programlar"},"content":{"rendered":"\t\t<div data-elementor-type=\"wp-page\" data-elementor-id=\"5804\" class=\"elementor elementor-5804\" data-elementor-post-type=\"page\">\n\t\t\t\t\t\t<section class=\"elementor-section elementor-top-section elementor-element elementor-element-46c2cb5d elementor-section-boxed elementor-section-height-default elementor-section-height-default\" data-id=\"46c2cb5d\" data-element_type=\"section\">\n\t\t\t\t\t\t<div class=\"elementor-container elementor-column-gap-default\">\n\t\t\t\t\t<div class=\"elementor-column elementor-col-100 elementor-top-column elementor-element elementor-element-299813e7\" data-id=\"299813e7\" data-element_type=\"column\">\n\t\t\t<div class=\"elementor-widget-wrap elementor-element-populated\">\n\t\t\t\t\t\t<div class=\"elementor-element elementor-element-3ec495a9 elementor-widget elementor-widget-heading\" data-id=\"3ec495a9\" data-element_type=\"widget\" data-widget_type=\"heading.default\">\n\t\t\t\t<div class=\"elementor-widget-container\">\n\t\t\t\t\t<h2 class=\"elementor-heading-title elementor-size-default\">Yandal Programlar<\/h2>\t\t\t\t<\/div>\n\t\t\t\t<\/div>\n\t\t\t\t<div class=\"elementor-element elementor-element-2092e3b3 elementor-widget-divider--view-line elementor-widget elementor-widget-divider\" data-id=\"2092e3b3\" data-element_type=\"widget\" data-widget_type=\"divider.default\">\n\t\t\t\t<div class=\"elementor-widget-container\">\n\t\t\t\t\t\t\t<div class=\"elementor-divider\">\n\t\t\t<span class=\"elementor-divider-separator\">\n\t\t\t\t\t\t<\/span>\n\t\t<\/div>\n\t\t\t\t\t\t<\/div>\n\t\t\t\t<\/div>\n\t\t\t\t\t<\/div>\n\t\t<\/div>\n\t\t\t\t\t<\/div>\n\t\t<\/section>\n\t\t\t\t<section class=\"elementor-section elementor-top-section elementor-element elementor-element-557563c elementor-section-boxed elementor-section-height-default elementor-section-height-default\" data-id=\"557563c\" data-element_type=\"section\">\n\t\t\t\t\t\t<div class=\"elementor-container elementor-column-gap-default\">\n\t\t\t\t\t<div class=\"elementor-column elementor-col-100 elementor-top-column elementor-element elementor-element-83d46ac\" data-id=\"83d46ac\" data-element_type=\"column\">\n\t\t\t<div class=\"elementor-widget-wrap elementor-element-populated\">\n\t\t\t\t\t\t<div class=\"elementor-element elementor-element-d53bd00 elementor-widget elementor-widget-text-editor\" data-id=\"d53bd00\" data-element_type=\"widget\" data-widget_type=\"text-editor.default\">\n\t\t\t\t<div class=\"elementor-widget-container\">\n\t\t\t\t\t\t\t\t\t<p>Oltu Be\u015feri ve Sosyal Bilimler Fak\u00fcltesi, \u00f6\u011frencilerine akademik ba\u015far\u0131n\u0131n yan\u0131 s\u0131ra \u00e7e\u015fitli alanlarda uzmanla\u015fmalar\u0131na olanak tan\u0131yan yandal programlar\u0131 sunmaktad\u0131r. Bu programlar, \u00f6\u011frencilerin ana dallar\u0131ndaki e\u011fitimlerine ek olarak farkl\u0131 disiplinlerden dersler almas\u0131n\u0131 m\u00fcmk\u00fcn k\u0131lmaktad\u0131r.<\/p>\n<p>Yandal programlar\u0131na kat\u0131lan \u00f6\u011frenciler, iki ayr\u0131 alanda derinlemesine bilgi sahibi olma f\u0131rsat\u0131n\u0131 elde ederler. \u00d6rne\u011fin, sosyoloji b\u00f6l\u00fcm\u00fcnde okuyan bir \u00f6\u011frenci, ayn\u0131 zamanda psikoloji yandal program\u0131na kat\u0131larak bu alanda da uzmanla\u015fabilir. Bu sayede mezun olduktan sonra daha geni\u015f bir yelpazede i\u015f imk\u00e2nlar\u0131na sahip olurlar.<\/p>\n<p>Yandal programlar\u0131, \u00f6\u011frencilere sadece akademik de\u011fil, ayn\u0131 zamanda profesyonel hayatta da avantaj sa\u011flar. Farkl\u0131 disiplinlerden elde ettikleri bilgilerle daha zengin bir perspektife sahip olan mezunlar, daha iyi i\u015f olanaklar\u0131na ve y\u00fcksek lisans e\u011fitimine ge\u00e7i\u015f konusunda daha g\u00fc\u00e7l\u00fc bir konumda olurlar.<\/p>\n<p>Oltu Be\u015feri ve Sosyal Bilimler Fak\u00fcltesi&#8217;nin yandal programlar\u0131, \u00f6\u011frencilerin kendi ilgi alanlar\u0131n\u0131 ke\u015ffetmelerini ve yeteneklerini geli\u015ftirmelerini destekler. Fak\u00fcltenin sundu\u011fu bu olanaklar, \u00f6\u011frencilere gelecekte ba\u015far\u0131l\u0131 ve mutlu olmalar\u0131 i\u00e7in gerekli olan beceri ve bilgiyi kazand\u0131rma amac\u0131n\u0131 ta\u015f\u0131r.<\/p>\t\t\t\t\t\t\t\t<\/div>\n\t\t\t\t<\/div>\n\t\t\t\t\t<\/div>\n\t\t<\/div>\n\t\t\t\t\t<\/div>\n\t\t<\/section>\n\t\t\t\t<\/div>\n\t\t","protected":false},"excerpt":{"rendered":"<p>Oltu Be\u015feri ve Sosyal Bilimler Fak\u00fcltesi Yandal Programlar\u0131 =========================================================== Oltu Be\u015feri ve Sosyal Bilimler Fak\u00fcltemiz, \u00f6\u011frencilerin ilgi alanlar\u0131na g\u00f6re \u00e7e\u015fitli yandal programlar\u0131 sunarak onlara geni\u015f bir perspektif kazand\u0131rmay\u0131 hedeflemektedir. Bu programlar, \u00f6\u011frencilere farkl\u0131 disiplinlere ait dersleri alma f\u0131rsat\u0131 tan\u0131yarak onlar\u0131n \u00e7ok y\u00f6nl\u00fc ve donan\u0131ml\u0131 bireyler olarak yeti\u015fmelerine katk\u0131da bulunmaktad\u0131r. Yandal Programlar\u0131n\u0131n Amac\u0131 &#8212;&#8212;&#8212;&#8212;&#8212;&#8212;&#8212;&#8212;&#8212; Yandal programlar\u0131m\u0131z\u0131n [&hellip;]<\/p>\n","protected":false},"author":1,"featured_media":0,"parent":0,"menu_order":0,"comment_status":"closed","ping_status":"closed","template":"elementor_header_footer","meta":{"footnotes":""},"class_list":["post-5804","page","type-page","status-publish","hentry"],"_links":{"self":[{"href":"https:\/\/atauni.edu.tr\/oltu-beseri-ve-sosyal-bilimler-fakultesi\/wp-json\/wp\/v2\/pages\/5804","targetHints":{"allow":["GET"]}}],"collection":[{"href":"https:\/\/atauni.edu.tr\/oltu-beseri-ve-sosyal-bilimler-fakultesi\/wp-json\/wp\/v2\/pages"}],"about":[{"href":"https:\/\/atauni.edu.tr\/oltu-beseri-ve-sosyal-bilimler-fakultesi\/wp-json\/wp\/v2\/types\/page"}],"author":[{"embeddable":true,"href":"https:\/\/atauni.edu.tr\/oltu-beseri-ve-sosyal-bilimler-fakultesi\/wp-json\/wp\/v2\/users\/1"}],"replies":[{"embeddable":true,"href":"https:\/\/atauni.edu.tr\/oltu-beseri-ve-sosyal-bilimler-fakultesi\/wp-json\/wp\/v2\/comments?post=5804"}],"version-history":[{"count":11,"href":"https:\/\/atauni.edu.tr\/oltu-beseri-ve-sosyal-bilimler-fakultesi\/wp-json\/wp\/v2\/pages\/5804\/revisions"}],"predecessor-version":[{"id":6401,"href":"https:\/\/atauni.edu.tr\/oltu-beseri-ve-sosyal-bilimler-fakultesi\/wp-json\/wp\/v2\/pages\/5804\/revisions\/6401"}],"wp:attachment":[{"href":"https:\/\/atauni.edu.tr\/oltu-beseri-ve-sosyal-bilimler-fakultesi\/wp-json\/wp\/v2\/media?parent=5804"}],"curies":[{"name":"wp","href":"https:\/\/api.w.org\/{rel}","templated":true}]}}