{"id":5807,"date":"2021-07-13T14:25:31","date_gmt":"2021-07-13T11:25:31","guid":{"rendered":"https:\/\/portaltest.atauni.edu.tr\/muhendislik-fakultesi\/?page_id=5807"},"modified":"2025-03-03T14:59:19","modified_gmt":"2025-03-03T11:59:19","slug":"ders-programlari","status":"publish","type":"page","link":"https:\/\/atauni.edu.tr\/oltu-beseri-ve-sosyal-bilimler-fakultesi\/ders-programlari\/","title":{"rendered":"Ders Programlar\u0131"},"content":{"rendered":"\t\t<div data-elementor-type=\"wp-page\" data-elementor-id=\"5807\" class=\"elementor elementor-5807\" data-elementor-post-type=\"page\">\n\t\t\t\t\t\t<section class=\"elementor-section elementor-top-section elementor-element elementor-element-46c2cb5d elementor-section-boxed elementor-section-height-default elementor-section-height-default\" data-id=\"46c2cb5d\" data-element_type=\"section\">\n\t\t\t\t\t\t<div class=\"elementor-container elementor-column-gap-default\">\n\t\t\t\t\t<div class=\"elementor-column elementor-col-100 elementor-top-column elementor-element elementor-element-299813e7\" data-id=\"299813e7\" data-element_type=\"column\">\n\t\t\t<div class=\"elementor-widget-wrap elementor-element-populated\">\n\t\t\t\t\t\t<div class=\"elementor-element elementor-element-3ec495a9 elementor-widget elementor-widget-heading\" data-id=\"3ec495a9\" data-element_type=\"widget\" data-widget_type=\"heading.default\">\n\t\t\t\t<div class=\"elementor-widget-container\">\n\t\t\t\t\t<h2 class=\"elementor-heading-title elementor-size-default\">Ders Program\u0131<\/h2>\t\t\t\t<\/div>\n\t\t\t\t<\/div>\n\t\t\t\t<div class=\"elementor-element elementor-element-2092e3b3 elementor-widget-divider--view-line elementor-widget elementor-widget-divider\" data-id=\"2092e3b3\" data-element_type=\"widget\" data-widget_type=\"divider.default\">\n\t\t\t\t<div class=\"elementor-widget-container\">\n\t\t\t\t\t\t\t<div class=\"elementor-divider\">\n\t\t\t<span class=\"elementor-divider-separator\">\n\t\t\t\t\t\t<\/span>\n\t\t<\/div>\n\t\t\t\t\t\t<\/div>\n\t\t\t\t<\/div>\n\t\t\t\t\t<\/div>\n\t\t<\/div>\n\t\t\t\t\t<\/div>\n\t\t<\/section>\n\t\t\t\t<section class=\"elementor-section elementor-top-section elementor-element elementor-element-33c46b8 elementor-section-boxed elementor-section-height-default elementor-section-height-default\" data-id=\"33c46b8\" data-element_type=\"section\">\n\t\t\t\t\t\t<div class=\"elementor-container elementor-column-gap-default\">\n\t\t\t\t\t<div class=\"elementor-column elementor-col-100 elementor-top-column elementor-element elementor-element-1def29c\" data-id=\"1def29c\" data-element_type=\"column\">\n\t\t\t<div class=\"elementor-widget-wrap elementor-element-populated\">\n\t\t\t\t\t\t<div class=\"elementor-element elementor-element-3c63582 elementor-widget elementor-widget-text-editor\" data-id=\"3c63582\" data-element_type=\"widget\" data-widget_type=\"text-editor.default\">\n\t\t\t\t<div class=\"elementor-widget-container\">\n\t\t\t\t\t\t\t\t\t<h1><span style=\"color: #000000;font-size: 16px;letter-spacing: 0px\">2024-2025 Akademik Y\u0131l\u0131 Bahar D\u00f6nemi ders programlar\u0131m\u0131za a\u015fa\u011f\u0131daki ba\u011flant\u0131lardan ula\u015fabilirsiniz. T\u00fcm \u00f6\u011frencilerimize ba\u015far\u0131lar dileriz.&nbsp;<\/span><\/h1>\n<p style=\"margin-top: 2rem;line-height: 25px;font-size: 16px\"><span style=\"color: #993300\"><b>&nbsp;<a href=\"https:\/\/birimler.atauni.edu.tr\/oltu-beseri-ve-sosyal-bilimler-fakultesi\/finans-ve-bankacilik-bolumu-ders-programi-2024-25-bahar-donemi\/\">Finans ve Bankac\u0131l\u0131k B\u00f6l\u00fcm\u00fc &#8211; Ders Program\u0131<\/a><\/b><\/span><\/p>\n<p style=\"margin-top: 2rem;line-height: 25px;font-size: 16px\"><span style=\"color: #993300\"><b>&nbsp;<a href=\"https:\/\/birimler.atauni.edu.tr\/oltu-beseri-ve-sosyal-bilimler-fakultesi\/isletme-bolumu-ders-programi-2024-25-bahar-donemi\/\">\u0130\u015fletme B\u00f6l\u00fcm\u00fc &#8211; Ders Program\u0131<\/a><\/b><\/span><\/p>\n<p style=\"margin-top: 2rem;line-height: 25px;font-size: 16px\"><span style=\"color: #993300\"><b><a href=\"https:\/\/birimler.atauni.edu.tr\/oltu-beseri-ve-sosyal-bilimler-fakultesi\/ders-programlari-2024-25-bahar-donemi\/\">&nbsp;Sosyal Hizmet B\u00f6l\u00fcm\u00fc &#8211; Ders Program\u0131<\/a><\/b><\/span><\/p>\t\t\t\t\t\t\t\t<\/div>\n\t\t\t\t<\/div>\n\t\t\t\t\t<\/div>\n\t\t<\/div>\n\t\t\t\t\t<\/div>\n\t\t<\/section>\n\t\t\t\t<\/div>\n\t\t","protected":false},"excerpt":{"rendered":"<p>Ders Program\u0131 2024-2025 Akademik Y\u0131l\u0131 Bahar D\u00f6nemi ders programlar\u0131m\u0131za a\u015fa\u011f\u0131daki ba\u011flant\u0131lardan ula\u015fabilirsiniz. T\u00fcm \u00f6\u011frencilerimize ba\u015far\u0131lar dileriz.&nbsp; &nbsp;Finans ve Bankac\u0131l\u0131k B\u00f6l\u00fcm\u00fc &#8211; Ders Program\u0131 &nbsp;\u0130\u015fletme B\u00f6l\u00fcm\u00fc &#8211; Ders Program\u0131 &nbsp;Sosyal Hizmet B\u00f6l\u00fcm\u00fc &#8211; Ders Program\u0131<\/p>\n","protected":false},"author":1,"featured_media":0,"parent":0,"menu_order":0,"comment_status":"closed","ping_status":"closed","template":"elementor_header_footer","meta":{"footnotes":""},"class_list":["post-5807","page","type-page","status-publish","hentry"],"_links":{"self":[{"href":"https:\/\/atauni.edu.tr\/oltu-beseri-ve-sosyal-bilimler-fakultesi\/wp-json\/wp\/v2\/pages\/5807","targetHints":{"allow":["GET"]}}],"collection":[{"href":"https:\/\/atauni.edu.tr\/oltu-beseri-ve-sosyal-bilimler-fakultesi\/wp-json\/wp\/v2\/pages"}],"about":[{"href":"https:\/\/atauni.edu.tr\/oltu-beseri-ve-sosyal-bilimler-fakultesi\/wp-json\/wp\/v2\/types\/page"}],"author":[{"embeddable":true,"href":"https:\/\/atauni.edu.tr\/oltu-beseri-ve-sosyal-bilimler-fakultesi\/wp-json\/wp\/v2\/users\/1"}],"replies":[{"embeddable":true,"href":"https:\/\/atauni.edu.tr\/oltu-beseri-ve-sosyal-bilimler-fakultesi\/wp-json\/wp\/v2\/comments?post=5807"}],"version-history":[{"count":83,"href":"https:\/\/atauni.edu.tr\/oltu-beseri-ve-sosyal-bilimler-fakultesi\/wp-json\/wp\/v2\/pages\/5807\/revisions"}],"predecessor-version":[{"id":15538,"href":"https:\/\/atauni.edu.tr\/oltu-beseri-ve-sosyal-bilimler-fakultesi\/wp-json\/wp\/v2\/pages\/5807\/revisions\/15538"}],"wp:attachment":[{"href":"https:\/\/atauni.edu.tr\/oltu-beseri-ve-sosyal-bilimler-fakultesi\/wp-json\/wp\/v2\/media?parent=5807"}],"curies":[{"name":"wp","href":"https:\/\/api.w.org\/{rel}","templated":true}]}}