{"id":7020,"date":"2021-12-09T15:59:17","date_gmt":"2021-12-09T12:59:17","guid":{"rendered":"https:\/\/birimler.atauni.edu.tr\/oltu-beseri-ve-sosyal-bilimler-fakultesi\/?page_id=7020"},"modified":"2022-01-27T16:54:33","modified_gmt":"2022-01-27T13:54:33","slug":"yonetimden-mesaj","status":"publish","type":"page","link":"https:\/\/atauni.edu.tr\/oltu-beseri-ve-sosyal-bilimler-fakultesi\/yonetimden-mesaj\/","title":{"rendered":"Y\u00f6netimden Mesaj"},"content":{"rendered":"\t\t<div data-elementor-type=\"wp-page\" data-elementor-id=\"7020\" class=\"elementor elementor-7020\" data-elementor-post-type=\"page\">\n\t\t\t\t\t\t<section class=\"elementor-section elementor-top-section elementor-element elementor-element-13024fa elementor-section-boxed elementor-section-height-default elementor-section-height-default\" data-id=\"13024fa\" data-element_type=\"section\">\n\t\t\t\t\t\t<div class=\"elementor-container elementor-column-gap-default\">\n\t\t\t\t\t<div class=\"elementor-column elementor-col-100 elementor-top-column elementor-element elementor-element-6978ca6\" data-id=\"6978ca6\" data-element_type=\"column\">\n\t\t\t<div class=\"elementor-widget-wrap elementor-element-populated\">\n\t\t\t\t\t\t<div class=\"elementor-element elementor-element-d47ecd3 elementor-widget elementor-widget-text-editor\" data-id=\"d47ecd3\" data-element_type=\"widget\" data-widget_type=\"text-editor.default\">\n\t\t\t\t<div class=\"elementor-widget-container\">\n\t\t\t\t\t\t\t\t\t<p style=\"margin-bottom: 1rem;line-height: 26px;text-align: justify;padding: 0px 12px;font-family: Ubuntu;font-size: 13px\">Atat\u00fcrk \u00dcniversitesi Oltu Be\u015feri ve Sosyal Bilimler Fak\u00fcltesi 28\/3\/1983 tarihli ve 2809 say\u0131l\u0131 Kanunun ek 30 uncu maddesine g\u00f6re, Bakanlar Kurulu\u2019nca 16\/2\/2015 tarihinde kararla\u015ft\u0131r\u0131larak kurulmu\u015f olup, 08 Mart 2015 tarih ve 29289 say\u0131l\u0131 Resmi Gazete&#8217;de yay\u0131mlanarak y\u00fcr\u00fcrl\u00fc\u011fe girmi\u015ftir. Oltu Be\u015feri ve Sosyal Bilimler Fak\u00fcltesi; Bankac\u0131l\u0131k, Sosyal Hizmet ve \u0130\u015fletme gibi disiplin alanlar\u0131nda ulusal ve uluslararas\u0131 d\u00fczeyde hizmet verebilecek donan\u0131ma sahip \u00f6nder nitelikte elemanlar yeti\u015ftirmeyi hedeflemektedir. Di\u011fer bir hedefi ise, alan\u0131nda sahip oldu\u011fu e\u011fitim-\u00f6\u011fretim, bilgi-beceri ve ara\u015ft\u0131rma imk\u00e2nlar\u0131n\u0131 toplumla payla\u015fmak, \u00fcretilen bilgiyi topluma aktarmakt\u0131r.<\/p><p style=\"margin-bottom: 1rem;line-height: 26px;text-align: justify;padding: 0px 12px;font-family: Ubuntu;font-size: 13px\">Fak\u00fclte b\u00fcnyesinde bulunan Sosyal Hizmet, Bankac\u0131l\u0131k ve Finans \u00a0ve \u0130\u015fletme B\u00f6l\u00fcmleri, 2016-2017 \u00f6\u011fretim y\u0131l\u0131ndan itibaren \u00f6\u011frenci kabul etmeye ba\u015flam\u0131\u015ft\u0131r. Maliye b\u00f6l\u00fcm\u00fcne ise 2021-2022 \u00f6\u011fretim y\u0131l\u0131nda \u00f6\u011frenci almay\u0131 planlamaktay\u0131z. Fak\u00fcltemizde \u00f6\u011frenim dili T\u00fcrk\u00e7edir. Bununla birlikte uzaktan e\u011fitim yoluyla (Bu d\u00f6nemde y\u00fcz y\u00fcze) \u0130ngilizce dersleri verilmektedir. Mesleki \u0130ngilizce ve se\u00e7meli \u0130ngilizce dersleri fak\u00fcltemiz hocalar\u0131 taraf\u0131ndan verilmektedir.<\/p><p style=\"margin-bottom: 1rem;line-height: 26px;text-align: justify;padding: 0px 12px;font-family: Ubuntu;font-size: 13px\">Oltu Be\u015feri ve Sosyal Bilimler Fak\u00fcltesi ad\u0131ndan da anla\u015f\u0131laca\u011f\u0131 \u00fczere Oltu gibi \u015firin bir il\u00e7emizde kurulmu\u015f olup bu alanda ilkler aras\u0131nda yer almaktad\u0131r. Geni\u015f, ferah dershaneleri, salonlar\u0131, \u00f6\u011frenci kantini, yemekhanesi, k\u00fct\u00fcphanesiyle mimari a\u00e7\u0131dan muhte\u015fem bir binaya ve geni\u015f ye\u015fil alanlar\u0131yla muhte\u015fem bir yerle\u015fkeye sahibiz. Yerle\u015fkemizde futbol, voleybol, basketbol, tenis gibi \u00f6\u011frencilerin her t\u00fcrl\u00fc spor etkinli\u011fi yapaca\u011f\u0131 tesislerimiz mevcuttur.<\/p><p style=\"margin-bottom: 1rem;line-height: 26px;padding: 0px 12px\">B\u00f6yle s\u0131cak ve g\u00fczel bir ortamda akademisyenlerimiz \u00f6\u011frencilerimizle b\u00fct\u00fcnle\u015ferek, plan-proje \u00e7er\u00e7evesinde verilecek e\u011fitimde, birikimlerini \u00f6\u011frencilere birebir aktaracaklard\u0131r. Yenilik\u00e7i m\u00fcfredat, tak\u0131m \u00e7al\u0131\u015fmas\u0131 ve bilgili becerikli eleman yeti\u015ftirme birikimi ile e\u011fitim verecek olan Fak\u00fcltemizde, \u00f6\u011frencilerimiz etkin ileti\u015fim ve d\u00fc\u015f\u00fcnme becerisi kazanacaklar.<\/p><p style=\"margin-bottom: 1rem;line-height: 26px;padding: 0px 12px\">Fak\u00fcltemizde her biri farkl\u0131 k\u00fclt\u00fcr ve sosyal \u00e7evreden gelmi\u015f ve farkl\u0131 entelekt\u00fcel birikimlere sahip akademisyenlerimiz e\u011fitim vermektedir. Bu durum do\u011fal olarak \u00f6\u011frencilerin d\u00fc\u015f\u00fcnce ve bilgi d\u00fcnyas\u0131na zenginlik katacakt\u0131r. Bu yap\u0131da e\u011fitim alan \u00f6\u011frencilerimiz birikimlerini toplum yarar\u0131na kullanma becerilerini fak\u00fcltemizin e\u011fitim faaliyetleri \u00e7er\u00e7evesinde tarihi Oltu \u0130l\u00e7emizin hatta Erzurum, Kars, Artvin, Ardahan ve \u00e7evrelerinin zengin ortam\u0131nda kazanacaklard\u0131r.<\/p><p style=\"margin-bottom: 1rem;line-height: 26px;padding: 0px 12px\">Fak\u00fcltemizden mezun olan \u00f6\u011frencileri proje y\u00f6netimi, \u00f6ng\u00f6r\u00fclemeyen problemleri \u00e7\u00f6zme becerisi, etkin ileti\u015fim becerisi, \u00fclkemizin ve k\u00fcresel toplumun etik ve insani de\u011ferlerine ba\u011fl\u0131, hakkaniyeti g\u00f6zeten bireyler olarak \u00f6nemli konumlara gelmelerini ama\u00e7l\u0131yoruz.<\/p><p style=\"margin-bottom: 1rem;line-height: 26px;padding: 0px 12px\">Sevgili \u00f6\u011frenciler \u00a0sizleri sadece tahsil etmi\u015f oldu\u011funuz ilimlerin de\u011fil ayn\u0131 zamanda k\u00fclt\u00fcrel, \u00a0sanatsal ve entelekt\u00fcel etkinliklerin s\u00fcrekli oldu\u011fu bir ortamda e\u011fitim almaya \u00a0davet ediyorum. Bu vesileyle hepinize ba\u015far\u0131lar diliyorum.\u00a0<\/p><p style=\"text-align: center\"><span style=\"font-weight: bolder\">\u00a0 \u00a0 \u00a0 \u00a0 \u00a0 \u00a0 \u00a0 \u00a0 \u00a0 \u00a0 \u00a0 \u00a0 \u00a0 \u00a0 \u00a0 \u00a0 \u00a0 \u00a0 \u00a0 \u00a0 \u00a0 \u00a0 \u00a0 \u00a0 \u00a0 \u00a0 \u00a0 \u00a0 \u00a0 \u00a0 \u00a0 \u00a0 \u00a0 \u00a0 \u00a0 \u00a0 \u00a0 \u00a0 \u00a0 \u00a0 \u00a0 \u00a0 \u00a0 \u00a0 \u00a0 \u00a0 \u00a0 \u00a0 \u00a0 \u00a0 \u00a0 \u00a0 \u00a0 \u00a0 \u00a0 \u00a0 \u00a0 \u00a0 \u00a0 \u00a0 \u00a0 \u00a0 \u00a0 \u00a0 \u00a0 \u00a0 \u00a0 \u00a0 \u00a0 \u00a0 \u00a0 \u00a0 \u00a0 \u00a0 \u00a0 \u00a0 \u00a0 \u00a0 \u00a0 \u00a0 \u00a0 \u00a0 \u00a0 \u00a0 \u00a0 \u00a0 \u00a0 \u00a0 \u00a0 \u00a0 \u00a0 \u00a0 \u00a0 \u00a0 \u00a0 \u00a0 \u00a0 \u00a0\u00a0 Prof. Dr. Cavit YE\u015e\u0130LYURT\u00a0<\/span><\/p><p style=\"text-align: center\"><span style=\"font-weight: bolder;letter-spacing: 0px\">\u00a0 \u00a0 \u00a0 \u00a0 \u00a0 \u00a0 \u00a0 \u00a0 \u00a0 \u00a0 \u00a0 \u00a0 \u00a0 \u00a0 \u00a0 \u00a0 \u00a0 \u00a0 \u00a0 \u00a0 \u00a0 \u00a0 \u00a0 \u00a0 \u00a0 \u00a0 \u00a0 \u00a0 \u00a0 \u00a0 \u00a0 \u00a0 \u00a0 \u00a0 \u00a0 \u00a0 \u00a0 \u00a0 \u00a0 \u00a0 \u00a0 \u00a0 \u00a0 \u00a0 \u00a0 \u00a0 \u00a0 \u00a0 \u00a0 \u00a0 \u00a0 \u00a0 \u00a0 \u00a0 \u00a0 \u00a0 \u00a0 \u00a0 \u00a0 \u00a0 \u00a0 \u00a0 \u00a0 \u00a0 \u00a0 \u00a0 \u00a0 \u00a0 \u00a0 \u00a0 \u00a0 \u00a0 \u00a0 \u00a0 \u00a0 \u00a0 \u00a0 \u00a0 \u00a0 \u00a0 \u00a0 \u00a0 \u00a0 \u00a0 \u00a0 \u00a0 \u00a0 \u00a0 \u00a0 \u00a0 \u00a0 \u00a0 \u00a0 \u00a0DEKAN<\/span><\/p>\t\t\t\t\t\t\t\t<\/div>\n\t\t\t\t<\/div>\n\t\t\t\t\t<\/div>\n\t\t<\/div>\n\t\t\t\t\t<\/div>\n\t\t<\/section>\n\t\t\t\t<\/div>\n\t\t","protected":false},"excerpt":{"rendered":"<p>Atat\u00fcrk \u00dcniversitesi Oltu Be\u015feri ve Sosyal Bilimler Fak\u00fcltesi 28\/3\/1983 tarihli ve 2809 say\u0131l\u0131 Kanunun ek 30 uncu maddesine g\u00f6re, Bakanlar Kurulu\u2019nca 16\/2\/2015 tarihinde kararla\u015ft\u0131r\u0131larak kurulmu\u015f olup, 08 Mart 2015 tarih ve 29289 say\u0131l\u0131 Resmi Gazete&#8217;de yay\u0131mlanarak y\u00fcr\u00fcrl\u00fc\u011fe girmi\u015ftir. Oltu Be\u015feri ve Sosyal Bilimler Fak\u00fcltesi; Bankac\u0131l\u0131k, Sosyal Hizmet ve \u0130\u015fletme gibi disiplin alanlar\u0131nda ulusal ve uluslararas\u0131 [&hellip;]<\/p>\n","protected":false},"author":227,"featured_media":0,"parent":0,"menu_order":0,"comment_status":"closed","ping_status":"closed","template":"","meta":{"footnotes":""},"class_list":["post-7020","page","type-page","status-publish","hentry"],"_links":{"self":[{"href":"https:\/\/atauni.edu.tr\/oltu-beseri-ve-sosyal-bilimler-fakultesi\/wp-json\/wp\/v2\/pages\/7020","targetHints":{"allow":["GET"]}}],"collection":[{"href":"https:\/\/atauni.edu.tr\/oltu-beseri-ve-sosyal-bilimler-fakultesi\/wp-json\/wp\/v2\/pages"}],"about":[{"href":"https:\/\/atauni.edu.tr\/oltu-beseri-ve-sosyal-bilimler-fakultesi\/wp-json\/wp\/v2\/types\/page"}],"author":[{"embeddable":true,"href":"https:\/\/atauni.edu.tr\/oltu-beseri-ve-sosyal-bilimler-fakultesi\/wp-json\/wp\/v2\/users\/227"}],"replies":[{"embeddable":true,"href":"https:\/\/atauni.edu.tr\/oltu-beseri-ve-sosyal-bilimler-fakultesi\/wp-json\/wp\/v2\/comments?post=7020"}],"version-history":[{"count":7,"href":"https:\/\/atauni.edu.tr\/oltu-beseri-ve-sosyal-bilimler-fakultesi\/wp-json\/wp\/v2\/pages\/7020\/revisions"}],"predecessor-version":[{"id":7682,"href":"https:\/\/atauni.edu.tr\/oltu-beseri-ve-sosyal-bilimler-fakultesi\/wp-json\/wp\/v2\/pages\/7020\/revisions\/7682"}],"wp:attachment":[{"href":"https:\/\/atauni.edu.tr\/oltu-beseri-ve-sosyal-bilimler-fakultesi\/wp-json\/wp\/v2\/media?parent=7020"}],"curies":[{"name":"wp","href":"https:\/\/api.w.org\/{rel}","templated":true}]}}