{"id":7024,"date":"2021-12-09T15:59:17","date_gmt":"2021-12-09T12:59:17","guid":{"rendered":"https:\/\/birimler.atauni.edu.tr\/oltu-beseri-ve-sosyal-bilimler-fakultesi\/?page_id=7024"},"modified":"2023-08-22T16:20:49","modified_gmt":"2023-08-22T13:20:49","slug":"tanitim-videolari","status":"publish","type":"page","link":"https:\/\/atauni.edu.tr\/oltu-beseri-ve-sosyal-bilimler-fakultesi\/tanitim-videolari\/","title":{"rendered":"Tan\u0131t\u0131m Videolar\u0131"},"content":{"rendered":"\t\t<div data-elementor-type=\"wp-page\" data-elementor-id=\"7024\" class=\"elementor elementor-7024\" data-elementor-post-type=\"page\">\n\t\t\t\t\t\t<section class=\"elementor-section elementor-top-section elementor-element elementor-element-61ea084 elementor-section-boxed elementor-section-height-default elementor-section-height-default\" data-id=\"61ea084\" data-element_type=\"section\">\n\t\t\t\t\t\t<div class=\"elementor-container elementor-column-gap-default\">\n\t\t\t\t\t<div class=\"elementor-column elementor-col-100 elementor-top-column elementor-element elementor-element-ec43e31\" data-id=\"ec43e31\" data-element_type=\"column\">\n\t\t\t<div class=\"elementor-widget-wrap elementor-element-populated\">\n\t\t\t\t\t\t<div class=\"elementor-element elementor-element-487f533 elementor-widget elementor-widget-video\" data-id=\"487f533\" data-element_type=\"widget\" data-settings=\"{&quot;video_type&quot;:&quot;hosted&quot;,&quot;controls&quot;:&quot;yes&quot;}\" data-widget_type=\"video.default\">\n\t\t\t\t<div class=\"elementor-widget-container\">\n\t\t\t\t\t\t\t<div class=\"e-hosted-video elementor-wrapper elementor-open-inline\">\n\t\t\t\t\t<video class=\"elementor-video\" src=\"http:\/\/birimler.atauni.edu.tr\/oltu-beseri-ve-sosyal-bilimler-fakultesi\/wp-content\/uploads\/sites\/69\/2023\/08\/Oltu-Beseri-ve-Sosyal-Bilimler-Fakultesi-Tanitim-1.mp4\" controls=\"\" preload=\"metadata\" controlsList=\"nodownload\"><\/video>\n\t\t\t\t<\/div>\n\t\t\t\t\t\t<\/div>\n\t\t\t\t<\/div>\n\t\t\t\t<div class=\"elementor-element elementor-element-193a8e6 e-tabs-view-vertical elementor-layout-end elementor-widget elementor-widget-video-playlist\" data-id=\"193a8e6\" data-element_type=\"widget\" data-settings=\"{&quot;playlist_title&quot;:&quot;Playlist&quot;,&quot;tabs&quot;:[{&quot;title&quot;:&quot;Finans ve Bankac\\u0131l\\u0131k B\\u00f6l\\u00fcm\\u00fc&quot;,&quot;youtube_url&quot;:&quot;https:\\\/\\\/www.youtube.com\\\/watch?v=kHnPqltaajw&quot;,&quot;duration&quot;:&quot;0:16&quot;,&quot;thumbnail&quot;:{&quot;url&quot;:&quot;http:\\\/\\\/img.youtube.com\\\/vi\\\/XHOmBV4js_E\\\/maxresdefault.jpg&quot;,&quot;id&quot;:&quot;&quot;,&quot;size&quot;:&quot;&quot;},&quot;vimeo_url&quot;:null,&quot;hosted_url&quot;:null,&quot;_id&quot;:&quot;ba87d66&quot;,&quot;type&quot;:&quot;youtube&quot;,&quot;is_external_url&quot;:null,&quot;external_url&quot;:null,&quot;section_html_tag&quot;:null,&quot;video_html_tag&quot;:&quot;h4&quot;,&quot;inner_tab_is_content_visible&quot;:&quot;&quot;,&quot;inner_tab_content_1&quot;:null,&quot;inner_tab_content_2&quot;:null},{&quot;title&quot;:&quot;\\u0130\\u015fletme B\\u00f6l\\u00fcm\\u00fc&quot;,&quot;youtube_url&quot;:&quot;https:\\\/\\\/www.youtube.com\\\/watch?v=UtOOP7yF7sw&quot;,&quot;duration&quot;:&quot;0:16&quot;,&quot;thumbnail&quot;:{&quot;url&quot;:&quot;http:\\\/\\\/img.youtube.com\\\/vi\\\/XHOmBV4js_E\\\/maxresdefault.jpg&quot;,&quot;id&quot;:&quot;&quot;,&quot;size&quot;:&quot;&quot;},&quot;_id&quot;:&quot;600514d&quot;,&quot;vimeo_url&quot;:null,&quot;hosted_url&quot;:null,&quot;type&quot;:&quot;youtube&quot;,&quot;is_external_url&quot;:null,&quot;external_url&quot;:null,&quot;section_html_tag&quot;:null,&quot;video_html_tag&quot;:&quot;h4&quot;,&quot;inner_tab_is_content_visible&quot;:&quot;&quot;,&quot;inner_tab_content_1&quot;:null,&quot;inner_tab_content_2&quot;:null},{&quot;title&quot;:&quot;Sosyal Hizmet B\\u00f6l\\u00fcm\\u00fc&quot;,&quot;youtube_url&quot;:&quot;https:\\\/\\\/www.youtube.com\\\/watch?v=FGobdevo7vo&quot;,&quot;duration&quot;:&quot;0:16&quot;,&quot;thumbnail&quot;:{&quot;url&quot;:&quot;http:\\\/\\\/img.youtube.com\\\/vi\\\/XHOmBV4js_E\\\/maxresdefault.jpg&quot;,&quot;id&quot;:&quot;&quot;,&quot;size&quot;:&quot;&quot;},&quot;vimeo_url&quot;:null,&quot;hosted_url&quot;:null,&quot;_id&quot;:&quot;5e3892f&quot;,&quot;type&quot;:&quot;youtube&quot;,&quot;is_external_url&quot;:null,&quot;external_url&quot;:null,&quot;section_html_tag&quot;:null,&quot;video_html_tag&quot;:&quot;h4&quot;,&quot;inner_tab_is_content_visible&quot;:&quot;&quot;,&quot;inner_tab_content_1&quot;:null,&quot;inner_tab_content_2&quot;:null}],&quot;inner_tab_title_1&quot;:&quot;Tab #1&quot;,&quot;inner_tab_title_2&quot;:&quot;Tab #2&quot;}\" data-widget_type=\"video-playlist.default\">\n\t\t\t\t<div class=\"elementor-widget-container\">\n\t\t\t\t\t\n\t\t<div class=\"e-tabs\" role=\"region\" aria-labelledby=\"e-playlist-193a8e6\">\n\t\t\t<div class=\"e-tabs-main-area\">\n\t\t\t\t<div class=\"e-tabs-wrapper\">\n\t\t\t\t\t<div class=\"e-tabs-header\">\n\t\t\t\t\t\t<h2 class=\"e-tabs-title\" id=\"e-playlist-193a8e6\">Playlist<\/h2>\n\t\t\t\t\t\t<div class=\"e-tabs-header-right-side\">\n\t\t\t\t\t\t\t\t\t\t\t\t\t\t\t<span class=\"e-tabs-videos-count\">3 Videos<\/span>\n\t\t\t\t\t\t\t\t\t\t\t\t\t\t<i aria-hidden=\"true\" class=\"e-tabs-toggle-videos-display-button rotate-down eicon-caret-down\"><\/i>\t\t\t\t\t\t<\/div>\n\t\t\t\t\t<\/div>\n\t\t\t\t\t<div class=\"e-tabs-items-wrapper\">\n\t\t\t\t\t\t<div class=\"e-tabs-items\" role=\"tablist\">\n\t\t\t\t\t\t\t\t\t\t\t\t\t\t\t\t\t\t\t\t\t\t\t\t<div id=\"e-tab-title-2641\" class=\"e-tab-title e-tab-desktop-title\" aria-selected=\"true\" data-tab=\"1\" role=\"tab\" tabindex=\"0\" aria-controls=\"e-tab-content-2641\">\n\t\t\t\t\t\t\t\t\t\t\t\t\t\t\t\t\t\t\t\t\t<div class=\"e-tab-thumbnail\">\n\t\t\t\t\t\t\t\t\t\t\t\t\t\t\t\t\t\t\t\t\t\t\t\t\t<img decoding=\"async\" src=\"http:\/\/img.youtube.com\/vi\/XHOmBV4js_E\/maxresdefault.jpg\" alt=\"Finans ve Bankac\u0131l\u0131k B\u00f6l\u00fcm\u00fc\" loading=\"lazy\" \/>\n\t\t\t\t\t\t\t\t\t\t\t\t\t\t\t\t\t\t\t\t\t\t\t\t<span class=\"icon-play\"><i aria-hidden=\"true\" class=\"fas fa-play-circle\"><\/i><\/span>\n\t\t\t\t\t\t\t\t\t\t\t\t<span class=\"icon-watched\"><i aria-hidden=\"true\" class=\"fas fa-check-circle\"><\/i><\/span>\n\t\t\t\t\t\t\t\t\t\t\t<\/div>\n\t\t\t\t\t\t\t\t\t\t\t\t\t\t\t\t\t\t\t\t<h4 class=\"e-tab-title-text\">\n\t\t\t\t\t\t\t\t\t\t\t<button type=\"button\">Finans ve Bankac\u0131l\u0131k B\u00f6l\u00fcm\u00fc<\/button>\n\t\t\t\t\t\t\t\t\t\t<\/h4>\n\t\t\t\t\t\t\t\t\t\t\t\t\t\t\t\t\t\t\t\t\t<span class=\"e-tab-duration\">0:16<\/span>\n\t\t\t\t\t\t\t\t\t\t\t\t\t\t\t\t\t\t\t<\/div>\n\t\t\t\t\t\t\t\t\t\t\t\t\t\t\t\t\t\t\t\t\t\t\t\t\t\t\t\t\t\t\t\t<div id=\"e-tab-title-2642\" class=\"e-tab-title e-tab-desktop-title\" aria-selected=\"false\" data-tab=\"2\" role=\"tab\" tabindex=\"-1\" aria-controls=\"e-tab-content-2642\">\n\t\t\t\t\t\t\t\t\t\t\t\t\t\t\t\t\t\t\t\t\t<div class=\"e-tab-thumbnail\">\n\t\t\t\t\t\t\t\t\t\t\t\t\t\t\t\t\t\t\t\t\t\t\t\t\t<img decoding=\"async\" src=\"http:\/\/img.youtube.com\/vi\/XHOmBV4js_E\/maxresdefault.jpg\" alt=\"\u0130\u015fletme B\u00f6l\u00fcm\u00fc\" loading=\"lazy\" \/>\n\t\t\t\t\t\t\t\t\t\t\t\t\t\t\t\t\t\t\t\t\t\t\t\t<span class=\"icon-play\"><i aria-hidden=\"true\" class=\"fas fa-play-circle\"><\/i><\/span>\n\t\t\t\t\t\t\t\t\t\t\t\t<span class=\"icon-watched\"><i aria-hidden=\"true\" class=\"fas fa-check-circle\"><\/i><\/span>\n\t\t\t\t\t\t\t\t\t\t\t<\/div>\n\t\t\t\t\t\t\t\t\t\t\t\t\t\t\t\t\t\t\t\t<h4 class=\"e-tab-title-text\">\n\t\t\t\t\t\t\t\t\t\t\t<button type=\"button\">\u0130\u015fletme B\u00f6l\u00fcm\u00fc<\/button>\n\t\t\t\t\t\t\t\t\t\t<\/h4>\n\t\t\t\t\t\t\t\t\t\t\t\t\t\t\t\t\t\t\t\t\t<span class=\"e-tab-duration\">0:16<\/span>\n\t\t\t\t\t\t\t\t\t\t\t\t\t\t\t\t\t\t\t<\/div>\n\t\t\t\t\t\t\t\t\t\t\t\t\t\t\t\t\t\t\t\t\t\t\t\t\t\t\t\t\t\t\t\t<div id=\"e-tab-title-2643\" class=\"e-tab-title e-tab-desktop-title\" aria-selected=\"false\" data-tab=\"3\" role=\"tab\" tabindex=\"-1\" aria-controls=\"e-tab-content-2643\">\n\t\t\t\t\t\t\t\t\t\t\t\t\t\t\t\t\t\t\t\t\t<div class=\"e-tab-thumbnail\">\n\t\t\t\t\t\t\t\t\t\t\t\t\t\t\t\t\t\t\t\t\t\t\t\t\t<img decoding=\"async\" src=\"http:\/\/img.youtube.com\/vi\/XHOmBV4js_E\/maxresdefault.jpg\" alt=\"Sosyal Hizmet B\u00f6l\u00fcm\u00fc\" loading=\"lazy\" \/>\n\t\t\t\t\t\t\t\t\t\t\t\t\t\t\t\t\t\t\t\t\t\t\t\t<span class=\"icon-play\"><i aria-hidden=\"true\" class=\"fas fa-play-circle\"><\/i><\/span>\n\t\t\t\t\t\t\t\t\t\t\t\t<span class=\"icon-watched\"><i aria-hidden=\"true\" class=\"fas fa-check-circle\"><\/i><\/span>\n\t\t\t\t\t\t\t\t\t\t\t<\/div>\n\t\t\t\t\t\t\t\t\t\t\t\t\t\t\t\t\t\t\t\t<h4 class=\"e-tab-title-text\">\n\t\t\t\t\t\t\t\t\t\t\t<button type=\"button\">Sosyal Hizmet B\u00f6l\u00fcm\u00fc<\/button>\n\t\t\t\t\t\t\t\t\t\t<\/h4>\n\t\t\t\t\t\t\t\t\t\t\t\t\t\t\t\t\t\t\t\t\t<span class=\"e-tab-duration\">0:16<\/span>\n\t\t\t\t\t\t\t\t\t\t\t\t\t\t\t\t\t\t\t<\/div>\n\t\t\t\t\t\t\t\t\t\t\t\t\t\t\t\t\t\t\t\t\t<\/div>\n\t\t\t\t\t\t<div class=\"shadow shadow-top\" aria-hidden=\"true\"><\/div>\n\t\t\t\t\t\t<div class=\"shadow shadow-bottom\" aria-hidden=\"true\"><\/div>\n\t\t\t\t\t<\/div>\n\t\t\t\t<\/div>\n\n\t\t\t\t<div class=\"e-tabs-content-wrapper\" role=\"tablist\" aria-orientation=\"vertical\">\n\t\t\t\t\t\t\t\t\t\t\t<div id=\"e-tab-content-2641\" class=\"e-tab-content elementor-clearfix\" data-tab=\"1\" role=\"tabpanel\" aria-labelledby=\"e-tab-title-2641\" tabindex=\"0\" data-video-url=\"https:\/\/www.youtube.com\/watch?v=kHnPqltaajw\" data-video-type=\"youtube\" data-video-title=\"Finans ve Bankac\u0131l\u0131k B\u00f6l\u00fcm\u00fc\" data-video-duration=\"0:16\">\n\t\t\t\t\t\t\t<div><\/div>\n\t\t\t\t\t\t\t\t\t\t\t\t\t<\/div>\n\t\t\t\t\t\t\t\t\t\t\t<div id=\"e-tab-content-2642\" class=\"e-tab-content elementor-clearfix\" data-tab=\"2\" role=\"tabpanel\" aria-labelledby=\"e-tab-title-2642\" tabindex=\"0\" data-video-url=\"https:\/\/www.youtube.com\/watch?v=UtOOP7yF7sw\" data-video-type=\"youtube\" data-video-title=\"\u0130\u015fletme B\u00f6l\u00fcm\u00fc\" data-video-duration=\"0:16\" hidden=\"hidden\">\n\t\t\t\t\t\t\t<div><\/div>\n\t\t\t\t\t\t\t\t\t\t\t\t\t<\/div>\n\t\t\t\t\t\t\t\t\t\t\t<div id=\"e-tab-content-2643\" class=\"e-tab-content elementor-clearfix\" data-tab=\"3\" role=\"tabpanel\" aria-labelledby=\"e-tab-title-2643\" tabindex=\"0\" data-video-url=\"https:\/\/www.youtube.com\/watch?v=FGobdevo7vo\" data-video-type=\"youtube\" data-video-title=\"Sosyal Hizmet B\u00f6l\u00fcm\u00fc\" data-video-duration=\"0:16\" hidden=\"hidden\">\n\t\t\t\t\t\t\t<div><\/div>\n\t\t\t\t\t\t\t\t\t\t\t\t\t<\/div>\n\t\t\t\t\t\t\t\t\t<\/div>\n\t\t\t<\/div>\n\n\t\t\t<div class=\"e-tabs-inner-tabs\" >\n\t\t\t\t\t\t\t\t\t\t\t\t\t\t\t\t\t\t\t\t\t\t\t\t\t\t\t\t\t\t\t\t\t\t<\/div>\n\t\t<\/div>\n\t\t\t\t\t\t<\/div>\n\t\t\t\t<\/div>\n\t\t\t\t\t<\/div>\n\t\t<\/div>\n\t\t\t\t\t<\/div>\n\t\t<\/section>\n\t\t\t\t<\/div>\n\t\t","protected":false},"excerpt":{"rendered":"<p>http:\/\/birimler.atauni.edu.tr\/oltu-beseri-ve-sosyal-bilimler-fakultesi\/wp-content\/uploads\/sites\/69\/2023\/08\/Oltu-Beseri-ve-Sosyal-Bilimler-Fakultesi-Tanitim-1.mp4 Playlist 3 Videos Finans ve Bankac\u0131l\u0131k B\u00f6l\u00fcm\u00fc 0:16 \u0130\u015fletme B\u00f6l\u00fcm\u00fc 0:16 Sosyal Hizmet B\u00f6l\u00fcm\u00fc 0:16<\/p>\n","protected":false},"author":227,"featured_media":0,"parent":0,"menu_order":0,"comment_status":"closed","ping_status":"closed","template":"","meta":{"footnotes":""},"class_list":["post-7024","page","type-page","status-publish","hentry"],"_links":{"self":[{"href":"https:\/\/atauni.edu.tr\/oltu-beseri-ve-sosyal-bilimler-fakultesi\/wp-json\/wp\/v2\/pages\/7024","targetHints":{"allow":["GET"]}}],"collection":[{"href":"https:\/\/atauni.edu.tr\/oltu-beseri-ve-sosyal-bilimler-fakultesi\/wp-json\/wp\/v2\/pages"}],"about":[{"href":"https:\/\/atauni.edu.tr\/oltu-beseri-ve-sosyal-bilimler-fakultesi\/wp-json\/wp\/v2\/types\/page"}],"author":[{"embeddable":true,"href":"https:\/\/atauni.edu.tr\/oltu-beseri-ve-sosyal-bilimler-fakultesi\/wp-json\/wp\/v2\/users\/227"}],"replies":[{"embeddable":true,"href":"https:\/\/atauni.edu.tr\/oltu-beseri-ve-sosyal-bilimler-fakultesi\/wp-json\/wp\/v2\/comments?post=7024"}],"version-history":[{"count":67,"href":"https:\/\/atauni.edu.tr\/oltu-beseri-ve-sosyal-bilimler-fakultesi\/wp-json\/wp\/v2\/pages\/7024\/revisions"}],"predecessor-version":[{"id":12942,"href":"https:\/\/atauni.edu.tr\/oltu-beseri-ve-sosyal-bilimler-fakultesi\/wp-json\/wp\/v2\/pages\/7024\/revisions\/12942"}],"wp:attachment":[{"href":"https:\/\/atauni.edu.tr\/oltu-beseri-ve-sosyal-bilimler-fakultesi\/wp-json\/wp\/v2\/media?parent=7024"}],"curies":[{"name":"wp","href":"https:\/\/api.w.org\/{rel}","templated":true}]}}