{"id":7079,"date":"2021-12-14T11:50:13","date_gmt":"2021-12-14T08:50:13","guid":{"rendered":"https:\/\/birimler.atauni.edu.tr\/oltu-beseri-ve-sosyal-bilimler-fakultesi\/?page_id=7079"},"modified":"2022-01-27T16:57:18","modified_gmt":"2022-01-27T13:57:18","slug":"birim-kalite-komisyonu","status":"publish","type":"page","link":"https:\/\/atauni.edu.tr\/oltu-beseri-ve-sosyal-bilimler-fakultesi\/birim-kalite-komisyonu\/","title":{"rendered":"Birim Kalite Komisyonu"},"content":{"rendered":"\t\t<div data-elementor-type=\"wp-page\" data-elementor-id=\"7079\" class=\"elementor elementor-7079\" data-elementor-post-type=\"page\">\n\t\t\t\t\t\t<section class=\"elementor-section elementor-top-section elementor-element elementor-element-fd60feb elementor-section-boxed elementor-section-height-default elementor-section-height-default\" data-id=\"fd60feb\" data-element_type=\"section\">\n\t\t\t\t\t\t<div class=\"elementor-container elementor-column-gap-default\">\n\t\t\t\t\t<div class=\"elementor-column elementor-col-100 elementor-top-column elementor-element elementor-element-dfa6f71\" data-id=\"dfa6f71\" data-element_type=\"column\">\n\t\t\t<div class=\"elementor-widget-wrap elementor-element-populated\">\n\t\t\t\t\t\t<div class=\"elementor-element elementor-element-48564f6 elementor-widget elementor-widget-text-editor\" data-id=\"48564f6\" data-element_type=\"widget\" data-widget_type=\"text-editor.default\">\n\t\t\t\t<div class=\"elementor-widget-container\">\n\t\t\t\t\t\t\t\t\t<table width=\"605\"><tbody><tr><td style=\"text-align: left\" width=\"83\"><strong>SIRA NO<\/strong><\/td><td width=\"397\"><strong>ADI SOYADI VE UNVANI<\/strong><\/td><td width=\"125\"><strong>G\u00d6REV\u0130<\/strong><\/td><\/tr><tr><td width=\"83\"><strong>1.<\/strong><\/td><td width=\"397\">Dr. \u00d6\u011fretim \u00dcyesi Esra KARAKU\u015e UMAR<\/td><td width=\"125\">Ba\u015fkan<\/td><\/tr><tr><td width=\"83\"><strong>2.<\/strong><\/td><td width=\"397\">Do\u00e7. Dr. Tuncer G\u00d6VDEL\u0130<\/td><td width=\"125\">\u00dcye<\/td><\/tr><tr><td width=\"83\"><strong>3.<\/strong><\/td><td width=\"397\">Dr. \u00d6\u011fr. \u00dcyesi H\u00fcseyin YILMAZ<\/td><td width=\"125\">\u00dcye<\/td><\/tr><tr><td width=\"83\"><strong>4.<\/strong><\/td><td width=\"397\">Dr. \u00d6\u011fr. \u00dcyesi Zeynep BA\u015eERER BERBER<\/td><td width=\"125\">\u00dcye<\/td><\/tr><tr><td width=\"83\"><strong>5.<\/strong><\/td><td width=\"397\">Ar\u015f. G\u00f6r. Mehmet G\u00d6ZEL<\/td><td width=\"125\">\u00dcye<\/td><\/tr><tr><td width=\"83\"><strong>6.<\/strong><\/td><td width=\"397\">Ar\u015f. G\u00f6r. Ali TA\u015eC\u0130<\/td><td width=\"125\">\u00dcye<\/td><\/tr><tr><td width=\"83\"><strong>7.<\/strong><\/td><td width=\"397\">Ar\u015f. G\u00f6r. \u015eerife KILI\u00c7ARSLAN<\/td><td width=\"125\">\u00dcye<\/td><\/tr><tr><td width=\"83\"><strong>8.<\/strong><\/td><td width=\"397\">Ar\u015f. G\u00f6r. Hilal MOLA<\/td><td width=\"125\">\u00dcye<\/td><\/tr><tr><td width=\"83\"><strong>9.<\/strong><\/td><td width=\"397\">Ali Z\u0130YREK (Fak\u00fclte Sekreteri)<\/td><td width=\"125\">\u00dcye<\/td><\/tr><tr><td width=\"83\"><strong>10.<\/strong><\/td><td width=\"397\">Mira\u00e7 ESEN (\u00d6\u011frenci)<\/td><td width=\"125\">\u00dcye<\/td><\/tr><\/tbody><\/table>\t\t\t\t\t\t\t\t<\/div>\n\t\t\t\t<\/div>\n\t\t\t\t\t<\/div>\n\t\t<\/div>\n\t\t\t\t\t<\/div>\n\t\t<\/section>\n\t\t\t\t<\/div>\n\t\t","protected":false},"excerpt":{"rendered":"<p>SIRA NO ADI SOYADI VE UNVANI G\u00d6REV\u0130 1. Dr. \u00d6\u011fretim \u00dcyesi Esra KARAKU\u015e UMAR Ba\u015fkan 2. Do\u00e7. Dr. Tuncer G\u00d6VDEL\u0130 \u00dcye 3. Dr. \u00d6\u011fr. \u00dcyesi H\u00fcseyin YILMAZ \u00dcye 4. Dr. \u00d6\u011fr. \u00dcyesi Zeynep BA\u015eERER BERBER \u00dcye 5. Ar\u015f. G\u00f6r. Mehmet G\u00d6ZEL \u00dcye 6. Ar\u015f. G\u00f6r. Ali TA\u015eC\u0130 \u00dcye 7. Ar\u015f. G\u00f6r. \u015eerife KILI\u00c7ARSLAN \u00dcye 8. [&hellip;]<\/p>\n","protected":false},"author":227,"featured_media":0,"parent":0,"menu_order":0,"comment_status":"closed","ping_status":"closed","template":"","meta":{"footnotes":""},"class_list":["post-7079","page","type-page","status-publish","hentry"],"_links":{"self":[{"href":"https:\/\/atauni.edu.tr\/oltu-beseri-ve-sosyal-bilimler-fakultesi\/wp-json\/wp\/v2\/pages\/7079","targetHints":{"allow":["GET"]}}],"collection":[{"href":"https:\/\/atauni.edu.tr\/oltu-beseri-ve-sosyal-bilimler-fakultesi\/wp-json\/wp\/v2\/pages"}],"about":[{"href":"https:\/\/atauni.edu.tr\/oltu-beseri-ve-sosyal-bilimler-fakultesi\/wp-json\/wp\/v2\/types\/page"}],"author":[{"embeddable":true,"href":"https:\/\/atauni.edu.tr\/oltu-beseri-ve-sosyal-bilimler-fakultesi\/wp-json\/wp\/v2\/users\/227"}],"replies":[{"embeddable":true,"href":"https:\/\/atauni.edu.tr\/oltu-beseri-ve-sosyal-bilimler-fakultesi\/wp-json\/wp\/v2\/comments?post=7079"}],"version-history":[{"count":10,"href":"https:\/\/atauni.edu.tr\/oltu-beseri-ve-sosyal-bilimler-fakultesi\/wp-json\/wp\/v2\/pages\/7079\/revisions"}],"predecessor-version":[{"id":7685,"href":"https:\/\/atauni.edu.tr\/oltu-beseri-ve-sosyal-bilimler-fakultesi\/wp-json\/wp\/v2\/pages\/7079\/revisions\/7685"}],"wp:attachment":[{"href":"https:\/\/atauni.edu.tr\/oltu-beseri-ve-sosyal-bilimler-fakultesi\/wp-json\/wp\/v2\/media?parent=7079"}],"curies":[{"name":"wp","href":"https:\/\/api.w.org\/{rel}","templated":true}]}}