{"id":7113,"date":"2021-12-14T12:08:07","date_gmt":"2021-12-14T09:08:07","guid":{"rendered":"https:\/\/birimler.atauni.edu.tr\/oltu-beseri-ve-sosyal-bilimler-fakultesi\/?page_id=7113"},"modified":"2022-01-27T16:58:58","modified_gmt":"2022-01-27T13:58:58","slug":"erasmus-farabi-ve-mevlana-degisim-programi-koordinatorlugu","status":"publish","type":"page","link":"https:\/\/atauni.edu.tr\/oltu-beseri-ve-sosyal-bilimler-fakultesi\/erasmus-farabi-ve-mevlana-degisim-programi-koordinatorlugu\/","title":{"rendered":"Erasmus+, Farabi Ve Mevlana De\u011fi\u015fim Program\u0131 Koordinat\u00f6rl\u00fc\u011f\u00fc"},"content":{"rendered":"\t\t<div data-elementor-type=\"wp-page\" data-elementor-id=\"7113\" class=\"elementor elementor-7113\" data-elementor-post-type=\"page\">\n\t\t\t\t\t\t<section class=\"elementor-section elementor-top-section elementor-element elementor-element-f27e7e5 elementor-section-boxed elementor-section-height-default elementor-section-height-default\" data-id=\"f27e7e5\" data-element_type=\"section\">\n\t\t\t\t\t\t<div class=\"elementor-container elementor-column-gap-default\">\n\t\t\t\t\t<div class=\"elementor-column elementor-col-100 elementor-top-column elementor-element elementor-element-a1dcd7b\" data-id=\"a1dcd7b\" data-element_type=\"column\">\n\t\t\t<div class=\"elementor-widget-wrap elementor-element-populated\">\n\t\t\t\t\t\t<div class=\"elementor-element elementor-element-d6a4290 elementor-widget elementor-widget-text-editor\" data-id=\"d6a4290\" data-element_type=\"widget\" data-widget_type=\"text-editor.default\">\n\t\t\t\t<div class=\"elementor-widget-container\">\n\t\t\t\t\t\t\t\t\t<table width=\"603\"><tbody><tr><td width=\"151\"><p><strong>B\u0130R\u0130M<\/strong><\/p><\/td><td width=\"246\"><p><strong>ADI SOYADI VE UNVANI<\/strong><\/p><\/td><td width=\"206\"><p><strong>G\u00d6REV\u0130<\/strong><\/p><\/td><\/tr><tr><td width=\"151\"><p><strong>Fak\u00fclte<\/strong><\/p><\/td><td width=\"246\"><p>Do\u00e7. Dr. F\u0131rat ALTINKAYNAK<\/p><\/td><td width=\"206\"><p>Erasmus+, Farabi ve Mevlana De\u011fi\u015fim Program\u0131 Fak\u00fclte Koordinat\u00f6r\u00fc<\/p><\/td><\/tr><tr><td width=\"151\"><p><strong>\u0130\u015fletme B\u00f6l\u00fcm\u00fc<\/strong><\/p><\/td><td width=\"246\"><p>Ar\u015f. G\u00f6r. Abdullah Yi\u011fit G\u00dcNG\u00d6R<\/p><\/td><td width=\"206\"><p>Erasmus+, Farabi ve Mevlana De\u011fi\u015fim Program\u0131 B\u00f6l\u00fcm Koordinat\u00f6r\u00fc<\/p><\/td><\/tr><tr><td width=\"151\"><p><strong>Sosyal Hizmet B\u00f6l\u00fcm\u00fc<\/strong><\/p><\/td><td width=\"246\"><p>Ar\u015f. G\u00f6r. Ali TA\u015eC\u0130<\/p><\/td><td width=\"206\"><p>Erasmus+, Farabi ve Mevlana De\u011fi\u015fim Program\u0131 B\u00f6l\u00fcm Koordinat\u00f6r\u00fc<\/p><\/td><\/tr><tr><td width=\"151\"><p><strong>Finans ve Bankac\u0131l\u0131k B\u00f6l\u00fcm\u00fc<\/strong><\/p><\/td><td width=\"246\"><p>Ar\u015f. G\u00f6r. \u015eerife KILI\u00c7ARSLAN<\/p><\/td><td width=\"206\"><p>Erasmus+, Farabi ve Mevlana De\u011fi\u015fim Program\u0131 B\u00f6l\u00fcm Koordinat\u00f6r\u00fc<\/p><\/td><\/tr><tr><td width=\"151\"><p><strong>Maliye B\u00f6l\u00fcm\u00fc<\/strong><\/p><\/td><td width=\"246\"><p>Ar\u015f. G\u00f6r. Hilal MOLA<\/p><\/td><td width=\"206\"><p>Erasmus+, Farabi ve Mevlana De\u011fi\u015fim Program\u0131 B\u00f6l\u00fcm Koordinat\u00f6r\u00fc<\/p><\/td><\/tr><\/tbody><\/table>\t\t\t\t\t\t\t\t<\/div>\n\t\t\t\t<\/div>\n\t\t\t\t\t<\/div>\n\t\t<\/div>\n\t\t\t\t\t<\/div>\n\t\t<\/section>\n\t\t\t\t<\/div>\n\t\t","protected":false},"excerpt":{"rendered":"<p>B\u0130R\u0130M ADI SOYADI VE UNVANI G\u00d6REV\u0130 Fak\u00fclte Do\u00e7. Dr. F\u0131rat ALTINKAYNAK Erasmus+, Farabi ve Mevlana De\u011fi\u015fim Program\u0131 Fak\u00fclte Koordinat\u00f6r\u00fc \u0130\u015fletme B\u00f6l\u00fcm\u00fc Ar\u015f. G\u00f6r. Abdullah Yi\u011fit G\u00dcNG\u00d6R Erasmus+, Farabi ve Mevlana De\u011fi\u015fim Program\u0131 B\u00f6l\u00fcm Koordinat\u00f6r\u00fc Sosyal Hizmet B\u00f6l\u00fcm\u00fc Ar\u015f. G\u00f6r. Ali TA\u015eC\u0130 Erasmus+, Farabi ve Mevlana De\u011fi\u015fim Program\u0131 B\u00f6l\u00fcm Koordinat\u00f6r\u00fc Finans ve Bankac\u0131l\u0131k B\u00f6l\u00fcm\u00fc Ar\u015f. G\u00f6r. [&hellip;]<\/p>\n","protected":false},"author":227,"featured_media":0,"parent":0,"menu_order":0,"comment_status":"closed","ping_status":"closed","template":"","meta":{"footnotes":""},"class_list":["post-7113","page","type-page","status-publish","hentry"],"_links":{"self":[{"href":"https:\/\/atauni.edu.tr\/oltu-beseri-ve-sosyal-bilimler-fakultesi\/wp-json\/wp\/v2\/pages\/7113","targetHints":{"allow":["GET"]}}],"collection":[{"href":"https:\/\/atauni.edu.tr\/oltu-beseri-ve-sosyal-bilimler-fakultesi\/wp-json\/wp\/v2\/pages"}],"about":[{"href":"https:\/\/atauni.edu.tr\/oltu-beseri-ve-sosyal-bilimler-fakultesi\/wp-json\/wp\/v2\/types\/page"}],"author":[{"embeddable":true,"href":"https:\/\/atauni.edu.tr\/oltu-beseri-ve-sosyal-bilimler-fakultesi\/wp-json\/wp\/v2\/users\/227"}],"replies":[{"embeddable":true,"href":"https:\/\/atauni.edu.tr\/oltu-beseri-ve-sosyal-bilimler-fakultesi\/wp-json\/wp\/v2\/comments?post=7113"}],"version-history":[{"count":7,"href":"https:\/\/atauni.edu.tr\/oltu-beseri-ve-sosyal-bilimler-fakultesi\/wp-json\/wp\/v2\/pages\/7113\/revisions"}],"predecessor-version":[{"id":7691,"href":"https:\/\/atauni.edu.tr\/oltu-beseri-ve-sosyal-bilimler-fakultesi\/wp-json\/wp\/v2\/pages\/7113\/revisions\/7691"}],"wp:attachment":[{"href":"https:\/\/atauni.edu.tr\/oltu-beseri-ve-sosyal-bilimler-fakultesi\/wp-json\/wp\/v2\/media?parent=7113"}],"curies":[{"name":"wp","href":"https:\/\/api.w.org\/{rel}","templated":true}]}}