{"id":8717,"date":"2022-03-02T13:57:03","date_gmt":"2022-03-02T10:57:03","guid":{"rendered":"https:\/\/birimler.atauni.edu.tr\/oltu-beseri-ve-sosyal-bilimler-fakultesi\/?page_id=8717"},"modified":"2025-10-08T13:54:13","modified_gmt":"2025-10-08T10:54:13","slug":"temsilcilikler","status":"publish","type":"page","link":"https:\/\/atauni.edu.tr\/oltu-beseri-ve-sosyal-bilimler-fakultesi\/temsilcilikler\/","title":{"rendered":"Temsilcilikler"},"content":{"rendered":"\t\t<div data-elementor-type=\"wp-page\" data-elementor-id=\"8717\" class=\"elementor elementor-8717\" data-elementor-post-type=\"page\">\n\t\t\t\t\t\t<section class=\"elementor-section elementor-top-section elementor-element elementor-element-6408f67 elementor-section-boxed elementor-section-height-default elementor-section-height-default\" data-id=\"6408f67\" data-element_type=\"section\">\n\t\t\t\t\t\t<div class=\"elementor-container elementor-column-gap-default\">\n\t\t\t\t\t<div class=\"elementor-column elementor-col-100 elementor-top-column elementor-element elementor-element-00d4433\" data-id=\"00d4433\" data-element_type=\"column\">\n\t\t\t<div class=\"elementor-widget-wrap elementor-element-populated\">\n\t\t\t\t\t\t<div class=\"elementor-element elementor-element-1e22ab0 elementor-tabs-view-horizontal elementor-widget elementor-widget-tabs\" data-id=\"1e22ab0\" data-element_type=\"widget\" data-widget_type=\"tabs.default\">\n\t\t\t\t<div class=\"elementor-widget-container\">\n\t\t\t\t\t\t\t<div class=\"elementor-tabs\">\n\t\t\t<div class=\"elementor-tabs-wrapper\" role=\"tablist\" >\n\t\t\t\t\t\t\t\t\t<div id=\"elementor-tab-title-3151\" class=\"elementor-tab-title elementor-tab-desktop-title\" aria-selected=\"true\" data-tab=\"1\" role=\"tab\" tabindex=\"0\" aria-controls=\"elementor-tab-content-3151\" aria-expanded=\"false\">Temsilcilikler<\/div>\n\t\t\t\t\t\t\t<\/div>\n\t\t\t<div class=\"elementor-tabs-content-wrapper\" role=\"tablist\" aria-orientation=\"vertical\">\n\t\t\t\t\t\t\t\t\t<div class=\"elementor-tab-title elementor-tab-mobile-title\" aria-selected=\"true\" data-tab=\"1\" role=\"tab\" tabindex=\"0\" aria-controls=\"elementor-tab-content-3151\" aria-expanded=\"false\">Temsilcilikler<\/div>\n\t\t\t\t\t<div id=\"elementor-tab-content-3151\" class=\"elementor-tab-content elementor-clearfix\" data-tab=\"1\" role=\"tabpanel\" aria-labelledby=\"elementor-tab-title-3151\" tabindex=\"0\" hidden=\"false\"><\/div>\n\t\t\t\t\t\t\t<\/div>\n\t\t<\/div>\n\t\t\t\t\t\t<\/div>\n\t\t\t\t<\/div>\n\t\t\t\t\t<\/div>\n\t\t<\/div>\n\t\t\t\t\t<\/div>\n\t\t<\/section>\n\t\t\t\t<section class=\"elementor-section elementor-top-section elementor-element elementor-element-5e1609b elementor-section-boxed elementor-section-height-default elementor-section-height-default\" data-id=\"5e1609b\" data-element_type=\"section\">\n\t\t\t\t\t\t<div class=\"elementor-container elementor-column-gap-default\">\n\t\t\t\t\t<div class=\"elementor-column elementor-col-100 elementor-top-column elementor-element elementor-element-62582a4\" data-id=\"62582a4\" data-element_type=\"column\">\n\t\t\t<div class=\"elementor-widget-wrap elementor-element-populated\">\n\t\t\t\t\t\t<div class=\"elementor-element elementor-element-8e8caf4 elementor-widget elementor-widget-toggle\" data-id=\"8e8caf4\" data-element_type=\"widget\" data-widget_type=\"toggle.default\">\n\t\t\t\t<div class=\"elementor-widget-container\">\n\t\t\t\t\t\t\t<div class=\"elementor-toggle\">\n\t\t\t\t\t\t\t<div class=\"elementor-toggle-item\">\n\t\t\t\t\t<div id=\"elementor-tab-title-1491\" class=\"elementor-tab-title\" data-tab=\"1\" role=\"button\" aria-controls=\"elementor-tab-content-1491\" aria-expanded=\"false\">\n\t\t\t\t\t\t\t\t\t\t\t\t<span class=\"elementor-toggle-icon elementor-toggle-icon-left\" aria-hidden=\"true\">\n\t\t\t\t\t\t\t\t\t\t\t\t\t\t\t<span class=\"elementor-toggle-icon-closed\"><i class=\"fas fa-caret-right\"><\/i><\/span>\n\t\t\t\t\t\t\t\t<span class=\"elementor-toggle-icon-opened\"><i class=\"elementor-toggle-icon-opened fas fa-caret-up\"><\/i><\/span>\n\t\t\t\t\t\t\t\t\t\t\t\t\t<\/span>\n\t\t\t\t\t\t\t\t\t\t\t\t<a class=\"elementor-toggle-title\" tabindex=\"0\">Engelli \u00d6\u011frenci Birimi Temsilcili\u011fi<\/a>\n\t\t\t\t\t<\/div>\n\n\t\t\t\t\t<div id=\"elementor-tab-content-1491\" class=\"elementor-tab-content elementor-clearfix\" data-tab=\"1\" role=\"region\" aria-labelledby=\"elementor-tab-title-1491\"><div><span style=\"color: #54595f;font-family: Ubuntu, serif\"><span style=\"font-size: 16px\"><b>\u00a0<\/b><\/span><\/span><\/div><table class=\"MsoNormalTable\" style=\"width: 515.75pt;margin-left: 29.25pt;background-image: initial;background-position: initial;background-size: initial;background-attachment: initial\" border=\"0\" width=\"688\" cellspacing=\"0\" cellpadding=\"0\"><tbody><tr style=\"height: 18.2pt\"><td style=\"width: 55.05pt;border-width: 1.5pt;border-color: windowtext;padding: 0cm;height: 18.2pt\" valign=\"top\" width=\"73\"><p class=\"MsoNormal\" style=\"text-align: center;line-height: 18.0pt\" align=\"center\"><b><span lang=\"EN-US\" style=\"font-size: 12.0pt;font-family: 'Ubuntu',serif;color: #54595f\">SIRA NO<\/span><\/b><\/p><\/td><td style=\"width: 318.95pt;border-top-width: 1.5pt;border-right-width: 1.5pt;border-bottom-width: 1.5pt;border-top-color: windowtext;border-right-color: windowtext;border-bottom-color: windowtext;border-left: none;padding: 0cm;height: 18.2pt\" valign=\"top\" width=\"425\"><p class=\"MsoNormal\" style=\"text-align: center;line-height: 18.0pt\" align=\"center\"><b><span lang=\"EN-US\" style=\"font-size: 12.0pt;font-family: 'Ubuntu',serif;color: #54595f\">ADI SOYADI VE UNVANI<\/span><\/b><\/p><\/td><td style=\"width: 5cm;border-top-width: 1.5pt;border-right-width: 1.5pt;border-bottom-width: 1.5pt;border-top-color: windowtext;border-right-color: windowtext;border-bottom-color: windowtext;border-left: none;padding: 0cm;height: 18.2pt\" valign=\"top\" width=\"189\"><p class=\"MsoNormal\" style=\"text-align: center;line-height: 18.0pt;margin: .65pt 0cm .0001pt 4.05pt\" align=\"center\"><b><span lang=\"EN-US\" style=\"font-size: 12.0pt;font-family: 'Ubuntu',serif;color: #54595f\">\u00a0<\/span><\/b><\/p><p class=\"MsoNormal\" style=\"text-align: center;line-height: 18.0pt;margin: .65pt 0cm .0001pt 4.05pt\" align=\"center\"><b><span lang=\"EN-US\" style=\"font-size: 12.0pt;font-family: 'Ubuntu',serif;color: #54595f\">G\u00d6REV\u0130<\/span><\/b><\/p><\/td><\/tr><tr style=\"height: 18.4pt\"><td style=\"width: 55.05pt;border-right-width: 1pt;border-bottom-width: 1pt;border-left-width: 1pt;border-right-color: windowtext;border-bottom-color: windowtext;border-left-color: windowtext;border-top: none;padding: 0cm;height: 18.4pt\" width=\"73\"><p class=\"MsoNormal\" style=\"text-align: center;line-height: 18.0pt\" align=\"center\"><b><span lang=\"EN-US\" style=\"font-size: 12.0pt;font-family: 'Ubuntu',serif;color: #54595f\">1.<\/span><\/b><\/p><\/td><td style=\"width: 318.95pt;border-top: none;border-left: none;border-bottom-width: 1pt;border-bottom-color: windowtext;border-right-width: 1pt;border-right-color: windowtext;padding: 0cm;height: 18.4pt\" width=\"425\"><p class=\"MsoNormal\" style=\"line-height: 18.0pt\"><span lang=\"EN-US\" style=\"font-size: 12.0pt;font-family: 'Ubuntu',serif;color: #54595f\">Do\u00e7. Dr. Rafet BEYAZ<\/span><\/p><\/td><td style=\"width: 5cm;border-top: none;border-left: none;border-bottom-width: 1pt;border-bottom-color: windowtext;border-right-width: 1pt;border-right-color: windowtext;padding: 0cm;height: 18.4pt\" width=\"189\"><p class=\"MsoNormal\" style=\"line-height: 18.0pt\"><span style=\"font-size: 12.0pt;font-family: 'Ubuntu',serif;color: #54595f\">Dekan Yard\u0131mc\u0131s\u0131<\/span><\/p><\/td><\/tr><\/tbody><\/table><\/div>\n\t\t\t\t<\/div>\n\t\t\t\t\t\t\t<div class=\"elementor-toggle-item\">\n\t\t\t\t\t<div id=\"elementor-tab-title-1492\" class=\"elementor-tab-title\" data-tab=\"2\" role=\"button\" aria-controls=\"elementor-tab-content-1492\" aria-expanded=\"false\">\n\t\t\t\t\t\t\t\t\t\t\t\t<span class=\"elementor-toggle-icon elementor-toggle-icon-left\" aria-hidden=\"true\">\n\t\t\t\t\t\t\t\t\t\t\t\t\t\t\t<span class=\"elementor-toggle-icon-closed\"><i class=\"fas fa-caret-right\"><\/i><\/span>\n\t\t\t\t\t\t\t\t<span class=\"elementor-toggle-icon-opened\"><i class=\"elementor-toggle-icon-opened fas fa-caret-up\"><\/i><\/span>\n\t\t\t\t\t\t\t\t\t\t\t\t\t<\/span>\n\t\t\t\t\t\t\t\t\t\t\t\t<a class=\"elementor-toggle-title\" tabindex=\"0\">Birim \u00d6\u011frenci Temsilcisi<\/a>\n\t\t\t\t\t<\/div>\n\n\t\t\t\t\t<div id=\"elementor-tab-content-1492\" class=\"elementor-tab-content elementor-clearfix\" data-tab=\"2\" role=\"region\" aria-labelledby=\"elementor-tab-title-1492\"><table style=\"height: 34px\" width=\"651\"><tbody><tr><td width=\"83\"><p style=\"text-align: center\"><strong>SIRA NO<\/strong><\/p><\/td><td width=\"258\"><p><strong>ADI SOYADI VE UNVANI<\/strong><\/p><\/td><td width=\"311\"><p><strong>G\u00d6REV\u0130<\/strong><\/p><\/td><\/tr><tr><td width=\"83\"><p style=\"text-align: center\"><strong>1.<\/strong><\/p><\/td><td width=\"258\"><p>Dr. \u00d6\u011fr. \u00dcyesi Hilal MOLA<\/p><\/td><td width=\"311\"><p>Birim \u00d6\u011frenci Temsilci Yeklisi<\/p><\/td><\/tr><tr><td width=\"83\"><p style=\"text-align: center\"><strong>2.<\/strong><\/p><\/td><td width=\"258\"><p>Zehra Nur ARSLANTEK\u0130N<\/p><\/td><td width=\"311\"><p>Birim K\u0131z \u00d6\u011frenci Temsilcisi<\/p><\/td><\/tr><tr><td width=\"83\"><p style=\"text-align: center\"><strong>3.<\/strong><\/p><\/td><td width=\"258\"><p>Ahmet KURAN<\/p><\/td><td width=\"311\"><p>Birim Erkek \u00d6\u011frenci Temsilcisi<\/p><\/td><\/tr><\/tbody><\/table><\/div>\n\t\t\t\t<\/div>\n\t\t\t\t\t\t\t<div class=\"elementor-toggle-item\">\n\t\t\t\t\t<div id=\"elementor-tab-title-1493\" class=\"elementor-tab-title\" data-tab=\"3\" role=\"button\" aria-controls=\"elementor-tab-content-1493\" aria-expanded=\"false\">\n\t\t\t\t\t\t\t\t\t\t\t\t<span class=\"elementor-toggle-icon elementor-toggle-icon-left\" aria-hidden=\"true\">\n\t\t\t\t\t\t\t\t\t\t\t\t\t\t\t<span class=\"elementor-toggle-icon-closed\"><i class=\"fas fa-caret-right\"><\/i><\/span>\n\t\t\t\t\t\t\t\t<span class=\"elementor-toggle-icon-opened\"><i class=\"elementor-toggle-icon-opened fas fa-caret-up\"><\/i><\/span>\n\t\t\t\t\t\t\t\t\t\t\t\t\t<\/span>\n\t\t\t\t\t\t\t\t\t\t\t\t<a class=\"elementor-toggle-title\" tabindex=\"0\">Birim Kariyer Merkezi Temsilcisi<\/a>\n\t\t\t\t\t<\/div>\n\n\t\t\t\t\t<div id=\"elementor-tab-content-1493\" class=\"elementor-tab-content elementor-clearfix\" data-tab=\"3\" role=\"region\" aria-labelledby=\"elementor-tab-title-1493\"><table style=\"font-weight: 400\" width=\"688\">\n<tbody>\n<tr>\n<td width=\"73\">\n<p style=\"text-align: center\"><b><strong>SIRA NO<\/strong><\/b><\/p>\n<\/td>\n<td width=\"425\">\n<p><b><strong>ADI SOYADI VE UNVANI<\/strong><\/b><\/p>\n<\/td>\n<td width=\"189\">\n<p><b><strong>&nbsp;<\/strong><\/b><\/p>\n<p><b><strong>G\u00d6REV\u0130<\/strong><\/b><\/p>\n<\/td>\n<\/tr>\n<tr>\n<td width=\"73\">\n<p style=\"text-align: center\"><b><strong>1.<\/strong><\/b><\/p>\n<\/td>\n<td width=\"425\">\n<p>Do\u00e7. Dr. Rafet BEYAZ<\/p>\n<\/td>\n<td width=\"189\">\n<p>\u00d6\u011fretim \u00dcyesi<\/p>\n<\/td>\n<\/tr>\n<\/tbody>\n<\/table><\/div>\n\t\t\t\t<\/div>\n\t\t\t\t\t\t\t\t<\/div>\n\t\t\t\t\t\t<\/div>\n\t\t\t\t<\/div>\n\t\t\t\t\t<\/div>\n\t\t<\/div>\n\t\t\t\t\t<\/div>\n\t\t<\/section>\n\t\t\t\t<\/div>\n\t\t","protected":false},"excerpt":{"rendered":"<p>Temsilcilikler Temsilcilikler Engelli \u00d6\u011frenci Birimi Temsilcili\u011fi \u00a0 SIRA NO ADI SOYADI VE UNVANI \u00a0 G\u00d6REV\u0130 1. Do\u00e7. Dr. Rafet BEYAZ Dekan Yard\u0131mc\u0131s\u0131 Birim \u00d6\u011frenci Temsilcisi SIRA NO ADI SOYADI VE UNVANI G\u00d6REV\u0130 1. Dr. \u00d6\u011fr. \u00dcyesi Hilal MOLA Birim \u00d6\u011frenci Temsilci Yeklisi 2. Zehra Nur ARSLANTEK\u0130N Birim K\u0131z \u00d6\u011frenci Temsilcisi 3. Ahmet KURAN Birim Erkek [&hellip;]<\/p>\n","protected":false},"author":227,"featured_media":0,"parent":0,"menu_order":0,"comment_status":"closed","ping_status":"closed","template":"","meta":{"footnotes":""},"class_list":["post-8717","page","type-page","status-publish","hentry"],"_links":{"self":[{"href":"https:\/\/atauni.edu.tr\/oltu-beseri-ve-sosyal-bilimler-fakultesi\/wp-json\/wp\/v2\/pages\/8717","targetHints":{"allow":["GET"]}}],"collection":[{"href":"https:\/\/atauni.edu.tr\/oltu-beseri-ve-sosyal-bilimler-fakultesi\/wp-json\/wp\/v2\/pages"}],"about":[{"href":"https:\/\/atauni.edu.tr\/oltu-beseri-ve-sosyal-bilimler-fakultesi\/wp-json\/wp\/v2\/types\/page"}],"author":[{"embeddable":true,"href":"https:\/\/atauni.edu.tr\/oltu-beseri-ve-sosyal-bilimler-fakultesi\/wp-json\/wp\/v2\/users\/227"}],"replies":[{"embeddable":true,"href":"https:\/\/atauni.edu.tr\/oltu-beseri-ve-sosyal-bilimler-fakultesi\/wp-json\/wp\/v2\/comments?post=8717"}],"version-history":[{"count":46,"href":"https:\/\/atauni.edu.tr\/oltu-beseri-ve-sosyal-bilimler-fakultesi\/wp-json\/wp\/v2\/pages\/8717\/revisions"}],"predecessor-version":[{"id":16252,"href":"https:\/\/atauni.edu.tr\/oltu-beseri-ve-sosyal-bilimler-fakultesi\/wp-json\/wp\/v2\/pages\/8717\/revisions\/16252"}],"wp:attachment":[{"href":"https:\/\/atauni.edu.tr\/oltu-beseri-ve-sosyal-bilimler-fakultesi\/wp-json\/wp\/v2\/media?parent=8717"}],"curies":[{"name":"wp","href":"https:\/\/api.w.org\/{rel}","templated":true}]}}