{"id":8718,"date":"2022-03-02T13:57:03","date_gmt":"2022-03-02T10:57:03","guid":{"rendered":"https:\/\/birimler.atauni.edu.tr\/oltu-beseri-ve-sosyal-bilimler-fakultesi\/?page_id=8718"},"modified":"2025-01-21T14:06:39","modified_gmt":"2025-01-21T11:06:39","slug":"e-portal-yetkilileri","status":"publish","type":"page","link":"https:\/\/atauni.edu.tr\/oltu-beseri-ve-sosyal-bilimler-fakultesi\/e-portal-yetkilileri\/","title":{"rendered":"E-Portal Yetkilileri"},"content":{"rendered":"\t\t<div data-elementor-type=\"wp-page\" data-elementor-id=\"8718\" class=\"elementor elementor-8718\" data-elementor-post-type=\"page\">\n\t\t\t\t\t\t<section class=\"elementor-section elementor-top-section elementor-element elementor-element-c1e9e96 elementor-section-boxed elementor-section-height-default elementor-section-height-default\" data-id=\"c1e9e96\" data-element_type=\"section\">\n\t\t\t\t\t\t<div class=\"elementor-container elementor-column-gap-default\">\n\t\t\t\t\t<div class=\"elementor-column elementor-col-100 elementor-top-column elementor-element elementor-element-eee0b9a\" data-id=\"eee0b9a\" data-element_type=\"column\">\n\t\t\t<div class=\"elementor-widget-wrap elementor-element-populated\">\n\t\t\t\t\t\t<div class=\"elementor-element elementor-element-14cca5b elementor-tabs-view-horizontal elementor-widget elementor-widget-tabs\" data-id=\"14cca5b\" data-element_type=\"widget\" data-widget_type=\"tabs.default\">\n\t\t\t\t<div class=\"elementor-widget-container\">\n\t\t\t\t\t\t\t<div class=\"elementor-tabs\">\n\t\t\t<div class=\"elementor-tabs-wrapper\" role=\"tablist\" >\n\t\t\t\t\t\t\t\t\t<div id=\"elementor-tab-title-2181\" class=\"elementor-tab-title elementor-tab-desktop-title\" aria-selected=\"true\" data-tab=\"1\" role=\"tab\" tabindex=\"0\" aria-controls=\"elementor-tab-content-2181\" aria-expanded=\"false\">E-PORTAL YETK\u0130L\u0130S\u0130<\/div>\n\t\t\t\t\t\t\t<\/div>\n\t\t\t<div class=\"elementor-tabs-content-wrapper\" role=\"tablist\" aria-orientation=\"vertical\">\n\t\t\t\t\t\t\t\t\t<div class=\"elementor-tab-title elementor-tab-mobile-title\" aria-selected=\"true\" data-tab=\"1\" role=\"tab\" tabindex=\"0\" aria-controls=\"elementor-tab-content-2181\" aria-expanded=\"false\">E-PORTAL YETK\u0130L\u0130S\u0130<\/div>\n\t\t\t\t\t<div id=\"elementor-tab-content-2181\" class=\"elementor-tab-content elementor-clearfix\" data-tab=\"1\" role=\"tabpanel\" aria-labelledby=\"elementor-tab-title-2181\" tabindex=\"0\" hidden=\"false\"><\/div>\n\t\t\t\t\t\t\t<\/div>\n\t\t<\/div>\n\t\t\t\t\t\t<\/div>\n\t\t\t\t<\/div>\n\t\t\t\t\t<\/div>\n\t\t<\/div>\n\t\t\t\t\t<\/div>\n\t\t<\/section>\n\t\t\t\t<section class=\"elementor-section elementor-top-section elementor-element elementor-element-f322858 elementor-section-boxed elementor-section-height-default elementor-section-height-default\" data-id=\"f322858\" data-element_type=\"section\">\n\t\t\t\t\t\t<div class=\"elementor-container elementor-column-gap-default\">\n\t\t\t\t\t<div class=\"elementor-column elementor-col-100 elementor-top-column elementor-element elementor-element-d3e8fe6\" data-id=\"d3e8fe6\" data-element_type=\"column\">\n\t\t\t<div class=\"elementor-widget-wrap elementor-element-populated\">\n\t\t\t\t\t\t<div class=\"elementor-element elementor-element-fe537c3 elementor-widget elementor-widget-toggle\" data-id=\"fe537c3\" data-element_type=\"widget\" data-widget_type=\"toggle.default\">\n\t\t\t\t<div class=\"elementor-widget-container\">\n\t\t\t\t\t\t\t<div class=\"elementor-toggle\">\n\t\t\t\t\t\t\t<div class=\"elementor-toggle-item\">\n\t\t\t\t\t<div id=\"elementor-tab-title-2661\" class=\"elementor-tab-title\" data-tab=\"1\" role=\"button\" aria-controls=\"elementor-tab-content-2661\" aria-expanded=\"false\">\n\t\t\t\t\t\t\t\t\t\t\t\t<span class=\"elementor-toggle-icon elementor-toggle-icon-left\" aria-hidden=\"true\">\n\t\t\t\t\t\t\t\t\t\t\t\t\t\t\t<span class=\"elementor-toggle-icon-closed\"><i class=\"fas fa-caret-right\"><\/i><\/span>\n\t\t\t\t\t\t\t\t<span class=\"elementor-toggle-icon-opened\"><i class=\"elementor-toggle-icon-opened fas fa-caret-up\"><\/i><\/span>\n\t\t\t\t\t\t\t\t\t\t\t\t\t<\/span>\n\t\t\t\t\t\t\t\t\t\t\t\t<a class=\"elementor-toggle-title\" tabindex=\"0\">Bili\u015fim Sistemleri Sorumlusu ve E-Portal Yetkilisi<\/a>\n\t\t\t\t\t<\/div>\n\n\t\t\t\t\t<div id=\"elementor-tab-content-2661\" class=\"elementor-tab-content elementor-clearfix\" data-tab=\"1\" role=\"region\" aria-labelledby=\"elementor-tab-title-2661\"><div><span style=\"color: #54595f;font-family: Ubuntu, serif\"><span style=\"font-size: 16px\"><b>\u00a0<\/b><\/span><\/span><\/div><table style=\"width: 515.75pt;margin-left: 29.25pt;background-image: initial;background-position: initial;background-size: initial;background-attachment: initial\" border=\"0\" width=\"688\" cellspacing=\"0\" cellpadding=\"0\"><tbody><tr style=\"height: 18.2pt\"><td style=\"width: 55.05pt;border-width: 1.5pt;border-color: windowtext;padding: 0cm;height: 18.2pt\" valign=\"top\" width=\"73\"><p style=\"text-align: center;line-height: 18.0pt\" align=\"center\"><b><span lang=\"EN-US\" style=\"font-size: 12.0pt;font-family: 'Ubuntu',serif;color: #54595f\">SIRA NO<\/span><\/b><\/p><\/td><td style=\"width: 318.95pt;border-top-width: 1.5pt;border-right-width: 1.5pt;border-bottom-width: 1.5pt;border-top-color: windowtext;border-right-color: windowtext;border-bottom-color: windowtext;border-left: none;padding: 0cm;height: 18.2pt\" valign=\"top\" width=\"425\"><p style=\"text-align: center;line-height: 18.0pt\" align=\"center\"><b><span lang=\"EN-US\" style=\"font-size: 12.0pt;font-family: 'Ubuntu',serif;color: #54595f\">ADI SOYADI VE UNVANI<\/span><\/b><\/p><\/td><td style=\"width: 5cm;border-top-width: 1.5pt;border-right-width: 1.5pt;border-bottom-width: 1.5pt;border-top-color: windowtext;border-right-color: windowtext;border-bottom-color: windowtext;border-left: none;padding: 0cm;height: 18.2pt\" valign=\"top\" width=\"189\"><p style=\"text-align: center;line-height: 18.0pt;margin: .65pt 0cm .0001pt 4.15pt\" align=\"center\"><b><span lang=\"EN-US\" style=\"font-size: 12.0pt;font-family: 'Ubuntu',serif;color: #54595f\">\u00a0<\/span><\/b><\/p><p style=\"text-align: center;line-height: 18.0pt;margin: .65pt 0cm .0001pt 4.15pt\" align=\"center\"><b><span lang=\"EN-US\" style=\"font-size: 12.0pt;font-family: 'Ubuntu',serif;color: #54595f\">G\u00d6REV\u0130<\/span><\/b><\/p><\/td><\/tr><tr style=\"height: 18.4pt\"><td style=\"width: 55.05pt;border-top: none;border-left-width: 1pt;border-left-color: windowtext;border-bottom-width: 1.5pt;border-bottom-color: windowtext;border-right-width: 1pt;border-right-color: windowtext;padding: 0cm;height: 18.4pt\" width=\"73\"><p style=\"text-align: center;line-height: 18.0pt\" align=\"center\"><b><span lang=\"EN-US\" style=\"font-size: 12.0pt;font-family: 'Ubuntu',serif;color: #54595f\">1.<\/span><\/b><\/p><\/td><td style=\"width: 318.95pt;border-top: none;border-left: none;border-bottom-width: 1.5pt;border-bottom-color: windowtext;border-right-width: 1pt;border-right-color: windowtext;padding: 0cm;height: 18.4pt\" width=\"425\"><p style=\"line-height: 18.0pt\"><span style=\"color: #54595f;font-family: Ubuntu, serif\"><span style=\"font-size: 16px\">Dr. \u00d6\u011fr. \u00dcyesi Melike PAK<\/span><\/span><\/p><\/td><td style=\"width: 5cm;border-top: none;border-left: none;border-bottom-width: 1.5pt;border-bottom-color: windowtext;border-right-width: 1pt;border-right-color: windowtext;padding: 0cm;height: 18.4pt\" width=\"189\"><p style=\"line-height: 18.0pt\"><span lang=\"EN-US\" style=\"font-size: 12.0pt;font-family: 'Ubuntu',serif;color: #54595f\">Sosyal Hizmet B\u00f6l\u00fcm\u00fc Bili\u015fim Sistemleri Sorumlusu ve E-Portal Yetkilisi<\/span><\/p><\/td><\/tr><tr style=\"height: 18.4pt\"><td style=\"width: 55.05pt;border-top: none;border-left-width: 1pt;border-left-color: windowtext;border-bottom-width: 1.5pt;border-bottom-color: windowtext;border-right-width: 1pt;border-right-color: windowtext;padding: 0cm;height: 18.4pt\" width=\"73\"><p style=\"text-align: center;line-height: 18.0pt\" align=\"center\"><b><span lang=\"EN-US\" style=\"font-size: 12.0pt;font-family: 'Ubuntu',serif;color: #54595f\">2.<\/span><\/b><\/p><\/td><td style=\"width: 318.95pt;border-top: none;border-left: none;border-bottom-width: 1.5pt;border-bottom-color: windowtext;border-right-width: 1pt;border-right-color: windowtext;padding: 0cm;height: 18.4pt\" width=\"425\"><p style=\"line-height: 18.0pt\"><span style=\"font-family: Ubuntu, serif;font-size: 16px\">Ar\u015f. G\u00f6r. Abdullah Yi\u011fit G\u00dcNG\u00d6R<\/span><\/p><\/td><td style=\"width: 5cm;border-top: none;border-left: none;border-bottom-width: 1.5pt;border-bottom-color: windowtext;border-right-width: 1pt;border-right-color: windowtext;padding: 0cm;height: 18.4pt\" width=\"189\"><p style=\"line-height: 18.0pt\"><span lang=\"EN-US\" style=\"font-size: 12.0pt;font-family: 'Ubuntu',serif;color: #54595f\">\u0130\u015fletme B\u00f6l\u00fcm\u00fc Bili\u015fim Sistemleri Sorumlusu ve E-Portal Yetkilisi<\/span><\/p><\/td><\/tr><tr style=\"height: 18.4pt\"><td style=\"width: 55.05pt;border-top: none;border-left-width: 1pt;border-left-color: windowtext;border-bottom-width: 1.5pt;border-bottom-color: windowtext;border-right-width: 1pt;border-right-color: windowtext;padding: 0cm;height: 18.4pt\" width=\"73\"><p style=\"text-align: center;line-height: 18.0pt\" align=\"center\"><b><span lang=\"EN-US\" style=\"font-size: 12.0pt;font-family: 'Ubuntu',serif;color: #54595f\">3.<\/span><\/b><\/p><\/td><td style=\"width: 318.95pt;border-top: none;border-left: none;border-bottom-width: 1.5pt;border-bottom-color: windowtext;border-right-width: 1pt;border-right-color: windowtext;padding: 0cm;height: 18.4pt\" width=\"425\"><p style=\"line-height: 18.0pt\"><span lang=\"EN-US\" style=\"font-size: 12.0pt;font-family: 'Ubuntu',serif;color: #54595f\">Ar\u015f. G\u00f6r. Beyza DEM\u0130R<\/span><\/p><\/td><td style=\"width: 5cm;border-top: none;border-left: none;border-bottom-width: 1.5pt;border-bottom-color: windowtext;border-right-width: 1pt;border-right-color: windowtext;padding: 0cm;height: 18.4pt\" width=\"189\"><p style=\"line-height: 18.0pt\"><span lang=\"EN-US\" style=\"font-size: 12.0pt;font-family: 'Ubuntu',serif;color: #54595f\">Finans ve Bankac\u0131l\u0131k B\u00f6l\u00fcm\u00fc Bili\u015fim Sistemleri Sorumlusu ve E-Portal Yetkilisi<\/span><\/p><\/td><\/tr><tr style=\"height: 18.4pt\"><td style=\"width: 55.05pt;border-right-width: 1pt;border-bottom-width: 1pt;border-left-width: 1pt;border-right-color: windowtext;border-bottom-color: windowtext;border-left-color: windowtext;border-top: none;padding: 0cm;height: 18.4pt\" width=\"73\"><p style=\"text-align: center;line-height: 18.0pt\" align=\"center\"><b><span lang=\"EN-US\" style=\"font-size: 12.0pt;font-family: 'Ubuntu',serif;color: #54595f\">4.<\/span><\/b><\/p><\/td><td style=\"width: 318.95pt;border-top: none;border-left: none;border-bottom-width: 1pt;border-bottom-color: windowtext;border-right-width: 1pt;border-right-color: windowtext;padding: 0cm;height: 18.4pt\" width=\"425\"><p style=\"line-height: 18.0pt\"><span lang=\"EN-US\" style=\"font-size: 12.0pt;font-family: 'Ubuntu',serif;color: #54595f\">Dr. \u00d6\u011fr. \u00dcyesi\u00a0<\/span><\/p><\/td><td style=\"width: 5cm;border-top: none;border-left: none;border-bottom-width: 1pt;border-bottom-color: windowtext;border-right-width: 1pt;border-right-color: windowtext;padding: 0cm;height: 18.4pt\" width=\"189\"><p style=\"line-height: 18.0pt\"><span lang=\"EN-US\" style=\"font-size: 12.0pt;font-family: 'Ubuntu',serif;color: #54595f\">Maliye B\u00f6l\u00fcm\u00fc Bili\u015fim Sistemleri Sorumlusu ve E-Portal Yetkilisi<\/span><\/p><\/td><\/tr><\/tbody><\/table><\/div>\n\t\t\t\t<\/div>\n\t\t\t\t\t\t\t\t<\/div>\n\t\t\t\t\t\t<\/div>\n\t\t\t\t<\/div>\n\t\t\t\t\t<\/div>\n\t\t<\/div>\n\t\t\t\t\t<\/div>\n\t\t<\/section>\n\t\t\t\t<\/div>\n\t\t","protected":false},"excerpt":{"rendered":"<p>E-PORTAL YETK\u0130L\u0130S\u0130 E-PORTAL YETK\u0130L\u0130S\u0130 Bili\u015fim Sistemleri Sorumlusu ve E-Portal Yetkilisi \u00a0 SIRA NO ADI SOYADI VE UNVANI \u00a0 G\u00d6REV\u0130 1. Dr. \u00d6\u011fr. \u00dcyesi Melike PAK Sosyal Hizmet B\u00f6l\u00fcm\u00fc Bili\u015fim Sistemleri Sorumlusu ve E-Portal Yetkilisi 2. Ar\u015f. G\u00f6r. Abdullah Yi\u011fit G\u00dcNG\u00d6R \u0130\u015fletme B\u00f6l\u00fcm\u00fc Bili\u015fim Sistemleri Sorumlusu ve E-Portal Yetkilisi 3. Ar\u015f. G\u00f6r. Beyza DEM\u0130R Finans ve [&hellip;]<\/p>\n","protected":false},"author":227,"featured_media":0,"parent":0,"menu_order":0,"comment_status":"closed","ping_status":"closed","template":"","meta":{"footnotes":""},"class_list":["post-8718","page","type-page","status-publish","hentry"],"_links":{"self":[{"href":"https:\/\/atauni.edu.tr\/oltu-beseri-ve-sosyal-bilimler-fakultesi\/wp-json\/wp\/v2\/pages\/8718","targetHints":{"allow":["GET"]}}],"collection":[{"href":"https:\/\/atauni.edu.tr\/oltu-beseri-ve-sosyal-bilimler-fakultesi\/wp-json\/wp\/v2\/pages"}],"about":[{"href":"https:\/\/atauni.edu.tr\/oltu-beseri-ve-sosyal-bilimler-fakultesi\/wp-json\/wp\/v2\/types\/page"}],"author":[{"embeddable":true,"href":"https:\/\/atauni.edu.tr\/oltu-beseri-ve-sosyal-bilimler-fakultesi\/wp-json\/wp\/v2\/users\/227"}],"replies":[{"embeddable":true,"href":"https:\/\/atauni.edu.tr\/oltu-beseri-ve-sosyal-bilimler-fakultesi\/wp-json\/wp\/v2\/comments?post=8718"}],"version-history":[{"count":28,"href":"https:\/\/atauni.edu.tr\/oltu-beseri-ve-sosyal-bilimler-fakultesi\/wp-json\/wp\/v2\/pages\/8718\/revisions"}],"predecessor-version":[{"id":15396,"href":"https:\/\/atauni.edu.tr\/oltu-beseri-ve-sosyal-bilimler-fakultesi\/wp-json\/wp\/v2\/pages\/8718\/revisions\/15396"}],"wp:attachment":[{"href":"https:\/\/atauni.edu.tr\/oltu-beseri-ve-sosyal-bilimler-fakultesi\/wp-json\/wp\/v2\/media?parent=8718"}],"curies":[{"name":"wp","href":"https:\/\/api.w.org\/{rel}","templated":true}]}}