{"id":9714,"date":"2022-03-17T14:10:21","date_gmt":"2022-03-17T11:10:21","guid":{"rendered":"https:\/\/birimler.atauni.edu.tr\/oltu-beseri-ve-sosyal-bilimler-fakultesi\/?page_id=9714"},"modified":"2025-10-03T10:14:48","modified_gmt":"2025-10-03T07:14:48","slug":"mufredatlar","status":"publish","type":"page","link":"https:\/\/atauni.edu.tr\/oltu-beseri-ve-sosyal-bilimler-fakultesi\/mufredatlar\/","title":{"rendered":"M\u00fcfredatlar"},"content":{"rendered":"\t\t<div data-elementor-type=\"wp-page\" data-elementor-id=\"9714\" class=\"elementor elementor-9714\" data-elementor-post-type=\"page\">\n\t\t\t\t\t\t<section class=\"elementor-section elementor-top-section elementor-element elementor-element-3717d54 elementor-section-boxed elementor-section-height-default elementor-section-height-default\" data-id=\"3717d54\" data-element_type=\"section\">\n\t\t\t\t\t\t<div class=\"elementor-container elementor-column-gap-default\">\n\t\t\t\t\t<div class=\"elementor-column elementor-col-100 elementor-top-column elementor-element elementor-element-37e72ef\" data-id=\"37e72ef\" data-element_type=\"column\">\n\t\t\t<div class=\"elementor-widget-wrap elementor-element-populated\">\n\t\t\t\t\t\t<div class=\"elementor-element elementor-element-83f2435 elementor-widget elementor-widget-toggle\" data-id=\"83f2435\" data-element_type=\"widget\" data-widget_type=\"toggle.default\">\n\t\t\t\t<div class=\"elementor-widget-container\">\n\t\t\t\t\t\t\t<div class=\"elementor-toggle\">\n\t\t\t\t\t\t\t<div class=\"elementor-toggle-item\">\n\t\t\t\t\t<div id=\"elementor-tab-title-1381\" class=\"elementor-tab-title\" data-tab=\"1\" role=\"button\" aria-controls=\"elementor-tab-content-1381\" aria-expanded=\"false\">\n\t\t\t\t\t\t\t\t\t\t\t\t<span class=\"elementor-toggle-icon elementor-toggle-icon-left\" aria-hidden=\"true\">\n\t\t\t\t\t\t\t\t\t\t\t\t\t\t\t<span class=\"elementor-toggle-icon-closed\"><i class=\"fas fa-caret-right\"><\/i><\/span>\n\t\t\t\t\t\t\t\t<span class=\"elementor-toggle-icon-opened\"><i class=\"elementor-toggle-icon-opened fas fa-caret-up\"><\/i><\/span>\n\t\t\t\t\t\t\t\t\t\t\t\t\t<\/span>\n\t\t\t\t\t\t\t\t\t\t\t\t<a class=\"elementor-toggle-title\" tabindex=\"0\">Finans ve Bankac\u0131l\u0131k B\u00f6l\u00fcm\u00fc<\/a>\n\t\t\t\t\t<\/div>\n\n\t\t\t\t\t<div id=\"elementor-tab-content-1381\" class=\"elementor-tab-content elementor-clearfix\" data-tab=\"1\" role=\"region\" aria-labelledby=\"elementor-tab-title-1381\"><ul><li><a href=\"http:\/\/birimler.atauni.edu.tr\/oltu-beseri-ve-sosyal-bilimler-fakultesi\/wp-content\/uploads\/sites\/69\/2020\/07\/Finans-ve-Bankacilik-Bolumu-2017-2018-egitim-ogretim-yili-Ders-Mufredati.pdf\">Finans ve Bankac\u0131l\u0131k B\u00f6l\u00fcm\u00fc 2017-2018 e\u011fitim-\u00f6\u011fretim y\u0131l\u0131 Ders M\u00fcfredat\u0131<\/a><\/li><li><a href=\"http:\/\/birimler.atauni.edu.tr\/oltu-beseri-ve-sosyal-bilimler-fakultesi\/wp-content\/uploads\/sites\/69\/2020\/07\/Oltu-Beseri-ve-Sosyal-Bilimler-Fakultesi-2021-2022-egitim-ogretim-yilindan-itibaren-Lisans-Egitim-Ogretim-ve-Sinav-Uygulama-Esaslari-1.pdf\">Oltu Be\u015feri ve Sosyal Bilimler Fak\u00fcltesi 2021-2022 e\u011fitim-\u00f6\u011fretim y\u0131l\u0131ndan itibaren &amp; Lisans E\u011fitim-\u00d6\u011fretim ve S\u0131nav Uygulama Esaslar\u0131<\/a><\/li><li><a href=\"http:\/\/birimler.atauni.edu.tr\/oltu-beseri-ve-sosyal-bilimler-fakultesi\/wp-content\/uploads\/sites\/69\/2020\/07\/Finans-ve-Bankacilik-Bolumu-2021-2022-egitim-ogretim-yilimdan-itibaren-Mufredati.pdf\">Finans ve Bankac\u0131l\u0131k B\u00f6l\u00fcm\u00fc 2021-2022 e\u011fitim-\u00f6\u011fretim y\u0131l\u0131 Ders M\u00fcfredat\u0131<\/a><\/li><li><a href=\"http:\/\/birimler.atauni.edu.tr\/oltu-beseri-ve-sosyal-bilimler-fakultesi\/wp-content\/uploads\/sites\/69\/2020\/07\/Finans-ve-Bankacilik-Bolumu-2022-2023-egitim-ogretim-yilindan-itibaren-uygulanacak-Ders-Mufredati-Ogretim-Plani-2.pdf\">Finans ve Bankac\u0131l\u0131k B\u00f6l\u00fcm\u00fc 2022-2023 e\u011fitim-\u00f6\u011fretim y\u0131l\u0131ndan itibaren uygulanacak Ders M\u00fcfredat\u0131 (\u00d6\u011fretim Plan\u0131)<\/a><\/li><li><a href=\"http:\/\/birimler.atauni.edu.tr\/oltu-beseri-ve-sosyal-bilimler-fakultesi\/wp-content\/uploads\/sites\/69\/2020\/07\/Oltu-Beseri-ve-Sosyal-Bilimler-Fakultesi-2022-20223-Lisans-Egitim-Ogretim-ve-Sinav-Uygulama-Esaslari.pdf\">Oltu Be\u015feri ve Sosyal Bilimler Fak\u00fcltesi 2022-2023 Lisans E\u011fitim-\u00d6\u011fretim ve S\u0131nav Uygulama Esaslar\u0131<\/a><\/li><li><a href=\"http:\/\/birimler.atauni.edu.tr\/oltu-beseri-ve-sosyal-bilimler-fakultesi\/wp-content\/uploads\/sites\/69\/2020\/07\/Finans-ve-Bankacilik-Bolumu-2023-2024-Egitim-Ogretim-yilindan-itibaren-Uyglunacak-Ders-Mufredati-Ogretim-Planlari.pdf\">Finans ve Bankac\u0131l\u0131k B\u00f6l\u00fcm\u00fc 2023-2024 E\u011fitim-\u00d6\u011fretim y\u0131l\u0131ndan itibaren Uygulanacak Ders M\u00fcfredat\u0131 (\u00d6\u011fretim Planlar\u0131)<\/a><\/li><li><a href=\"http:\/\/birimler.atauni.edu.tr\/oltu-beseri-ve-sosyal-bilimler-fakultesi\/wp-content\/uploads\/sites\/69\/2020\/07\/Oltu-Beseri-ve-Sosyal-Bilimler-Fakultesi-2023-2024-Lisans-Egitim-Ogretim-ve-Sinav-Uygulama-Esaslari.pdf\">Oltu Be\u015feri ve Sosyal Bilimler Fak\u00fcltesi 2023-2024 Lisans E\u011fitim-\u00d6\u011fretim ve S\u0131nav Uygulama Esaslar\u0131<\/a><\/li><\/ul><\/div>\n\t\t\t\t<\/div>\n\t\t\t\t\t\t\t<div class=\"elementor-toggle-item\">\n\t\t\t\t\t<div id=\"elementor-tab-title-1382\" class=\"elementor-tab-title\" data-tab=\"2\" role=\"button\" aria-controls=\"elementor-tab-content-1382\" aria-expanded=\"false\">\n\t\t\t\t\t\t\t\t\t\t\t\t<span class=\"elementor-toggle-icon elementor-toggle-icon-left\" aria-hidden=\"true\">\n\t\t\t\t\t\t\t\t\t\t\t\t\t\t\t<span class=\"elementor-toggle-icon-closed\"><i class=\"fas fa-caret-right\"><\/i><\/span>\n\t\t\t\t\t\t\t\t<span class=\"elementor-toggle-icon-opened\"><i class=\"elementor-toggle-icon-opened fas fa-caret-up\"><\/i><\/span>\n\t\t\t\t\t\t\t\t\t\t\t\t\t<\/span>\n\t\t\t\t\t\t\t\t\t\t\t\t<a class=\"elementor-toggle-title\" tabindex=\"0\">\u0130\u015fletme B\u00f6l\u00fcm\u00fc<\/a>\n\t\t\t\t\t<\/div>\n\n\t\t\t\t\t<div id=\"elementor-tab-content-1382\" class=\"elementor-tab-content elementor-clearfix\" data-tab=\"2\" role=\"region\" aria-labelledby=\"elementor-tab-title-1382\"><ul><li><a href=\"https:\/\/birimler.atauni.edu.tr\/oltu-beseri-ve-sosyal-bilimler-fakultesi\/isletme-mufredat-programi-2017-2018\/\" rel=\"attachment wp-att-9765\">\u0130\u015fletme B\u00f6l\u00fcm\u00fc Ders M\u00fcfredat\u0131 2017 &#8211; 2018<\/a><\/li><li><a href=\"http:\/\/birimler.atauni.edu.tr\/oltu-beseri-ve-sosyal-bilimler-fakultesi\/wp-content\/uploads\/sites\/69\/2020\/07\/Oltu-Beseri-ve-Sosyal-Bilimler-Fakultesi-2021-2022-egitim-ogretim-yilindan-itibaren-Lisans-Egitim-Ogretim-ve-Sinav-Uygulama-Esaslari-1.pdf\">Oltu Be\u015feri ve Sosyal Bilimler Fak\u00fcltesi &amp; 2021-2022 e\u011fitim-\u00f6\u011fretim y\u0131l\u0131ndan itibaren &amp; Lisans E\u011fitim-\u00d6\u011fretim ve S\u0131nav Uygulama Esaslar\u0131<\/a><\/li><li><a href=\"http:\/\/birimler.atauni.edu.tr\/oltu-beseri-ve-sosyal-bilimler-fakultesi\/wp-content\/uploads\/sites\/69\/2020\/07\/Isletme-Bolumu-2021-2022-egitim-ogretim-yilimdan-itibaren-Mufredati.pdf\">\u0130\u015fletme B\u00f6l\u00fcm\u00fc 2021-2022 e\u011fitim-\u00f6\u011fretim y\u0131l\u0131 Ders M\u00fcfredat\u0131<\/a><\/li><li><a href=\"http:\/\/birimler.atauni.edu.tr\/oltu-beseri-ve-sosyal-bilimler-fakultesi\/wp-content\/uploads\/sites\/69\/2020\/07\/Isletme-Bolumu-2022-2023-egitim-ogretim-yilindan-itibaren-uygulanacak-Ders-Mufredati-Ogretim-Plani-1.pdf\">\u0130\u015fletme B\u00f6l\u00fcm\u00fc 2022-2023 e\u011fitim-\u00f6\u011fretim y\u0131l\u0131ndan itibaren uygulanacak Ders M\u00fcfredat\u0131 (\u00d6\u011fretim Plan\u0131)<\/a><\/li><li><a href=\"http:\/\/birimler.atauni.edu.tr\/oltu-beseri-ve-sosyal-bilimler-fakultesi\/wp-content\/uploads\/sites\/69\/2020\/07\/Oltu-Beseri-ve-Sosyal-Bilimler-Fakultesi-2022-20223-Lisans-Egitim-Ogretim-ve-Sinav-Uygulama-Esaslari.pdf\">Oltu Be\u015feri ve Sosyal Bilimler Fak\u00fcltesi 2022-2023 Lisans E\u011fitim-\u00d6\u011fretim ve S\u0131nav Uygulama Esaslar\u0131<\/a><\/li><li><a href=\"http:\/\/birimler.atauni.edu.tr\/oltu-beseri-ve-sosyal-bilimler-fakultesi\/wp-content\/uploads\/sites\/69\/2020\/07\/Isletme-Bolumu-2023-2024-Egitim-Ogretim-yilindan-itibaren-Uygulanacak-Ders-Mufredati-Ogretim-Planlari-1.pdf\">\u0130\u015fletme B\u00f6l\u00fcm\u00fc 2023-2024 E\u011fitim-\u00d6\u011fretim y\u0131l\u0131ndan itibaren Uygulanacak Ders M\u00fcfredat\u0131 (\u00d6\u011fretim Planlar\u0131)<\/a><\/li><li><a href=\"http:\/\/birimler.atauni.edu.tr\/oltu-beseri-ve-sosyal-bilimler-fakultesi\/wp-content\/uploads\/sites\/69\/2020\/07\/Oltu-Beseri-ve-Sosyal-Bilimler-Fakultesi-2023-2024-Lisans-Egitim-Ogretim-ve-Sinav-Uygulama-Esaslari.pdf\">Oltu Be\u015feri ve Sosyal Bilimler Fak\u00fcltesi 2023-2024 Lisans E\u011fitim-\u00d6\u011fretim ve S\u0131nav Uygulama Esaslar\u0131<\/a><\/li><\/ul><\/div>\n\t\t\t\t<\/div>\n\t\t\t\t\t\t\t<div class=\"elementor-toggle-item\">\n\t\t\t\t\t<div id=\"elementor-tab-title-1383\" class=\"elementor-tab-title\" data-tab=\"3\" role=\"button\" aria-controls=\"elementor-tab-content-1383\" aria-expanded=\"false\">\n\t\t\t\t\t\t\t\t\t\t\t\t<span class=\"elementor-toggle-icon elementor-toggle-icon-left\" aria-hidden=\"true\">\n\t\t\t\t\t\t\t\t\t\t\t\t\t\t\t<span class=\"elementor-toggle-icon-closed\"><i class=\"fas fa-caret-right\"><\/i><\/span>\n\t\t\t\t\t\t\t\t<span class=\"elementor-toggle-icon-opened\"><i class=\"elementor-toggle-icon-opened fas fa-caret-up\"><\/i><\/span>\n\t\t\t\t\t\t\t\t\t\t\t\t\t<\/span>\n\t\t\t\t\t\t\t\t\t\t\t\t<a class=\"elementor-toggle-title\" tabindex=\"0\">Sosyal Hizmet B\u00f6l\u00fcm\u00fc<\/a>\n\t\t\t\t\t<\/div>\n\n\t\t\t\t\t<div id=\"elementor-tab-content-1383\" class=\"elementor-tab-content elementor-clearfix\" data-tab=\"3\" role=\"region\" aria-labelledby=\"elementor-tab-title-1383\"><ul><li><a href=\"https:\/\/birimler.atauni.edu.tr\/oltu-beseri-ve-sosyal-bilimler-fakultesi\/sosyal-hizmet-2016-2017-2\/\" rel=\"attachment wp-att-9752\">Sosyal Hizmet B\u00f6l\u00fcm\u00fc 2016-2017<\/a><\/li><li><a href=\"http:\/\/birimler.atauni.edu.tr\/oltu-beseri-ve-sosyal-bilimler-fakultesi\/wp-content\/uploads\/sites\/69\/2020\/07\/Sosyal-Hizmet-Bolumu-2017-2018-egitim-ogretim-yili-Ders-Mufredati.pdf\">Sosyal Hizmet B\u00f6l\u00fcm\u00fc 2017-2018 e\u011fitim-\u00f6\u011fretim y\u0131l\u0131 Ders M\u00fcfredat\u0131<\/a><\/li><li><a href=\"http:\/\/birimler.atauni.edu.tr\/oltu-beseri-ve-sosyal-bilimler-fakultesi\/wp-content\/uploads\/sites\/69\/2020\/07\/Oltu-Beseri-ve-Sosyal-Bilimler-Fakultesi-2021-2022-egitim-ogretim-yilindan-itibaren-Lisans-Egitim-Ogretim-ve-Sinav-Uygulama-Esaslari-1.pdf\">Oltu Be\u015feri ve Sosyal Bilimler Fak\u00fcltesi &amp; 2021-2022 e\u011fitim-\u00f6\u011fretim y\u0131l\u0131ndan itibaren &amp; Lisans E\u011fitim-\u00d6\u011fretim ve S\u0131nav Uygulama Esaslar\u0131<\/a><\/li><li><a href=\"http:\/\/birimler.atauni.edu.tr\/oltu-beseri-ve-sosyal-bilimler-fakultesi\/wp-content\/uploads\/sites\/69\/2020\/07\/Sosyal-Hizmet-Bolumu-2021-2022-egitim-ogretim-yilimdan-itibaren-Mufredati.pdf\">Sosyal Hizmet B\u00f6l\u00fcm\u00fc 2021-2022 e\u011fitim-\u00f6\u011fretim y\u0131l\u0131 M\u00fcfredat\u0131<\/a><\/li><li><a href=\"http:\/\/birimler.atauni.edu.tr\/oltu-beseri-ve-sosyal-bilimler-fakultesi\/wp-content\/uploads\/sites\/69\/2020\/07\/Sosyal-Hizmet-Bolumu-2022-2023-egitim-ogretim-yilindan-itibaren-uygulanacak-Ders-Mufredati-Ogretim-Plani-1.pdf\">Sosyal Hizmet B\u00f6l\u00fcm\u00fc 2022-2023 e\u011fitim-\u00f6\u011fretim y\u0131l\u0131ndan itibaren uygulanacak Ders M\u00fcfredat\u0131 (\u00d6\u011fretim Plan\u0131)<\/a><\/li><li><a href=\"http:\/\/birimler.atauni.edu.tr\/oltu-beseri-ve-sosyal-bilimler-fakultesi\/wp-content\/uploads\/sites\/69\/2020\/07\/Oltu-Beseri-ve-Sosyal-Bilimler-Fakultesi-2022-20223-Lisans-Egitim-Ogretim-ve-Sinav-Uygulama-Esaslari.pdf\">Oltu Be\u015feri ve Sosyal Bilimler Fak\u00fcltesi 2022-2023 Lisans E\u011fitim-\u00d6\u011fretim ve S\u0131nav Uygulama Esaslar\u0131<\/a><\/li><li><a href=\"http:\/\/birimler.atauni.edu.tr\/oltu-beseri-ve-sosyal-bilimler-fakultesi\/wp-content\/uploads\/sites\/69\/2020\/07\/Sosyal-Hizmet-Bolumu-2023-2024-Egitim-Ogretim-yilindan-itibaren-Uygulanacak-Ders-Mufredati-Ogretim-Planlari.pdf\">Sosyal Hizmet B\u00f6l\u00fcm\u00fc 2023-2024 E\u011fitim-\u00d6\u011fretim y\u0131l\u0131ndan itibaren Uygulanacak Ders M\u00fcfredat\u0131 (\u00d6\u011fretim Planlar\u0131)<\/a><\/li><li><a href=\"http:\/\/birimler.atauni.edu.tr\/oltu-beseri-ve-sosyal-bilimler-fakultesi\/wp-content\/uploads\/sites\/69\/2020\/07\/Oltu-Beseri-ve-Sosyal-Bilimler-Fakultesi-2023-2024-Lisans-Egitim-Ogretim-ve-Sinav-Uygulama-Esaslari.pdf\">Oltu Be\u015feri ve Sosyal Bilimler Fak\u00fcltesi 2023-2024 Lisans E\u011fitim-\u00d6\u011fretim ve S\u0131nav Uygulama Esaslar\u0131<\/a><\/li><li><a href=\"http:\/\/birimler.atauni.edu.tr\/oltu-beseri-ve-sosyal-bilimler-fakultesi\/wp-content\/uploads\/sites\/69\/2025\/08\/Sosyal-Hizmet-Bolumu-2025-2026-Egitim-Ogretim-yilindan-itibaren-Uygulanacak-Ders-Mufredati-Ogretim-Planlari.pdf\">Sosyal Hizmet B\u00f6l\u00fcm\u00fc 2023-2024 E\u011fitim-\u00d6\u011fretim y\u0131l\u0131ndan itibaren Uygulanacak Ders M\u00fcfredat\u0131 (\u00d6\u011fretim Planlar\u0131)<\/a><\/li><li><a href=\"http:\/\/birimler.atauni.edu.tr\/oltu-beseri-ve-sosyal-bilimler-fakultesi\/wp-content\/uploads\/sites\/69\/2025\/10\/Uygulama-Esaslari-ve-Ogretim-Plani-Guncellemesi-Ust-Yazisi.pdf\">Uygulama Esaslar\u0131 ve \u00d6\u011fretim Plan\u0131 G\u00fcncellemesi \u00dcst Yaz\u0131s\u0131<\/a><\/li><\/ul><\/div>\n\t\t\t\t<\/div>\n\t\t\t\t\t\t\t<div class=\"elementor-toggle-item\">\n\t\t\t\t\t<div id=\"elementor-tab-title-1384\" class=\"elementor-tab-title\" data-tab=\"4\" role=\"button\" aria-controls=\"elementor-tab-content-1384\" aria-expanded=\"false\">\n\t\t\t\t\t\t\t\t\t\t\t\t<span class=\"elementor-toggle-icon elementor-toggle-icon-left\" aria-hidden=\"true\">\n\t\t\t\t\t\t\t\t\t\t\t\t\t\t\t<span class=\"elementor-toggle-icon-closed\"><i class=\"fas fa-caret-right\"><\/i><\/span>\n\t\t\t\t\t\t\t\t<span class=\"elementor-toggle-icon-opened\"><i class=\"elementor-toggle-icon-opened fas fa-caret-up\"><\/i><\/span>\n\t\t\t\t\t\t\t\t\t\t\t\t\t<\/span>\n\t\t\t\t\t\t\t\t\t\t\t\t<a class=\"elementor-toggle-title\" tabindex=\"0\">Maliye B\u00f6l\u00fcm\u00fc<\/a>\n\t\t\t\t\t<\/div>\n\n\t\t\t\t\t<div id=\"elementor-tab-content-1384\" class=\"elementor-tab-content elementor-clearfix\" data-tab=\"4\" role=\"region\" aria-labelledby=\"elementor-tab-title-1384\"><ul><li><a href=\"http:\/\/birimler.atauni.edu.tr\/oltu-beseri-ve-sosyal-bilimler-fakultesi\/wp-content\/uploads\/sites\/69\/2020\/07\/Oltu-Beseri-ve-Sosyal-Bilimler-Fakultesi-2021-2022-egitim-ogretim-yilindan-itibaren-Lisans-Egitim-Ogretim-ve-Sinav-Uygulama-Esaslari-1.pdf\">Oltu Be\u015feri ve Sosyal Bilimler Fak\u00fcltesi &amp; 2021-2022 e\u011fitim-\u00f6\u011fretim y\u0131l\u0131ndan itibaren &amp; Lisans E\u011fitim-\u00d6\u011fretim ve S\u0131nav Uygulama Esaslar\u0131<\/a><\/li><li><a href=\"http:\/\/birimler.atauni.edu.tr\/oltu-beseri-ve-sosyal-bilimler-fakultesi\/wp-content\/uploads\/sites\/69\/2020\/07\/Maliye-Bolumu-2021-2022-egitim-ogretim-yilimdan-itibaren-Mufredati.pdf\">Maliye B\u00f6l\u00fcm\u00fc 2021-2022 e\u011fitim-\u00f6\u011fretim y\u0131l\u0131 M\u00fcfredat\u0131<\/a><\/li><li><a href=\"http:\/\/birimler.atauni.edu.tr\/oltu-beseri-ve-sosyal-bilimler-fakultesi\/wp-content\/uploads\/sites\/69\/2020\/07\/Maliye-Bolumu-2022-2023-egitim-ogretim-yilindan-itibaren-uygulanacak-Ders-Mufredati-Ogretim-Plani.pdf\">Maliye B\u00f6l\u00fcm\u00fc 2022-2023 e\u011fitim-\u00f6\u011fretim y\u0131l\u0131ndan itibaren uygulanacak Ders M\u00fcfredat\u0131 (\u00d6\u011fretim Plan\u0131)<\/a><\/li><li><a href=\"http:\/\/birimler.atauni.edu.tr\/oltu-beseri-ve-sosyal-bilimler-fakultesi\/wp-content\/uploads\/sites\/69\/2020\/07\/Oltu-Beseri-ve-Sosyal-Bilimler-Fakultesi-2022-20223-Lisans-Egitim-Ogretim-ve-Sinav-Uygulama-Esaslari.pdf\">Oltu Be\u015feri ve Sosyal Bilimler Fak\u00fcltesi 2022-2023 Lisans E\u011fitim-\u00d6\u011fretim ve S\u0131nav Uygulama Esaslar\u0131<\/a><\/li><li><a href=\"http:\/\/birimler.atauni.edu.tr\/oltu-beseri-ve-sosyal-bilimler-fakultesi\/wp-content\/uploads\/sites\/69\/2020\/07\/Maliye-Bolumu-2023-2024-Egitim-Ogretim-yilindan-itibaren-Uygulanacak-Ders-Mufredati-Ogretim-Planlari.pdf\">Maliye B\u00f6l\u00fcm\u00fc 2023-2024 E\u011fitim-\u00d6\u011fretim y\u0131l\u0131ndan itibaren Uygulanacak Ders M\u00fcfredat\u0131 (\u00d6\u011fretim Planlar\u0131)<\/a><\/li><li><a href=\"http:\/\/birimler.atauni.edu.tr\/oltu-beseri-ve-sosyal-bilimler-fakultesi\/wp-content\/uploads\/sites\/69\/2020\/07\/Oltu-Beseri-ve-Sosyal-Bilimler-Fakultesi-2023-2024-Lisans-Egitim-Ogretim-ve-Sinav-Uygulama-Esaslari.pdf\">Oltu Be\u015feri ve Sosyal Bilimler Fak\u00fcltesi 2023-2024 Lisans E\u011fitim-\u00d6\u011fretim ve S\u0131nav Uygulama Esaslar\u0131<\/a><\/li><\/ul><\/div>\n\t\t\t\t<\/div>\n\t\t\t\t\t\t\t\t<\/div>\n\t\t\t\t\t\t<\/div>\n\t\t\t\t<\/div>\n\t\t\t\t\t<\/div>\n\t\t<\/div>\n\t\t\t\t\t<\/div>\n\t\t<\/section>\n\t\t\t\t<\/div>\n\t\t","protected":false},"excerpt":{"rendered":"<p>Finans ve Bankac\u0131l\u0131k B\u00f6l\u00fcm\u00fc Finans ve Bankac\u0131l\u0131k B\u00f6l\u00fcm\u00fc 2017-2018 e\u011fitim-\u00f6\u011fretim y\u0131l\u0131 Ders M\u00fcfredat\u0131 Oltu Be\u015feri ve Sosyal Bilimler Fak\u00fcltesi 2021-2022 e\u011fitim-\u00f6\u011fretim y\u0131l\u0131ndan itibaren &amp; Lisans E\u011fitim-\u00d6\u011fretim ve S\u0131nav Uygulama Esaslar\u0131 Finans ve Bankac\u0131l\u0131k B\u00f6l\u00fcm\u00fc 2021-2022 e\u011fitim-\u00f6\u011fretim y\u0131l\u0131 Ders M\u00fcfredat\u0131 Finans ve Bankac\u0131l\u0131k B\u00f6l\u00fcm\u00fc 2022-2023 e\u011fitim-\u00f6\u011fretim y\u0131l\u0131ndan itibaren uygulanacak Ders M\u00fcfredat\u0131 (\u00d6\u011fretim Plan\u0131) Oltu Be\u015feri ve [&hellip;]<\/p>\n","protected":false},"author":227,"featured_media":0,"parent":0,"menu_order":0,"comment_status":"closed","ping_status":"closed","template":"","meta":{"footnotes":""},"class_list":["post-9714","page","type-page","status-publish","hentry"],"_links":{"self":[{"href":"https:\/\/atauni.edu.tr\/oltu-beseri-ve-sosyal-bilimler-fakultesi\/wp-json\/wp\/v2\/pages\/9714","targetHints":{"allow":["GET"]}}],"collection":[{"href":"https:\/\/atauni.edu.tr\/oltu-beseri-ve-sosyal-bilimler-fakultesi\/wp-json\/wp\/v2\/pages"}],"about":[{"href":"https:\/\/atauni.edu.tr\/oltu-beseri-ve-sosyal-bilimler-fakultesi\/wp-json\/wp\/v2\/types\/page"}],"author":[{"embeddable":true,"href":"https:\/\/atauni.edu.tr\/oltu-beseri-ve-sosyal-bilimler-fakultesi\/wp-json\/wp\/v2\/users\/227"}],"replies":[{"embeddable":true,"href":"https:\/\/atauni.edu.tr\/oltu-beseri-ve-sosyal-bilimler-fakultesi\/wp-json\/wp\/v2\/comments?post=9714"}],"version-history":[{"count":265,"href":"https:\/\/atauni.edu.tr\/oltu-beseri-ve-sosyal-bilimler-fakultesi\/wp-json\/wp\/v2\/pages\/9714\/revisions"}],"predecessor-version":[{"id":16120,"href":"https:\/\/atauni.edu.tr\/oltu-beseri-ve-sosyal-bilimler-fakultesi\/wp-json\/wp\/v2\/pages\/9714\/revisions\/16120"}],"wp:attachment":[{"href":"https:\/\/atauni.edu.tr\/oltu-beseri-ve-sosyal-bilimler-fakultesi\/wp-json\/wp\/v2\/media?parent=9714"}],"curies":[{"name":"wp","href":"https:\/\/api.w.org\/{rel}","templated":true}]}}