{"id":9864,"date":"2022-03-18T11:43:10","date_gmt":"2022-03-18T08:43:10","guid":{"rendered":"https:\/\/birimler.atauni.edu.tr\/oltu-beseri-ve-sosyal-bilimler-fakultesi\/?page_id=9864"},"modified":"2022-03-18T19:36:54","modified_gmt":"2022-03-18T16:36:54","slug":"bolum-baskan-yardimcisi","status":"publish","type":"page","link":"https:\/\/atauni.edu.tr\/oltu-beseri-ve-sosyal-bilimler-fakultesi\/bolum-baskan-yardimcisi\/","title":{"rendered":"B\u00f6l\u00fcm Ba\u015fkan Yard\u0131mc\u0131s\u0131"},"content":{"rendered":"\t\t<div data-elementor-type=\"wp-page\" data-elementor-id=\"9864\" class=\"elementor elementor-9864\" data-elementor-post-type=\"page\">\n\t\t\t\t\t\t<section class=\"elementor-section elementor-top-section elementor-element elementor-element-c18cfe4 elementor-section-boxed elementor-section-height-default elementor-section-height-default\" data-id=\"c18cfe4\" data-element_type=\"section\">\n\t\t\t\t\t\t<div class=\"elementor-container elementor-column-gap-default\">\n\t\t\t\t\t<div class=\"elementor-column elementor-col-100 elementor-top-column elementor-element elementor-element-1873b1d\" data-id=\"1873b1d\" data-element_type=\"column\" data-settings=\"{&quot;background_background&quot;:&quot;gradient&quot;}\">\n\t\t\t<div class=\"elementor-widget-wrap elementor-element-populated\">\n\t\t\t\t\t\t<div class=\"elementor-element elementor-element-852fe87 elementor-widget-divider--view-line elementor-widget elementor-widget-divider\" data-id=\"852fe87\" data-element_type=\"widget\" data-widget_type=\"divider.default\">\n\t\t\t\t<div class=\"elementor-widget-container\">\n\t\t\t\t\t\t\t<div class=\"elementor-divider\">\n\t\t\t<span class=\"elementor-divider-separator\">\n\t\t\t\t\t\t<\/span>\n\t\t<\/div>\n\t\t\t\t\t\t<\/div>\n\t\t\t\t<\/div>\n\t\t\t\t\t<\/div>\n\t\t<\/div>\n\t\t\t\t\t<\/div>\n\t\t<\/section>\n\t\t\t\t<section class=\"elementor-section elementor-top-section elementor-element elementor-element-bd62e8c elementor-section-boxed elementor-section-height-default elementor-section-height-default\" data-id=\"bd62e8c\" data-element_type=\"section\">\n\t\t\t\t\t\t<div class=\"elementor-container elementor-column-gap-default\">\n\t\t\t\t\t<div class=\"elementor-column elementor-col-100 elementor-top-column elementor-element elementor-element-1531476\" data-id=\"1531476\" data-element_type=\"column\">\n\t\t\t<div class=\"elementor-widget-wrap elementor-element-populated\">\n\t\t\t\t\t\t<div class=\"elementor-element elementor-element-8b5ff68 elementor-widget elementor-widget-text-editor\" data-id=\"8b5ff68\" data-element_type=\"widget\" data-widget_type=\"text-editor.default\">\n\t\t\t\t<div class=\"elementor-widget-container\">\n\t\t\t\t\t\t\t\t\t<p><b>G\u00f6rev Ad\u0131 (Unvan\u0131):<\/b>\u00a0B\u00f6l\u00fcm Ba\u015fkan Yard\u0131mc\u0131s\u0131<\/p><p><b>Ba\u011fl\u0131 Oldu\u011fu Unvan:<\/b>\u00a0B\u00f6l\u00fcm Ba\u015fkan\u0131<\/p><p><b>Nitelikleri:<\/b><\/p><ul><li>B\u00f6l\u00fcm\u00fcn e\u011fitim-\u00f6\u011fretim faaliyetlerini d\u00fczenlenmesinde B\u00f6l\u00fcm Ba\u015fkan\u0131na yard\u0131mc\u0131 olur.\u00a0<\/li><\/ul><p><b>G\u00f6rev ve Sorumluluklar\u0131:<\/b><\/p><ul><li>B\u00f6l\u00fcm\u00fcn e\u011fitim-\u00f6\u011fretim ve ara\u015ft\u0131rmalar\u0131n\u0131, programlarla ilgili her t\u00fcrl\u00fc faaliyetin d\u00fczenli ve verimli olarak y\u00fcr\u00fct\u00fclmesini sa\u011flamak.\u00a0<\/li><li>2547 Say\u0131l\u0131 Y\u00fcksek\u00f6\u011fretim Kanunu ve 2914 Say\u0131l\u0131 Y\u00fcksek\u00f6\u011fretim Personel Kanunu ile ilgili akademik te\u015fkilat y\u00f6netmeliklerinde belirtilen g\u00f6revleri yapmak.\u00a0<\/li><li>Kaynaklar\u0131n etkili, verimli ve ekonomik \u015fekilde kullan\u0131lmas\u0131n\u0131 sa\u011flamak.\u00a0<\/li><li>B\u00f6l\u00fcm\u00fcn ihtiya\u00e7lar\u0131n\u0131 B\u00f6l\u00fcm Ba\u015fkan\u0131na rapor etmek.\u00a0<\/li><li>B\u00f6l\u00fcmle ilgili geli\u015fmelerin izlenmesi ve e\u011fitim-\u00f6\u011fretimle ilgili sorunlar\u0131 gidermek \u00fczere B\u00f6l\u00fcm Kurulu toplant\u0131lar\u0131na kat\u0131lmak.\u00a0<\/li><li>B\u00f6l\u00fcm elemanlar\u0131n\u0131n ilgili konularda bilgilendirmek, e\u011fitim-\u00f6\u011fretim ve ara\u015ft\u0131rma ile ilgili faaliyetlerin d\u00fczenli bir \u015fekilde y\u00fcr\u00fct\u00fclmesi ve de\u011ferlendirilmesi i\u00e7in uygun zamanlarda B\u00f6l\u00fcm Akademik Kurulu toplant\u0131lar\u0131na kat\u0131lmak.\u00a0<\/li><li>\u00d6\u011frencilerle bilgilendirme ve sorunlar\u0131n\u0131n \u00e7\u00f6z\u00fcm\u00fcne y\u00f6nelik toplant\u0131lara kat\u0131lmak.\u00a0<\/li><li>Dekanl\u0131k Makam\u0131 ile kendi B\u00f6l\u00fcm\u00fc aras\u0131ndaki her t\u00fcrl\u00fc yaz\u0131\u015fman\u0131n sa\u011fl\u0131kl\u0131 bir \u015fekilde yap\u0131lmas\u0131n\u0131 sa\u011flamak.\u00a0<\/li><li>B\u00f6l\u00fcm\u00fcn ders da\u011f\u0131l\u0131m\u0131n \u00f6\u011fretim elemanlar\u0131 aras\u0131nda dengeli ve makul bir \u015fekilde yap\u0131lmas\u0131n\u0131 sa\u011flamak.\u00a0<\/li><li>B\u00f6l\u00fcmde g\u00f6revli \u00f6\u011fretim elemanlar\u0131n\u0131n g\u00f6revlerini yapmalar\u0131n\u0131 izler ve denetlemek.\u00a0<\/li><li>B\u00f6l\u00fcm \u00f6\u011frencilerinin e\u011fitim-\u00f6\u011fretime y\u00f6nelik sorunlar\u0131yla yak\u0131ndan ilgilenmek.\u00a0<\/li><li>B\u00f6l\u00fcmdeki dersliklerin, \u00e7al\u0131\u015fma odalar\u0131n\u0131n, l\u00e2boratuarlar\u0131n ve ders ara\u00e7-gere\u00e7lerinin verimli, etkili, d\u00fczenli ve temiz olarak kullan\u0131lmas\u0131n\u0131 sa\u011flamak.\u00a0<\/li><li>B\u00f6l\u00fcm\u00fcndeki \u00f6\u011frenci-\u00f6\u011fretim eleman\u0131 ili\u015fkilerinin, e\u011fitim-\u00f6\u011fretimin ama\u00e7lar\u0131 do\u011frultusunda, d\u00fczenli ve sa\u011fl\u0131kl\u0131 bir \u015fekilde y\u00fcr\u00fct\u00fclmesini sa\u011flamak.\u00a0<\/li><li>E\u011fitim-\u00f6\u011fretimin ve bilimsel ara\u015ft\u0131rmalar\u0131n verimli ve etkili bir \u015fekilde ger\u00e7ekle\u015fmesi amac\u0131na y\u00f6nelik olarak B\u00f6l\u00fcmdeki \u00f6\u011fretim elemanlar\u0131 aras\u0131nda uygun bir ileti\u015fim ortam\u0131n\u0131n olu\u015fmas\u0131n\u0131 sa\u011flamak.\u00a0<\/li><li>Ders program\u0131 ve ders g\u00f6revlendirmelerinin adil, objektif ve \u00f6\u011fretim elemanlar\u0131n\u0131n\u00a0<\/li><li>Bilim alanlar\u0131na uygun olarak yap\u0131lmas\u0131n\u0131 sa\u011flamak.\u00a0<\/li><li>S\u0131nav programlar\u0131n\u0131n haz\u0131rlanmas\u0131n\u0131, s\u0131navlar\u0131n d\u00fczenli ve zaman\u0131nda yap\u0131lmas\u0131n\u0131 sa\u011flamak.\u00a0<\/li><li>B\u00f6l\u00fcm\u00fcn bilimsel ara\u015ft\u0131rma ve yay\u0131n g\u00fcc\u00fcn\u00fc art\u0131c\u0131 \u00f6nlemler almak, \u00f6\u011fretim elemanlar\u0131n\u0131n ulusal ve uluslararas\u0131 faaliyetlere kat\u0131lmalar\u0131na yard\u0131mc\u0131 olmak.\u00a0<\/li><li>\u00a0<\/li><\/ul><p><b>Yetkileri:<\/b><\/p><ul><li>2547 Say\u0131l\u0131 Y\u00fcksek\u00f6\u011fretim Kanunu ve 2914 Say\u0131l\u0131 Y\u00fcksek\u00f6\u011fretim Personel Kanunu ile ilgili akademik te\u015fkilat y\u00f6netmeliklerinde belirtilen g\u00f6revleri yapmak.<\/li><\/ul>\t\t\t\t\t\t\t\t<\/div>\n\t\t\t\t<\/div>\n\t\t\t\t\t<\/div>\n\t\t<\/div>\n\t\t\t\t\t<\/div>\n\t\t<\/section>\n\t\t\t\t<\/div>\n\t\t","protected":false},"excerpt":{"rendered":"<p>G\u00f6rev Ad\u0131 (Unvan\u0131):\u00a0B\u00f6l\u00fcm Ba\u015fkan Yard\u0131mc\u0131s\u0131 Ba\u011fl\u0131 Oldu\u011fu Unvan:\u00a0B\u00f6l\u00fcm Ba\u015fkan\u0131 Nitelikleri: B\u00f6l\u00fcm\u00fcn e\u011fitim-\u00f6\u011fretim faaliyetlerini d\u00fczenlenmesinde B\u00f6l\u00fcm Ba\u015fkan\u0131na yard\u0131mc\u0131 olur.\u00a0 G\u00f6rev ve Sorumluluklar\u0131: B\u00f6l\u00fcm\u00fcn e\u011fitim-\u00f6\u011fretim ve ara\u015ft\u0131rmalar\u0131n\u0131, programlarla ilgili her t\u00fcrl\u00fc faaliyetin d\u00fczenli ve verimli olarak y\u00fcr\u00fct\u00fclmesini sa\u011flamak.\u00a0 2547 Say\u0131l\u0131 Y\u00fcksek\u00f6\u011fretim Kanunu ve 2914 Say\u0131l\u0131 Y\u00fcksek\u00f6\u011fretim Personel Kanunu ile ilgili akademik te\u015fkilat y\u00f6netmeliklerinde belirtilen g\u00f6revleri yapmak.\u00a0 Kaynaklar\u0131n [&hellip;]<\/p>\n","protected":false},"author":227,"featured_media":0,"parent":0,"menu_order":0,"comment_status":"closed","ping_status":"closed","template":"","meta":{"footnotes":""},"class_list":["post-9864","page","type-page","status-publish","hentry"],"_links":{"self":[{"href":"https:\/\/atauni.edu.tr\/oltu-beseri-ve-sosyal-bilimler-fakultesi\/wp-json\/wp\/v2\/pages\/9864","targetHints":{"allow":["GET"]}}],"collection":[{"href":"https:\/\/atauni.edu.tr\/oltu-beseri-ve-sosyal-bilimler-fakultesi\/wp-json\/wp\/v2\/pages"}],"about":[{"href":"https:\/\/atauni.edu.tr\/oltu-beseri-ve-sosyal-bilimler-fakultesi\/wp-json\/wp\/v2\/types\/page"}],"author":[{"embeddable":true,"href":"https:\/\/atauni.edu.tr\/oltu-beseri-ve-sosyal-bilimler-fakultesi\/wp-json\/wp\/v2\/users\/227"}],"replies":[{"embeddable":true,"href":"https:\/\/atauni.edu.tr\/oltu-beseri-ve-sosyal-bilimler-fakultesi\/wp-json\/wp\/v2\/comments?post=9864"}],"version-history":[{"count":7,"href":"https:\/\/atauni.edu.tr\/oltu-beseri-ve-sosyal-bilimler-fakultesi\/wp-json\/wp\/v2\/pages\/9864\/revisions"}],"predecessor-version":[{"id":10067,"href":"https:\/\/atauni.edu.tr\/oltu-beseri-ve-sosyal-bilimler-fakultesi\/wp-json\/wp\/v2\/pages\/9864\/revisions\/10067"}],"wp:attachment":[{"href":"https:\/\/atauni.edu.tr\/oltu-beseri-ve-sosyal-bilimler-fakultesi\/wp-json\/wp\/v2\/media?parent=9864"}],"curies":[{"name":"wp","href":"https:\/\/api.w.org\/{rel}","templated":true}]}}