{"id":9871,"date":"2022-03-18T11:43:10","date_gmt":"2022-03-18T08:43:10","guid":{"rendered":"https:\/\/birimler.atauni.edu.tr\/oltu-beseri-ve-sosyal-bilimler-fakultesi\/?page_id=9871"},"modified":"2022-03-18T20:20:23","modified_gmt":"2022-03-18T17:20:23","slug":"bilgisayar-isletmeni","status":"publish","type":"page","link":"https:\/\/atauni.edu.tr\/oltu-beseri-ve-sosyal-bilimler-fakultesi\/bilgisayar-isletmeni\/","title":{"rendered":"Bilgisayar \u0130\u015fletmeni"},"content":{"rendered":"\t\t<div data-elementor-type=\"wp-page\" data-elementor-id=\"9871\" class=\"elementor elementor-9871\" data-elementor-post-type=\"page\">\n\t\t\t\t\t\t<section class=\"elementor-section elementor-top-section elementor-element elementor-element-103165e elementor-section-boxed elementor-section-height-default elementor-section-height-default\" data-id=\"103165e\" data-element_type=\"section\">\n\t\t\t\t\t\t<div class=\"elementor-container elementor-column-gap-default\">\n\t\t\t\t\t<div class=\"elementor-column elementor-col-100 elementor-top-column elementor-element elementor-element-5f59556\" data-id=\"5f59556\" data-element_type=\"column\" data-settings=\"{&quot;background_background&quot;:&quot;gradient&quot;}\">\n\t\t\t<div class=\"elementor-widget-wrap elementor-element-populated\">\n\t\t\t\t\t\t<div class=\"elementor-element elementor-element-c5a5028 elementor-widget-divider--view-line elementor-widget elementor-widget-divider\" data-id=\"c5a5028\" data-element_type=\"widget\" data-widget_type=\"divider.default\">\n\t\t\t\t<div class=\"elementor-widget-container\">\n\t\t\t\t\t\t\t<div class=\"elementor-divider\">\n\t\t\t<span class=\"elementor-divider-separator\">\n\t\t\t\t\t\t<\/span>\n\t\t<\/div>\n\t\t\t\t\t\t<\/div>\n\t\t\t\t<\/div>\n\t\t\t\t\t<\/div>\n\t\t<\/div>\n\t\t\t\t\t<\/div>\n\t\t<\/section>\n\t\t\t\t<section class=\"elementor-section elementor-top-section elementor-element elementor-element-300854f elementor-section-boxed elementor-section-height-default elementor-section-height-default\" data-id=\"300854f\" data-element_type=\"section\">\n\t\t\t\t\t\t<div class=\"elementor-container elementor-column-gap-default\">\n\t\t\t\t\t<div class=\"elementor-column elementor-col-100 elementor-top-column elementor-element elementor-element-e837110\" data-id=\"e837110\" data-element_type=\"column\">\n\t\t\t<div class=\"elementor-widget-wrap elementor-element-populated\">\n\t\t\t\t\t\t<div class=\"elementor-element elementor-element-ea4e99c elementor-widget elementor-widget-text-editor\" data-id=\"ea4e99c\" data-element_type=\"widget\" data-widget_type=\"text-editor.default\">\n\t\t\t\t<div class=\"elementor-widget-container\">\n\t\t\t\t\t\t\t\t\t<p><b>ORGAN\u0130ZASYONDAK\u0130 YER\u0130<\/b>: Birim Amirlerine ba\u011fl\u0131 g\u00f6rev yapar.<\/p><p><b>G\u00d6REV, YETK\u0130 VE SORUMLULUKLARI:<\/b><\/p><ul><li><span lang=\"EN-AU\">Gerekli sistem yard\u0131m\u0131yla bilgisayar\u0131 \u00e7al\u0131\u015ft\u0131rmak.<\/span><\/li><li><span lang=\"EN-AU\">Girdi ve \u00e7\u0131kt\u0131lar\u0131 sistem gereklerine uygun olarak yapmak.<\/span><\/li><li><span lang=\"EN-AU\">Sistem ar\u0131zalar\u0131n\u0131 tan\u0131mlamak, girdi ve \u00e7\u0131kt\u0131lar\u0131n b\u00fct\u00fcnl\u00fc\u011f\u00fcn\u00fc ve do\u011frulu\u011funu koruyacak bi\u00e7imde d\u00fczeltici i\u015flem yapmak.<\/span><\/li><li><span lang=\"EN-AU\">Bilgisayarda yap\u0131lan i\u015fleri belirtilen zamanlamaya g\u00f6re yapmak, sistem yaz\u0131l\u0131m\u0131 yapmak ve belirli zamanda yap\u0131lmas\u0131 gereken i\u015fleri yo\u011funlu\u011funa g\u00f6re bilgisayar ortam\u0131nda optimumda tutmak.<\/span><\/li><li><span lang=\"EN-AU\">Sistem yaz\u0131l\u0131m\u0131 ve uygulama programlar\u0131ndan gelen konsol mesajlar\u0131n\u0131 anlayarak gereken i\u015flemleri yapmak.<\/span><\/li><li><span lang=\"EN-AU\">Amirlerince verilecek benzer g\u00f6revleri yapmak.<\/span><\/li><li><span lang=\"EN-AU\">G\u00f6revlerinden dolay\u0131 Amirlerine kar\u015f\u0131 sorumludur.<\/span><\/li><\/ul><p><b>G\u00d6REV\u0130N GEREKT\u0130RD\u0130\u011e\u0130 N\u0130TEL\u0130KLER:<\/b><\/p><ul><li><span lang=\"EN-AU\">657 say\u0131l\u0131 DMK\u2019ya gore Bilgisayar i\u015fletmeni\u00a0 stat\u00fcs\u00fcnde olmak<\/span><\/li><\/ul>\t\t\t\t\t\t\t\t<\/div>\n\t\t\t\t<\/div>\n\t\t\t\t\t<\/div>\n\t\t<\/div>\n\t\t\t\t\t<\/div>\n\t\t<\/section>\n\t\t\t\t<\/div>\n\t\t","protected":false},"excerpt":{"rendered":"<p>ORGAN\u0130ZASYONDAK\u0130 YER\u0130: Birim Amirlerine ba\u011fl\u0131 g\u00f6rev yapar. G\u00d6REV, YETK\u0130 VE SORUMLULUKLARI: Gerekli sistem yard\u0131m\u0131yla bilgisayar\u0131 \u00e7al\u0131\u015ft\u0131rmak. Girdi ve \u00e7\u0131kt\u0131lar\u0131 sistem gereklerine uygun olarak yapmak. Sistem ar\u0131zalar\u0131n\u0131 tan\u0131mlamak, girdi ve \u00e7\u0131kt\u0131lar\u0131n b\u00fct\u00fcnl\u00fc\u011f\u00fcn\u00fc ve do\u011frulu\u011funu koruyacak bi\u00e7imde d\u00fczeltici i\u015flem yapmak. Bilgisayarda yap\u0131lan i\u015fleri belirtilen zamanlamaya g\u00f6re yapmak, sistem yaz\u0131l\u0131m\u0131 yapmak ve belirli zamanda yap\u0131lmas\u0131 gereken i\u015fleri yo\u011funlu\u011funa [&hellip;]<\/p>\n","protected":false},"author":227,"featured_media":0,"parent":0,"menu_order":0,"comment_status":"closed","ping_status":"closed","template":"","meta":{"footnotes":""},"class_list":["post-9871","page","type-page","status-publish","hentry"],"_links":{"self":[{"href":"https:\/\/atauni.edu.tr\/oltu-beseri-ve-sosyal-bilimler-fakultesi\/wp-json\/wp\/v2\/pages\/9871","targetHints":{"allow":["GET"]}}],"collection":[{"href":"https:\/\/atauni.edu.tr\/oltu-beseri-ve-sosyal-bilimler-fakultesi\/wp-json\/wp\/v2\/pages"}],"about":[{"href":"https:\/\/atauni.edu.tr\/oltu-beseri-ve-sosyal-bilimler-fakultesi\/wp-json\/wp\/v2\/types\/page"}],"author":[{"embeddable":true,"href":"https:\/\/atauni.edu.tr\/oltu-beseri-ve-sosyal-bilimler-fakultesi\/wp-json\/wp\/v2\/users\/227"}],"replies":[{"embeddable":true,"href":"https:\/\/atauni.edu.tr\/oltu-beseri-ve-sosyal-bilimler-fakultesi\/wp-json\/wp\/v2\/comments?post=9871"}],"version-history":[{"count":4,"href":"https:\/\/atauni.edu.tr\/oltu-beseri-ve-sosyal-bilimler-fakultesi\/wp-json\/wp\/v2\/pages\/9871\/revisions"}],"predecessor-version":[{"id":10124,"href":"https:\/\/atauni.edu.tr\/oltu-beseri-ve-sosyal-bilimler-fakultesi\/wp-json\/wp\/v2\/pages\/9871\/revisions\/10124"}],"wp:attachment":[{"href":"https:\/\/atauni.edu.tr\/oltu-beseri-ve-sosyal-bilimler-fakultesi\/wp-json\/wp\/v2\/media?parent=9871"}],"curies":[{"name":"wp","href":"https:\/\/api.w.org\/{rel}","templated":true}]}}