{"id":9885,"date":"2022-03-18T11:43:11","date_gmt":"2022-03-18T08:43:11","guid":{"rendered":"https:\/\/birimler.atauni.edu.tr\/oltu-beseri-ve-sosyal-bilimler-fakultesi\/?page_id=9885"},"modified":"2022-03-18T20:13:10","modified_gmt":"2022-03-18T17:13:10","slug":"tasinir-kontrol-yetkilisi","status":"publish","type":"page","link":"https:\/\/atauni.edu.tr\/oltu-beseri-ve-sosyal-bilimler-fakultesi\/tasinir-kontrol-yetkilisi\/","title":{"rendered":"Ta\u015f\u0131n\u0131r Kontrol Yetkilisi"},"content":{"rendered":"\t\t<div data-elementor-type=\"wp-page\" data-elementor-id=\"9885\" class=\"elementor elementor-9885\" data-elementor-post-type=\"page\">\n\t\t\t\t\t\t<section class=\"elementor-section elementor-top-section elementor-element elementor-element-4e57dd4 elementor-section-boxed elementor-section-height-default elementor-section-height-default\" data-id=\"4e57dd4\" data-element_type=\"section\">\n\t\t\t\t\t\t<div class=\"elementor-container elementor-column-gap-default\">\n\t\t\t\t\t<div class=\"elementor-column elementor-col-100 elementor-top-column elementor-element elementor-element-06cc793\" data-id=\"06cc793\" data-element_type=\"column\" data-settings=\"{&quot;background_background&quot;:&quot;gradient&quot;}\">\n\t\t\t<div class=\"elementor-widget-wrap elementor-element-populated\">\n\t\t\t\t\t\t<div class=\"elementor-element elementor-element-ebde998 elementor-widget-divider--view-line elementor-widget elementor-widget-divider\" data-id=\"ebde998\" data-element_type=\"widget\" data-widget_type=\"divider.default\">\n\t\t\t\t<div class=\"elementor-widget-container\">\n\t\t\t\t\t\t\t<div class=\"elementor-divider\">\n\t\t\t<span class=\"elementor-divider-separator\">\n\t\t\t\t\t\t<\/span>\n\t\t<\/div>\n\t\t\t\t\t\t<\/div>\n\t\t\t\t<\/div>\n\t\t\t\t\t<\/div>\n\t\t<\/div>\n\t\t\t\t\t<\/div>\n\t\t<\/section>\n\t\t\t\t<section class=\"elementor-section elementor-top-section elementor-element elementor-element-fdbbbf6 elementor-section-boxed elementor-section-height-default elementor-section-height-default\" data-id=\"fdbbbf6\" data-element_type=\"section\">\n\t\t\t\t\t\t<div class=\"elementor-container elementor-column-gap-default\">\n\t\t\t\t\t<div class=\"elementor-column elementor-col-100 elementor-top-column elementor-element elementor-element-87232ef\" data-id=\"87232ef\" data-element_type=\"column\">\n\t\t\t<div class=\"elementor-widget-wrap elementor-element-populated\">\n\t\t\t\t\t\t<div class=\"elementor-element elementor-element-3f84bc5 elementor-widget elementor-widget-text-editor\" data-id=\"3f84bc5\" data-element_type=\"widget\" data-widget_type=\"text-editor.default\">\n\t\t\t\t<div class=\"elementor-widget-container\">\n\t\t\t\t\t\t\t\t\t<p><b>ORGAN\u0130ZASYONDAK\u0130 YER\u0130:\u00a0<\/b>Harcama Birimlerinde g\u00f6rev yapar<b><\/b><\/p><p><b>G\u00d6REV, YETK\u0130 VE SORUMLULUKLARI:<\/b><\/p><ul><li>Ta\u015f\u0131n\u0131r kay\u0131t yetkilisinin yapm\u0131\u015f oldu\u011fu kay\u0131t ve i\u015flemler ile d\u00fczenledi\u011fi belge ve cetvellerin mevzuata ve mali tablolara uygunlu\u011funu kontrol eder.<\/li><\/ul><ul><li>Harcama Birimi Ta\u015f\u0131n\u0131r Mal Y\u00f6netim Hesab\u0131 Cetvelini imzalayarak harcama yetkilisine sunar.<\/li><\/ul><ul><li>Ta\u015f\u0131n\u0131r kontrol yetkilileri, d\u00fczenledikleri ve imzalad\u0131klar\u0131 belge ve cetvellerin do\u011frulu\u011fundan harcama yetkilisine kar\u015f\u0131 sorumludur.<\/li><\/ul><ul><li>Verilecek benzeri g\u00f6revleri yapmak,<\/li><\/ul><p><b>G\u00d6REV\u0130N GEREKT\u0130RD\u0130\u011e\u0130 N\u0130TEL\u0130KLER :<\/b><\/p><ul><li>657 Say\u0131l\u0131 Devlet Memurlar\u0131 Kanununa tabi \u00e7al\u0131\u015f\u0131yor olmak,<\/li><\/ul>\t\t\t\t\t\t\t\t<\/div>\n\t\t\t\t<\/div>\n\t\t\t\t\t<\/div>\n\t\t<\/div>\n\t\t\t\t\t<\/div>\n\t\t<\/section>\n\t\t\t\t<\/div>\n\t\t","protected":false},"excerpt":{"rendered":"<p>ORGAN\u0130ZASYONDAK\u0130 YER\u0130:\u00a0Harcama Birimlerinde g\u00f6rev yapar G\u00d6REV, YETK\u0130 VE SORUMLULUKLARI: Ta\u015f\u0131n\u0131r kay\u0131t yetkilisinin yapm\u0131\u015f oldu\u011fu kay\u0131t ve i\u015flemler ile d\u00fczenledi\u011fi belge ve cetvellerin mevzuata ve mali tablolara uygunlu\u011funu kontrol eder. Harcama Birimi Ta\u015f\u0131n\u0131r Mal Y\u00f6netim Hesab\u0131 Cetvelini imzalayarak harcama yetkilisine sunar. Ta\u015f\u0131n\u0131r kontrol yetkilileri, d\u00fczenledikleri ve imzalad\u0131klar\u0131 belge ve cetvellerin do\u011frulu\u011fundan harcama yetkilisine kar\u015f\u0131 sorumludur. Verilecek [&hellip;]<\/p>\n","protected":false},"author":227,"featured_media":0,"parent":0,"menu_order":0,"comment_status":"closed","ping_status":"closed","template":"","meta":{"footnotes":""},"class_list":["post-9885","page","type-page","status-publish","hentry"],"_links":{"self":[{"href":"https:\/\/atauni.edu.tr\/oltu-beseri-ve-sosyal-bilimler-fakultesi\/wp-json\/wp\/v2\/pages\/9885","targetHints":{"allow":["GET"]}}],"collection":[{"href":"https:\/\/atauni.edu.tr\/oltu-beseri-ve-sosyal-bilimler-fakultesi\/wp-json\/wp\/v2\/pages"}],"about":[{"href":"https:\/\/atauni.edu.tr\/oltu-beseri-ve-sosyal-bilimler-fakultesi\/wp-json\/wp\/v2\/types\/page"}],"author":[{"embeddable":true,"href":"https:\/\/atauni.edu.tr\/oltu-beseri-ve-sosyal-bilimler-fakultesi\/wp-json\/wp\/v2\/users\/227"}],"replies":[{"embeddable":true,"href":"https:\/\/atauni.edu.tr\/oltu-beseri-ve-sosyal-bilimler-fakultesi\/wp-json\/wp\/v2\/comments?post=9885"}],"version-history":[{"count":4,"href":"https:\/\/atauni.edu.tr\/oltu-beseri-ve-sosyal-bilimler-fakultesi\/wp-json\/wp\/v2\/pages\/9885\/revisions"}],"predecessor-version":[{"id":10112,"href":"https:\/\/atauni.edu.tr\/oltu-beseri-ve-sosyal-bilimler-fakultesi\/wp-json\/wp\/v2\/pages\/9885\/revisions\/10112"}],"wp:attachment":[{"href":"https:\/\/atauni.edu.tr\/oltu-beseri-ve-sosyal-bilimler-fakultesi\/wp-json\/wp\/v2\/media?parent=9885"}],"curies":[{"name":"wp","href":"https:\/\/api.w.org\/{rel}","templated":true}]}}