{"id":9887,"date":"2022-03-18T11:43:11","date_gmt":"2022-03-18T08:43:11","guid":{"rendered":"https:\/\/birimler.atauni.edu.tr\/oltu-beseri-ve-sosyal-bilimler-fakultesi\/?page_id=9887"},"modified":"2022-11-17T09:31:58","modified_gmt":"2022-11-17T06:31:58","slug":"guvenlik-gorevlisi","status":"publish","type":"page","link":"https:\/\/atauni.edu.tr\/oltu-beseri-ve-sosyal-bilimler-fakultesi\/guvenlik-gorevlisi\/","title":{"rendered":"G\u00fcvenlik G\u00f6revlisi"},"content":{"rendered":"\t\t<div data-elementor-type=\"wp-page\" data-elementor-id=\"9887\" class=\"elementor elementor-9887\" data-elementor-post-type=\"page\">\n\t\t\t\t\t\t<section class=\"elementor-section elementor-top-section elementor-element elementor-element-2708bb8 elementor-section-boxed elementor-section-height-default elementor-section-height-default\" data-id=\"2708bb8\" data-element_type=\"section\">\n\t\t\t\t\t\t<div class=\"elementor-container elementor-column-gap-default\">\n\t\t\t\t\t<div class=\"elementor-column elementor-col-100 elementor-top-column elementor-element elementor-element-fcb9c24\" data-id=\"fcb9c24\" data-element_type=\"column\">\n\t\t\t<div class=\"elementor-widget-wrap elementor-element-populated\">\n\t\t\t\t\t\t<div class=\"elementor-element elementor-element-e80a36b elementor-widget elementor-widget-text-editor\" data-id=\"e80a36b\" data-element_type=\"widget\" data-widget_type=\"text-editor.default\">\n\t\t\t\t<div class=\"elementor-widget-container\">\n\t\t\t\t\t\t\t\t\t<p><strong>G\u00d6REV\/\u0130\u015e YETK\u0130 VE SORUMLULUKLAR<\/strong><\/p><ul><li>\u00a0\u00d6zel g\u00fcvenlik mevzuat\u0131 \u00e7er\u00e7evesinde can, mal g\u00fcvenli\u011fi ve huzuru sa\u011flamak.<\/li><li>G\u00f6revlendirildi\u011fi alan\u0131 kontrol etmek ve g\u00fcvenli\u011fini sa\u011flamak.<\/li><li>G\u00f6revi ile ilgili yasa ve y\u00f6netmelikleri takip etmek.<\/li><li>\u0130\u015f organizasyonu yapmak (Vardiyay\u0131 teslim almak, giri\u015f \u00e7\u0131k\u0131\u015flar\u0131 kayda ba\u011fl\u0131 olan yerleri kay\u0131t alt\u0131na almak, giri\u015f-\u00e7\u0131k\u0131\u015f yapan ara\u00e7lar\u0131n kayd\u0131n\u0131 tutmak, \u00f6n dan\u0131\u015fma hizmetlerini yapmak gibi\u2026)<\/li><li>G\u00f6rev alan\u0131 i\u00e7inde ve yak\u0131n \u00e7evresinde g\u00f6zetim yapmak (Yak\u0131n \u00e7evreyi g\u00f6zetim alt\u0131nda tutmak, sabit nokta n\u00f6betinde g\u00f6zlem yapmak, kamera g\u00f6r\u00fcnt\u00fclerini izlemek, refakat hizmetlerini sa\u011flamak gibi\u2026)<\/li><li>G\u00f6rev alan\u0131 i\u00e7inde denetim yapmak (malzeme ve demirba\u015flar\u0131n korunmas\u0131n\u0131 sa\u011flamak, g\u00f6rev yerinde g\u00fcvenlik kurallar\u0131na uyulmas\u0131n\u0131 sa\u011flamak, ara\u00e7lar\u0131n park d\u00fczenine uymalar\u0131n\u0131 sa\u011flamak, tan\u0131mlanm\u0131\u015f alanlar\u0131n farkl\u0131 ama\u00e7larla kullan\u0131lmas\u0131n\u0131 engellemek gibi\u2026)<\/li><li>Denetim ve kontrollere ili\u015fkin t\u00fcm raporlar\u0131 ilgili birim amirlerine vermek.\u00a0<\/li><li>Acil\/beklenmedik olaylara m\u00fcdahale etmek (Acil\/beklenmedik olaylarda insanlar\u0131n tahliyesine yard\u0131mc\u0131 olmak, acil\/beklenmedik olaylar\u0131 ilgili yerlere bildirmek, yang\u0131na ilk m\u00fcdahaleyi yapmak, g\u00f6rev alan\u0131nda i\u015flenmi\u015f ve i\u015flenmekte olan su\u00e7lar\u0131 kolluk kuvvetlerine bildirmek, su\u00e7 mahallinin korunmas\u0131n\u0131 sa\u011flamak, su\u00e7 delillerini muhafaza etmek, olay tutana\u011f\u0131 tutmak, san\u0131\u011f\u0131 kolluk kuvvetlerine teslim etmek, tan\u0131kl\u0131k yapmak, e\u015fgal tan\u0131mlamak, sivil savunma te\u015fkilat\u0131na yard\u0131mc\u0131 olmak gibi\u2026)<\/li><li>Mesleki geli\u015fime ili\u015fkin faaliyetleri y\u00fcr\u00fctmek (Meslekle ilgili toplant\u0131, seminer vb. faaliyetlere kat\u0131lmak, meslekle ilgili yay\u0131nlar\u0131, teknolojik geli\u015fmeleri izlemek, meslekle ilgili hizmet i\u00e7i e\u011fitim, i\u015fba\u015f\u0131 e\u011fitim vb. faaliyetlere kat\u0131lmak gibi\u2026)<\/li><li>Ziyaret\u00e7ilerin kay\u0131tlar\u0131n\u0131 tutmak ve onlar\u0131 istedikleri birimlere y\u00f6nlendirmek.<\/li><li>\u00d6\u011frenciler, \u00e7al\u0131\u015fanlar, ziyaret\u00e7iler ve m\u00fcstecir \u00e7al\u0131\u015fanlar\u0131 taraf\u0131ndan mevcut demirba\u015flara, ara\u00e7 gere\u00e7lere, binalara, tesislere vb. di\u011fer t\u00fcm alanlara zarar verilmesini, huzur, disiplin ve asayi\u015fin bozulmas\u0131n\u0131 engellemek, aksine hareket edenleri tespit etmek ve uyarmak, bu gibi konularda idareye bilgi vermek.<\/li><li>Personelin ve di\u011fer kimselerin idarenin izni olmadan ilan panosu haricinde kap\u0131 ve duvarlara foto\u011fraf, yay\u0131n, bildiri, duvar afi\u015fi vb. asmas\u0131na engel olmak.<\/li><li>G\u00f6revine mani bir hal meydana gelmedik\u00e7e g\u00f6rev yerini terk etmemek, kar\u015f\u0131la\u015ft\u0131\u011f\u0131 sorunlar\u0131<br \/>ve g\u00f6rev yapmas\u0131n\u0131 engelleyen durumlar\u0131 amirlerine bildirmek.<\/li><li>Olaylara kar\u015f\u0131 dikkatli ve tedbirli olmak, bunlar\u0131 \u00f6ncelikle g\u00fcvenlik birimlerine ve amirlerine<br \/>bildirmek.<\/li><li>Binalar\u0131 periyodik aral\u0131klarla dola\u015farak gereksiz olarak yanan lamba, a\u00e7\u0131k kalm\u0131\u015f \u0131\u015f\u0131k, a\u00e7\u0131k<br \/>kalm\u0131\u015f musluk vb. israfa neden olan her \u015feye m\u00fcdahale etmek.<\/li><li>Do\u011frudan ilgili olmasa da temizlik, onar\u0131m ve benzeri konularda g\u00f6rd\u00fc\u011f\u00fc eksiklikleri ya da<br \/>kar\u015f\u0131la\u015ft\u0131\u011f\u0131 olumsuzluklar\u0131 ilgililere bildirmek.<\/li><li>\u00d6\u011frenci ya da idari k\u0131s\u0131mla hi\u00e7bir ilgisi olmayan, yard\u0131m isteyen, yard\u0131m makbuzu veren ya da<br \/>sat\u0131c\u0131 olan ki\u015fileri binaya sokmamak, gerekirse amire bildirmek.<\/li><li>\u00d6zellikle geceleri giri\u015f kap\u0131lar\u0131n\u0131 kontrol ederek kapatmak.<\/li><li>\u0130zin taleplerini, idarenin \u00e7al\u0131\u015fma sistemini aksatmayacak \u015fekilde istemek ve kullanmak.<\/li><li>G\u00f6reve ba\u015flarken g\u00f6rev mahallini kontrol etmek, g\u00f6r\u00fclen eksiklikleri rapor etmek.<\/li><li>Gece ya da g\u00fcnd\u00fcz n\u00f6bet s\u0131ras\u0131nda tehlikeli g\u00f6r\u00fclen, \u015f\u00fcphelenilen durumlar\u0131 ilgililere<br \/>bildirmek, gerekirse bu durumlar\u0131 tutanakla tespit etmek.<\/li><li>N\u00f6bet s\u0131ras\u0131nda belli bir yerde oturmamak, n\u00f6beti gerekti\u011fi \u015fekilde tutmak.<\/li><li>Gizli kalmas\u0131 gereken konularda hi\u00e7bir \u015fekilde ilgisiz ki\u015fi ve kurumlara bilgi vermemek.<\/li><li>Kimlik kontrol\u00fc yapmak.<\/li><li>G\u00f6rev yerine gelen stickeri olmayan ara\u00e7lar\u0131n kontrol\u00fcn\u00fc yapmak ve kay\u0131tlar\u0131n\u0131 tutmak.<\/li><li>Toplu ta\u015f\u0131ma ara\u00e7lar\u0131yla gelenlerin kimliklerini kontrol etmek, \u00f6\u011frenci harici ki\u015filerin kayd\u0131n\u0131<br \/>yap\u0131p gidece\u011fi yere y\u00f6nlendirmek.<\/li><li>Zimmetine verilen ara\u00e7 ve gere\u00e7leri usul\u00fcne uygun kullanmak ve muhafaza etmek.<\/li><li>Devlete ait malzemeyi resmi amac\u0131na ve g\u00f6revine uygun olarak kullanmak.<\/li><li>Yasak olan davran\u0131\u015f ve eylemlerden uzak durmak.<\/li><li>G\u00f6revlerinin hassas oldu\u011funu bilmek ve buna g\u00f6re hareket etmek.<\/li><li>Kendi sorumlulu\u011funda olan b\u00fcro makineleri ve demirba\u015flar\u0131n her t\u00fcrl\u00fc hasara kar\u015f\u0131 korunmas\u0131<br \/>i\u00e7in gerekli tedbirleri almak. Sorumlulu\u011fundaki mevcut ara\u00e7, gere\u00e7 ve her t\u00fcrl\u00fc malzemenin<br \/>yerinde ve ekonomik kullan\u0131lmas\u0131n\u0131 sa\u011flamak.<\/li><li>Hafta i\u00e7i mesai bitiminden sonra ve hafta sonu gerekti\u011finde bina, salon vb. yerleri a\u00e7mak ve<br \/>kapatmak.<\/li><li>Sorumlu oldu\u011fu yerle\u015fke-m\u0131nt\u0131ka i\u00e7erisinde g\u00fcvenli\u011fi aksatacak durumlarda gerekli tedbirleri<br \/>almak veya amirlerine bildirmek.<\/li><li>Belirlenmi\u015f olan kontrol noktalar\u0131n\u0131 zaman\u0131nda kontrol etmek.<\/li><li>Ayn\u0131 anda birden fazla g\u00fcvelik g\u00f6revlisi n\u00f6bet tutuyorsa d\u00f6n\u00fc\u015f\u00fcml\u00fc olarak devriye atmak.<\/li><li>Fak\u00fclte Sekreteri, Genel Sekreter Yard\u0131mc\u0131s\u0131, Genel Sekreter ve Rekt\u00f6r\u00fcn g\u00f6revi ile ilgili verdi\u011fi di\u011fer i\u015fleri<br \/>yapmak.<\/li><li>Koruma ve G\u00fcvenlik G\u00f6revlisi, yapt\u0131\u011f\u0131 i\u015f\/i\u015flemlerden dolay\u0131 Fak\u00fclte Sekreteri,\u00a0Genel Sekreter Yard\u0131mc\u0131s\u0131, genel<br \/>Sekreter ve Rekt\u00f6re kar\u015f\u0131 sorumludur<\/li><\/ul>\t\t\t\t\t\t\t\t<\/div>\n\t\t\t\t<\/div>\n\t\t\t\t\t<\/div>\n\t\t<\/div>\n\t\t\t\t\t<\/div>\n\t\t<\/section>\n\t\t\t\t<\/div>\n\t\t","protected":false},"excerpt":{"rendered":"<p>G\u00d6REV\/\u0130\u015e YETK\u0130 VE SORUMLULUKLAR \u00a0\u00d6zel g\u00fcvenlik mevzuat\u0131 \u00e7er\u00e7evesinde can, mal g\u00fcvenli\u011fi ve huzuru sa\u011flamak. G\u00f6revlendirildi\u011fi alan\u0131 kontrol etmek ve g\u00fcvenli\u011fini sa\u011flamak. G\u00f6revi ile ilgili yasa ve y\u00f6netmelikleri takip etmek. \u0130\u015f organizasyonu yapmak (Vardiyay\u0131 teslim almak, giri\u015f \u00e7\u0131k\u0131\u015flar\u0131 kayda ba\u011fl\u0131 olan yerleri kay\u0131t alt\u0131na almak, giri\u015f-\u00e7\u0131k\u0131\u015f yapan ara\u00e7lar\u0131n kayd\u0131n\u0131 tutmak, \u00f6n dan\u0131\u015fma hizmetlerini yapmak gibi\u2026) G\u00f6rev [&hellip;]<\/p>\n","protected":false},"author":227,"featured_media":0,"parent":0,"menu_order":0,"comment_status":"closed","ping_status":"closed","template":"","meta":{"footnotes":""},"class_list":["post-9887","page","type-page","status-publish","hentry"],"_links":{"self":[{"href":"https:\/\/atauni.edu.tr\/oltu-beseri-ve-sosyal-bilimler-fakultesi\/wp-json\/wp\/v2\/pages\/9887","targetHints":{"allow":["GET"]}}],"collection":[{"href":"https:\/\/atauni.edu.tr\/oltu-beseri-ve-sosyal-bilimler-fakultesi\/wp-json\/wp\/v2\/pages"}],"about":[{"href":"https:\/\/atauni.edu.tr\/oltu-beseri-ve-sosyal-bilimler-fakultesi\/wp-json\/wp\/v2\/types\/page"}],"author":[{"embeddable":true,"href":"https:\/\/atauni.edu.tr\/oltu-beseri-ve-sosyal-bilimler-fakultesi\/wp-json\/wp\/v2\/users\/227"}],"replies":[{"embeddable":true,"href":"https:\/\/atauni.edu.tr\/oltu-beseri-ve-sosyal-bilimler-fakultesi\/wp-json\/wp\/v2\/comments?post=9887"}],"version-history":[{"count":7,"href":"https:\/\/atauni.edu.tr\/oltu-beseri-ve-sosyal-bilimler-fakultesi\/wp-json\/wp\/v2\/pages\/9887\/revisions"}],"predecessor-version":[{"id":11467,"href":"https:\/\/atauni.edu.tr\/oltu-beseri-ve-sosyal-bilimler-fakultesi\/wp-json\/wp\/v2\/pages\/9887\/revisions\/11467"}],"wp:attachment":[{"href":"https:\/\/atauni.edu.tr\/oltu-beseri-ve-sosyal-bilimler-fakultesi\/wp-json\/wp\/v2\/media?parent=9887"}],"curies":[{"name":"wp","href":"https:\/\/api.w.org\/{rel}","templated":true}]}}