{"id":9888,"date":"2022-03-18T11:43:11","date_gmt":"2022-03-18T08:43:11","guid":{"rendered":"https:\/\/birimler.atauni.edu.tr\/oltu-beseri-ve-sosyal-bilimler-fakultesi\/?page_id=9888"},"modified":"2022-11-16T14:01:17","modified_gmt":"2022-11-16T11:01:17","slug":"isci","status":"publish","type":"page","link":"https:\/\/atauni.edu.tr\/oltu-beseri-ve-sosyal-bilimler-fakultesi\/isci\/","title":{"rendered":"\u0130\u015f\u00e7i"},"content":{"rendered":"\t\t<div data-elementor-type=\"wp-page\" data-elementor-id=\"9888\" class=\"elementor elementor-9888\" data-elementor-post-type=\"page\">\n\t\t\t\t\t\t<section class=\"elementor-section elementor-top-section elementor-element elementor-element-9779072 elementor-section-boxed elementor-section-height-default elementor-section-height-default\" data-id=\"9779072\" data-element_type=\"section\">\n\t\t\t\t\t\t<div class=\"elementor-container elementor-column-gap-default\">\n\t\t\t\t\t<div class=\"elementor-column elementor-col-100 elementor-top-column elementor-element elementor-element-3e7ade7\" data-id=\"3e7ade7\" data-element_type=\"column\" data-settings=\"{&quot;background_background&quot;:&quot;gradient&quot;}\">\n\t\t\t<div class=\"elementor-widget-wrap elementor-element-populated\">\n\t\t\t\t\t\t<div class=\"elementor-element elementor-element-7fea6c5 elementor-widget-divider--view-line elementor-widget elementor-widget-divider\" data-id=\"7fea6c5\" data-element_type=\"widget\" data-widget_type=\"divider.default\">\n\t\t\t\t<div class=\"elementor-widget-container\">\n\t\t\t\t\t\t\t<div class=\"elementor-divider\">\n\t\t\t<span class=\"elementor-divider-separator\">\n\t\t\t\t\t\t<\/span>\n\t\t<\/div>\n\t\t\t\t\t\t<\/div>\n\t\t\t\t<\/div>\n\t\t\t\t\t<\/div>\n\t\t<\/div>\n\t\t\t\t\t<\/div>\n\t\t<\/section>\n\t\t\t\t<section class=\"elementor-section elementor-top-section elementor-element elementor-element-94bc9a7 elementor-section-boxed elementor-section-height-default elementor-section-height-default\" data-id=\"94bc9a7\" data-element_type=\"section\">\n\t\t\t\t\t\t<div class=\"elementor-container elementor-column-gap-default\">\n\t\t\t\t\t<div class=\"elementor-column elementor-col-100 elementor-top-column elementor-element elementor-element-2c7e0b0\" data-id=\"2c7e0b0\" data-element_type=\"column\">\n\t\t\t<div class=\"elementor-widget-wrap elementor-element-populated\">\n\t\t\t\t\t\t<div class=\"elementor-element elementor-element-d2b532a elementor-widget elementor-widget-text-editor\" data-id=\"d2b532a\" data-element_type=\"widget\" data-widget_type=\"text-editor.default\">\n\t\t\t\t<div class=\"elementor-widget-container\">\n\t\t\t\t\t\t\t\t\t<p>ORGAN\u0130ZASYONDAK\u0130<b> YER\u0130 :<\/b>&nbsp;Birim Amirlerine ba\u011fl\u0131 g\u00f6rev yapar.<\/p>\n<p><b>G\u00d6REV, YETK\u0130 VE SORUMLULUKLARI:<\/b><\/p>\n<ul>\n<li><strong>HERG\u00dcN YAPILACAK \u0130\u015eLER&nbsp;<\/strong><\/li>\n<li>Asans\u00f6rlerin s\u0131k s\u0131k temizlenmesi<\/li>\n<li>T\u00fcm zeminlerin silinerek temizlenmesi&nbsp;<\/li>\n<li>T\u00fcm kuru zeminlerin paspaslayarak temizlenmesi, (Sabah, \u00f6\u011flen ve gerekli durumlarda) t\u00fcm kullan\u0131m alanlar\u0131n\u0131n temizlenip d\u00fczenlenmesi,<\/li>\n<li>T\u00fcm tuvaletlerin (g\u00fcnde 3 defa, sabah, \u00f6\u011flen, ak\u015fam) lavabo, fayans, mermer, kurna evye ile aynalar\u0131n dezenfekte edilmesi, y\u0131kanmas\u0131 ve \u00e7\u00f6p kovalar\u0131n\u0131n herg\u00fcn bo\u015falt\u0131lmas\u0131,<\/li>\n<li>Binada bulunan t\u00fcm b\u00fcro malzemelerinin ( B\u00fcro Masalar\u0131, Dosya Dolaplar\u0131,<\/li>\n<li>Bilgisayarlar, yaz\u0131c\u0131lar, telefonlar, \u00e7i\u00e7ekler vb. ) tozlar\u0131n\u0131n al\u0131nmas\u0131.<\/li>\n<li>Binadaki t\u00fcm b\u00fcro ve y\u00f6netim odalar\u0131n\u0131n temizlenmesi,<\/li>\n<li>\u0130htiya\u00e7 halinde ambar ve depolar\u0131n temizlenip d\u00fczenlenmesi,<\/li>\n<li>Binada biriken \u00e7\u00f6plerin her g\u00fcn kontrol edilmesi, dolmu\u015f olanlar\u0131n toplanmas\u0131 ve \u00e7\u00f6p toplama alan\u0131na g\u00f6t\u00fcr\u00fclmesi,<\/li>\n<li>Binan\u0131n tamam\u0131n\u0131n her sabah ve \u00f6\u011flen havaland\u0131r\u0131lmas\u0131, t\u00fcm e\u015fyalar\u0131n ve alanlar\u0131n d\u00fczenli olmas\u0131n\u0131n sa\u011flanmas\u0131<\/li>\n<li>Binaya gelen ziyaret\u00e7ilerin kar\u015f\u0131lanmas\u0131, yol g\u00f6sterilmesi ve y\u00f6nlendirilmesi,<\/li>\n<li>Bina giri\u015f alanlar\u0131n\u0131n ve zemin kat\u0131na kadar merdivenlerin ve korkuluklar\u0131n silinmesi, paspaslanmas\u0131 ve d\u00fczenli tutulmas\u0131,<\/li>\n<li>Mesai bitimine yak\u0131n t\u00fcm kap\u0131 ve pencerelerin kapat\u0131lmas\u0131, a\u00e7\u0131k olan ayd\u0131nlatmalar\u0131n s\u00f6nd\u00fcr\u00fclmesi ve a\u00e7\u0131k unutulan klimalar\u0131n kapat\u0131lmas\u0131,<\/li>\n<li>Binan\u0131n i\u00e7 kap\u0131lar\u0131n\u0131n ve caml\u0131 alanlar\u0131n\u0131n temizlenmesi.<\/li>\n<li><strong>HAFTADA B\u0130R YAPILACAK \u0130\u015eLER<\/strong><\/li>\n<li>Lambalar, t\u00fcm elektrik d\u00fc\u011fmeleri ve tablolar\u0131n silinerek temizlenmesi,<\/li>\n<li>Radyat\u00f6r peteklerin tozunun al\u0131n\u0131p silinmesi,<\/li>\n<li>Koltuklar\u0131n silinip temizlenmesi,<\/li>\n<li>\u00d6r\u00fcmcek a\u011flar\u0131n\u0131n temizlenmesi,<\/li>\n<li>Pencere kenarlar\u0131n\u0131n temizlenmesi,<\/li>\n<li>Ambar ve depolar\u0131n ambar memuru denetiminde genel temizli\u011finin sa\u011flanmas\u0131,<\/li>\n<li>Asans\u00f6r kabinlerinin gerekli durumlarda paspaslanarak temizlenmesi<\/li>\n<li><strong>AYDA B\u0130R YAPILACAK \u0130\u015eLER<\/strong><\/li>\n<li>Binan\u0131n t\u00fcm kap\u0131, cam ve \u00e7er\u00e7evelerinin (d\u0131\u015f camlar dahil) silinmesi<\/li>\n<li>Binada bulunan t\u00fcm dolaplar\u0131n\u0131n i\u00e7lerinin temizlenmesi,<\/li>\n<li>Yang\u0131n merdivenlerinin y\u0131kan\u0131p temizlenmesi&nbsp;<\/li>\n<li>Hizmet akdi kapsam\u0131nda verilen i\u015fi amirlerinin istedi\u011fi do\u011frultuda yapmak,<\/li>\n<li>Kendisine teslim edilen alet, malzeme ve e\u015fyay\u0131 korumak<\/li>\n<li>Kendisine teslim edilen alet, malzeme ve e\u015fyan\u0131n bak\u0131m\u0131n\u0131 yaparak devaml\u0131 surette kullan\u0131ma haz\u0131r halde bulundurmak,<\/li>\n<li>Verilecek benzeri g\u00f6revleri y\u00fcr\u00fctmek<\/li>\n<li><strong>D\u0130\u011eER G\u00d6REVLER<\/strong>&nbsp;<\/li>\n<li>Temizlik talimat\u0131na uygun \u015fekilde dairenin temizli\u011fini yapmak, di\u011fer destek hizmetlerini y\u00fcr\u00fctmek,&nbsp;<\/li>\n<li>Evraklar\u0131 ilgili yerlere g\u00f6t\u00fcrmek, getirmek, evrak\u0131n gizlili\u011fini ve emniyetini sa\u011flamak,<\/li>\n<li>Bina i\u00e7erisine ve gerekli durumlarda d\u0131\u015far\u0131s\u0131na servis yapmak (\u00e7ay,kahve)&nbsp;<\/li>\n<li>\u0130\u015fi olmad\u0131\u011f\u0131 zamanlarda kendisine tahsis edilen masada oturmak,<\/li>\n<li>Amirlerinden izin almadan daireden ayr\u0131lmamak,<\/li>\n<li>Ara\u00e7 ve gere\u00e7leri kullanma talimatlar\u0131na uygun olarak kullanmak, muhafaza etmek,<\/li>\n<li>Binada disiplinli bir \u00e7al\u0131\u015fma ortam\u0131n\u0131n sa\u011flanmas\u0131 hususunda al\u0131nan tedbirlere uymak,&nbsp;<\/li>\n<li>\u00c7al\u0131\u015fmalar\u0131n\u0131 uyum ve i\u015fbirli\u011fi i\u00e7inde ger\u00e7ekle\u015ftirmek,<\/li>\n<li>Amiri taraf\u0131ndan verilen di\u011fer g\u00f6revleri yapmak.<\/li>\n<li><strong>&nbsp;TEM\u0130ZL\u0130K \u0130LE \u0130LG\u0130L\u0130 KURALLAR&nbsp;<\/strong><\/li>\n<li>Temizlik ve kurulama bezleri temiz ve lekesiz olacak, idare taraf\u0131ndan uygun olmad\u0131\u011f\u0131 belirlenenler an\u0131nda de\u011fi\u015ftirilecektir.<\/li>\n<li>Temizlik s\u0131ras\u0131nda g\u00f6r\u00fclen ar\u0131zalar, onar\u0131m yap\u0131lmas\u0131 gereken yerler, zaman ge\u00e7irilmeksizin idareye bildirilecektir.&nbsp;<\/li>\n<li>Temizlik esnas\u0131nda duvarlara kir s\u0131\u00e7ratmamaya \u00f6zen g\u00f6sterilecek, toz kald\u0131rmama hususuna dikkat edilecek ve vakumlu aletler kullan\u0131lacakt\u0131r. Temizlik sonras\u0131 tozlar al\u0131nacak, temizlik nedeniyle yerlerinden al\u0131nan e\u015fyalar tekrar yerlerine konulacakt\u0131r. E\u015fyalara nakil ve yerle\u015ftirme esnas\u0131nda hasar ve zarar verilmeyecektir.&nbsp;<\/li>\n<li>Katlardan toplanan \u00e7\u00f6pler ve at\u0131k maddeler torbalarla a\u011f\u0131zlar\u0131 ba\u011flanarak \u00e7\u00f6p toplama merkezlerine g\u00f6t\u00fcr\u00fclecektir.<\/li>\n<li>\u0130dare, gerekli g\u00f6rd\u00fc\u011f\u00fcnde \u00f6nceden bildirmek ko\u015fuluyla g\u00fcnl\u00fck temizlik d\u0131\u015f\u0131ndaki, haftada, ya da ayda yap\u0131lacak temizli\u011fin g\u00fcn\u00fcn\u00fc \u00f6ne alabilir, say\u0131s\u0131n\u0131 artt\u0131rabilir.<\/li>\n<li>WC grubunda kullan\u0131lacak bezler ve kovalar ile odalarda kullan\u0131lacak ve kovalar\u0131n renkleri ayr\u0131 olacakt\u0131r. WC grubuna ait olan kovalar ve bezler kesinlikle ba\u015fka birimlerde kullan\u0131lmayacakt\u0131r.&nbsp;<\/li>\n<li>Temizlikte yap\u0131lacak dezenfekte i\u015flemlerinde zarar verilmemesi i\u00e7in her t\u00fcrl\u00fc \u00f6nlem al\u0131nacak, bu konuda do\u011fabilecek maddi ve manevi sorumluluk ki\u015fiye ait olacakt\u0131r.<\/li>\n<li>Yap\u0131lan temizlik idare taraf\u0131ndan uygun bulunmad\u0131\u011f\u0131 takdirde yeniden yapt\u0131r\u0131lacakt\u0131r.<\/li>\n<li>S\u00f6z konusu i\u015f ve i\u015flemler idarenin belirleyece\u011fi g\u00fcnde yerine getirilecektir.&nbsp;<\/li>\n<li>\u0130darenin verece\u011fi talimatlar do\u011frultusunda gerekli g\u00f6r\u00fclen i\u015fler yap\u0131lacakt\u0131r.<\/li>\n<li>Temizlik i\u015fleri personelin odalar\u0131nda olmad\u0131\u011f\u0131 zamanlarda yap\u0131lacak, temizlik esnas\u0131nda masalar\u0131n \u00fczeri ve di\u011fer alanlar temizlendikten sonra d\u00fczenli bir \u015fekilde b\u0131rak\u0131lacakt\u0131r.&nbsp;<\/li>\n<li>Yap\u0131lan \u00e7al\u0131\u015fma esnas\u0131nda personelleri rahats\u0131z edici davran\u0131\u015flardan ka\u00e7\u0131n\u0131lacakt\u0131r.&nbsp;<\/li>\n<li>Birim d\u00e2hilinde yap\u0131lmas\u0131 gereken e\u015fya yer de\u011fi\u015fikliklerinde, e\u015fyalar\u0131n tahrip edilmeden nakli sa\u011flanacakt\u0131r.&nbsp;<\/li>\n<li>Kurumda \u00e7al\u0131\u015fan personel, t\u00fcm hizmeti denetlemekle yetkili ve g\u00f6revlidir. Yard\u0131mc\u0131 Hizmetler Personeli olarak \u00e7al\u0131\u015fan personel gerekti\u011finde bu ki\u015filerce verilen g\u00f6revi yerine getirmek zorundad\u0131r.<\/li>\n<li>Yard\u0131mc\u0131 Hizmetler Personeli g\u00f6revlerini yaparken amirler, memurlar di\u011fer personel ile olan ili\u015fkilerinde nezaket ve ciddiyet kurallar\u0131 \u00e7er\u00e7evesinde davranacaklar, hi\u00e7bir s\u00fcrt\u00fc\u015fme ve tart\u0131\u015fmaya girmeyecekler, \u015fik\u00e2yetlerini kurum \u00e7al\u0131\u015fan temsilci arac\u0131l\u0131\u011f\u0131yla idareye ileteceklerdir.&nbsp;<\/li>\n<li>Birim idaresi ve \u00dcniversite \u0130\u00e7 Hizmetler M\u00fcd\u00fcrl\u00fc\u011f\u00fcn\u00fcn g\u00f6rev alan\u0131 ile ilgili&nbsp;verece\u011fi di\u011fer i\u015fleri yapmak.<\/li>\n<\/ul>\n<p><b>G\u00d6REV\u0130N GEREKT\u0130RD\u0130\u011e\u0130 N\u0130TEL\u0130KLER:<\/b><\/p>\n<ul>\n<li>\u0130\u015f\u00e7i stat\u00fcs\u00fcnde olmak.<\/li>\n<li>Mesleki bilgi birikimi ve deneyime sahip olmak.<\/li>\n<li>\u0130yi derece temizlik yapabilme kabiliyeti&nbsp;<\/li><li>Amirlerine ve \u00e7al\u0131\u015fan personele kar\u015f\u0131 sayg\u0131l\u0131 davranma&nbsp;<\/li><li>Birimler aras\u0131 i\u015flemlerde h\u0131zl\u0131 ve etkili beceri kabiliyeti<\/li><li>D\u00fczenli ve disiplinli \u00e7al\u0131\u015fma<\/li><li>Yukar\u0131da maddeler halinde belirtilen g\u00f6rev ve sorumluluklar\u0131 ger\u00e7ekle\u015ftirme\nyetkisine sahip olmak,<\/li><li>\u0130lgili faaliyetlerin ger\u00e7ekle\u015ftirilmesi i\u00e7in gerekli ara\u00e7 ve gereci kullanabilmektir<br><\/li>\n<\/ul>\t\t\t\t\t\t\t\t<\/div>\n\t\t\t\t<\/div>\n\t\t\t\t\t<\/div>\n\t\t<\/div>\n\t\t\t\t\t<\/div>\n\t\t<\/section>\n\t\t\t\t<\/div>\n\t\t","protected":false},"excerpt":{"rendered":"<p>ORGAN\u0130ZASYONDAK\u0130 YER\u0130 :&nbsp;Birim Amirlerine ba\u011fl\u0131 g\u00f6rev yapar. G\u00d6REV, YETK\u0130 VE SORUMLULUKLARI: HERG\u00dcN YAPILACAK \u0130\u015eLER&nbsp; Asans\u00f6rlerin s\u0131k s\u0131k temizlenmesi T\u00fcm zeminlerin silinerek temizlenmesi&nbsp; T\u00fcm kuru zeminlerin paspaslayarak temizlenmesi, (Sabah, \u00f6\u011flen ve gerekli durumlarda) t\u00fcm kullan\u0131m alanlar\u0131n\u0131n temizlenip d\u00fczenlenmesi, T\u00fcm tuvaletlerin (g\u00fcnde 3 defa, sabah, \u00f6\u011flen, ak\u015fam) lavabo, fayans, mermer, kurna evye ile aynalar\u0131n dezenfekte edilmesi, y\u0131kanmas\u0131 [&hellip;]<\/p>\n","protected":false},"author":227,"featured_media":0,"parent":0,"menu_order":0,"comment_status":"closed","ping_status":"closed","template":"","meta":{"footnotes":""},"class_list":["post-9888","page","type-page","status-publish","hentry"],"_links":{"self":[{"href":"https:\/\/atauni.edu.tr\/oltu-beseri-ve-sosyal-bilimler-fakultesi\/wp-json\/wp\/v2\/pages\/9888","targetHints":{"allow":["GET"]}}],"collection":[{"href":"https:\/\/atauni.edu.tr\/oltu-beseri-ve-sosyal-bilimler-fakultesi\/wp-json\/wp\/v2\/pages"}],"about":[{"href":"https:\/\/atauni.edu.tr\/oltu-beseri-ve-sosyal-bilimler-fakultesi\/wp-json\/wp\/v2\/types\/page"}],"author":[{"embeddable":true,"href":"https:\/\/atauni.edu.tr\/oltu-beseri-ve-sosyal-bilimler-fakultesi\/wp-json\/wp\/v2\/users\/227"}],"replies":[{"embeddable":true,"href":"https:\/\/atauni.edu.tr\/oltu-beseri-ve-sosyal-bilimler-fakultesi\/wp-json\/wp\/v2\/comments?post=9888"}],"version-history":[{"count":13,"href":"https:\/\/atauni.edu.tr\/oltu-beseri-ve-sosyal-bilimler-fakultesi\/wp-json\/wp\/v2\/pages\/9888\/revisions"}],"predecessor-version":[{"id":11460,"href":"https:\/\/atauni.edu.tr\/oltu-beseri-ve-sosyal-bilimler-fakultesi\/wp-json\/wp\/v2\/pages\/9888\/revisions\/11460"}],"wp:attachment":[{"href":"https:\/\/atauni.edu.tr\/oltu-beseri-ve-sosyal-bilimler-fakultesi\/wp-json\/wp\/v2\/media?parent=9888"}],"curies":[{"name":"wp","href":"https:\/\/api.w.org\/{rel}","templated":true}]}}