{"id":5638,"date":"2021-07-13T09:49:25","date_gmt":"2021-07-13T06:49:25","guid":{"rendered":"https:\/\/portaltest.atauni.edu.tr\/bilgisayar-muhendisligi\/?page_id=5638"},"modified":"2021-12-30T14:51:09","modified_gmt":"2021-12-30T11:51:09","slug":"tarihce","status":"publish","type":"page","link":"https:\/\/atauni.edu.tr\/oltu-meslek-yuksekokulu\/tarihce\/","title":{"rendered":"Tarih\u00e7e"},"content":{"rendered":"\t\t<div data-elementor-type=\"wp-page\" data-elementor-id=\"5638\" class=\"elementor elementor-5638\" data-elementor-post-type=\"page\">\n\t\t\t\t\t\t<section class=\"elementor-section elementor-top-section elementor-element elementor-element-730d320 elementor-section-boxed elementor-section-height-default elementor-section-height-default\" data-id=\"730d320\" data-element_type=\"section\">\n\t\t\t\t\t\t<div class=\"elementor-container elementor-column-gap-default\">\n\t\t\t\t\t<div class=\"elementor-column elementor-col-100 elementor-top-column elementor-element elementor-element-753d0860\" data-id=\"753d0860\" data-element_type=\"column\">\n\t\t\t<div class=\"elementor-widget-wrap\">\n\t\t\t\t\t\t\t<\/div>\n\t\t<\/div>\n\t\t\t\t\t<\/div>\n\t\t<\/section>\n\t\t\t\t<section class=\"elementor-section elementor-top-section elementor-element elementor-element-9be811a elementor-section-boxed elementor-section-height-default elementor-section-height-default\" data-id=\"9be811a\" data-element_type=\"section\">\n\t\t\t\t\t\t<div class=\"elementor-container elementor-column-gap-default\">\n\t\t\t\t\t<div class=\"elementor-column elementor-col-100 elementor-top-column elementor-element elementor-element-1ed847b7\" data-id=\"1ed847b7\" data-element_type=\"column\">\n\t\t\t<div class=\"elementor-widget-wrap elementor-element-populated\">\n\t\t\t\t\t\t<div class=\"elementor-element elementor-element-4ce0d07f elementor-widget elementor-widget-heading\" data-id=\"4ce0d07f\" data-element_type=\"widget\" data-widget_type=\"heading.default\">\n\t\t\t\t<div class=\"elementor-widget-container\">\n\t\t\t\t\t<h2 class=\"elementor-heading-title elementor-size-default\">Genel Bilgi<\/h2>\t\t\t\t<\/div>\n\t\t\t\t<\/div>\n\t\t\t\t<div class=\"elementor-element elementor-element-63260862 elementor-widget-divider--view-line elementor-widget elementor-widget-divider\" data-id=\"63260862\" data-element_type=\"widget\" data-widget_type=\"divider.default\">\n\t\t\t\t<div class=\"elementor-widget-container\">\n\t\t\t\t\t\t\t<div class=\"elementor-divider\">\n\t\t\t<span class=\"elementor-divider-separator\">\n\t\t\t\t\t\t<\/span>\n\t\t<\/div>\n\t\t\t\t\t\t<\/div>\n\t\t\t\t<\/div>\n\t\t\t\t\t<\/div>\n\t\t<\/div>\n\t\t\t\t\t<\/div>\n\t\t<\/section>\n\t\t\t\t<section class=\"elementor-section elementor-top-section elementor-element elementor-element-681db8b elementor-section-boxed elementor-section-height-default elementor-section-height-default\" data-id=\"681db8b\" data-element_type=\"section\">\n\t\t\t\t\t\t<div class=\"elementor-container elementor-column-gap-default\">\n\t\t\t\t\t<div class=\"elementor-column elementor-col-100 elementor-top-column elementor-element elementor-element-ad4dac5\" data-id=\"ad4dac5\" data-element_type=\"column\">\n\t\t\t<div class=\"elementor-widget-wrap elementor-element-populated\">\n\t\t\t\t\t\t<div class=\"elementor-element elementor-element-2f96b3d elementor-widget elementor-widget-text-editor\" data-id=\"2f96b3d\" data-element_type=\"widget\" data-widget_type=\"text-editor.default\">\n\t\t\t\t<div class=\"elementor-widget-container\">\n\t\t\t\t\t\t\t\t\t<div>\n<h2>Tarih\u00e7e<\/h2>\n<p><span style=\", sans-serif;font-size: 14px\">Oltu Belediye Ba\u015fkanl\u0131\u011f\u0131, 03.04.1994 tarih ve 3 Say\u0131l\u0131 Belediye Meclis Karar\u0131na istinad eden yaz\u0131s\u0131 ile Atat\u00fcrk \u00dcniversitesi Rekt\u00f6rl\u00fc\u011f\u00fc\u2019ne m\u00fcracaat ederek Oltu \u0130l\u00e7esinde bir Meslek Y\u00fcksekokul a\u00e7\u0131lmas\u0131n\u0131 talep etmi\u015ftir. Atat\u00fcrk \u00dcniversitesi Rekt\u00f6rl\u00fc\u011f\u00fc, &nbsp;Meslek Y\u00fcksekokul i\u00e7in gerekli asgari fiziki imkanlar\u0131n belediye taraf\u0131ndan kar\u015f\u0131lanmas\u0131 \u015fart\u0131yla Oltu Meslek Y\u00fcksekokulu\u2019nun a\u00e7\u0131lmas\u0131n\u0131 uygun g\u00f6rm\u00fc\u015f ve 01.06.1994 tarihli yaz\u0131yla Y\u00fcksek\u00f6\u011fretim Kurulu Ba\u015fkanl\u0131\u011f\u0131\u2019na m\u00fcracaat etmi\u015ftir. Y\u00fcksek\u00f6\u011fretim Kurulu bu m\u00fcracaat\u0131 05.07.1994 tarih ve 1558 Say\u0131l\u0131 karar\u0131 ile kabul etmi\u015ftir. B\u00f6ylece Oltu Meslek Y\u00fcksekokulu 1995-1996 E\u011fitim-\u00d6\u011fretim y\u0131l\u0131nda Belediye\u2019ye ait bir binada akademik faaliyetlerine ba\u015flayarak, y\u00fcksek\u00f6\u011frenime ilk ad\u0131m\u0131n\u0131 atm\u0131\u015ft\u0131r. 2000 Y\u0131l\u0131nda Meslek Y\u00fcksekokul binam\u0131z hizmete a\u00e7\u0131lm\u0131\u015f, derslikler, laboratuvar, at\u00f6lye ve st\u00fcdyo s\u0131n\u0131flar\u0131 ile \u00f6\u011frencilerimize uygulamal\u0131 olarak ders verme imkan\u0131 geni\u015fletilerek e\u011fitim \u00f6\u011fretime devam edilmi\u015ftir.<\/span><br><\/p><\/div><div>\n<\/div>\t\t\t\t\t\t\t\t<\/div>\n\t\t\t\t<\/div>\n\t\t\t\t\t<\/div>\n\t\t<\/div>\n\t\t\t\t\t<\/div>\n\t\t<\/section>\n\t\t\t\t<\/div>\n\t\t","protected":false},"excerpt":{"rendered":"<p>Genel Bilgi Tarih\u00e7e Oltu Belediye Ba\u015fkanl\u0131\u011f\u0131, 03.04.1994 tarih ve 3 Say\u0131l\u0131 Belediye Meclis Karar\u0131na istinad eden yaz\u0131s\u0131 ile Atat\u00fcrk \u00dcniversitesi Rekt\u00f6rl\u00fc\u011f\u00fc\u2019ne m\u00fcracaat ederek Oltu \u0130l\u00e7esinde bir Meslek Y\u00fcksekokul a\u00e7\u0131lmas\u0131n\u0131 talep etmi\u015ftir. Atat\u00fcrk \u00dcniversitesi Rekt\u00f6rl\u00fc\u011f\u00fc, &nbsp;Meslek Y\u00fcksekokul i\u00e7in gerekli asgari fiziki imkanlar\u0131n belediye taraf\u0131ndan kar\u015f\u0131lanmas\u0131 \u015fart\u0131yla Oltu Meslek Y\u00fcksekokulu\u2019nun a\u00e7\u0131lmas\u0131n\u0131 uygun g\u00f6rm\u00fc\u015f ve 01.06.1994 tarihli yaz\u0131yla [&hellip;]<\/p>\n","protected":false},"author":1,"featured_media":0,"parent":0,"menu_order":0,"comment_status":"closed","ping_status":"closed","template":"","meta":{"footnotes":""},"class_list":["post-5638","page","type-page","status-publish","hentry"],"_links":{"self":[{"href":"https:\/\/atauni.edu.tr\/oltu-meslek-yuksekokulu\/wp-json\/wp\/v2\/pages\/5638","targetHints":{"allow":["GET"]}}],"collection":[{"href":"https:\/\/atauni.edu.tr\/oltu-meslek-yuksekokulu\/wp-json\/wp\/v2\/pages"}],"about":[{"href":"https:\/\/atauni.edu.tr\/oltu-meslek-yuksekokulu\/wp-json\/wp\/v2\/types\/page"}],"author":[{"embeddable":true,"href":"https:\/\/atauni.edu.tr\/oltu-meslek-yuksekokulu\/wp-json\/wp\/v2\/users\/1"}],"replies":[{"embeddable":true,"href":"https:\/\/atauni.edu.tr\/oltu-meslek-yuksekokulu\/wp-json\/wp\/v2\/comments?post=5638"}],"version-history":[{"count":22,"href":"https:\/\/atauni.edu.tr\/oltu-meslek-yuksekokulu\/wp-json\/wp\/v2\/pages\/5638\/revisions"}],"predecessor-version":[{"id":6234,"href":"https:\/\/atauni.edu.tr\/oltu-meslek-yuksekokulu\/wp-json\/wp\/v2\/pages\/5638\/revisions\/6234"}],"wp:attachment":[{"href":"https:\/\/atauni.edu.tr\/oltu-meslek-yuksekokulu\/wp-json\/wp\/v2\/media?parent=5638"}],"curies":[{"name":"wp","href":"https:\/\/api.w.org\/{rel}","templated":true}]}}