{"id":5682,"date":"2021-07-13T10:10:01","date_gmt":"2021-07-13T07:10:01","guid":{"rendered":"https:\/\/portaltest.atauni.edu.tr\/bilgisayar-muhendisligi\/?page_id=5682"},"modified":"2021-12-30T13:09:41","modified_gmt":"2021-12-30T10:09:41","slug":"misyon-vizyon-ve-temel-degerler","status":"publish","type":"page","link":"https:\/\/atauni.edu.tr\/oltu-meslek-yuksekokulu\/misyon-vizyon-ve-temel-degerler\/","title":{"rendered":"Misyon, Vizyon ve Temel De\u011ferler"},"content":{"rendered":"\t\t<div data-elementor-type=\"wp-page\" data-elementor-id=\"5682\" class=\"elementor elementor-5682\" data-elementor-post-type=\"page\">\n\t\t\t\t\t\t<section class=\"elementor-section elementor-top-section elementor-element elementor-element-730d320 elementor-section-boxed elementor-section-height-default elementor-section-height-default\" data-id=\"730d320\" data-element_type=\"section\">\n\t\t\t\t\t\t<div class=\"elementor-container elementor-column-gap-default\">\n\t\t\t\t\t<div class=\"elementor-column elementor-col-100 elementor-top-column elementor-element elementor-element-753d0860\" data-id=\"753d0860\" data-element_type=\"column\">\n\t\t\t<div class=\"elementor-widget-wrap\">\n\t\t\t\t\t\t\t<\/div>\n\t\t<\/div>\n\t\t\t\t\t<\/div>\n\t\t<\/section>\n\t\t\t\t<section class=\"elementor-section elementor-top-section elementor-element elementor-element-9be811a elementor-section-boxed elementor-section-height-default elementor-section-height-default\" data-id=\"9be811a\" data-element_type=\"section\">\n\t\t\t\t\t\t<div class=\"elementor-container elementor-column-gap-default\">\n\t\t\t\t\t<div class=\"elementor-column elementor-col-100 elementor-top-column elementor-element elementor-element-1ed847b7\" data-id=\"1ed847b7\" data-element_type=\"column\">\n\t\t\t<div class=\"elementor-widget-wrap elementor-element-populated\">\n\t\t\t\t\t\t<div class=\"elementor-element elementor-element-4ce0d07f elementor-widget elementor-widget-heading\" data-id=\"4ce0d07f\" data-element_type=\"widget\" data-widget_type=\"heading.default\">\n\t\t\t\t<div class=\"elementor-widget-container\">\n\t\t\t\t\t<h2 class=\"elementor-heading-title elementor-size-default\">Misyon, Vizyon ve Temel De\u011ferler<\/h2>\t\t\t\t<\/div>\n\t\t\t\t<\/div>\n\t\t\t\t<div class=\"elementor-element elementor-element-63260862 elementor-widget-divider--view-line elementor-widget elementor-widget-divider\" data-id=\"63260862\" data-element_type=\"widget\" data-widget_type=\"divider.default\">\n\t\t\t\t<div class=\"elementor-widget-container\">\n\t\t\t\t\t\t\t<div class=\"elementor-divider\">\n\t\t\t<span class=\"elementor-divider-separator\">\n\t\t\t\t\t\t<\/span>\n\t\t<\/div>\n\t\t\t\t\t\t<\/div>\n\t\t\t\t<\/div>\n\t\t\t\t\t<\/div>\n\t\t<\/div>\n\t\t\t\t\t<\/div>\n\t\t<\/section>\n\t\t\t\t<section class=\"elementor-section elementor-top-section elementor-element elementor-element-681db8b elementor-section-boxed elementor-section-height-default elementor-section-height-default\" data-id=\"681db8b\" data-element_type=\"section\">\n\t\t\t\t\t\t<div class=\"elementor-container elementor-column-gap-default\">\n\t\t\t\t\t<div class=\"elementor-column elementor-col-100 elementor-top-column elementor-element elementor-element-ad4dac5\" data-id=\"ad4dac5\" data-element_type=\"column\">\n\t\t\t<div class=\"elementor-widget-wrap elementor-element-populated\">\n\t\t\t\t\t\t<div class=\"elementor-element elementor-element-2f96b3d elementor-widget elementor-widget-text-editor\" data-id=\"2f96b3d\" data-element_type=\"widget\" data-widget_type=\"text-editor.default\">\n\t\t\t\t<div class=\"elementor-widget-container\">\n\t\t\t\t\t\t\t\t\t<div>\n<h2>\u00d6z G\u00f6rev (Misyon)<\/h2>\n<p><b style=\"letter-spacing: 0px\">\u0130nsan merkezli e\u011fitim ve ara\u015ft\u0131rma faaliyetleriyle alan\u0131nda nitelikli bireyler yeti\u015ftirerek \u00fclkemizin ve b\u00f6lgemizin kalk\u0131nmas\u0131na katk\u0131 sa\u011flamak. \u00d6\u011frencilerin sadece mesleki y\u00f6nden de\u011fil ayn\u0131 zamanda ki\u015fisel geli\u015fimini de sa\u011flayacak etkinliklerle T\u00fcrkiye Cumhuriyeti\u2019nin temel de\u011ferlerini benimsemi\u015f vatanda\u015flar olmalar\u0131na katk\u0131 sunmak.&nbsp;<\/b><\/p>\n<h2>\u00d6z \u00dclk\u00fc (Vizyon)<\/h2>\n<p><b>Kendisini s\u00fcrekli geli\u015ftirdi\u011fi gibi b\u00f6lgesindeki d\u00f6n\u00fc\u015f\u00fcmlerde de \u2018ad\u0131 gibi \u00f6nc\u00fc\u2019 olan Atat\u00fcrk \u00dcniversitesi\u2019ne ba\u011fl\u0131 Y\u00fcksekokulumuzun en \u00f6nemli \u00fclk\u00fcs\u00fc \u00fcniversitemizin b\u00f6lgeye y\u00f6nelik e\u011fitim, ara\u015ft\u0131rma ve topluma katk\u0131 alanlar\u0131nda en sayg\u0131n meslek y\u00fcksekokulu olmak.&nbsp;<\/b><\/p>\n<h2>Temel De\u011ferler<\/h2>\n<p><b>\u2022 Ya\u015fam boyu \u00f6\u011frenme<\/b><\/p>\n<p><b>\u2022 Bilimsellik<\/b><\/p>\n<p><b>\u2022 Yenilik\u00e7ilik ve giri\u015fimcilik<\/b><\/p>\n<p><b>\u2022 Ulusal ve evrensel de\u011ferlere ba\u011fl\u0131l\u0131k<\/b><\/p>\n<p><b>\u2022 Kat\u0131l\u0131mc\u0131l\u0131k ve payla\u015f\u0131mc\u0131l\u0131k<\/b><\/p>\n<p><b>\u2022 Toplumsal, k\u00fclt\u00fcrel, \u00e7evresel ve sanatsal duyarl\u0131l\u0131k<\/b><\/p>\n<p><b>\u2022 Eme\u011fe sayg\u0131 g\u00f6sterme ve ba\u015far\u0131y\u0131 takdir etme<\/b><\/p>\n<p><b>\u2022 Kaynaklar\u0131n etkin kullan\u0131m\u0131<\/b><\/p>\n<p><b>\u2022 Y\u00f6netimde \u015feffafl\u0131k<\/b><\/p><\/div>\t\t\t\t\t\t\t\t<\/div>\n\t\t\t\t<\/div>\n\t\t\t\t\t<\/div>\n\t\t<\/div>\n\t\t\t\t\t<\/div>\n\t\t<\/section>\n\t\t\t\t<\/div>\n\t\t","protected":false},"excerpt":{"rendered":"<p>Misyon, Vizyon ve Temel De\u011ferler \u00d6z G\u00f6rev (Misyon) \u0130nsan merkezli e\u011fitim ve ara\u015ft\u0131rma faaliyetleriyle alan\u0131nda nitelikli bireyler yeti\u015ftirerek \u00fclkemizin ve b\u00f6lgemizin kalk\u0131nmas\u0131na katk\u0131 sa\u011flamak. \u00d6\u011frencilerin sadece mesleki y\u00f6nden de\u011fil ayn\u0131 zamanda ki\u015fisel geli\u015fimini de sa\u011flayacak etkinliklerle T\u00fcrkiye Cumhuriyeti\u2019nin temel de\u011ferlerini benimsemi\u015f vatanda\u015flar olmalar\u0131na katk\u0131 sunmak.&nbsp; \u00d6z \u00dclk\u00fc (Vizyon) Kendisini s\u00fcrekli geli\u015ftirdi\u011fi gibi b\u00f6lgesindeki d\u00f6n\u00fc\u015f\u00fcmlerde de [&hellip;]<\/p>\n","protected":false},"author":1,"featured_media":0,"parent":0,"menu_order":0,"comment_status":"closed","ping_status":"closed","template":"elementor_header_footer","meta":{"footnotes":""},"class_list":["post-5682","page","type-page","status-publish","hentry"],"_links":{"self":[{"href":"https:\/\/atauni.edu.tr\/oltu-meslek-yuksekokulu\/wp-json\/wp\/v2\/pages\/5682","targetHints":{"allow":["GET"]}}],"collection":[{"href":"https:\/\/atauni.edu.tr\/oltu-meslek-yuksekokulu\/wp-json\/wp\/v2\/pages"}],"about":[{"href":"https:\/\/atauni.edu.tr\/oltu-meslek-yuksekokulu\/wp-json\/wp\/v2\/types\/page"}],"author":[{"embeddable":true,"href":"https:\/\/atauni.edu.tr\/oltu-meslek-yuksekokulu\/wp-json\/wp\/v2\/users\/1"}],"replies":[{"embeddable":true,"href":"https:\/\/atauni.edu.tr\/oltu-meslek-yuksekokulu\/wp-json\/wp\/v2\/comments?post=5682"}],"version-history":[{"count":11,"href":"https:\/\/atauni.edu.tr\/oltu-meslek-yuksekokulu\/wp-json\/wp\/v2\/pages\/5682\/revisions"}],"predecessor-version":[{"id":6231,"href":"https:\/\/atauni.edu.tr\/oltu-meslek-yuksekokulu\/wp-json\/wp\/v2\/pages\/5682\/revisions\/6231"}],"wp:attachment":[{"href":"https:\/\/atauni.edu.tr\/oltu-meslek-yuksekokulu\/wp-json\/wp\/v2\/media?parent=5682"}],"curies":[{"name":"wp","href":"https:\/\/api.w.org\/{rel}","templated":true}]}}