{"id":6172,"date":"2021-12-23T16:31:51","date_gmt":"2021-12-23T13:31:51","guid":{"rendered":"https:\/\/birimler.atauni.edu.tr\/oltu-meslek-yuksekokulu\/?page_id=6172"},"modified":"2022-02-09T16:52:58","modified_gmt":"2022-02-09T13:52:58","slug":"formlar","status":"publish","type":"page","link":"https:\/\/atauni.edu.tr\/oltu-meslek-yuksekokulu\/formlar\/","title":{"rendered":"Formlar ve Dilek\u00e7eler"},"content":{"rendered":"\t\t<div data-elementor-type=\"wp-page\" data-elementor-id=\"6172\" class=\"elementor elementor-6172\" data-elementor-post-type=\"page\">\n\t\t\t\t\t\t<section class=\"elementor-section elementor-top-section elementor-element elementor-element-6af2d8a elementor-section-boxed elementor-section-height-default elementor-section-height-default\" data-id=\"6af2d8a\" data-element_type=\"section\">\n\t\t\t\t\t\t<div class=\"elementor-container elementor-column-gap-default\">\n\t\t\t\t\t<div class=\"elementor-column elementor-col-100 elementor-top-column elementor-element elementor-element-98359ba\" data-id=\"98359ba\" data-element_type=\"column\">\n\t\t\t<div class=\"elementor-widget-wrap elementor-element-populated\">\n\t\t\t\t\t\t<div class=\"elementor-element elementor-element-53c0b33 elementor-widget elementor-widget-text-editor\" data-id=\"53c0b33\" data-element_type=\"widget\" data-widget_type=\"text-editor.default\">\n\t\t\t\t<div class=\"elementor-widget-container\">\n\t\t\t\t\t\t\t\t\t<ul>\n<li><b>Azami S\u00fcre Sonu S\u0131nav Talep&nbsp;<\/b><\/li>\n<li><b>Bili\u015fim Teknolojileri Ders Muafiyet S\u0131nav Talep&nbsp;<\/b><\/li>\n<li><b>\u00c7ift Anadal Program Ba\u015fvuru&nbsp;<\/b><\/li>\n<li><b>Ders De\u011fi\u015ftirme &amp; Sayd\u0131rma Talep&nbsp;<\/b><\/li>\n<li><b>Ders Muafiyet Talep<\/b><\/li>\n<li><b>Mezuniyet S\u0131nav Hakk\u0131 Talep&nbsp;<\/b><\/li>\n<li><b>Mezuniyet AGNO Baraj S\u0131nav Hakk\u0131 Talep&nbsp;<\/b><\/li>\n<li><b>Mezuniyet Tek Ders S\u0131nav Hakk\u0131 Talep&nbsp;<\/b><\/li>\n<li><b>S\u0131nav Sonu\u00e7 \u0130tiraz Talep&nbsp;<\/b><\/li>\n<li><b>Yandal Program Ba\u015fvuru&nbsp;<\/b><\/li>\n<li><b>Yaz Okulunda Ba\u015fka \u00dcniversiteden Ders Alma Talep<\/b>&nbsp;<\/li>\n<\/ul>\n<p>&nbsp;konular\u0131 hakk\u0131ndaki taleplerinizi i\u00e7eren dilek\u00e7elerinizi \u00d6\u011frenci Bilgi Sisteminde bulunan <strong>\u201c\u00d6\u011frenim \/ \u00d6\u011frenim Talepleri \/ Ba\u015fvuru ve Talep Dilek\u00e7eleri\u201d<\/strong> sayfas\u0131ndan Oltu Meslek Y\u00fcksekokulu M\u00fcd\u00fcrl\u00fc\u011f\u00fcne iletebilirsiniz. S\u00f6z konusu i\u015flemleri nas\u0131l yapaca\u011f\u0131n\u0131za dair Bilgilendirme K\u0131lavuzuna eri\u015fim i\u00e7in <a href=\"http:\/\/birimler.atauni.edu.tr\/oltu-meslek-yuksekokulu\/wp-content\/uploads\/sites\/443\/2020\/07\/Talep-Basvuru-Ekrani-Kilavuzu.pdf\">t\u0131klay\u0131n\u0131z<\/a>.<\/p>\t\t\t\t\t\t\t\t<\/div>\n\t\t\t\t<\/div>\n\t\t\t\t\t<\/div>\n\t\t<\/div>\n\t\t\t\t\t<\/div>\n\t\t<\/section>\n\t\t\t\t<\/div>\n\t\t","protected":false},"excerpt":{"rendered":"<p>Azami S\u00fcre Sonu S\u0131nav Talep&nbsp; Bili\u015fim Teknolojileri Ders Muafiyet S\u0131nav Talep&nbsp; \u00c7ift Anadal Program Ba\u015fvuru&nbsp; Ders De\u011fi\u015ftirme &amp; Sayd\u0131rma Talep&nbsp; Ders Muafiyet Talep Mezuniyet S\u0131nav Hakk\u0131 Talep&nbsp; Mezuniyet AGNO Baraj S\u0131nav Hakk\u0131 Talep&nbsp; Mezuniyet Tek Ders S\u0131nav Hakk\u0131 Talep&nbsp; S\u0131nav Sonu\u00e7 \u0130tiraz Talep&nbsp; Yandal Program Ba\u015fvuru&nbsp; Yaz Okulunda Ba\u015fka \u00dcniversiteden Ders Alma Talep&nbsp; &nbsp;konular\u0131 hakk\u0131ndaki [&hellip;]<\/p>\n","protected":false},"author":409,"featured_media":0,"parent":0,"menu_order":0,"comment_status":"closed","ping_status":"closed","template":"","meta":{"footnotes":""},"class_list":["post-6172","page","type-page","status-publish","hentry"],"_links":{"self":[{"href":"https:\/\/atauni.edu.tr\/oltu-meslek-yuksekokulu\/wp-json\/wp\/v2\/pages\/6172","targetHints":{"allow":["GET"]}}],"collection":[{"href":"https:\/\/atauni.edu.tr\/oltu-meslek-yuksekokulu\/wp-json\/wp\/v2\/pages"}],"about":[{"href":"https:\/\/atauni.edu.tr\/oltu-meslek-yuksekokulu\/wp-json\/wp\/v2\/types\/page"}],"author":[{"embeddable":true,"href":"https:\/\/atauni.edu.tr\/oltu-meslek-yuksekokulu\/wp-json\/wp\/v2\/users\/409"}],"replies":[{"embeddable":true,"href":"https:\/\/atauni.edu.tr\/oltu-meslek-yuksekokulu\/wp-json\/wp\/v2\/comments?post=6172"}],"version-history":[{"count":24,"href":"https:\/\/atauni.edu.tr\/oltu-meslek-yuksekokulu\/wp-json\/wp\/v2\/pages\/6172\/revisions"}],"predecessor-version":[{"id":6313,"href":"https:\/\/atauni.edu.tr\/oltu-meslek-yuksekokulu\/wp-json\/wp\/v2\/pages\/6172\/revisions\/6313"}],"wp:attachment":[{"href":"https:\/\/atauni.edu.tr\/oltu-meslek-yuksekokulu\/wp-json\/wp\/v2\/media?parent=6172"}],"curies":[{"name":"wp","href":"https:\/\/api.w.org\/{rel}","templated":true}]}}