{"id":6737,"date":"2024-03-01T14:15:04","date_gmt":"2024-03-01T11:15:04","guid":{"rendered":"https:\/\/birimler.atauni.edu.tr\/oltu-meslek-yuksekokulu\/?page_id=6737"},"modified":"2024-03-01T15:23:15","modified_gmt":"2024-03-01T12:23:15","slug":"ders-icerikleri","status":"publish","type":"page","link":"https:\/\/atauni.edu.tr\/oltu-meslek-yuksekokulu\/ders-icerikleri\/","title":{"rendered":"Ders \u0130\u00e7erikleri"},"content":{"rendered":"\t\t<div data-elementor-type=\"wp-page\" data-elementor-id=\"6737\" class=\"elementor elementor-6737\" data-elementor-post-type=\"page\">\n\t\t\t\t\t\t<section class=\"elementor-section elementor-top-section elementor-element elementor-element-6af2d8a elementor-section-boxed elementor-section-height-default elementor-section-height-default\" data-id=\"6af2d8a\" data-element_type=\"section\">\n\t\t\t\t\t\t<div class=\"elementor-container elementor-column-gap-default\">\n\t\t\t\t\t<div class=\"elementor-column elementor-col-100 elementor-top-column elementor-element elementor-element-98359ba\" data-id=\"98359ba\" data-element_type=\"column\">\n\t\t\t<div class=\"elementor-widget-wrap elementor-element-populated\">\n\t\t\t\t\t\t<div class=\"elementor-element elementor-element-53c0b33 elementor-widget elementor-widget-text-editor\" data-id=\"53c0b33\" data-element_type=\"widget\" data-settings=\"{&quot;motion_fx_motion_fx_scrolling&quot;:&quot;yes&quot;,&quot;motion_fx_devices&quot;:[&quot;desktop&quot;,&quot;tablet&quot;,&quot;mobile&quot;]}\" data-widget_type=\"text-editor.default\">\n\t\t\t\t<div class=\"elementor-widget-container\">\n\t\t\t\t\t\t\t\t\t<ul><li><b style=\"text-align: -webkit-match-parent;color: var( --e-global-color-text );font-family: var( --e-global-typography-text-font-family ), Sans-serif;letter-spacing: 0px\">Bankac\u0131l\u0131k ve Sigortac\u0131l\u0131k Program\u0131 <span style=\"color: #333399\"><a style=\"color: #333399\" href=\"http:\/\/birimler.atauni.edu.tr\/oltu-meslek-yuksekokulu\/wp-content\/uploads\/sites\/443\/2020\/07\/BANKACILIK-VE-SIGORTACILIK-PROGRAMI-DERS-ICERIKLERI.pdf\">ders i\u00e7eri\u011fi<\/a><\/span><\/b><\/li><li><b style=\"text-align: -webkit-match-parent;color: var( --e-global-color-text );font-family: var( --e-global-typography-text-font-family ), Sans-serif;letter-spacing: 0px\">G\u0131da Kalite Kontrol ve Analizi Program\u0131 <span style=\"color: #333399\"><a style=\"color: #333399\" href=\"http:\/\/birimler.atauni.edu.tr\/oltu-meslek-yuksekokulu\/wp-content\/uploads\/sites\/443\/2020\/07\/GIDA-KALITE-KONTROL-VE-ANALIZI-PROGRAMI-DERS-ICERIKLERI.pdf\">ders i\u00e7eri\u011fi<\/a><\/span><\/b><\/li><li><b>Grafik Tasar\u0131m\u0131 Program\u0131 <span style=\"color: #333399\"><a style=\"color: #333399\" href=\"http:\/\/birimler.atauni.edu.tr\/oltu-meslek-yuksekokulu\/wp-content\/uploads\/sites\/443\/2020\/07\/GRAFIK-TASARIMI-PROGRAMI-DERS-ICERIKLERI.pdf\">ders i\u00e7eri\u011fi<\/a><\/span><\/b><\/li><li><b>Halkla \u0130li\u015fkiler ve Tan\u0131t\u0131m Program\u0131 <span style=\"color: #333399\"><a style=\"color: #333399\" href=\"http:\/\/birimler.atauni.edu.tr\/oltu-meslek-yuksekokulu\/wp-content\/uploads\/sites\/443\/2020\/07\/HALKLA-ILISKILER-PROGRAMI-DERS-ICERIKLERI.pdf\">ders i\u00e7eri\u011fi<\/a><\/span>\u00a0<\/b><\/li><li><b>\u0130n\u015faat Teknolojisi Program\u0131 <span style=\"color: #333399\"><a style=\"color: #333399\" href=\"http:\/\/birimler.atauni.edu.tr\/oltu-meslek-yuksekokulu\/wp-content\/uploads\/sites\/443\/2020\/07\/INSAAT-TEKNOLOJISI-PROGRAMI-DERS-ICERIKLERI.pdf\">ders i\u00e7eri\u011fi<\/a><\/span><\/b><\/li><li><b>\u0130\u015f Sa\u011fl\u0131\u011f\u0131 ve G\u00fcvenli\u011fi Program\u0131 <span style=\"color: #333399\"><a style=\"color: #333399\" href=\"http:\/\/birimler.atauni.edu.tr\/oltu-meslek-yuksekokulu\/wp-content\/uploads\/sites\/443\/2020\/07\/IS-SAGLIGI-VE-GUVENLIGI-PROGRAMI-DERS-ICERIKLERI.pdf\">ders i\u00e7eri\u011fi<\/a><\/span>\u00a0<\/b><\/li><li><b>Ormanc\u0131l\u0131k ve Orman \u00dcr\u00fcnleri Program\u0131 <span style=\"color: #333399\"><a style=\"color: #333399\" href=\"http:\/\/birimler.atauni.edu.tr\/oltu-meslek-yuksekokulu\/wp-content\/uploads\/sites\/443\/2020\/07\/ORMANCILIK-VE-ORMAN-URUNLERI-PROGRAMI-DERS-ICERIKLERI.pdf\">ders i\u00e7eri\u011fi<\/a><\/span><\/b><\/li><li><b>T\u0131bbi D\u00f6k\u00fcmantasyon ve Sekreterlik Program\u0131 <span style=\"color: #333399\"><a style=\"color: #333399\" href=\"http:\/\/birimler.atauni.edu.tr\/oltu-meslek-yuksekokulu\/wp-content\/uploads\/sites\/443\/2020\/07\/TIBBI-DOKUMANTASYON-VE-SEKRETERLIK-PROGRAMI-DERS-ICERIKLERI.pdf\">ders i\u00e7eri\u011fi\u00a0<\/a><\/span><\/b><\/li><\/ul>\t\t\t\t\t\t\t\t<\/div>\n\t\t\t\t<\/div>\n\t\t\t\t\t<\/div>\n\t\t<\/div>\n\t\t\t\t\t<\/div>\n\t\t<\/section>\n\t\t\t\t<\/div>\n\t\t","protected":false},"excerpt":{"rendered":"<p>Bankac\u0131l\u0131k ve Sigortac\u0131l\u0131k Program\u0131 ders i\u00e7eri\u011fi G\u0131da Kalite Kontrol ve Analizi Program\u0131 ders i\u00e7eri\u011fi Grafik Tasar\u0131m\u0131 Program\u0131 ders i\u00e7eri\u011fi Halkla \u0130li\u015fkiler ve Tan\u0131t\u0131m Program\u0131 ders i\u00e7eri\u011fi\u00a0 \u0130n\u015faat Teknolojisi Program\u0131 ders i\u00e7eri\u011fi \u0130\u015f Sa\u011fl\u0131\u011f\u0131 ve G\u00fcvenli\u011fi Program\u0131 ders i\u00e7eri\u011fi\u00a0 Ormanc\u0131l\u0131k ve Orman \u00dcr\u00fcnleri Program\u0131 ders i\u00e7eri\u011fi T\u0131bbi D\u00f6k\u00fcmantasyon ve Sekreterlik Program\u0131 ders i\u00e7eri\u011fi\u00a0<\/p>\n","protected":false},"author":409,"featured_media":0,"parent":0,"menu_order":0,"comment_status":"closed","ping_status":"closed","template":"","meta":{"footnotes":""},"class_list":["post-6737","page","type-page","status-publish","hentry"],"_links":{"self":[{"href":"https:\/\/atauni.edu.tr\/oltu-meslek-yuksekokulu\/wp-json\/wp\/v2\/pages\/6737","targetHints":{"allow":["GET"]}}],"collection":[{"href":"https:\/\/atauni.edu.tr\/oltu-meslek-yuksekokulu\/wp-json\/wp\/v2\/pages"}],"about":[{"href":"https:\/\/atauni.edu.tr\/oltu-meslek-yuksekokulu\/wp-json\/wp\/v2\/types\/page"}],"author":[{"embeddable":true,"href":"https:\/\/atauni.edu.tr\/oltu-meslek-yuksekokulu\/wp-json\/wp\/v2\/users\/409"}],"replies":[{"embeddable":true,"href":"https:\/\/atauni.edu.tr\/oltu-meslek-yuksekokulu\/wp-json\/wp\/v2\/comments?post=6737"}],"version-history":[{"count":20,"href":"https:\/\/atauni.edu.tr\/oltu-meslek-yuksekokulu\/wp-json\/wp\/v2\/pages\/6737\/revisions"}],"predecessor-version":[{"id":6768,"href":"https:\/\/atauni.edu.tr\/oltu-meslek-yuksekokulu\/wp-json\/wp\/v2\/pages\/6737\/revisions\/6768"}],"wp:attachment":[{"href":"https:\/\/atauni.edu.tr\/oltu-meslek-yuksekokulu\/wp-json\/wp\/v2\/media?parent=6737"}],"curies":[{"name":"wp","href":"https:\/\/api.w.org\/{rel}","templated":true}]}}