{"id":6945,"date":"2025-01-23T14:56:41","date_gmt":"2025-01-23T11:56:41","guid":{"rendered":"https:\/\/birimler.atauni.edu.tr\/oltu-meslek-yuksekokulu\/?page_id=6945"},"modified":"2025-01-23T15:33:36","modified_gmt":"2025-01-23T12:33:36","slug":"staj-defteri","status":"publish","type":"page","link":"https:\/\/atauni.edu.tr\/oltu-meslek-yuksekokulu\/staj-defteri\/","title":{"rendered":"Staj Defteri"},"content":{"rendered":"\t\t<div data-elementor-type=\"wp-page\" data-elementor-id=\"6945\" class=\"elementor elementor-6945\" data-elementor-post-type=\"page\">\n\t\t\t\t\t\t<section class=\"elementor-section elementor-top-section elementor-element elementor-element-6f7996e elementor-section-boxed elementor-section-height-default elementor-section-height-default\" data-id=\"6f7996e\" data-element_type=\"section\">\n\t\t\t\t\t\t<div class=\"elementor-container elementor-column-gap-default\">\n\t\t\t\t\t<div class=\"elementor-column elementor-col-100 elementor-top-column elementor-element elementor-element-381e886\" data-id=\"381e886\" data-element_type=\"column\">\n\t\t\t<div class=\"elementor-widget-wrap elementor-element-populated\">\n\t\t\t\t\t\t<div class=\"elementor-element elementor-element-6a4d253 elementor-widget elementor-widget-text-editor\" data-id=\"6a4d253\" data-element_type=\"widget\" data-widget_type=\"text-editor.default\">\n\t\t\t\t<div class=\"elementor-widget-container\">\n\t\t\t\t\t\t\t\t\t<p>Staj defterini pdf format\u0131nda indirmek i\u00e7in <a href=\"http:\/\/birimler.atauni.edu.tr\/oltu-meslek-yuksekokulu\/wp-content\/uploads\/sites\/443\/2025\/01\/OLTU-MYO-STAJ-DEFTERI.pdf\">t\u0131klay\u0131n\u0131z.<\/a><\/p>\t\t\t\t\t\t\t\t<\/div>\n\t\t\t\t<\/div>\n\t\t\t\t\t<\/div>\n\t\t<\/div>\n\t\t\t\t\t<\/div>\n\t\t<\/section>\n\t\t\t\t<section class=\"elementor-section elementor-top-section elementor-element elementor-element-92a0872 elementor-section-boxed elementor-section-height-default elementor-section-height-default\" data-id=\"92a0872\" data-element_type=\"section\">\n\t\t\t\t\t\t<div class=\"elementor-container elementor-column-gap-default\">\n\t\t\t\t\t<div class=\"elementor-column elementor-col-100 elementor-top-column elementor-element elementor-element-9a287cc\" data-id=\"9a287cc\" data-element_type=\"column\">\n\t\t\t<div class=\"elementor-widget-wrap elementor-element-populated\">\n\t\t\t\t\t\t<div class=\"elementor-element elementor-element-6fa8380 elementor-widget elementor-widget-pdf_viewer\" data-id=\"6fa8380\" data-element_type=\"widget\" data-widget_type=\"pdf_viewer.default\">\n\t\t\t\t<div class=\"elementor-widget-container\">\n\t\t\t\t\t<iframe src=\"https:\/\/docs.google.com\/viewer?url=http:\/\/birimler.atauni.edu.tr\/oltu-meslek-yuksekokulu\/wp-content\/uploads\/sites\/443\/2025\/01\/OLTU-MYO-STAJ-DEFTERI-1.pdf&amp;embedded=true\" style=\"display: block; margin-left: auto; margin-right: auto; width: 640px; height: 1020px;\" frameborder=\"1\" marginheight=\"0px\" marginwidth=\"0px\" allowfullscreen><\/iframe>\t\t\t\t<\/div>\n\t\t\t\t<\/div>\n\t\t\t\t\t<\/div>\n\t\t<\/div>\n\t\t\t\t\t<\/div>\n\t\t<\/section>\n\t\t\t\t<\/div>\n\t\t","protected":false},"excerpt":{"rendered":"<p>Staj defterini pdf format\u0131nda indirmek i\u00e7in t\u0131klay\u0131n\u0131z.<\/p>\n","protected":false},"author":409,"featured_media":0,"parent":0,"menu_order":0,"comment_status":"closed","ping_status":"closed","template":"","meta":{"footnotes":""},"class_list":["post-6945","page","type-page","status-publish","hentry"],"_links":{"self":[{"href":"https:\/\/atauni.edu.tr\/oltu-meslek-yuksekokulu\/wp-json\/wp\/v2\/pages\/6945","targetHints":{"allow":["GET"]}}],"collection":[{"href":"https:\/\/atauni.edu.tr\/oltu-meslek-yuksekokulu\/wp-json\/wp\/v2\/pages"}],"about":[{"href":"https:\/\/atauni.edu.tr\/oltu-meslek-yuksekokulu\/wp-json\/wp\/v2\/types\/page"}],"author":[{"embeddable":true,"href":"https:\/\/atauni.edu.tr\/oltu-meslek-yuksekokulu\/wp-json\/wp\/v2\/users\/409"}],"replies":[{"embeddable":true,"href":"https:\/\/atauni.edu.tr\/oltu-meslek-yuksekokulu\/wp-json\/wp\/v2\/comments?post=6945"}],"version-history":[{"count":28,"href":"https:\/\/atauni.edu.tr\/oltu-meslek-yuksekokulu\/wp-json\/wp\/v2\/pages\/6945\/revisions"}],"predecessor-version":[{"id":6978,"href":"https:\/\/atauni.edu.tr\/oltu-meslek-yuksekokulu\/wp-json\/wp\/v2\/pages\/6945\/revisions\/6978"}],"wp:attachment":[{"href":"https:\/\/atauni.edu.tr\/oltu-meslek-yuksekokulu\/wp-json\/wp\/v2\/media?parent=6945"}],"curies":[{"name":"wp","href":"https:\/\/api.w.org\/{rel}","templated":true}]}}