{"id":6217,"date":"2025-06-25T12:01:50","date_gmt":"2025-06-25T09:01:50","guid":{"rendered":"https:\/\/birimler.atauni.edu.tr\/onlisans-ve-lisans-egitim-koordinatorlugu\/?page_id=6217"},"modified":"2025-08-13T13:38:03","modified_gmt":"2025-08-13T10:38:03","slug":"duyurular","status":"publish","type":"page","link":"https:\/\/atauni.edu.tr\/onlisans-ve-lisans-egitim-koordinatorlugu\/duyurular\/","title":{"rendered":"Duyurular"},"content":{"rendered":"<form method=\"get\" class=\"row g-3\" style=\"margin-bottom: 20px;\"><div class=\"col-md-3\"><input type=\"text\" name=\"Duyuru_ara\" class=\"form-control\" placeholder=\"Duyuru ara...\" value=\"\"><\/div><div class=\"col-md-3\"><input type=\"date\" name=\"baslangic_tarihi\" class=\"form-control\" value=\"\"><\/div><div class=\"col-md-3\"><input type=\"date\" name=\"bitis_tarihi\" class=\"form-control\" value=\"\"><\/div><div class=\"col-md-3\"><button type=\"submit\" class=\"btn btn-secondary w-50\">Filtrele<\/button><\/div><\/form><ul class=\"kategori-yazilari-liste\"><li style=\"display: flex; margin-bottom: 10px; align-items: center;\"><div class=\"post-content\" style=\"flex-grow: 1;\"><span class=\"post-date Duyurutarih\" style=\"display: block; font-weight: bold; margin-bottom: 5px;\">25 Mart 2026<\/span><a class=\"Duyurubaslik\" href=\"https:\/\/atauni.edu.tr\/onlisans-ve-lisans-egitim-koordinatorlugu\/2026\/03\/25\/ataturk-universitesi-ogretim-programi-gelistirme-izleme-ve-degerlendirme-kilavuzu\/\">Atat\u00fcrk \u00dcniversitesi \u00d6\u011fretim Program\u0131 Geli\u015ftirme, \u0130zleme Ve De\u011ferlendirme K\u0131lavuzu<\/a><\/div><\/li><li style=\"display: flex; margin-bottom: 10px; align-items: center;\"><div class=\"post-content\" style=\"flex-grow: 1;\"><span class=\"post-date Duyurutarih\" style=\"display: block; font-weight: bold; margin-bottom: 5px;\">23 \u015eubat 2026<\/span><a class=\"Duyurubaslik\" href=\"https:\/\/atauni.edu.tr\/onlisans-ve-lisans-egitim-koordinatorlugu\/2026\/02\/23\/onemli-duyuru-paydas-memnuniyet-anketleri\/\">\u00d6nemli Duyuru: Payda\u015f Memnuniyet Anketleri<\/a><\/div><\/li><li style=\"display: flex; margin-bottom: 10px; align-items: center;\"><div class=\"post-content\" style=\"flex-grow: 1;\"><span class=\"post-date Duyurutarih\" style=\"display: block; font-weight: bold; margin-bottom: 5px;\">23 \u015eubat 2026<\/span><a class=\"Duyurubaslik\" href=\"https:\/\/atauni.edu.tr\/onlisans-ve-lisans-egitim-koordinatorlugu\/2026\/02\/23\/program-yeterliliklerine-ulasilma-duzeyini-gosteren-modul-tanitimi\/\">Program Yeterliliklerine Ula\u015f\u0131lma D\u00fczeyini G\u00f6steren Mod\u00fcl Tan\u0131t\u0131m\u0131<\/a><\/div><\/li><li style=\"display: flex; margin-bottom: 10px; align-items: center;\"><div class=\"post-content\" style=\"flex-grow: 1;\"><span class=\"post-date Duyurutarih\" style=\"display: block; font-weight: bold; margin-bottom: 5px;\">23 \u015eubat 2026<\/span><a class=\"Duyurubaslik\" href=\"https:\/\/atauni.edu.tr\/onlisans-ve-lisans-egitim-koordinatorlugu\/2026\/02\/23\/lisans-programlarinin-ozdegerlendirme-toplantisi\/\">Lisans Programlar\u0131n\u0131n \u00d6zde\u011ferlendirme Toplant\u0131s\u0131<\/a><\/div><\/li><li style=\"display: flex; margin-bottom: 10px; align-items: center;\"><div class=\"post-content\" style=\"flex-grow: 1;\"><span class=\"post-date Duyurutarih\" style=\"display: block; font-weight: bold; margin-bottom: 5px;\">23 \u015eubat 2026<\/span><a class=\"Duyurubaslik\" href=\"https:\/\/atauni.edu.tr\/onlisans-ve-lisans-egitim-koordinatorlugu\/2026\/02\/23\/sanat-egitiminde-kalite-ve-akreditasyon-toplantisi\/\">Sanat E\u011fitiminde Kalite ve Akreditasyon Toplant\u0131s\u0131<\/a><\/div><\/li><li style=\"display: flex; margin-bottom: 10px; align-items: center;\"><div class=\"post-content\" style=\"flex-grow: 1;\"><span class=\"post-date Duyurutarih\" style=\"display: block; font-weight: bold; margin-bottom: 5px;\">23 \u015eubat 2026<\/span><a class=\"Duyurubaslik\" href=\"https:\/\/atauni.edu.tr\/onlisans-ve-lisans-egitim-koordinatorlugu\/2026\/02\/23\/ogrenmeyi-mukemmellestirme-ve-program-gelistirme-karar-ve-koordinasyon-kurulu-toplantisi\/\">\u00d6\u011frenmeyi M\u00fckemmelle\u015ftirme ve Program Geli\u015ftirme Karar ve Koordinasyon Kurulu Toplant\u0131s\u0131<\/a><\/div><\/li><li style=\"display: flex; margin-bottom: 10px; align-items: center;\"><div class=\"post-content\" style=\"flex-grow: 1;\"><span class=\"post-date Duyurutarih\" style=\"display: block; font-weight: bold; margin-bottom: 5px;\">23 \u015eubat 2026<\/span><a class=\"Duyurubaslik\" href=\"https:\/\/atauni.edu.tr\/onlisans-ve-lisans-egitim-koordinatorlugu\/2026\/02\/23\/eczacilik-fakultesi-ile-toplanti\/\">Eczac\u0131l\u0131k Fak\u00fcltesi ile Toplant\u0131<\/a><\/div><\/li><li style=\"display: flex; margin-bottom: 10px; align-items: center;\"><div class=\"post-content\" style=\"flex-grow: 1;\"><span class=\"post-date Duyurutarih\" style=\"display: block; font-weight: bold; margin-bottom: 5px;\">23 \u015eubat 2026<\/span><a class=\"Duyurubaslik\" href=\"https:\/\/atauni.edu.tr\/onlisans-ve-lisans-egitim-koordinatorlugu\/2026\/02\/23\/kalite-guvence-sistemi-egitimlerimiz-devam-ediyor\/\">Kalite G\u00fcvence Sistemi E\u011fitimlerimiz Devam Ediyor<\/a><\/div><\/li><li style=\"display: flex; margin-bottom: 10px; align-items: center;\"><div class=\"post-content\" style=\"flex-grow: 1;\"><span class=\"post-date Duyurutarih\" style=\"display: block; font-weight: bold; margin-bottom: 5px;\">23 \u015eubat 2026<\/span><a class=\"Duyurubaslik\" href=\"https:\/\/atauni.edu.tr\/onlisans-ve-lisans-egitim-koordinatorlugu\/2026\/02\/23\/ogretim-programi-guncelleme-calismasi\/\">\u00d6\u011fretim Program\u0131 G\u00fcncelleme \u00c7al\u0131\u015fmas\u0131<\/a><\/div><\/li><li style=\"display: flex; margin-bottom: 10px; align-items: center;\"><div class=\"post-content\" style=\"flex-grow: 1;\"><span class=\"post-date Duyurutarih\" style=\"display: block; font-weight: bold; margin-bottom: 5px;\">23 \u015eubat 2026<\/span><a class=\"Duyurubaslik\" href=\"https:\/\/atauni.edu.tr\/onlisans-ve-lisans-egitim-koordinatorlugu\/2026\/02\/23\/kurumsal-yeterlilikler-icin-mufredat-gelistirilmesi\/\">Kurumsal Yeterlilikler \u0130\u00e7in M\u00fcfredat Geli\u015ftirilmesi<\/a><\/div><\/li><\/ul>\n\n\n\n<p><\/p>\n","protected":false},"excerpt":{"rendered":"","protected":false},"author":8,"featured_media":0,"parent":0,"menu_order":0,"comment_status":"closed","ping_status":"closed","template":"","meta":{"footnotes":""},"class_list":["post-6217","page","type-page","status-publish","hentry"],"_links":{"self":[{"href":"https:\/\/atauni.edu.tr\/onlisans-ve-lisans-egitim-koordinatorlugu\/wp-json\/wp\/v2\/pages\/6217","targetHints":{"allow":["GET"]}}],"collection":[{"href":"https:\/\/atauni.edu.tr\/onlisans-ve-lisans-egitim-koordinatorlugu\/wp-json\/wp\/v2\/pages"}],"about":[{"href":"https:\/\/atauni.edu.tr\/onlisans-ve-lisans-egitim-koordinatorlugu\/wp-json\/wp\/v2\/types\/page"}],"author":[{"embeddable":true,"href":"https:\/\/atauni.edu.tr\/onlisans-ve-lisans-egitim-koordinatorlugu\/wp-json\/wp\/v2\/users\/8"}],"replies":[{"embeddable":true,"href":"https:\/\/atauni.edu.tr\/onlisans-ve-lisans-egitim-koordinatorlugu\/wp-json\/wp\/v2\/comments?post=6217"}],"version-history":[{"count":2,"href":"https:\/\/atauni.edu.tr\/onlisans-ve-lisans-egitim-koordinatorlugu\/wp-json\/wp\/v2\/pages\/6217\/revisions"}],"predecessor-version":[{"id":6229,"href":"https:\/\/atauni.edu.tr\/onlisans-ve-lisans-egitim-koordinatorlugu\/wp-json\/wp\/v2\/pages\/6217\/revisions\/6229"}],"wp:attachment":[{"href":"https:\/\/atauni.edu.tr\/onlisans-ve-lisans-egitim-koordinatorlugu\/wp-json\/wp\/v2\/media?parent=6217"}],"curies":[{"name":"wp","href":"https:\/\/api.w.org\/{rel}","templated":true}]}}