{"id":6269,"date":"2026-02-23T09:32:06","date_gmt":"2026-02-23T06:32:06","guid":{"rendered":"https:\/\/atauni.edu.tr\/onlisans-ve-lisans-egitim-koordinatorlugu\/?page_id=6269"},"modified":"2026-02-23T09:33:29","modified_gmt":"2026-02-23T06:33:29","slug":"amaclarimiz","status":"publish","type":"page","link":"https:\/\/atauni.edu.tr\/onlisans-ve-lisans-egitim-koordinatorlugu\/amaclarimiz\/","title":{"rendered":"Ama\u00e7lar\u0131m\u0131z"},"content":{"rendered":"\t\t<div data-elementor-type=\"wp-page\" data-elementor-id=\"6269\" class=\"elementor elementor-6269\" data-elementor-post-type=\"page\">\n\t\t\t\t\t\t<section class=\"elementor-section elementor-top-section elementor-element elementor-element-4d96159 elementor-section-boxed elementor-section-height-default elementor-section-height-default\" data-id=\"4d96159\" data-element_type=\"section\">\n\t\t\t\t\t\t<div class=\"elementor-container elementor-column-gap-default\">\n\t\t\t\t\t<div class=\"elementor-column elementor-col-100 elementor-top-column elementor-element elementor-element-3bdd82d\" data-id=\"3bdd82d\" data-element_type=\"column\">\n\t\t\t<div class=\"elementor-widget-wrap elementor-element-populated\">\n\t\t\t\t\t\t<div class=\"elementor-element elementor-element-db64b69 elementor-widget elementor-widget-text-editor\" data-id=\"db64b69\" data-element_type=\"widget\" data-widget_type=\"text-editor.default\">\n\t\t\t\t<div class=\"elementor-widget-container\">\n\t\t\t\t\t\t\t\t\t<ul class=\"wp-block-list\"><li>\u00d6nlisans ve lisans e\u011fitiminin niteli\u011fini y\u00fckseltmeye y\u00f6nelik \u00e7al\u0131\u015fmalar yapmak<\/li><li>Programlar\u0131n akreditasyon s\u00fcre\u00e7lerine girmesini te\u015fvik etmek<\/li><\/ul>\t\t\t\t\t\t\t\t<\/div>\n\t\t\t\t<\/div>\n\t\t\t\t\t<\/div>\n\t\t<\/div>\n\t\t\t\t\t<\/div>\n\t\t<\/section>\n\t\t\t\t<\/div>\n\t\t","protected":false},"excerpt":{"rendered":"<p>\u00d6nlisans ve lisans e\u011fitiminin niteli\u011fini y\u00fckseltmeye y\u00f6nelik \u00e7al\u0131\u015fmalar yapmak Programlar\u0131n akreditasyon s\u00fcre\u00e7lerine girmesini te\u015fvik etmek<\/p>\n","protected":false},"author":1,"featured_media":0,"parent":0,"menu_order":0,"comment_status":"closed","ping_status":"closed","template":"","meta":{"footnotes":""},"class_list":["post-6269","page","type-page","status-publish","hentry"],"_links":{"self":[{"href":"https:\/\/atauni.edu.tr\/onlisans-ve-lisans-egitim-koordinatorlugu\/wp-json\/wp\/v2\/pages\/6269","targetHints":{"allow":["GET"]}}],"collection":[{"href":"https:\/\/atauni.edu.tr\/onlisans-ve-lisans-egitim-koordinatorlugu\/wp-json\/wp\/v2\/pages"}],"about":[{"href":"https:\/\/atauni.edu.tr\/onlisans-ve-lisans-egitim-koordinatorlugu\/wp-json\/wp\/v2\/types\/page"}],"author":[{"embeddable":true,"href":"https:\/\/atauni.edu.tr\/onlisans-ve-lisans-egitim-koordinatorlugu\/wp-json\/wp\/v2\/users\/1"}],"replies":[{"embeddable":true,"href":"https:\/\/atauni.edu.tr\/onlisans-ve-lisans-egitim-koordinatorlugu\/wp-json\/wp\/v2\/comments?post=6269"}],"version-history":[{"count":4,"href":"https:\/\/atauni.edu.tr\/onlisans-ve-lisans-egitim-koordinatorlugu\/wp-json\/wp\/v2\/pages\/6269\/revisions"}],"predecessor-version":[{"id":6273,"href":"https:\/\/atauni.edu.tr\/onlisans-ve-lisans-egitim-koordinatorlugu\/wp-json\/wp\/v2\/pages\/6269\/revisions\/6273"}],"wp:attachment":[{"href":"https:\/\/atauni.edu.tr\/onlisans-ve-lisans-egitim-koordinatorlugu\/wp-json\/wp\/v2\/media?parent=6269"}],"curies":[{"name":"wp","href":"https:\/\/api.w.org\/{rel}","templated":true}]}}