{"id":6283,"date":"2026-02-23T09:51:50","date_gmt":"2026-02-23T06:51:50","guid":{"rendered":"https:\/\/atauni.edu.tr\/onlisans-ve-lisans-egitim-koordinatorlugu\/?page_id=6283"},"modified":"2026-02-23T09:53:39","modified_gmt":"2026-02-23T06:53:39","slug":"calisma-gruplarimiz","status":"publish","type":"page","link":"https:\/\/atauni.edu.tr\/onlisans-ve-lisans-egitim-koordinatorlugu\/calisma-gruplarimiz\/","title":{"rendered":"\u00c7al\u0131\u015fma Gruplar\u0131m\u0131z"},"content":{"rendered":"\t\t<div data-elementor-type=\"wp-page\" data-elementor-id=\"6283\" class=\"elementor elementor-6283\" data-elementor-post-type=\"page\">\n\t\t\t\t\t\t<section class=\"elementor-section elementor-top-section elementor-element elementor-element-5e4f8b4 elementor-section-boxed elementor-section-height-default elementor-section-height-default\" data-id=\"5e4f8b4\" data-element_type=\"section\">\n\t\t\t\t\t\t<div class=\"elementor-container elementor-column-gap-default\">\n\t\t\t\t\t<div class=\"elementor-column elementor-col-100 elementor-top-column elementor-element elementor-element-f1f6b18\" data-id=\"f1f6b18\" data-element_type=\"column\">\n\t\t\t<div class=\"elementor-widget-wrap elementor-element-populated\">\n\t\t\t\t\t\t<div class=\"elementor-element elementor-element-a63bd50 elementor-widget elementor-widget-text-editor\" data-id=\"a63bd50\" data-element_type=\"widget\" data-widget_type=\"text-editor.default\">\n\t\t\t\t<div class=\"elementor-widget-container\">\n\t\t\t\t\t\t\t\t\t<p><strong>Koordinat\u00f6r<\/strong><br \/>Prof. Dr. Bilal YILMAZ<\/p><p><br \/><strong>Dan\u0131\u015fma Kurulu<\/strong><br \/>Prof. Dr. Samih BAYRAK\u00c7EKEN<br \/>Prof. Dr. Osman SAMANCI<br \/>Prof. Dr. Mehmet TAKKA\u00c7<br \/>Prof. Dr. \u00d6mer \u0130rfan K\u00dcFREV\u0130O\u011eLU<br \/>Prof. Dr. Muhammet Dursun KAYA<br \/>Do\u00e7. Dr. Sava\u015f YE\u015e\u0130LYURT<\/p><p><br \/><strong>Program Geli\u015ftirme ve De\u011ferlendirme \u00c7al\u0131\u015fma Grubu<\/strong><br \/>Prof. Dr. Ali Osman ENG\u0130N (Ba\u015fkan)<br \/>Prof. Dr. Durmu\u015f KILI\u00c7<br \/>Prof. Dr. Adnan K\u00dc\u00c7\u00dcKO\u011eLU<br \/>Prof. Dr. Yavuz Selim SA\u011eLAM<\/p><p><br \/><strong>E\u011fitim Politikalar\u0131 Geli\u015ftirme \u00c7al\u0131\u015fma Grubu<\/strong><br \/>Prof. Dr. \u0130hsan EFEO\u011eLU (Ba\u015fkan)<br \/>Prof. Dr. Mete ALIM<br \/>Prof. Dr. \u0130brahim KOPAR<br \/>Prof. Dr. Osman ELMALI<br \/>Prof. Dr. Sinan KO\u00c7Y\u0130\u011e\u0130T<br \/>Prof. Dr. Ahmet AYIK<\/p><p><br \/><strong>E\u011fitimde Kalite Geli\u015ftirme \u00c7al\u0131\u015fma Grubu<\/strong><br \/>Prof. Dr. Ba\u015faran GEN\u00c7DO\u011eAN (Ba\u015fkan)<br \/>Prof. Dr. R\u0131fat K\u00dcT\u00dcK<br \/>Prof. Dr. Bahar KOCAMAN<br \/>Prof. Dr. Ali Yal\u00e7\u0131n TAVUK\u00c7U<br \/>Prof. Dr. Eyup \u015e\u0130M\u015eEK<br \/>Do\u00e7. Dr. Suat \u00c7EL\u0130K<\/p>\t\t\t\t\t\t\t\t<\/div>\n\t\t\t\t<\/div>\n\t\t\t\t\t<\/div>\n\t\t<\/div>\n\t\t\t\t\t<\/div>\n\t\t<\/section>\n\t\t\t\t<\/div>\n\t\t","protected":false},"excerpt":{"rendered":"<p>Koordinat\u00f6rProf. Dr. Bilal YILMAZ Dan\u0131\u015fma KuruluProf. Dr. Samih BAYRAK\u00c7EKENProf. Dr. Osman SAMANCIProf. Dr. Mehmet TAKKA\u00c7Prof. Dr. \u00d6mer \u0130rfan K\u00dcFREV\u0130O\u011eLUProf. Dr. Muhammet Dursun KAYADo\u00e7. Dr. Sava\u015f YE\u015e\u0130LYURT Program Geli\u015ftirme ve De\u011ferlendirme \u00c7al\u0131\u015fma GrubuProf. Dr. Ali Osman ENG\u0130N (Ba\u015fkan)Prof. Dr. Durmu\u015f KILI\u00c7Prof. Dr. Adnan K\u00dc\u00c7\u00dcKO\u011eLUProf. Dr. Yavuz Selim SA\u011eLAM E\u011fitim Politikalar\u0131 Geli\u015ftirme \u00c7al\u0131\u015fma GrubuProf. Dr. \u0130hsan EFEO\u011eLU [&hellip;]<\/p>\n","protected":false},"author":1,"featured_media":0,"parent":0,"menu_order":0,"comment_status":"closed","ping_status":"closed","template":"","meta":{"footnotes":""},"class_list":["post-6283","page","type-page","status-publish","hentry"],"_links":{"self":[{"href":"https:\/\/atauni.edu.tr\/onlisans-ve-lisans-egitim-koordinatorlugu\/wp-json\/wp\/v2\/pages\/6283","targetHints":{"allow":["GET"]}}],"collection":[{"href":"https:\/\/atauni.edu.tr\/onlisans-ve-lisans-egitim-koordinatorlugu\/wp-json\/wp\/v2\/pages"}],"about":[{"href":"https:\/\/atauni.edu.tr\/onlisans-ve-lisans-egitim-koordinatorlugu\/wp-json\/wp\/v2\/types\/page"}],"author":[{"embeddable":true,"href":"https:\/\/atauni.edu.tr\/onlisans-ve-lisans-egitim-koordinatorlugu\/wp-json\/wp\/v2\/users\/1"}],"replies":[{"embeddable":true,"href":"https:\/\/atauni.edu.tr\/onlisans-ve-lisans-egitim-koordinatorlugu\/wp-json\/wp\/v2\/comments?post=6283"}],"version-history":[{"count":4,"href":"https:\/\/atauni.edu.tr\/onlisans-ve-lisans-egitim-koordinatorlugu\/wp-json\/wp\/v2\/pages\/6283\/revisions"}],"predecessor-version":[{"id":6287,"href":"https:\/\/atauni.edu.tr\/onlisans-ve-lisans-egitim-koordinatorlugu\/wp-json\/wp\/v2\/pages\/6283\/revisions\/6287"}],"wp:attachment":[{"href":"https:\/\/atauni.edu.tr\/onlisans-ve-lisans-egitim-koordinatorlugu\/wp-json\/wp\/v2\/media?parent=6283"}],"curies":[{"name":"wp","href":"https:\/\/api.w.org\/{rel}","templated":true}]}}