{"id":6293,"date":"2026-02-23T09:57:19","date_gmt":"2026-02-23T06:57:19","guid":{"rendered":"https:\/\/atauni.edu.tr\/onlisans-ve-lisans-egitim-koordinatorlugu\/?page_id=6293"},"modified":"2026-02-23T09:59:27","modified_gmt":"2026-02-23T06:59:27","slug":"onlisans-ve-lisans-egitim-koordinatorlugu-yonergesi","status":"publish","type":"page","link":"https:\/\/atauni.edu.tr\/onlisans-ve-lisans-egitim-koordinatorlugu\/onlisans-ve-lisans-egitim-koordinatorlugu-yonergesi\/","title":{"rendered":"\u00d6nlisans ve Lisans E\u011fitim Koordinat\u00f6rl\u00fc\u011f\u00fc Y\u00f6nergesi"},"content":{"rendered":"\t\t<div data-elementor-type=\"wp-page\" data-elementor-id=\"6293\" class=\"elementor elementor-6293\" data-elementor-post-type=\"page\">\n\t\t\t\t\t\t<section class=\"elementor-section elementor-top-section elementor-element elementor-element-b75cecf elementor-section-boxed elementor-section-height-default elementor-section-height-default\" data-id=\"b75cecf\" data-element_type=\"section\">\n\t\t\t\t\t\t<div class=\"elementor-container elementor-column-gap-default\">\n\t\t\t\t\t<div class=\"elementor-column elementor-col-100 elementor-top-column elementor-element elementor-element-3611db2\" data-id=\"3611db2\" data-element_type=\"column\">\n\t\t\t<div class=\"elementor-widget-wrap elementor-element-populated\">\n\t\t\t\t\t\t<div class=\"elementor-element elementor-element-19db0e7 elementor-widget elementor-widget-text-editor\" data-id=\"19db0e7\" data-element_type=\"widget\" data-widget_type=\"text-editor.default\">\n\t\t\t\t<div class=\"elementor-widget-container\">\n\t\t\t\t\t\t\t\t\t<p><strong>ATAT\u00dcRK \u00dcN\u0130VERS\u0130TES\u0130<\/strong><br \/><strong>\u00d6NL\u0130SANS VE L\u0130SANS E\u011e\u0130T\u0130M KOORD\u0130NAT\u00d6RL\u00dc\u011e\u00dc Y\u00d6NERGES\u0130<\/strong><\/p><p><strong>B\u0130R\u0130NC\u0130 B\u00d6L\u00dcM<\/strong><br \/><strong>Ama\u00e7, Kapsam, Dayanak ve Tan\u0131mlar<\/strong><\/p><p><strong>Ama\u00e7<\/strong><\/p><p><strong>MADDE 1-<\/strong>\u00a0(1) Bu y\u00f6nergenin amac\u0131,<\/p><p>a) Atat\u00fcrk \u00dcniversitesi \u00d6nlisans ve Lisans E\u011fitim Koordinat\u00f6rl\u00fc\u011f\u00fcn\u00fcn yetki ve sorumluluklar\u0131na ili\u015fkin \u00e7al\u0131\u015fma esaslar\u0131n\u0131 belirlemek,<\/p><p>b) Atat\u00fcrk \u00dcniversitesinde \u00f6nlisans ve lisans e\u011fitimi veren meslek y\u00fcksekokullar\u0131, fak\u00fclteler ve konservatuvar i\u00e7in e\u011fitimde kalite ve verimlili\u011fin artt\u0131r\u0131lmas\u0131na y\u00f6nelik faaliyetlerin esaslar\u0131n\u0131 d\u00fczenlemektir.<\/p><p><strong>Kapsam\u00a0<\/strong><\/p><p><strong>MADDE 2-<\/strong>\u00a0(1) Bu y\u00f6nerge, Atat\u00fcrk \u00dcniversitesi \u00d6nlisans ve Lisans E\u011fitim Koordinat\u00f6rl\u00fc\u011f\u00fcn\u00fcn kurulu\u015f, g\u00f6rev, yetki ve sorumluluklar\u0131 ile \u00e7al\u0131\u015fma usul ve esaslar\u0131n\u0131 kapsar.<\/p><p><strong>Dayanak\u00a0<\/strong><\/p><p><strong>MADDE 3-<\/strong>\u00a0(1) Bu y\u00f6nerge, 2547 say\u0131l\u0131 Y\u00fcksek\u00f6\u011fretim Kanununun 14 \u00fcnc\u00fc maddesinin (b) f\u0131kras\u0131na dayan\u0131larak haz\u0131rlanm\u0131\u015ft\u0131r.<\/p><p><strong>Tan\u0131mlar<\/strong><\/p><p><strong>MADDE 4-<\/strong>\u00a0(1) Bu Y\u00f6nergede ge\u00e7en:<\/p><p>a) Birim: Atat\u00fcrk \u00dcniversitesine ba\u011fl\u0131 fak\u00fclteler ve konservatuvar\u0131,<\/p><p>b) Koordinat\u00f6rl\u00fck: Atat\u00fcrk \u00dcniversitesi \u00d6nlisans ve Lisans E\u011fitim Koordinat\u00f6rl\u00fc\u011f\u00fcn\u00fc,<\/p><p>c) Koordinat\u00f6r: Atat\u00fcrk \u00dcniversitesi \u00d6nlisans ve Lisans E\u011fitim Koordinat\u00f6r\u00fcn\u00fc,<\/p><p>\u00e7) Rekt\u00f6r: Atat\u00fcrk \u00dcniversitesi Rekt\u00f6r\u00fcn\u00fc,<\/p><p>d) Senato: Atat\u00fcrk \u00dcniversitesi Senatosunu,<\/p><p>e) \u00dcniversite: Atat\u00fcrk \u00dcniversitesini,<\/p><p>ifade eder.<\/p><p><strong>\u0130K\u0130NC\u0130 B\u00d6L\u00dcM<\/strong><br \/><strong>Koordinat\u00f6rl\u00fc\u011f\u00fcn Olu\u015fumu, \u00c7al\u0131\u015fma \u0130lkeleri ve G\u00f6revleri<\/strong><\/p><p><strong>Koordinat\u00f6rl\u00fc\u011f\u00fcn olu\u015fumu<\/strong><\/p><p><strong>MADDE 5-<\/strong>\u00a0(1) \u00d6nlisans ve Lisans e\u011fitiminin niteli\u011fini artt\u0131rmak i\u00e7in dan\u0131\u015fma organ\u0131 olarak g\u00f6rev yapmak \u00fczere Rekt\u00f6r taraf\u0131ndan \u00dcniversitenin farkl\u0131 birimlerinden g\u00f6revlendirilen \u00f6\u011fretim \u00fcyelerinden olu\u015fan koordinat\u00f6rl\u00fck; Koordinat\u00f6r, Dan\u0131\u015fma Kurulu ve Alt Komisyonlardan (Program De\u011ferlendirme ve Geli\u015ftirme \u00c7al\u0131\u015fma Grubu, E\u011fitim Politikalar\u0131 Geli\u015ftirme Grubu, E\u011fitim Kalite Geli\u015ftirme \u00c7al\u0131\u015fma Grubu) olu\u015fur.<\/p><p>(2) Rekt\u00f6r taraf\u0131ndan koordinat\u00f6rl\u00fckte g\u00f6revlendirilen \u00f6\u011fretim \u00fcyelerinin g\u00f6rev s\u00fcresi 2 (iki) y\u0131ld\u0131r, s\u00fcresi biten \u00fcye yeniden g\u00f6revlendirilebilir.<\/p><p><strong>\u00c7al\u0131\u015fma ilkeleri\u00a0<\/strong><\/p><p><strong>MADDE 6-<\/strong>\u00a0(1) Dan\u0131\u015fma Kurulu ve alt komisyonlar koordinat\u00f6r\u00fcn \u00e7a\u011fr\u0131s\u0131 \u00fczerine \u00fcye salt \u00e7o\u011funlu\u011fu ile toplan\u0131r; toplant\u0131da kararlar oy \u00e7oklu\u011fu ile al\u0131n\u0131r; e\u015fitlik durumunda koordinat\u00f6r\u00fcn g\u00f6r\u00fc\u015f\u00fcne ba\u011fl\u0131 olarak karar verilir.<\/p><p>(2) Toplant\u0131lara mazeretsiz 3 (\u00fc\u00e7) kez \u00fcst \u00fcste kat\u0131lmayan \u00fcyenin g\u00f6revi kendili\u011finden sona erer.<\/p><p><strong>G\u00f6revleri\u00a0<\/strong><\/p><p><strong>MADDE 7-<\/strong>\u00a0(1) Koordinat\u00f6rl\u00fck a\u015fa\u011f\u0131da belirtilen g\u00f6revleri yapar ve haz\u0131rlad\u0131\u011f\u0131 raporlar\u0131 Rekt\u00f6rl\u00fc\u011fe sunar;<\/p><ol class=\"wp-block-list\"><li>\u00dcniversitenin misyon, vizyon ve stratejik hedefleri do\u011frultusunda \u00f6nlisans ve lisans e\u011fitiminin niteli\u011fini y\u00fckseltmeye y\u00f6nelik \u00e7al\u0131\u015fmalar yapmak,<\/li><li>Ulusal ve uluslararas\u0131 bilimsel anlay\u0131\u015flara g\u00f6re b\u00f6l\u00fcmlerde\/programlarda y\u00fcr\u00fct\u00fclen e\u011fitim s\u00fcre\u00e7lerinin iyile\u015ftirilmesine, yeniden yap\u0131land\u0131r\u0131lmas\u0131na ve g\u00fcncellenmesine y\u00f6nelik \u00e7al\u0131\u015fmalar yapmak,<\/li><li>\u00d6nlisans ve lisans e\u011fitimi veren birimlerde programlar\u0131n iyile\u015ftirilmesi ve g\u00fcncellenmesine y\u00f6nelik bilgilendirme toplant\u0131lar\u0131 yapmak,<\/li><li>Programlar\u0131n akreditasyon s\u00fcre\u00e7lerine girmesini te\u015fvik etmek ve bu \u00e7al\u0131\u015fmalar\u0131 desteklemek,<\/li><li>\u00dcniversite b\u00fcnyesinde e\u011fitim ile ilgili olu\u015fturulan di\u011fer kurul ve komisyonlarla koordineli \u00e7al\u0131\u015fmak.<\/li><\/ol><p><strong>\u00dc\u00c7\u00dcNC\u00dc B\u00d6L\u00dcM<\/strong><br \/><strong>\u00c7e\u015fitli ve Son H\u00fck\u00fcmler<\/strong><\/p><p><strong>Y\u00fcr\u00fcrl\u00fck\u00a0<\/strong><\/p><p><strong>MADDE 8-<\/strong>\u00a0(1) Bu Y\u00f6nerge, Senatoda kabul edildi\u011fi tarihte y\u00fcr\u00fcrl\u00fc\u011fe girer.<\/p><p><strong>Y\u00fcr\u00fctme\u00a0<\/strong><\/p><p><strong>MADDE 9-<\/strong>\u00a0(1) Bu Y\u00f6nerge h\u00fck\u00fcmlerini Atat\u00fcrk \u00dcniversitesi Rekt\u00f6r\u00fc y\u00fcr\u00fct\u00fcr.<\/p>\t\t\t\t\t\t\t\t<\/div>\n\t\t\t\t<\/div>\n\t\t\t\t\t<\/div>\n\t\t<\/div>\n\t\t\t\t\t<\/div>\n\t\t<\/section>\n\t\t\t\t<\/div>\n\t\t","protected":false},"excerpt":{"rendered":"<p>ATAT\u00dcRK \u00dcN\u0130VERS\u0130TES\u0130\u00d6NL\u0130SANS VE L\u0130SANS E\u011e\u0130T\u0130M KOORD\u0130NAT\u00d6RL\u00dc\u011e\u00dc Y\u00d6NERGES\u0130 B\u0130R\u0130NC\u0130 B\u00d6L\u00dcMAma\u00e7, Kapsam, Dayanak ve Tan\u0131mlar Ama\u00e7 MADDE 1-\u00a0(1) Bu y\u00f6nergenin amac\u0131, a) Atat\u00fcrk \u00dcniversitesi \u00d6nlisans ve Lisans E\u011fitim Koordinat\u00f6rl\u00fc\u011f\u00fcn\u00fcn yetki ve sorumluluklar\u0131na ili\u015fkin \u00e7al\u0131\u015fma esaslar\u0131n\u0131 belirlemek, b) Atat\u00fcrk \u00dcniversitesinde \u00f6nlisans ve lisans e\u011fitimi veren meslek y\u00fcksekokullar\u0131, fak\u00fclteler ve konservatuvar i\u00e7in e\u011fitimde kalite ve verimlili\u011fin artt\u0131r\u0131lmas\u0131na y\u00f6nelik faaliyetlerin [&hellip;]<\/p>\n","protected":false},"author":1,"featured_media":0,"parent":0,"menu_order":0,"comment_status":"closed","ping_status":"closed","template":"","meta":{"footnotes":""},"class_list":["post-6293","page","type-page","status-publish","hentry"],"_links":{"self":[{"href":"https:\/\/atauni.edu.tr\/onlisans-ve-lisans-egitim-koordinatorlugu\/wp-json\/wp\/v2\/pages\/6293","targetHints":{"allow":["GET"]}}],"collection":[{"href":"https:\/\/atauni.edu.tr\/onlisans-ve-lisans-egitim-koordinatorlugu\/wp-json\/wp\/v2\/pages"}],"about":[{"href":"https:\/\/atauni.edu.tr\/onlisans-ve-lisans-egitim-koordinatorlugu\/wp-json\/wp\/v2\/types\/page"}],"author":[{"embeddable":true,"href":"https:\/\/atauni.edu.tr\/onlisans-ve-lisans-egitim-koordinatorlugu\/wp-json\/wp\/v2\/users\/1"}],"replies":[{"embeddable":true,"href":"https:\/\/atauni.edu.tr\/onlisans-ve-lisans-egitim-koordinatorlugu\/wp-json\/wp\/v2\/comments?post=6293"}],"version-history":[{"count":4,"href":"https:\/\/atauni.edu.tr\/onlisans-ve-lisans-egitim-koordinatorlugu\/wp-json\/wp\/v2\/pages\/6293\/revisions"}],"predecessor-version":[{"id":6297,"href":"https:\/\/atauni.edu.tr\/onlisans-ve-lisans-egitim-koordinatorlugu\/wp-json\/wp\/v2\/pages\/6293\/revisions\/6297"}],"wp:attachment":[{"href":"https:\/\/atauni.edu.tr\/onlisans-ve-lisans-egitim-koordinatorlugu\/wp-json\/wp\/v2\/media?parent=6293"}],"curies":[{"name":"wp","href":"https:\/\/api.w.org\/{rel}","templated":true}]}}