{"id":6315,"date":"2026-02-23T10:08:40","date_gmt":"2026-02-23T07:08:40","guid":{"rendered":"https:\/\/atauni.edu.tr\/onlisans-ve-lisans-egitim-koordinatorlugu\/?page_id=6315"},"modified":"2026-02-23T10:11:38","modified_gmt":"2026-02-23T07:11:38","slug":"memnuniyet-formlari","status":"publish","type":"page","link":"https:\/\/atauni.edu.tr\/onlisans-ve-lisans-egitim-koordinatorlugu\/memnuniyet-formlari\/","title":{"rendered":"Memnuniyet Formlar\u0131"},"content":{"rendered":"\t\t<div data-elementor-type=\"wp-page\" data-elementor-id=\"6315\" class=\"elementor elementor-6315\" data-elementor-post-type=\"page\">\n\t\t\t\t\t\t<section class=\"elementor-section elementor-top-section elementor-element elementor-element-ca12651 elementor-section-boxed elementor-section-height-default elementor-section-height-default\" data-id=\"ca12651\" data-element_type=\"section\">\n\t\t\t\t\t\t<div class=\"elementor-container elementor-column-gap-default\">\n\t\t\t\t\t<div class=\"elementor-column elementor-col-100 elementor-top-column elementor-element elementor-element-2ec860e\" data-id=\"2ec860e\" data-element_type=\"column\">\n\t\t\t<div class=\"elementor-widget-wrap elementor-element-populated\">\n\t\t\t\t\t\t<div class=\"elementor-element elementor-element-d7543cb elementor-widget elementor-widget-text-editor\" data-id=\"d7543cb\" data-element_type=\"widget\" data-widget_type=\"text-editor.default\">\n\t\t\t\t<div class=\"elementor-widget-container\">\n\t\t\t\t\t\t\t\t\t<p>Akademik Personel Memnuniyet Anketine ula\u015fmak i\u00e7in\u00a0<strong><a href=\"https:\/\/web.archive.org\/web\/20250803084050\/https:\/\/anket.atauni.edu.tr\/index.php?r=survey\/index&amp;sid=174594&amp;lang=tr\">t\u0131klay\u0131n\u0131z.<\/a><\/strong><\/p><p>\u0130dari Personel Memnuniyet Anketine ula\u015fmak i\u00e7in\u00a0<strong><a href=\"https:\/\/web.archive.org\/web\/20250803075126\/https:\/\/anket.atauni.edu.tr\/index.php?r=survey\/index&amp;sid=996242&amp;lang=tr\">t\u0131klay\u0131n\u0131z.<\/a><\/strong><\/p>\t\t\t\t\t\t\t\t<\/div>\n\t\t\t\t<\/div>\n\t\t\t\t\t<\/div>\n\t\t<\/div>\n\t\t\t\t\t<\/div>\n\t\t<\/section>\n\t\t\t\t<\/div>\n\t\t","protected":false},"excerpt":{"rendered":"<p>Akademik Personel Memnuniyet Anketine ula\u015fmak i\u00e7in\u00a0t\u0131klay\u0131n\u0131z. \u0130dari Personel Memnuniyet Anketine ula\u015fmak i\u00e7in\u00a0t\u0131klay\u0131n\u0131z.<\/p>\n","protected":false},"author":1,"featured_media":0,"parent":0,"menu_order":0,"comment_status":"closed","ping_status":"closed","template":"","meta":{"footnotes":""},"class_list":["post-6315","page","type-page","status-publish","hentry"],"_links":{"self":[{"href":"https:\/\/atauni.edu.tr\/onlisans-ve-lisans-egitim-koordinatorlugu\/wp-json\/wp\/v2\/pages\/6315","targetHints":{"allow":["GET"]}}],"collection":[{"href":"https:\/\/atauni.edu.tr\/onlisans-ve-lisans-egitim-koordinatorlugu\/wp-json\/wp\/v2\/pages"}],"about":[{"href":"https:\/\/atauni.edu.tr\/onlisans-ve-lisans-egitim-koordinatorlugu\/wp-json\/wp\/v2\/types\/page"}],"author":[{"embeddable":true,"href":"https:\/\/atauni.edu.tr\/onlisans-ve-lisans-egitim-koordinatorlugu\/wp-json\/wp\/v2\/users\/1"}],"replies":[{"embeddable":true,"href":"https:\/\/atauni.edu.tr\/onlisans-ve-lisans-egitim-koordinatorlugu\/wp-json\/wp\/v2\/comments?post=6315"}],"version-history":[{"count":4,"href":"https:\/\/atauni.edu.tr\/onlisans-ve-lisans-egitim-koordinatorlugu\/wp-json\/wp\/v2\/pages\/6315\/revisions"}],"predecessor-version":[{"id":6319,"href":"https:\/\/atauni.edu.tr\/onlisans-ve-lisans-egitim-koordinatorlugu\/wp-json\/wp\/v2\/pages\/6315\/revisions\/6319"}],"wp:attachment":[{"href":"https:\/\/atauni.edu.tr\/onlisans-ve-lisans-egitim-koordinatorlugu\/wp-json\/wp\/v2\/media?parent=6315"}],"curies":[{"name":"wp","href":"https:\/\/api.w.org\/{rel}","templated":true}]}}