{"id":6361,"date":"2026-02-23T10:27:43","date_gmt":"2026-02-23T07:27:43","guid":{"rendered":"https:\/\/atauni.edu.tr\/onlisans-ve-lisans-egitim-koordinatorlugu\/?page_id=6361"},"modified":"2026-03-26T15:52:06","modified_gmt":"2026-03-26T12:52:06","slug":"yardimci-kaynaklar","status":"publish","type":"page","link":"https:\/\/atauni.edu.tr\/onlisans-ve-lisans-egitim-koordinatorlugu\/yardimci-kaynaklar\/","title":{"rendered":"Yard\u0131mc\u0131 Kaynaklar"},"content":{"rendered":"\t\t<div data-elementor-type=\"wp-page\" data-elementor-id=\"6361\" class=\"elementor elementor-6361\" data-elementor-post-type=\"page\">\n\t\t\t\t\t\t<section class=\"elementor-section elementor-top-section elementor-element elementor-element-e71a222 elementor-section-boxed elementor-section-height-default elementor-section-height-default\" data-id=\"e71a222\" data-element_type=\"section\">\n\t\t\t\t\t\t<div class=\"elementor-container elementor-column-gap-default\">\n\t\t\t\t\t<div class=\"elementor-column elementor-col-100 elementor-top-column elementor-element elementor-element-9df99cb\" data-id=\"9df99cb\" data-element_type=\"column\">\n\t\t\t<div class=\"elementor-widget-wrap elementor-element-populated\">\n\t\t\t\t\t\t<div class=\"elementor-element elementor-element-db67c37 elementor-widget elementor-widget-text-editor\" data-id=\"db67c37\" data-element_type=\"widget\" data-widget_type=\"text-editor.default\">\n\t\t\t\t<div class=\"elementor-widget-container\">\n\t\t\t\t\t\t\t\t\t<h3 class=\"wp-block-heading\">Belgeler<\/h3><div class=\"wp-block-file\"><a id=\"wp-block-file--media-22560568-2cf4-437b-b136-e648cd38bc56\" href=\"https:\/\/web.archive.org\/web\/20250328033113\/https:\/\/egitimkoordinatorlugu.atauni.edu.tr\/wp-content\/uploads\/2022\/09\/M%C3%BCfredat-Ders-E%C5%9Fle%C5%9Ftirme-Yard%C4%B1m-K%C4%B1lavuzu.pdf\" target=\"_blank\" rel=\"noreferrer noopener\">M\u00fcfredat-Ders-E\u015fle\u015ftirme-Yard\u0131m-K\u0131lavuzu<\/a> \u00a0<a class=\"wp-block-file__button wp-element-button\" href=\"https:\/\/web.archive.org\/web\/20250328033113\/https:\/\/egitimkoordinatorlugu.atauni.edu.tr\/wp-content\/uploads\/2022\/09\/M%C3%BCfredat-Ders-E%C5%9Fle%C5%9Ftirme-Yard%C4%B1m-K%C4%B1lavuzu.pdf\" aria-describedby=\"wp-block-file--media-22560568-2cf4-437b-b136-e648cd38bc56\">\u0130ndir<\/a><\/div><div class=\"wp-block-file\"><a id=\"wp-block-file--media-edc2231d-67cb-469c-bad4-3733dec5270c\" href=\"https:\/\/web.archive.org\/web\/20250328033113\/https:\/\/egitimkoordinatorlugu.atauni.edu.tr\/wp-content\/uploads\/2022\/05\/%C3%96nlisans-2-Y%C4%B1l-%C3%96%C4%9Fretim-Plan%C4%B1-%C5%9Eablonu-30.05.2022.xlsx\">\u00d6nlisans 2 Y\u0131l \u2013 \u00d6\u011fretim Plan\u0131 \u015eablonu<\/a> \u00a0<a class=\"wp-block-file__button wp-element-button\" href=\"https:\/\/web.archive.org\/web\/20250328033113\/https:\/\/egitimkoordinatorlugu.atauni.edu.tr\/wp-content\/uploads\/2022\/05\/%C3%96nlisans-2-Y%C4%B1l-%C3%96%C4%9Fretim-Plan%C4%B1-%C5%9Eablonu-30.05.2022.xlsx\" aria-describedby=\"wp-block-file--media-edc2231d-67cb-469c-bad4-3733dec5270c\">\u0130ndir<\/a><\/div><div class=\"wp-block-file\"><a id=\"wp-block-file--media-0297b508-e3f9-4106-9795-e8e4c492702f\" href=\"https:\/\/web.archive.org\/web\/20250328033113\/https:\/\/egitimkoordinatorlugu.atauni.edu.tr\/wp-content\/uploads\/2022\/08\/Lisans-4-Y%C4%B1l-%C3%96%C4%9Fretim-Plan%C4%B1-%C5%9Eablonu.xlsx\">Lisans-4-Y\u0131l-\u00d6\u011fretim-Plan\u0131-\u015eablonu<\/a> \u00a0<a class=\"wp-block-file__button wp-element-button\" href=\"https:\/\/web.archive.org\/web\/20250328033113\/https:\/\/egitimkoordinatorlugu.atauni.edu.tr\/wp-content\/uploads\/2022\/08\/Lisans-4-Y%C4%B1l-%C3%96%C4%9Fretim-Plan%C4%B1-%C5%9Eablonu.xlsx\" aria-describedby=\"wp-block-file--media-0297b508-e3f9-4106-9795-e8e4c492702f\">\u0130ndir<\/a><\/div><div class=\"wp-block-file\"><a id=\"wp-block-file--media-723cb326-09cb-4850-9b7a-a9277fcd7a2f\" href=\"https:\/\/web.archive.org\/web\/20250328033113\/https:\/\/egitimkoordinatorlugu.atauni.edu.tr\/wp-content\/uploads\/2022\/05\/Lisans-5-Y%C4%B1l-%C3%96%C4%9Fretim-Plan%C4%B1-%C5%9Eablonu-4.xlsx\">Lisans 5 Y\u0131l \u2013 \u00d6\u011fretim Plan\u0131 \u015eablonu<\/a>\u00a0\u00a0<a class=\"wp-block-file__button wp-element-button\" href=\"https:\/\/web.archive.org\/web\/20250328033113\/https:\/\/egitimkoordinatorlugu.atauni.edu.tr\/wp-content\/uploads\/2022\/05\/Lisans-5-Y%C4%B1l-%C3%96%C4%9Fretim-Plan%C4%B1-%C5%9Eablonu-4.xlsx\" aria-describedby=\"wp-block-file--media-723cb326-09cb-4850-9b7a-a9277fcd7a2f\">\u0130ndir<\/a><\/div><div class=\"wp-block-file\"><a id=\"wp-block-file--media-7553affd-58a3-4ee1-971a-c6ae9f55d839\" href=\"https:\/\/web.archive.org\/web\/20250328033113\/https:\/\/egitimkoordinatorlugu.atauni.edu.tr\/wp-content\/uploads\/2024\/08\/Program-kodlari-Ortak-zorunlu-ve-Servis-dersleri-06.08.2024.xlsx\">Program-kodlari-Ortak-zorunlu-ve-Servis-dersleri-06.08.2024 \u00a0<\/a><a class=\"wp-block-file__button wp-element-button\" href=\"https:\/\/web.archive.org\/web\/20250328033113\/https:\/\/egitimkoordinatorlugu.atauni.edu.tr\/wp-content\/uploads\/2024\/08\/Program-kodlari-Ortak-zorunlu-ve-Servis-dersleri-06.08.2024.xlsx\" aria-describedby=\"wp-block-file--media-7553affd-58a3-4ee1-971a-c6ae9f55d839\">\u0130ndir<\/a><\/div><div class=\"wp-block-file\"><a id=\"wp-block-file--media-bc726ce7-305c-4f3c-8592-e329ef2d3991\" href=\"https:\/\/web.archive.org\/web\/20250328033113\/https:\/\/egitimkoordinatorlugu.atauni.edu.tr\/wp-content\/uploads\/2022\/05\/%C3%96%C4%9Fretim-Program%C4%B1-Geli%C5%9Ftirme-Sunusu-10.5.2022-1.pdf\" target=\"_blank\" rel=\"noreferrer noopener\">\u00d6\u011fretim Program\u0131 Geli\u015ftirme Sunusu\u00a0 <\/a><a class=\"wp-block-file__button wp-element-button\" href=\"https:\/\/web.archive.org\/web\/20250328033113\/https:\/\/egitimkoordinatorlugu.atauni.edu.tr\/wp-content\/uploads\/2022\/05\/%C3%96%C4%9Fretim-Program%C4%B1-Geli%C5%9Ftirme-Sunusu-10.5.2022-1.pdf\" aria-describedby=\"wp-block-file--media-bc726ce7-305c-4f3c-8592-e329ef2d3991\">\u0130ndir<\/a><\/div><div class=\"wp-block-file\"><a id=\"wp-block-file--media-c8a7c021-84ad-4091-9f32-aef06fb129b1\" href=\"https:\/\/web.archive.org\/web\/20250328033113\/https:\/\/egitimkoordinatorlugu.atauni.edu.tr\/wp-content\/uploads\/2022\/08\/hatal%C4%B1-dersler-2.xlsx\" target=\"_blank\" rel=\"noreferrer noopener\">Hatal\u0131 Derslerin Oldu\u011fu Programlar<\/a> \u00a0<a class=\"wp-block-file__button wp-element-button\" href=\"https:\/\/web.archive.org\/web\/20250328033113\/https:\/\/egitimkoordinatorlugu.atauni.edu.tr\/wp-content\/uploads\/2022\/08\/hatal%C4%B1-dersler-2.xlsx\" aria-describedby=\"wp-block-file--media-c8a7c021-84ad-4091-9f32-aef06fb129b1\">\u0130ndir<\/a><\/div><p><a href=\"https:\/\/web.archive.org\/web\/20250328033113\/https:\/\/drive.google.com\/file\/d\/1B7iWaEcsxYwHH2ts-bC4jn-wq0QTsL5k\/view?usp=sharing\">Hatal\u0131 Dersleri G\u00f6steren Renklerin Anlamlar\u0131<\/a><\/p><h3 class=\"wp-block-heading\">Toplant\u0131lar<\/h3><figure class=\"wp-block-embed is-type-video is-provider-youtube wp-block-embed-youtube wp-embed-aspect-16-9 wp-has-aspect-ratio\"><div class=\"wp-block-embed__wrapper\">\u00a0<\/div><figcaption class=\"wp-element-caption\"><a href=\"https:\/\/youtu.be\/jrQ-HsqWI-s\">\u0130ntibak Toplant\u0131s\u0131 \u2013 23 A\u011fustos 2022<\/a><\/figcaption><\/figure><figure class=\"wp-block-embed is-type-video is-provider-youtube wp-block-embed-youtube wp-embed-aspect-16-9 wp-has-aspect-ratio\"><div class=\"wp-block-embed__wrapper\">\u00a0<\/div><figcaption class=\"wp-element-caption\"><a href=\"https:\/\/youtu.be\/0fBwaWA-3yM\">\u00d6\u011fretim Plan\u0131 Ders Kodlar\u0131 ve Servis Dersleri Toplant\u0131s\u0131 \u2013 9 May\u0131s 2022<\/a><\/figcaption><\/figure><figure class=\"wp-block-embed is-type-video is-provider-youtube wp-block-embed-youtube wp-embed-aspect-16-9 wp-has-aspect-ratio\"><div class=\"wp-block-embed__wrapper\">\u00a0<\/div><figcaption class=\"wp-element-caption\"><a href=\"https:\/\/www.youtube.com\/watch?v=2jOdadwnzkk\">Program G\u00fcncelleme Toplant\u0131s\u0131 \u2013 10 May\u0131s 2022<\/a><\/figcaption><\/figure>\t\t\t\t\t\t\t\t<\/div>\n\t\t\t\t<\/div>\n\t\t\t\t\t<\/div>\n\t\t<\/div>\n\t\t\t\t\t<\/div>\n\t\t<\/section>\n\t\t\t\t<section class=\"elementor-section elementor-top-section elementor-element elementor-element-b1fdbd5 elementor-section-boxed elementor-section-height-default elementor-section-height-default\" data-id=\"b1fdbd5\" data-element_type=\"section\">\n\t\t\t\t\t\t<div class=\"elementor-container elementor-column-gap-default\">\n\t\t\t\t\t<div class=\"elementor-column elementor-col-33 elementor-top-column elementor-element elementor-element-3869567\" data-id=\"3869567\" data-element_type=\"column\">\n\t\t\t<div class=\"elementor-widget-wrap elementor-element-populated\">\n\t\t\t\t\t\t<div class=\"elementor-element elementor-element-b27d510 elementor-widget__width-initial elementor-widget elementor-widget-heading\" data-id=\"b27d510\" data-element_type=\"widget\" data-widget_type=\"heading.default\">\n\t\t\t\t<div class=\"elementor-widget-container\">\n\t\t\t\t\t<h2 class=\"elementor-heading-title elementor-size-default\">E\u011fitim Koordinasyon Kurul Toplant\u0131s\u0131 Yap\u0131ld\u0131<\/h2>\t\t\t\t<\/div>\n\t\t\t\t<\/div>\n\t\t\t\t\t<\/div>\n\t\t<\/div>\n\t\t\t\t<div class=\"elementor-column elementor-col-33 elementor-top-column elementor-element elementor-element-9444c05\" data-id=\"9444c05\" data-element_type=\"column\">\n\t\t\t<div class=\"elementor-widget-wrap elementor-element-populated\">\n\t\t\t\t\t\t<div class=\"elementor-element elementor-element-fc6c0a2 elementor-widget elementor-widget-text-editor\" data-id=\"fc6c0a2\" data-element_type=\"widget\" data-widget_type=\"text-editor.default\">\n\t\t\t\t<div class=\"elementor-widget-container\">\n\t\t\t\t\t\t\t\t\t<p data-start=\"110\" data-end=\"367\">Atat\u00fcrk \u00dcniversitesi E\u011fitim Koordinasyon Kurulu, 10 A\u011fustos 2023 tarihinde Rekt\u00f6r Yard\u0131mc\u0131s\u0131 Prof. Dr. Mustafa S\u00f6zbilir ba\u015fkanl\u0131\u011f\u0131nda topland\u0131. Toplant\u0131ya kurul \u00fcyelerinin yan\u0131 s\u0131ra akademik birim y\u00f6neticileri ile e\u011fitim ve kalite komisyonu \u00fcyeleri kat\u0131ld\u0131.<\/p><p data-start=\"369\" data-end=\"604\">Toplant\u0131da, g\u00fcncellenen \u00f6\u011fretim programlar\u0131n\u0131n <strong data-start=\"416\" data-end=\"509\">izleme ve de\u011ferlendirme s\u00fcre\u00e7lerine ili\u015fkin uygulama esaslar\u0131 ve \u015fablonlar\u0131n haz\u0131rlanmas\u0131<\/strong> ile <strong data-start=\"514\" data-end=\"569\">ders bilgi paketlerindeki eksikliklerin giderilmesi<\/strong> konular\u0131nda bilgilendirme yap\u0131ld\u0131.<\/p>\t\t\t\t\t\t\t\t<\/div>\n\t\t\t\t<\/div>\n\t\t\t\t\t<\/div>\n\t\t<\/div>\n\t\t\t\t<div class=\"elementor-column elementor-col-33 elementor-top-column elementor-element elementor-element-ea9455b\" data-id=\"ea9455b\" data-element_type=\"column\">\n\t\t\t<div class=\"elementor-widget-wrap elementor-element-populated\">\n\t\t\t\t\t\t<div class=\"elementor-element elementor-element-5bc32c5 elementor-widget elementor-widget-image-gallery\" data-id=\"5bc32c5\" data-element_type=\"widget\" data-widget_type=\"image-gallery.default\">\n\t\t\t\t<div class=\"elementor-widget-container\">\n\t\t\t\t\t\t\t<div class=\"elementor-image-gallery\">\n\t\t\t\n\t\t<style type=\"text\/css\">\n\t\t\t#gallery-1 {\n\t\t\t\tmargin: auto;\n\t\t\t}\n\t\t\t#gallery-1 .gallery-item {\n\t\t\t\tfloat: left;\n\t\t\t\tmargin-top: 10px;\n\t\t\t\ttext-align: center;\n\t\t\t\twidth: 50%;\n\t\t\t}\n\t\t\t#gallery-1 img {\n\t\t\t\tborder: 2px solid #cfcfcf;\n\t\t\t}\n\t\t\t#gallery-1 .gallery-caption {\n\t\t\t\tmargin-left: 0;\n\t\t\t}\n\t\t\t\/* see gallery_shortcode() in wp-includes\/media.php *\/\n\t\t<\/style>\n\t\t<div id='gallery-1' class='gallery galleryid-6361 gallery-columns-2 gallery-size-large'><dl class='gallery-item'>\n\t\t\t<dt class='gallery-icon landscape'>\n\t\t\t\t<a data-elementor-open-lightbox=\"yes\" data-elementor-lightbox-slideshow=\"5bc32c5\" data-elementor-lightbox-title=\"WhatsApp-Image-2023-08-10-at-21.11.29\" data-e-action-hash=\"#elementor-action%3Aaction%3Dlightbox%26settings%3DeyJpZCI6NjUyMywidXJsIjoiaHR0cHM6XC9cL2F0YXVuaS5lZHUudHJcL29ubGlzYW5zLXZlLWxpc2Fucy1lZ2l0aW0ta29vcmRpbmF0b3JsdWd1XC93cC1jb250ZW50XC91cGxvYWRzXC9zaXRlc1wvODI0XC8yMDI2XC8wM1wvV2hhdHNBcHAtSW1hZ2UtMjAyMy0wOC0xMC1hdC0yMS4xMS4yOS5qcGVnIiwic2xpZGVzaG93IjoiNWJjMzJjNSJ9\" href='https:\/\/atauni.edu.tr\/onlisans-ve-lisans-egitim-koordinatorlugu\/wp-content\/uploads\/sites\/824\/2026\/03\/WhatsApp-Image-2023-08-10-at-21.11.29.jpeg'><img fetchpriority=\"high\" decoding=\"async\" width=\"1024\" height=\"576\" src=\"https:\/\/atauni.edu.tr\/onlisans-ve-lisans-egitim-koordinatorlugu\/wp-content\/uploads\/sites\/824\/2026\/03\/WhatsApp-Image-2023-08-10-at-21.11.29.jpeg\" class=\"attachment-large size-large\" alt=\"\" srcset=\"https:\/\/atauni.edu.tr\/onlisans-ve-lisans-egitim-koordinatorlugu\/wp-content\/uploads\/sites\/824\/2026\/03\/WhatsApp-Image-2023-08-10-at-21.11.29.jpeg 1024w, https:\/\/atauni.edu.tr\/onlisans-ve-lisans-egitim-koordinatorlugu\/wp-content\/uploads\/sites\/824\/2026\/03\/WhatsApp-Image-2023-08-10-at-21.11.29-300x169.jpeg 300w, https:\/\/atauni.edu.tr\/onlisans-ve-lisans-egitim-koordinatorlugu\/wp-content\/uploads\/sites\/824\/2026\/03\/WhatsApp-Image-2023-08-10-at-21.11.29-768x432.jpeg 768w, https:\/\/atauni.edu.tr\/onlisans-ve-lisans-egitim-koordinatorlugu\/wp-content\/uploads\/sites\/824\/2026\/03\/WhatsApp-Image-2023-08-10-at-21.11.29-600x338.jpeg 600w, https:\/\/atauni.edu.tr\/onlisans-ve-lisans-egitim-koordinatorlugu\/wp-content\/uploads\/sites\/824\/2026\/03\/WhatsApp-Image-2023-08-10-at-21.11.29-560x315.jpeg 560w\" sizes=\"(max-width: 1024px) 100vw, 1024px\" \/><\/a>\n\t\t\t<\/dt><\/dl><dl class='gallery-item'>\n\t\t\t<dt class='gallery-icon landscape'>\n\t\t\t\t<a data-elementor-open-lightbox=\"yes\" data-elementor-lightbox-slideshow=\"5bc32c5\" data-elementor-lightbox-title=\"WhatsApp-Image-2023-08-10-at-21.11.29-1\" data-e-action-hash=\"#elementor-action%3Aaction%3Dlightbox%26settings%3DeyJpZCI6NjUyMiwidXJsIjoiaHR0cHM6XC9cL2F0YXVuaS5lZHUudHJcL29ubGlzYW5zLXZlLWxpc2Fucy1lZ2l0aW0ta29vcmRpbmF0b3JsdWd1XC93cC1jb250ZW50XC91cGxvYWRzXC9zaXRlc1wvODI0XC8yMDI2XC8wM1wvV2hhdHNBcHAtSW1hZ2UtMjAyMy0wOC0xMC1hdC0yMS4xMS4yOS0xLmpwZWciLCJzbGlkZXNob3ciOiI1YmMzMmM1In0%3D\" href='https:\/\/atauni.edu.tr\/onlisans-ve-lisans-egitim-koordinatorlugu\/wp-content\/uploads\/sites\/824\/2026\/03\/WhatsApp-Image-2023-08-10-at-21.11.29-1.jpeg'><img decoding=\"async\" width=\"1024\" height=\"576\" src=\"https:\/\/atauni.edu.tr\/onlisans-ve-lisans-egitim-koordinatorlugu\/wp-content\/uploads\/sites\/824\/2026\/03\/WhatsApp-Image-2023-08-10-at-21.11.29-1.jpeg\" class=\"attachment-large size-large\" alt=\"\" srcset=\"https:\/\/atauni.edu.tr\/onlisans-ve-lisans-egitim-koordinatorlugu\/wp-content\/uploads\/sites\/824\/2026\/03\/WhatsApp-Image-2023-08-10-at-21.11.29-1.jpeg 1024w, https:\/\/atauni.edu.tr\/onlisans-ve-lisans-egitim-koordinatorlugu\/wp-content\/uploads\/sites\/824\/2026\/03\/WhatsApp-Image-2023-08-10-at-21.11.29-1-300x169.jpeg 300w, https:\/\/atauni.edu.tr\/onlisans-ve-lisans-egitim-koordinatorlugu\/wp-content\/uploads\/sites\/824\/2026\/03\/WhatsApp-Image-2023-08-10-at-21.11.29-1-768x432.jpeg 768w, https:\/\/atauni.edu.tr\/onlisans-ve-lisans-egitim-koordinatorlugu\/wp-content\/uploads\/sites\/824\/2026\/03\/WhatsApp-Image-2023-08-10-at-21.11.29-1-600x338.jpeg 600w, https:\/\/atauni.edu.tr\/onlisans-ve-lisans-egitim-koordinatorlugu\/wp-content\/uploads\/sites\/824\/2026\/03\/WhatsApp-Image-2023-08-10-at-21.11.29-1-560x315.jpeg 560w\" sizes=\"(max-width: 1024px) 100vw, 1024px\" \/><\/a>\n\t\t\t<\/dt><\/dl><br style=\"clear: both\" \/>\n\t\t<\/div>\n\t\t<\/div>\n\t\t\t\t\t\t<\/div>\n\t\t\t\t<\/div>\n\t\t\t\t\t<\/div>\n\t\t<\/div>\n\t\t\t\t\t<\/div>\n\t\t<\/section>\n\t\t\t\t<\/div>\n\t\t","protected":false},"excerpt":{"rendered":"<p>Belgeler M\u00fcfredat-Ders-E\u015fle\u015ftirme-Yard\u0131m-K\u0131lavuzu \u00a0\u0130ndir\u00d6nlisans 2 Y\u0131l \u2013 \u00d6\u011fretim Plan\u0131 \u015eablonu \u00a0\u0130ndirLisans-4-Y\u0131l-\u00d6\u011fretim-Plan\u0131-\u015eablonu \u00a0\u0130ndirLisans 5 Y\u0131l \u2013 \u00d6\u011fretim Plan\u0131 \u015eablonu\u00a0\u00a0\u0130ndirProgram-kodlari-Ortak-zorunlu-ve-Servis-dersleri-06.08.2024 \u00a0\u0130ndir\u00d6\u011fretim Program\u0131 Geli\u015ftirme Sunusu\u00a0 \u0130ndirHatal\u0131 Derslerin Oldu\u011fu Programlar \u00a0\u0130ndir Hatal\u0131 Dersleri G\u00f6steren Renklerin Anlamlar\u0131 Toplant\u0131lar \u00a0\u0130ntibak Toplant\u0131s\u0131 \u2013 23 A\u011fustos 2022 \u00a0\u00d6\u011fretim Plan\u0131 Ders Kodlar\u0131 ve Servis Dersleri Toplant\u0131s\u0131 \u2013 9 May\u0131s 2022 \u00a0Program G\u00fcncelleme Toplant\u0131s\u0131 \u2013 10 [&hellip;]<\/p>\n","protected":false},"author":1,"featured_media":0,"parent":0,"menu_order":0,"comment_status":"closed","ping_status":"closed","template":"","meta":{"footnotes":""},"class_list":["post-6361","page","type-page","status-publish","hentry"],"_links":{"self":[{"href":"https:\/\/atauni.edu.tr\/onlisans-ve-lisans-egitim-koordinatorlugu\/wp-json\/wp\/v2\/pages\/6361","targetHints":{"allow":["GET"]}}],"collection":[{"href":"https:\/\/atauni.edu.tr\/onlisans-ve-lisans-egitim-koordinatorlugu\/wp-json\/wp\/v2\/pages"}],"about":[{"href":"https:\/\/atauni.edu.tr\/onlisans-ve-lisans-egitim-koordinatorlugu\/wp-json\/wp\/v2\/types\/page"}],"author":[{"embeddable":true,"href":"https:\/\/atauni.edu.tr\/onlisans-ve-lisans-egitim-koordinatorlugu\/wp-json\/wp\/v2\/users\/1"}],"replies":[{"embeddable":true,"href":"https:\/\/atauni.edu.tr\/onlisans-ve-lisans-egitim-koordinatorlugu\/wp-json\/wp\/v2\/comments?post=6361"}],"version-history":[{"count":19,"href":"https:\/\/atauni.edu.tr\/onlisans-ve-lisans-egitim-koordinatorlugu\/wp-json\/wp\/v2\/pages\/6361\/revisions"}],"predecessor-version":[{"id":6558,"href":"https:\/\/atauni.edu.tr\/onlisans-ve-lisans-egitim-koordinatorlugu\/wp-json\/wp\/v2\/pages\/6361\/revisions\/6558"}],"wp:attachment":[{"href":"https:\/\/atauni.edu.tr\/onlisans-ve-lisans-egitim-koordinatorlugu\/wp-json\/wp\/v2\/media?parent=6361"}],"curies":[{"name":"wp","href":"https:\/\/api.w.org\/{rel}","templated":true}]}}