{"id":6393,"date":"2026-02-23T11:20:23","date_gmt":"2026-02-23T08:20:23","guid":{"rendered":"https:\/\/atauni.edu.tr\/onlisans-ve-lisans-egitim-koordinatorlugu\/?page_id=6393"},"modified":"2026-02-23T11:21:25","modified_gmt":"2026-02-23T08:21:25","slug":"tescil-suresi-devam-edenler","status":"publish","type":"page","link":"https:\/\/atauni.edu.tr\/onlisans-ve-lisans-egitim-koordinatorlugu\/tescil-suresi-devam-edenler\/","title":{"rendered":"Tescil S\u00fcresi Devam Edenler"},"content":{"rendered":"\t\t<div data-elementor-type=\"wp-page\" data-elementor-id=\"6393\" class=\"elementor elementor-6393\" data-elementor-post-type=\"page\">\n\t\t\t\t\t\t<section class=\"elementor-section elementor-top-section elementor-element elementor-element-6cbadd0 elementor-section-boxed elementor-section-height-default elementor-section-height-default\" data-id=\"6cbadd0\" data-element_type=\"section\">\n\t\t\t\t\t\t<div class=\"elementor-container elementor-column-gap-default\">\n\t\t\t\t\t<div class=\"elementor-column elementor-col-100 elementor-top-column elementor-element elementor-element-a432cd1\" data-id=\"a432cd1\" data-element_type=\"column\">\n\t\t\t<div class=\"elementor-widget-wrap elementor-element-populated\">\n\t\t\t\t\t\t<div class=\"elementor-element elementor-element-5e722de elementor-widget elementor-widget-text-editor\" data-id=\"5e722de\" data-element_type=\"widget\" data-widget_type=\"text-editor.default\">\n\t\t\t\t<div class=\"elementor-widget-container\">\n\t\t\t\t\t\t\t\t\t<div class=\"portlet-title margin-bottom-30\"><div class=\"caption font-blue-sharp\"><span class=\"caption-subject bold\">Tescil S\u00fcresi Devam Edenler<\/span><\/div><\/div><div class=\"portlet-body\"><div class=\"row margin-bottom-30\"><div class=\"col-md-12 col-sm-12\"><table class=\"table\"><thead><tr><th>No:<\/th><th>Akreditasyon Kurulu\u015fu<\/th><th>Tescil Tarihi<\/th><th>Tescil Biti\u015f Tarihi<\/th><th>Ge\u00e7erlilik S\u00fcresi (Y\u0131l)<\/th><\/tr><\/thead><tbody><tr><td>1<\/td><td><a href=\"https:\/\/web.archive.org\/web\/20240911095900\/https:\/\/www.dedak.org\/\" target=\"_blank\" rel=\"noopener\">Dil E\u011fitim Programlar\u0131 De\u011ferlendirme ve Akreditasyon Derne\u011fi-DEDAK<\/a><\/td><td>15.09.2021<\/td><td>15.09.2023<\/td><td>2<\/td><\/tr><tr><td>\u00a0<\/td><td>\u00a0<\/td><td>15.09.2023<\/td><td>15.09.2025<\/td><td>2<\/td><\/tr><tr><td>2<\/td><td><a href=\"https:\/\/web.archive.org\/web\/20240911095900\/http:\/\/www.depad.org\/\" target=\"_blank\" rel=\"noopener\">Di\u015f Hekimli\u011fi E\u011fitimi Programlar\u0131 Akreditasyon Derne\u011fi (DEPAD)<\/a><\/td><td>11.03.2020<\/td><td>11.03.2022<\/td><td>2<\/td><\/tr><tr><td>\u00a0<\/td><td>\u00a0<\/td><td>11.03.2022<\/td><td>11.03.2024<\/td><td>2<\/td><\/tr><tr><td>\u00a0<\/td><td>\u00a0<\/td><td>11.03.2024<\/td><td>11.03.2026<\/td><td>2<\/td><\/tr><tr><td>3<\/td><td><a href=\"https:\/\/web.archive.org\/web\/20240911095900\/http:\/\/www.eczakder.org.tr\/\" target=\"_blank\" rel=\"noopener\">Eczac\u0131l\u0131k E\u011fitimi Programlar\u0131n\u0131 De\u011ferlendirme ve Akreditasyon Derne\u011fi-ECZAKDER<\/a><\/td><td>25.12.2014<\/td><td>25.12.2016<\/td><td>2<\/td><\/tr><tr><td>\u00a0<\/td><td>\u00a0<\/td><td>26.12.2018<\/td><td>26.12.2020<\/td><td>2<\/td><\/tr><tr><td>\u00a0<\/td><td>\u00a0<\/td><td>26.12.2020<\/td><td>26.12.2025<\/td><td>5<\/td><\/tr><tr><td>4<\/td><td><a href=\"https:\/\/web.archive.org\/web\/20240911095900\/https:\/\/www.etmk.org.tr\/\" target=\"_blank\" rel=\"noopener\">End\u00fcstriyel Tasar\u0131mc\u0131lar Meslek Kurulu\u015fu Derne\u011fi-ETMK<\/a><\/td><td>21.12.2022<\/td><td>21.12.2024<\/td><td>2<\/td><\/tr><tr><td>5<\/td><td><a href=\"https:\/\/web.archive.org\/web\/20240911095900\/http:\/\/www.fedek.org.tr\/\" target=\"_blank\" rel=\"noopener\">Fen, Edebiyat, Fen-Edebiyat, Dil ve Tarih-Co\u011frafya Fak\u00fclteleri Akreditasyon Derne\u011fi-FEDEK<\/a><\/td><td>26.08.2010<\/td><td>26.08.2012<\/td><td>2<\/td><\/tr><tr><td>\u00a0<\/td><td>\u00a0<\/td><td>1.02.2013<\/td><td>1.02.2015<\/td><td>2<\/td><\/tr><tr><td>\u00a0<\/td><td>\u00a0<\/td><td>9.04.2015<\/td><td>9.04.2018<\/td><td>3<\/td><\/tr><tr><td>\u00a0<\/td><td>\u00a0<\/td><td>9.04.2018<\/td><td>9.04.2023<\/td><td>5<\/td><\/tr><tr><td>\u00a0<\/td><td>\u00a0<\/td><td>9.04.2023<\/td><td>9.04.2028<\/td><td>5<\/td><\/tr><tr><td>6<\/td><td><a href=\"https:\/\/web.archive.org\/web\/20240911095900\/http:\/\/ftrad.org\/\" target=\"_blank\" rel=\"noopener\">Fizyoterapi ve Rehabilitasyon E\u011fitim Programlar\u0131 De\u011ferlendirme ve Akreditasyon Derne\u011fi-FTR-AD<\/a><\/td><td>18.09.2023<\/td><td>18.09.2025<\/td><td>2<\/td><\/tr><tr><td>7<\/td><td><a href=\"https:\/\/web.archive.org\/web\/20240911095900\/http:\/\/www.hepdak.org.tr\/\" target=\"_blank\" rel=\"noopener\">Hem\u015firelik E\u011fitim Programlar\u0131 De\u011ferlendirme ve Akreditasyon Derne\u011fi-HEPDAK<\/a><\/td><td>25.12.2014<\/td><td>25.12.2016<\/td><td>2<\/td><\/tr><tr><td>\u00a0<\/td><td>\u00a0<\/td><td>25.12.2016<\/td><td>25.12.2018<\/td><td>2<\/td><\/tr><tr><td>\u00a0<\/td><td>\u00a0<\/td><td>25.12.2018<\/td><td>25.12.2023<\/td><td>5<\/td><\/tr><tr><td>\u00a0<\/td><td>\u00a0<\/td><td>25.12.2023<\/td><td>25.12.2028<\/td><td>5<\/td><\/tr><tr><td>8<\/td><td><a href=\"https:\/\/web.archive.org\/web\/20240911095900\/https:\/\/iaa.org.tr\/\" target=\"_blank\" rel=\"noopener\">\u0130lahiyat Akreditasyon Ajans\u0131-\u0130AA<\/a><\/td><td>11.09.2019<\/td><td>11.09.2021<\/td><td>2<\/td><\/tr><tr><td>\u00a0<\/td><td>\u00a0<\/td><td>15.09.2021<\/td><td>15.09.2023<\/td><td>2<\/td><\/tr><tr><td>\u00a0<\/td><td>\u00a0<\/td><td>15.09.2023<\/td><td>15.09.2025<\/td><td>2<\/td><\/tr><tr><td>9<\/td><td><a href=\"https:\/\/web.archive.org\/web\/20240911095900\/http:\/\/iledak.ilad.org.tr\/\" target=\"_blank\" rel=\"noopener\">\u0130leti\u015fim Ara\u015ft\u0131rmalar\u0131 Derne\u011fi (\u0130leti\u015fim E\u011fitimi De\u011ferlendirme Akreditasyon Kurulu-\u0130LEDAK)<\/a><\/td><td>31.01.2018<\/td><td>31.01.2020<\/td><td>2<\/td><\/tr><tr><td>\u00a0<\/td><td>\u00a0<\/td><td>31.01.2020<\/td><td>31.01.2022<\/td><td>2<\/td><\/tr><tr><td>\u00a0<\/td><td>\u00a0<\/td><td>19.01.2022<\/td><td>19.01.2027<\/td><td>5<\/td><\/tr><tr><td>10<\/td><td><a href=\"https:\/\/web.archive.org\/web\/20240911095900\/http:\/\/medek.org.tr\/\" target=\"_blank\" rel=\"noopener\">Mesleki E\u011fitim De\u011ferlendirme ve Akreditasyon Derne\u011fi-MEDEK<\/a><\/td><td>21.08.2023<\/td><td>21.08.2025<\/td><td>2<\/td><\/tr><tr><td>11<\/td><td><a href=\"https:\/\/web.archive.org\/web\/20240911095900\/http:\/\/www.miak.org\/\" target=\"_blank\" rel=\"noopener\">Mimarl\u0131k E\u011fitimi Akreditasyon Derne\u011fi-M\u0130AK<\/a><\/td><td>17.11.2021<\/td><td>17.11.2023<\/td><td>2<\/td><\/tr><tr><td>\u00a0<\/td><td>\u00a0<\/td><td>17.11.2023<\/td><td>17.11.2025<\/td><td>2<\/td><\/tr><tr><td>12<\/td><td><a href=\"https:\/\/web.archive.org\/web\/20240911095900\/http:\/\/www.mudek.org.tr\/tr\/ana\/ilk.shtm\" target=\"_blank\" rel=\"noopener\">M\u00fchendislik E\u011fitim Programlar\u0131 De\u011ferlendirme ve Akreditasyon Derne\u011fi-M\u00dcDEK<\/a><\/td><td>16.11.2007<\/td><td>16.11.2012<\/td><td>5<\/td><\/tr><tr><td>\u00a0<\/td><td>\u00a0<\/td><td>1.02.2013<\/td><td>1.02.2018<\/td><td>5<\/td><\/tr><tr><td>\u00a0<\/td><td>\u00a0<\/td><td>1.02.2018<\/td><td>1.02.2023<\/td><td>5<\/td><\/tr><tr><td>\u00a0<\/td><td>\u00a0<\/td><td>1.02.2023<\/td><td>1.02.2028<\/td><td>5<\/td><\/tr><tr><td>13<\/td><td><a href=\"https:\/\/web.archive.org\/web\/20240911095900\/https:\/\/epdad.org.tr\/\" target=\"_blank\" rel=\"noopener\">\u00d6\u011fretmenlik E\u011fitim Programlar\u0131 De\u011ferlendirme ve Akreditasyon Derne\u011fi-EPDAD<\/a><\/td><td>15.10.2014<\/td><td>15.10.2016<\/td><td>2<\/td><\/tr><tr><td>\u00a0<\/td><td>\u00a0<\/td><td>31.01.2018<\/td><td>31.01.2020<\/td><td>2<\/td><\/tr><tr><td>\u00a0<\/td><td>\u00a0<\/td><td>31.01.2020<\/td><td>31.01.2022<\/td><td>2<\/td><\/tr><tr><td>\u00a0<\/td><td>\u00a0<\/td><td>30.03.2022<\/td><td>30.03.2027<\/td><td>5<\/td><\/tr><tr><td>14<\/td><td><a href=\"https:\/\/web.archive.org\/web\/20240911095900\/http:\/\/pemder.org.tr\/\" target=\"_blank\" rel=\"noopener\">Peyzaj Mimarl\u0131\u011f\u0131 E\u011fitim ve Bilim Derne\u011fi-PEMDER<\/a><\/td><td>8.04.2020<\/td><td>8.04.2022<\/td><td>2<\/td><\/tr><tr><td>\u00a0<\/td><td>\u00a0<\/td><td>8.04.2022<\/td><td>8.04.2024<\/td><td>2<\/td><\/tr><tr><td>\u00a0<\/td><td>\u00a0<\/td><td>8.04.2024<\/td><td>8.04.2026<\/td><td>2<\/td><\/tr><tr><td>15<\/td><td><a href=\"https:\/\/web.archive.org\/web\/20240911095900\/http:\/\/www.sabak.org.tr\/\" target=\"_blank\" rel=\"noopener\">Sa\u011fl\u0131k Bilimleri E\u011fitim Programlar\u0131 De\u011ferlendirme ve Akreditasyon Derne\u011fi-SABAK<\/a><\/td><td>31.01.2018<\/td><td>31.01.2020<\/td><td>2<\/td><\/tr><tr><td>\u00a0<\/td><td>\u00a0<\/td><td>31.01.2020<\/td><td>31.01.2025<\/td><td>5<\/td><\/tr><tr><td>16<\/td><td><a href=\"https:\/\/web.archive.org\/web\/20240911095900\/https:\/\/star.org.tr\/\" target=\"_blank\" rel=\"noopener\">Sosyal Be\u015feri ve Temel Bilimler Akreditasyon ve Rating Derne\u011fi-STAR<\/a><\/td><td>8.07.2020<\/td><td>8.07.2022<\/td><td>2<\/td><\/tr><tr><td>\u00a0<\/td><td>\u00a0<\/td><td>8.07.2022<\/td><td>8.07.2024<\/td><td>2<\/td><\/tr><tr><td>17<\/td><td><a href=\"https:\/\/web.archive.org\/web\/20240911095900\/https:\/\/www.sporbilimleri.org.tr\/\" target=\"_blank\" rel=\"noopener\">Spor Bilimleri Derne\u011fi (Spor Bilimleri E\u011fitim Programlar\u0131 De\u011ferlendirme ve Akreditasyon Kurulu &#8211; SPORAK)<\/a><\/td><td>8.01.2020<\/td><td>8.01.2022<\/td><td>2<\/td><\/tr><tr><td>\u00a0<\/td><td>\u00a0<\/td><td>19.01.2022<\/td><td>19.01.2024<\/td><td>2<\/td><\/tr><tr><td>\u00a0<\/td><td>\u00a0<\/td><td>19.01.2024<\/td><td>19.01.2026<\/td><td>2<\/td><\/tr><tr><td>18<\/td><td><a href=\"https:\/\/web.archive.org\/web\/20240911095900\/https:\/\/www.taplak.org\/\" target=\"_blank\" rel=\"noopener\">Tasar\u0131m ve Planlama Akreditasyon Derne\u011fi-TAPLAK<\/a><\/td><td>25.05.2022<\/td><td>25.05.2024<\/td><td>2<\/td><\/tr><tr><td>\u00a0<\/td><td>\u00a0<\/td><td>25.05.2024<\/td><td>25.05.2029<\/td><td>5<\/td><\/tr><tr><td>19<\/td><td><a href=\"https:\/\/web.archive.org\/web\/20240911095900\/http:\/\/www.tepdad.org.tr\/\" target=\"_blank\" rel=\"noopener\">T\u0131p E\u011fitimi Programlar\u0131n\u0131 De\u011ferlendirme ve Akreditasyon Derne\u011fi-TEPDAD<\/a><\/td><td>30.11.2011<\/td><td>30.11.2012<\/td><td>1<\/td><\/tr><tr><td>\u00a0<\/td><td>\u00a0<\/td><td>28.03.2013<\/td><td>28.03.2015<\/td><td>2<\/td><\/tr><tr><td>\u00a0<\/td><td>\u00a0<\/td><td>28.03.2015<\/td><td>28.03.2017<\/td><td>2<\/td><\/tr><tr><td>\u00a0<\/td><td>\u00a0<\/td><td>28.03.2017<\/td><td>28.03.2022<\/td><td>5<\/td><\/tr><tr><td>\u00a0<\/td><td>\u00a0<\/td><td>28.03.2022<\/td><td>28.03.2027<\/td><td>5<\/td><\/tr><tr><td>20<\/td><td><a href=\"https:\/\/web.archive.org\/web\/20240911095900\/http:\/\/www.turak.org\/\" target=\"_blank\" rel=\"noopener\">Turizm Akademisyenleri Derne\u011fi (Turizm E\u011fitimi De\u011ferlendirme ve Akreditasyon Kurulu\u2013TURAK)<\/a><\/td><td>31.01.2018<\/td><td>31.01.2020<\/td><td>2<\/td><\/tr><tr><td>\u00a0<\/td><td>\u00a0<\/td><td>31.01.2020<\/td><td>31.01.2022<\/td><td>2<\/td><\/tr><tr><td>\u00a0<\/td><td>\u00a0<\/td><td>19.01.2022<\/td><td>19.01.2024<\/td><td>2<\/td><\/tr><tr><td>\u00a0<\/td><td>\u00a0<\/td><td>19.01.2024<\/td><td>19.01.2029<\/td><td>5<\/td><\/tr><tr><td>21<\/td><td><a href=\"https:\/\/web.archive.org\/web\/20240911095900\/https:\/\/www.psikolog.org.tr\/\" target=\"_blank\" rel=\"noopener\">T\u00fcrk Psikologlar Derne\u011fi<\/a><\/td><td>26.08.2010<\/td><td>26.08.2012<\/td><td>2<\/td><\/tr><tr><td>\u00a0<\/td><td>\u00a0<\/td><td>26.08.2012<\/td><td>26.08.2014<\/td><td>2<\/td><\/tr><tr><td>\u00a0<\/td><td>\u00a0<\/td><td>6.02.2019<\/td><td>6.02.2021<\/td><td>2<\/td><\/tr><tr><td>\u00a0<\/td><td>\u00a0<\/td><td>23.06.2021<\/td><td>23.06.2026<\/td><td>5<\/td><\/tr><tr><td>22<\/td><td><a href=\"https:\/\/web.archive.org\/web\/20240911095900\/https:\/\/www.pdr.org.tr\/\" target=\"_blank\" rel=\"noopener\">T\u00fcrk Psikolojik Dan\u0131\u015fma ve Rehberlik Derne\u011fi-T\u00fcrk PDR-Der<\/a><\/td><td>21.12.2022<\/td><td>21.12.2024<\/td><td>2<\/td><\/tr><tr><td>23<\/td><td><a href=\"https:\/\/web.archive.org\/web\/20240911095900\/http:\/\/www.vedek.org.tr\/\" target=\"_blank\" rel=\"noopener\">Veteriner Hekimli\u011fi E\u011fitim Kurumlar\u0131 ve Programlar\u0131 De\u011ferlendirme ve Akreditasyon Derne\u011fi-VEDEK<\/a><\/td><td>2.02.2012<\/td><td>2.02.2013<\/td><td>1<\/td><\/tr><tr><td>\u00a0<\/td><td>\u00a0<\/td><td>19.12.2013<\/td><td>19.12.2015<\/td><td>2<\/td><\/tr><tr><td>\u00a0<\/td><td>\u00a0<\/td><td>19.12.2015<\/td><td>19.12.2017<\/td><td>2<\/td><\/tr><tr><td>\u00a0<\/td><td>\u00a0<\/td><td>19.12.2017<\/td><td>19.12.2022<\/td><td>5<\/td><\/tr><tr><td>\u00a0<\/td><td>\u00a0<\/td><td>19.12.2022<\/td><td>19.12.2024<\/td><td>2<\/td><\/tr><tr><td>24<\/td><td><a href=\"https:\/\/web.archive.org\/web\/20240911095900\/https:\/\/zidek.org.tr\/\" target=\"_blank\" rel=\"noopener\">Ziraat Fak\u00fclteleri E\u011fitim Programlar\u0131 De\u011ferlendirme ve Akreditasyon Derne\u011fi-Z\u0130DEK<\/a><\/td><td>8.07.2020<\/td><td>8.07.2022<\/td><td>2<\/td><\/tr><tr><td>\u00a0<\/td><td>\u00a0<\/td><td>8.07.2022<\/td><td>8.07.2024<\/td><td>2<\/td><\/tr><tr><td>\u00a0<\/td><td>\u00a0<\/td><td>8.07.2024<\/td><td>8.07.2029<\/td><td>5<\/td><\/tr><\/tbody><\/table><\/div><\/div><\/div>\t\t\t\t\t\t\t\t<\/div>\n\t\t\t\t<\/div>\n\t\t\t\t\t<\/div>\n\t\t<\/div>\n\t\t\t\t\t<\/div>\n\t\t<\/section>\n\t\t\t\t<\/div>\n\t\t","protected":false},"excerpt":{"rendered":"<p>Tescil S\u00fcresi Devam Edenler No: Akreditasyon Kurulu\u015fu Tescil Tarihi Tescil Biti\u015f Tarihi Ge\u00e7erlilik S\u00fcresi (Y\u0131l) 1 Dil E\u011fitim Programlar\u0131 De\u011ferlendirme ve Akreditasyon Derne\u011fi-DEDAK 15.09.2021 15.09.2023 2 \u00a0 \u00a0 15.09.2023 15.09.2025 2 2 Di\u015f Hekimli\u011fi E\u011fitimi Programlar\u0131 Akreditasyon Derne\u011fi (DEPAD) 11.03.2020 11.03.2022 2 \u00a0 \u00a0 11.03.2022 11.03.2024 2 \u00a0 \u00a0 11.03.2024 11.03.2026 2 3 Eczac\u0131l\u0131k E\u011fitimi [&hellip;]<\/p>\n","protected":false},"author":1,"featured_media":0,"parent":0,"menu_order":0,"comment_status":"closed","ping_status":"closed","template":"","meta":{"footnotes":""},"class_list":["post-6393","page","type-page","status-publish","hentry"],"_links":{"self":[{"href":"https:\/\/atauni.edu.tr\/onlisans-ve-lisans-egitim-koordinatorlugu\/wp-json\/wp\/v2\/pages\/6393","targetHints":{"allow":["GET"]}}],"collection":[{"href":"https:\/\/atauni.edu.tr\/onlisans-ve-lisans-egitim-koordinatorlugu\/wp-json\/wp\/v2\/pages"}],"about":[{"href":"https:\/\/atauni.edu.tr\/onlisans-ve-lisans-egitim-koordinatorlugu\/wp-json\/wp\/v2\/types\/page"}],"author":[{"embeddable":true,"href":"https:\/\/atauni.edu.tr\/onlisans-ve-lisans-egitim-koordinatorlugu\/wp-json\/wp\/v2\/users\/1"}],"replies":[{"embeddable":true,"href":"https:\/\/atauni.edu.tr\/onlisans-ve-lisans-egitim-koordinatorlugu\/wp-json\/wp\/v2\/comments?post=6393"}],"version-history":[{"count":7,"href":"https:\/\/atauni.edu.tr\/onlisans-ve-lisans-egitim-koordinatorlugu\/wp-json\/wp\/v2\/pages\/6393\/revisions"}],"predecessor-version":[{"id":6400,"href":"https:\/\/atauni.edu.tr\/onlisans-ve-lisans-egitim-koordinatorlugu\/wp-json\/wp\/v2\/pages\/6393\/revisions\/6400"}],"wp:attachment":[{"href":"https:\/\/atauni.edu.tr\/onlisans-ve-lisans-egitim-koordinatorlugu\/wp-json\/wp\/v2\/media?parent=6393"}],"curies":[{"name":"wp","href":"https:\/\/api.w.org\/{rel}","templated":true}]}}