{"id":6410,"date":"2026-02-23T11:25:38","date_gmt":"2026-02-23T08:25:38","guid":{"rendered":"https:\/\/atauni.edu.tr\/onlisans-ve-lisans-egitim-koordinatorlugu\/?page_id=6410"},"modified":"2026-02-23T11:32:51","modified_gmt":"2026-02-23T08:32:51","slug":"taninan-uluslararasi-akreditasyon-kuruluslari","status":"publish","type":"page","link":"https:\/\/atauni.edu.tr\/onlisans-ve-lisans-egitim-koordinatorlugu\/taninan-uluslararasi-akreditasyon-kuruluslari\/","title":{"rendered":"Tan\u0131nan Uluslararas\u0131 Akreditasyon Kurulu\u015flar\u0131"},"content":{"rendered":"\t\t<div data-elementor-type=\"wp-page\" data-elementor-id=\"6410\" class=\"elementor elementor-6410\" data-elementor-post-type=\"page\">\n\t\t\t\t\t\t<section class=\"elementor-section elementor-top-section elementor-element elementor-element-6ce8a99 elementor-section-boxed elementor-section-height-default elementor-section-height-default\" data-id=\"6ce8a99\" data-element_type=\"section\">\n\t\t\t\t\t\t<div class=\"elementor-container elementor-column-gap-default\">\n\t\t\t\t\t<div class=\"elementor-column elementor-col-100 elementor-top-column elementor-element elementor-element-8dcd129\" data-id=\"8dcd129\" data-element_type=\"column\">\n\t\t\t<div class=\"elementor-widget-wrap elementor-element-populated\">\n\t\t\t\t\t\t<div class=\"elementor-element elementor-element-b31930b elementor-widget elementor-widget-text-editor\" data-id=\"b31930b\" data-element_type=\"widget\" data-widget_type=\"text-editor.default\">\n\t\t\t\t<div class=\"elementor-widget-container\">\n\t\t\t\t\t\t\t\t\t<table><thead><tr><th>No:<\/th><th>Akreditasyon Kurulu\u015fu<\/th><th>\u00a0<\/th><\/tr><\/thead><tbody><tr><td>1<\/td><td><a href=\"https:\/\/web.archive.org\/web\/20241227043542\/https:\/\/www.aqas.eu\/\" target=\"_blank\" rel=\"noopener\">Agency for Quality Assurance (AQAS)<\/a><\/td><td><p>\u00a0<\/p><table style=\"background-color: #ffffff; width: 1098.4px; max-width: 100%; margin-bottom: 20px; color: #333333; font-family: 'Open Sans', sans-serif; font-size: 14px; border-radius: 0px !important;\"><tbody><tr style=\"height: 80px;\"><td style=\"padding: 8px; font-size: 14px; line-height: 1.42857; vertical-align: middle; border-top-color: #dddddd; max-height: 100px; border-radius: 0px !important;\"><a style=\"color: #337ab7; outline: 0px; text-shadow: none; border-radius: 0px !important;\" href=\"https:\/\/web.archive.org\/web\/20241227043542\/https:\/\/www.aqas.eu\/\" target=\"_blank\" rel=\"noopener\"><img decoding=\"async\" style=\"border-width: 0px; border-style: initial; max-width: 100px; max-height: 100px;\" src=\"https:\/\/web.archive.org\/web\/20241227043542im_\/http:\/\/www.yokak.gov.tr\/Common\/Images\/AkreditasyonLogo\/aqas-logo.png\" \/><\/a><\/td><\/tr><\/tbody><\/table><\/td><\/tr><tr><td>2<\/td><td><a href=\"https:\/\/web.archive.org\/web\/20241227043542\/https:\/\/www.aacsb.edu\/\" target=\"_blank\" rel=\"noopener\">Association to Advance Collegiate Schools of Business (AACSB)<\/a><\/td><td><a href=\"https:\/\/web.archive.org\/web\/20241227043542\/https:\/\/www.aacsb.edu\/\" target=\"_blank\" rel=\"noopener\"><img decoding=\"async\" src=\"https:\/\/web.archive.org\/web\/20241227043542im_\/http:\/\/www.yokak.gov.tr\/Common\/Images\/AkreditasyonLogo\/aacsb-logo.png\" \/><\/a><\/td><\/tr><tr><td>3<\/td><td><a href=\"https:\/\/web.archive.org\/web\/20241227043542\/https:\/\/www.fibaa.org\/en\/welcome-page.html\" target=\"_blank\" rel=\"noopener\">Foundation for International Business Administration Accreditation (FIBAA)<\/a><\/td><td><a href=\"https:\/\/web.archive.org\/web\/20241227043542\/https:\/\/www.fibaa.org\/en\/welcome-page.html\" target=\"_blank\" rel=\"noopener\"><img decoding=\"async\" src=\"https:\/\/web.archive.org\/web\/20241227043542im_\/http:\/\/www.yokak.gov.tr\/Common\/Images\/AkreditasyonLogo\/fibaa-logo.gif\" \/><\/a><\/td><\/tr><tr><td>4<\/td><td><a href=\"https:\/\/web.archive.org\/web\/20241227043542\/https:\/\/iacbe.org\/\" target=\"_blank\" rel=\"noopener\">International Accreditation Council for Business Education (IACBE)<\/a><\/td><td><a style=\"background-color: #ffffff; color: #337ab7; outline: 0px; text-shadow: none; font-family: 'Open Sans', sans-serif; font-size: 14px; border-radius: 0px !important;\" href=\"https:\/\/web.archive.org\/web\/20241227043542\/https:\/\/iacbe.org\/\" target=\"_blank\" rel=\"noopener\"><img decoding=\"async\" style=\"border-width: 0px; border-style: initial; max-width: 100px; max-height: 100px;\" src=\"https:\/\/web.archive.org\/web\/20241227043542im_\/http:\/\/www.yokak.gov.tr\/Common\/Images\/AkreditasyonLogo\/IACBE-logo.png\" \/><\/a><\/td><\/tr><tr><td>5<\/td><td><a href=\"https:\/\/web.archive.org\/web\/20241227043542\/https:\/\/ahpgs.de\/en\/welcome-to-the-ahpgs\/\" target=\"_blank\" rel=\"noopener\">The Accreditation Agency in Health and Social Sciences (AHPGS)<\/a><\/td><td><a href=\"https:\/\/web.archive.org\/web\/20241227043542\/https:\/\/ahpgs.de\/en\/welcome-to-the-ahpgs\/\" target=\"_blank\" rel=\"noopener\"><img decoding=\"async\" src=\"https:\/\/web.archive.org\/web\/20241227043542im_\/http:\/\/www.yokak.gov.tr\/Common\/Images\/AkreditasyonLogo\/ahpgs_logo.png\" \/><\/a><\/td><\/tr><tr><td>6<\/td><td><a href=\"https:\/\/web.archive.org\/web\/20241227043542\/https:\/\/www.asiin.de\/en\/\" target=\"_blank\" rel=\"noopener\">Accreditation Agency for Study Programs in Engineering, Informatics, Natural Sciences and Mathematics (ASIIN)<\/a><\/td><td><a href=\"https:\/\/web.archive.org\/web\/20241227043542\/https:\/\/www.asiin.de\/en\/\" target=\"_blank\" rel=\"noopener\"><img decoding=\"async\" src=\"https:\/\/web.archive.org\/web\/20241227043542im_\/http:\/\/www.yokak.gov.tr\/Common\/Images\/AkreditasyonLogo\/asiin-logo.png\" \/><\/a><\/td><\/tr><tr><td>7<\/td><td><a href=\"https:\/\/web.archive.org\/web\/20241227043542\/https:\/\/www.acenursing.org\/\" target=\"_blank\" rel=\"noopener\">Accreditation Commission for Education in Nursing (ACEN)<\/a><\/td><td><table class=\"table\" style=\"background-color: #ffffff; width: 1098.4px; max-width: 100%; margin-bottom: 20px; color: #333333; font-family: 'Open Sans', sans-serif; font-size: 14px; border-radius: 0px !important;\"><tbody><tr style=\"height: 80px;\"><td style=\"padding: 8px; font-size: 14px; line-height: 1.42857; vertical-align: middle; border-top-color: #dddddd; max-height: 100px; border-radius: 0px !important;\"><a style=\"color: #337ab7; outline: 0px; text-shadow: none; border-radius: 0px !important;\" href=\"https:\/\/web.archive.org\/web\/20241227043542\/https:\/\/www.acenursing.org\/\" target=\"_blank\" rel=\"noopener\"><img decoding=\"async\" style=\"border-width: 0px; border-style: initial; max-width: 100px; max-height: 100px;\" src=\"https:\/\/web.archive.org\/web\/20241227043542im_\/http:\/\/www.yokak.gov.tr\/Common\/Images\/AkreditasyonLogo\/acen-logo.png\" \/><\/a><\/td><\/tr><\/tbody><\/table><\/td><\/tr><tr><td>8<\/td><td><a href=\"https:\/\/web.archive.org\/web\/20241227043542\/https:\/\/www.aabi.aero\/\" target=\"_blank\" rel=\"noopener\">Aviation Accreditation Board Int&#8217;l (AABI)<\/a><\/td><td><p>\u00a0<\/p><table style=\"background-color: #ffffff; width: 1098.4px; max-width: 100%; margin-bottom: 20px; color: #333333; font-family: 'Open Sans', sans-serif; font-size: 14px; border-radius: 0px !important;\"><tbody><tr style=\"height: 80px;\"><td style=\"padding: 8px; font-size: 14px; line-height: 1.42857; vertical-align: middle; border-top-color: #dddddd; max-height: 100px; border-radius: 0px !important;\"><a style=\"color: #337ab7; outline: 0px; text-shadow: none; border-radius: 0px !important;\" href=\"https:\/\/web.archive.org\/web\/20241227043542\/https:\/\/www.aabi.aero\/\" target=\"_blank\" rel=\"noopener\"><img decoding=\"async\" style=\"border-width: 0px; border-style: initial; max-width: 100px; max-height: 100px;\" src=\"https:\/\/web.archive.org\/web\/20241227043542im_\/http:\/\/www.yokak.gov.tr\/Common\/Images\/AkreditasyonLogo\/aabi-logo.svg\" \/><\/a><\/td><\/tr><\/tbody><\/table><\/td><\/tr><tr><td>9<\/td><td><a href=\"https:\/\/web.archive.org\/web\/20241227043542\/https:\/\/www.eaeve.org\/\" target=\"_blank\" rel=\"noopener\">The European Association of Establishments for Veterinary Education (EAEVE)<\/a><\/td><td><a href=\"https:\/\/web.archive.org\/web\/20241227043542\/https:\/\/www.eaeve.org\/\" target=\"_blank\" rel=\"noopener\"><img decoding=\"async\" src=\"https:\/\/web.archive.org\/web\/20241227043542im_\/http:\/\/www.yokak.gov.tr\/Common\/Images\/AkreditasyonLogo\/eaeve-logo.png\" \/><\/a><\/td><\/tr><tr><td>10<\/td><td><a href=\"https:\/\/web.archive.org\/web\/20241227043542\/https:\/\/iaar.agency\/\" target=\"_blank\" rel=\"noopener\">Independent Agency for Accreditation and Rating (IAAR)<\/a><\/td><td><a href=\"https:\/\/web.archive.org\/web\/20241227043542\/https:\/\/iaar.agency\/\" target=\"_blank\" rel=\"noopener\"><img decoding=\"async\" src=\"https:\/\/web.archive.org\/web\/20241227043542im_\/http:\/\/www.yokak.gov.tr\/Common\/Images\/AkreditasyonLogo\/Iaar_logo1.png\" \/><\/a><\/td><\/tr><tr><td>11<\/td><td><a href=\"https:\/\/web.archive.org\/web\/20241227043542\/https:\/\/www.acquin.org\/en\/\" target=\"_blank\" rel=\"noopener\">The Accreditation, Certification, and Quality Assurance Institute (ACQUIN)<\/a><\/td><td><p>\u00a0<\/p><table style=\"background-color: #ffffff; width: 1098.4px; max-width: 100%; margin-bottom: 20px; color: #333333; font-family: 'Open Sans', sans-serif; font-size: 14px; border-radius: 0px !important;\"><tbody><tr style=\"height: 80px;\"><td style=\"padding: 8px; font-size: 14px; line-height: 1.42857; vertical-align: middle; border-top-color: #dddddd; max-height: 100px; border-radius: 0px !important;\"><a style=\"color: #337ab7; outline: 0px; text-shadow: none; border-radius: 0px !important;\" href=\"https:\/\/web.archive.org\/web\/20241227043542\/https:\/\/www.acquin.org\/en\/\" target=\"_blank\" rel=\"noopener\"><img decoding=\"async\" style=\"border-width: 0px; border-style: initial; max-width: 100px; max-height: 100px;\" src=\"https:\/\/web.archive.org\/web\/20241227043542im_\/http:\/\/www.yokak.gov.tr\/Common\/Images\/AkreditasyonLogo\/Acquin_logo.jpg\" \/><\/a><\/td><\/tr><\/tbody><\/table><\/td><\/tr><tr><td>12<\/td><td><a href=\"https:\/\/web.archive.org\/web\/20241227043542\/https:\/\/www.abet.org\/\" target=\"_blank\" rel=\"noopener\">Accreditation Board for Engineering and Technology (ABET)<\/a><\/td><td><p>\u00a0<\/p><table style=\"background-color: #ffffff; width: 1098.4px; max-width: 100%; margin-bottom: 20px; color: #333333; font-family: 'Open Sans', sans-serif; font-size: 14px; border-radius: 0px !important;\"><tbody><tr style=\"height: 80px;\"><td style=\"padding: 8px; font-size: 14px; line-height: 1.42857; vertical-align: middle; border-top-color: #dddddd; max-height: 100px; border-radius: 0px !important;\"><a style=\"color: #337ab7; outline: 0px; text-shadow: none; border-radius: 0px !important;\" href=\"https:\/\/web.archive.org\/web\/20241227043542\/https:\/\/www.abet.org\/\" target=\"_blank\" rel=\"noopener\"><img decoding=\"async\" style=\"border-width: 0px; border-style: initial; max-width: 100px; max-height: 100px;\" src=\"https:\/\/web.archive.org\/web\/20241227043542im_\/http:\/\/www.yokak.gov.tr\/Common\/Images\/AkreditasyonLogo\/ABET_logo.png\" \/><\/a><\/td><\/tr><\/tbody><\/table><\/td><\/tr><tr><td>13<\/td><td><a href=\"https:\/\/web.archive.org\/web\/20241227043542\/https:\/\/www.eaquals.org\/\" target=\"_blank\" rel=\"noopener\">European Association for Quality Language Services (EAQUALS)<\/a><\/td><td><p>\u00a0<\/p><table style=\"width: 1098.4px; max-width: 100%; margin-bottom: 20px; color: #333333; font-family: 'Open Sans', sans-serif; font-size: 14px; border-radius: 0px !important;\"><tbody><tr style=\"height: 80px;\"><td style=\"padding: 8px; font-size: 14px; line-height: 1.42857; vertical-align: middle; border-top-color: #dddddd; max-height: 100px; border-radius: 0px !important;\"><a style=\"color: #337ab7; outline: 0px; text-shadow: none; border-radius: 0px !important;\" href=\"https:\/\/web.archive.org\/web\/20241227043542\/https:\/\/www.eaquals.org\/\" target=\"_blank\" rel=\"noopener\"><img decoding=\"async\" style=\"border-width: 0px; border-style: initial; max-width: 100px; max-height: 100px;\" src=\"https:\/\/web.archive.org\/web\/20241227043542im_\/http:\/\/www.yokak.gov.tr\/Common\/Images\/AkreditasyonLogo\/Eaquals_logo.png\" \/><\/a><\/td><\/tr><\/tbody><\/table><\/td><\/tr><\/tbody><\/table>\t\t\t\t\t\t\t\t<\/div>\n\t\t\t\t<\/div>\n\t\t\t\t\t<\/div>\n\t\t<\/div>\n\t\t\t\t\t<\/div>\n\t\t<\/section>\n\t\t\t\t<\/div>\n\t\t","protected":false},"excerpt":{"rendered":"<p>No: Akreditasyon Kurulu\u015fu \u00a0 1 Agency for Quality Assurance (AQAS) \u00a0 2 Association to Advance Collegiate Schools of Business (AACSB) 3 Foundation for International Business Administration Accreditation (FIBAA) 4 International Accreditation Council for Business Education (IACBE) 5 The Accreditation Agency in Health and Social Sciences (AHPGS) 6 Accreditation Agency for Study Programs in Engineering, Informatics, [&hellip;]<\/p>\n","protected":false},"author":1,"featured_media":0,"parent":0,"menu_order":0,"comment_status":"closed","ping_status":"closed","template":"","meta":{"footnotes":""},"class_list":["post-6410","page","type-page","status-publish","hentry"],"_links":{"self":[{"href":"https:\/\/atauni.edu.tr\/onlisans-ve-lisans-egitim-koordinatorlugu\/wp-json\/wp\/v2\/pages\/6410","targetHints":{"allow":["GET"]}}],"collection":[{"href":"https:\/\/atauni.edu.tr\/onlisans-ve-lisans-egitim-koordinatorlugu\/wp-json\/wp\/v2\/pages"}],"about":[{"href":"https:\/\/atauni.edu.tr\/onlisans-ve-lisans-egitim-koordinatorlugu\/wp-json\/wp\/v2\/types\/page"}],"author":[{"embeddable":true,"href":"https:\/\/atauni.edu.tr\/onlisans-ve-lisans-egitim-koordinatorlugu\/wp-json\/wp\/v2\/users\/1"}],"replies":[{"embeddable":true,"href":"https:\/\/atauni.edu.tr\/onlisans-ve-lisans-egitim-koordinatorlugu\/wp-json\/wp\/v2\/comments?post=6410"}],"version-history":[{"count":7,"href":"https:\/\/atauni.edu.tr\/onlisans-ve-lisans-egitim-koordinatorlugu\/wp-json\/wp\/v2\/pages\/6410\/revisions"}],"predecessor-version":[{"id":6417,"href":"https:\/\/atauni.edu.tr\/onlisans-ve-lisans-egitim-koordinatorlugu\/wp-json\/wp\/v2\/pages\/6410\/revisions\/6417"}],"wp:attachment":[{"href":"https:\/\/atauni.edu.tr\/onlisans-ve-lisans-egitim-koordinatorlugu\/wp-json\/wp\/v2\/media?parent=6410"}],"curies":[{"name":"wp","href":"https:\/\/api.w.org\/{rel}","templated":true}]}}