{"id":68,"date":"2020-07-10T03:09:24","date_gmt":"2020-07-10T00:09:24","guid":{"rendered":"http:\/\/demo.ovathemes.com\/egovt\/?page_id=68"},"modified":"2026-02-23T14:06:51","modified_gmt":"2026-02-23T11:06:51","slug":"anasayfa","status":"publish","type":"page","link":"https:\/\/atauni.edu.tr\/onlisans-ve-lisans-egitim-koordinatorlugu\/","title":{"rendered":"Anasayfa"},"content":{"rendered":"\t\t<div data-elementor-type=\"wp-page\" data-elementor-id=\"68\" class=\"elementor elementor-68\" data-elementor-post-type=\"page\">\n\t\t\t\t\t\t<section class=\"elementor-section elementor-top-section elementor-element elementor-element-8302c0a elementor-section-boxed elementor-section-height-default elementor-section-height-default\" data-id=\"8302c0a\" data-element_type=\"section\">\n\t\t\t\t\t\t<div class=\"elementor-container elementor-column-gap-default\">\n\t\t\t\t\t<div class=\"elementor-column elementor-col-100 elementor-top-column elementor-element elementor-element-4459a6e\" data-id=\"4459a6e\" data-element_type=\"column\">\n\t\t\t<div class=\"elementor-widget-wrap elementor-element-populated\">\n\t\t\t\t\t\t<div class=\"elementor-element elementor-element-02661ff elementor--h-position-center elementor--v-position-middle elementor-arrows-position-inside elementor-pagination-position-inside elementor-widget elementor-widget-slides\" data-id=\"02661ff\" data-element_type=\"widget\" data-settings=\"{&quot;navigation&quot;:&quot;both&quot;,&quot;autoplay&quot;:&quot;yes&quot;,&quot;pause_on_hover&quot;:&quot;yes&quot;,&quot;pause_on_interaction&quot;:&quot;yes&quot;,&quot;autoplay_speed&quot;:5000,&quot;infinite&quot;:&quot;yes&quot;,&quot;transition&quot;:&quot;slide&quot;,&quot;transition_speed&quot;:500}\" data-widget_type=\"slides.default\">\n\t\t\t\t<div class=\"elementor-widget-container\">\n\t\t\t\t\t\t\t\t\t<div class=\"elementor-swiper\">\n\t\t\t\t\t<div class=\"elementor-slides-wrapper elementor-main-swiper swiper\" role=\"region\" aria-roledescription=\"carousel\" aria-label=\"Slides\" dir=\"ltr\" data-animation=\"fadeInUp\">\n\t\t\t\t<div class=\"swiper-wrapper elementor-slides\">\n\t\t\t\t\t\t\t\t\t\t<div class=\"elementor-repeater-item-4cf386d swiper-slide\" role=\"group\" aria-roledescription=\"slide\"><div class=\"swiper-slide-bg\" role=\"img\" aria-label=\"865251c65336790b5c803a1230b9d5d8\"><\/div><div class=\"swiper-slide-inner\" ><div class=\"swiper-slide-contents\"><\/div><\/div><\/div>\t\t\t\t<\/div>\n\t\t\t\t\t\t\t<\/div>\n\t\t\t\t<\/div>\n\t\t\t\t\t\t\t\t<\/div>\n\t\t\t\t<\/div>\n\t\t\t\t\t<\/div>\n\t\t<\/div>\n\t\t\t\t\t<\/div>\n\t\t<\/section>\n\t\t\t\t<section class=\"elementor-section elementor-top-section elementor-element elementor-element-1a4d0181 elementor-section-boxed elementor-section-height-default elementor-section-height-default\" data-id=\"1a4d0181\" data-element_type=\"section\">\n\t\t\t\t\t\t<div class=\"elementor-container elementor-column-gap-default\">\n\t\t\t\t\t<div class=\"elementor-column elementor-col-33 elementor-top-column elementor-element elementor-element-301c917c\" data-id=\"301c917c\" data-element_type=\"column\">\n\t\t\t<div class=\"elementor-widget-wrap elementor-element-populated\">\n\t\t\t\t\t\t<section class=\"elementor-section elementor-inner-section elementor-element elementor-element-33282ae6 elementor-section-boxed elementor-section-height-default elementor-section-height-default\" data-id=\"33282ae6\" data-element_type=\"section\">\n\t\t\t\t\t\t<div class=\"elementor-container elementor-column-gap-default\">\n\t\t\t\t\t<div class=\"elementor-column elementor-col-50 elementor-inner-column elementor-element elementor-element-64a356a1\" data-id=\"64a356a1\" data-element_type=\"column\">\n\t\t\t<div class=\"elementor-widget-wrap elementor-element-populated\">\n\t\t\t\t\t\t<div class=\"elementor-element elementor-element-464b39c7 elementor-widget elementor-widget-heading\" data-id=\"464b39c7\" data-element_type=\"widget\" data-widget_type=\"heading.default\">\n\t\t\t\t<div class=\"elementor-widget-container\">\n\t\t\t\t\t<h2 class=\"elementor-heading-title elementor-size-default\">Haberler<\/h2>\t\t\t\t<\/div>\n\t\t\t\t<\/div>\n\t\t\t\t\t<\/div>\n\t\t<\/div>\n\t\t\t\t<div class=\"elementor-column elementor-col-50 elementor-inner-column elementor-element elementor-element-272172a7\" data-id=\"272172a7\" data-element_type=\"column\">\n\t\t\t<div class=\"elementor-widget-wrap elementor-element-populated\">\n\t\t\t\t\t\t<div class=\"elementor-element elementor-element-1a06b003 elementor-align-right elementor-widget elementor-widget-button\" data-id=\"1a06b003\" data-element_type=\"widget\" data-widget_type=\"button.default\">\n\t\t\t\t<div class=\"elementor-widget-container\">\n\t\t\t\t\t\t\t\t\t<div class=\"elementor-button-wrapper\">\n\t\t\t\t\t<a class=\"elementor-button elementor-button-link elementor-size-sm\" href=\"https:\/\/atauni.edu.tr\/onlisans-ve-lisans-egitim-koordinatorlugu\/haberler\/\">\n\t\t\t\t\t\t<span class=\"elementor-button-content-wrapper\">\n\t\t\t\t\t\t<span class=\"elementor-button-icon\">\n\t\t\t\t<i aria-hidden=\"true\" class=\"fas fa-long-arrow-alt-right\"><\/i>\t\t\t<\/span>\n\t\t\t\t\t\t\t\t\t<span class=\"elementor-button-text\">T\u00fcm\u00fc<\/span>\n\t\t\t\t\t<\/span>\n\t\t\t\t\t<\/a>\n\t\t\t\t<\/div>\n\t\t\t\t\t\t\t\t<\/div>\n\t\t\t\t<\/div>\n\t\t\t\t\t<\/div>\n\t\t<\/div>\n\t\t\t\t\t<\/div>\n\t\t<\/section>\n\t\t\t\t<div class=\"elementor-element elementor-element-53a04630 elementor-widget-divider--view-line elementor-widget elementor-widget-divider\" data-id=\"53a04630\" data-element_type=\"widget\" data-widget_type=\"divider.default\">\n\t\t\t\t<div class=\"elementor-widget-container\">\n\t\t\t\t\t\t\t<div class=\"elementor-divider\">\n\t\t\t<span class=\"elementor-divider-separator\">\n\t\t\t\t\t\t<\/span>\n\t\t<\/div>\n\t\t\t\t\t\t<\/div>\n\t\t\t\t<\/div>\n\t\t\t\t<div class=\"elementor-element elementor-element-2653a0e7 elementor-widget__width-initial elementor-widget elementor-widget-shortcode\" data-id=\"2653a0e7\" data-element_type=\"widget\" data-widget_type=\"shortcode.default\">\n\t\t\t\t<div class=\"elementor-widget-container\">\n\t\t\t\t\t\t\t<div class=\"elementor-shortcode\"><ul class=\"kategori-yazilari-liste\"><li style=\"display: flex; margin-bottom: 10px;\"><div class=\"post-content\" style=\"flex-grow: 1;\"><span class=\"post-date habertarih\" style=\"display: block; font-weight: bold; margin-bottom: 5px;\">12 A\u011fustos 2023<\/span><a class=\"haberbaslik\" href=\"https:\/\/atauni.edu.tr\/onlisans-ve-lisans-egitim-koordinatorlugu\/2023\/08\/12\/programlarin-izleme-ve-degerlendirme-sureci-toplantisi\/\" style=\"\">Programlar\u0131n \u0130zleme ve De\u011ferlendirme S\u00fcreci Toplant\u0131s\u0131<\/a><\/div><\/li><li style=\"display: flex; margin-bottom: 10px;\"><div class=\"post-content\" style=\"flex-grow: 1;\"><span class=\"post-date habertarih\" style=\"display: block; font-weight: bold; margin-bottom: 5px;\">4 Nisan 2022<\/span><a class=\"haberbaslik\" href=\"https:\/\/atauni.edu.tr\/onlisans-ve-lisans-egitim-koordinatorlugu\/2022\/04\/04\/program-yeterliliklerine-ulasilma-duzeyini-gosteren-modul-tanitimi-2\/\" style=\"\">Program Yeterliliklerine Ula\u015f\u0131lma D\u00fczeyini G\u00f6steren Mod\u00fcl Tan\u0131t\u0131m\u0131<\/a><\/div><\/li><\/ul>\n<\/div>\n\t\t\t\t\t\t<\/div>\n\t\t\t\t<\/div>\n\t\t\t\t\t<\/div>\n\t\t<\/div>\n\t\t\t\t<div class=\"elementor-column elementor-col-33 elementor-top-column elementor-element elementor-element-77e8ab1f\" data-id=\"77e8ab1f\" data-element_type=\"column\">\n\t\t\t<div class=\"elementor-widget-wrap elementor-element-populated\">\n\t\t\t\t\t\t<section class=\"elementor-section elementor-inner-section elementor-element elementor-element-5819cc1 elementor-section-boxed elementor-section-height-default elementor-section-height-default\" data-id=\"5819cc1\" data-element_type=\"section\">\n\t\t\t\t\t\t<div class=\"elementor-container elementor-column-gap-default\">\n\t\t\t\t\t<div class=\"elementor-column elementor-col-50 elementor-inner-column elementor-element elementor-element-785183c0\" data-id=\"785183c0\" data-element_type=\"column\">\n\t\t\t<div class=\"elementor-widget-wrap elementor-element-populated\">\n\t\t\t\t\t\t<div class=\"elementor-element elementor-element-382a7cf7 elementor-widget elementor-widget-heading\" data-id=\"382a7cf7\" data-element_type=\"widget\" data-widget_type=\"heading.default\">\n\t\t\t\t<div class=\"elementor-widget-container\">\n\t\t\t\t\t<h2 class=\"elementor-heading-title elementor-size-default\">Duyurular<\/h2>\t\t\t\t<\/div>\n\t\t\t\t<\/div>\n\t\t\t\t\t<\/div>\n\t\t<\/div>\n\t\t\t\t<div class=\"elementor-column elementor-col-50 elementor-inner-column elementor-element elementor-element-58ac1511\" data-id=\"58ac1511\" data-element_type=\"column\">\n\t\t\t<div class=\"elementor-widget-wrap elementor-element-populated\">\n\t\t\t\t\t\t<div class=\"elementor-element elementor-element-1702cf2c elementor-align-right elementor-widget elementor-widget-button\" data-id=\"1702cf2c\" data-element_type=\"widget\" data-widget_type=\"button.default\">\n\t\t\t\t<div class=\"elementor-widget-container\">\n\t\t\t\t\t\t\t\t\t<div class=\"elementor-button-wrapper\">\n\t\t\t\t\t<a class=\"elementor-button elementor-button-link elementor-size-sm\" href=\"https:\/\/atauni.edu.tr\/onlisans-ve-lisans-egitim-koordinatorlugu\/duyurular\/\">\n\t\t\t\t\t\t<span class=\"elementor-button-content-wrapper\">\n\t\t\t\t\t\t<span class=\"elementor-button-icon\">\n\t\t\t\t<i aria-hidden=\"true\" class=\"fas fa-long-arrow-alt-right\"><\/i>\t\t\t<\/span>\n\t\t\t\t\t\t\t\t\t<span class=\"elementor-button-text\">T\u00fcm\u00fc<\/span>\n\t\t\t\t\t<\/span>\n\t\t\t\t\t<\/a>\n\t\t\t\t<\/div>\n\t\t\t\t\t\t\t\t<\/div>\n\t\t\t\t<\/div>\n\t\t\t\t\t<\/div>\n\t\t<\/div>\n\t\t\t\t\t<\/div>\n\t\t<\/section>\n\t\t\t\t<div class=\"elementor-element elementor-element-5d09c5fd elementor-widget-divider--view-line elementor-widget elementor-widget-divider\" data-id=\"5d09c5fd\" data-element_type=\"widget\" data-widget_type=\"divider.default\">\n\t\t\t\t<div class=\"elementor-widget-container\">\n\t\t\t\t\t\t\t<div class=\"elementor-divider\">\n\t\t\t<span class=\"elementor-divider-separator\">\n\t\t\t\t\t\t<\/span>\n\t\t<\/div>\n\t\t\t\t\t\t<\/div>\n\t\t\t\t<\/div>\n\t\t\t\t<div class=\"elementor-element elementor-element-36a4af2b elementor-widget__width-initial elementor-widget elementor-widget-shortcode\" data-id=\"36a4af2b\" data-element_type=\"widget\" data-widget_type=\"shortcode.default\">\n\t\t\t\t<div class=\"elementor-widget-container\">\n\t\t\t\t\t\t\t<div class=\"elementor-shortcode\"><ul class=\"kategori-yazilari-liste\"><li style=\"display: flex; margin-bottom: 10px;\"><div class=\"post-content\" style=\"flex-grow: 1;\"><span class=\"post-date duyurutarih\" style=\"display: block; font-weight: bold; margin-bottom: 5px;\">25 Mart 2026<\/span><a href=\"https:\/\/atauni.edu.tr\/onlisans-ve-lisans-egitim-koordinatorlugu\/2026\/03\/25\/ataturk-universitesi-ogretim-programi-gelistirme-izleme-ve-degerlendirme-kilavuzu\/\" class=\" duyurubaslik\" >Atat\u00fcrk \u00dcniversitesi \u00d6\u011fretim Program\u0131 Geli\u015ftirme, \u0130zleme Ve De\u011ferlendirme K\u0131lavuzu<\/a><\/div><\/li><li style=\"display: flex; margin-bottom: 10px;\"><div class=\"post-content\" style=\"flex-grow: 1;\"><span class=\"post-date duyurutarih\" style=\"display: block; font-weight: bold; margin-bottom: 5px;\">23 \u015eubat 2026<\/span><a href=\"https:\/\/atauni.edu.tr\/onlisans-ve-lisans-egitim-koordinatorlugu\/2026\/02\/23\/onemli-duyuru-paydas-memnuniyet-anketleri\/\" class=\" duyurubaslik\" >\u00d6nemli Duyuru: Payda\u015f Memnuniyet Anketleri<\/a><\/div><\/li><li style=\"display: flex; margin-bottom: 10px;\"><div class=\"post-content\" style=\"flex-grow: 1;\"><span class=\"post-date duyurutarih\" style=\"display: block; font-weight: bold; margin-bottom: 5px;\">23 \u015eubat 2026<\/span><a href=\"https:\/\/atauni.edu.tr\/onlisans-ve-lisans-egitim-koordinatorlugu\/2026\/02\/23\/program-yeterliliklerine-ulasilma-duzeyini-gosteren-modul-tanitimi\/\" class=\" duyurubaslik\" >Program Yeterliliklerine Ula\u015f\u0131lma D\u00fczeyini G\u00f6steren Mod\u00fcl Tan\u0131t\u0131m\u0131<\/a><\/div><\/li><li style=\"display: flex; margin-bottom: 10px;\"><div class=\"post-content\" style=\"flex-grow: 1;\"><span class=\"post-date duyurutarih\" style=\"display: block; font-weight: bold; margin-bottom: 5px;\">23 \u015eubat 2026<\/span><a href=\"https:\/\/atauni.edu.tr\/onlisans-ve-lisans-egitim-koordinatorlugu\/2026\/02\/23\/lisans-programlarinin-ozdegerlendirme-toplantisi\/\" class=\" duyurubaslik\" >Lisans Programlar\u0131n\u0131n \u00d6zde\u011ferlendirme Toplant\u0131s\u0131<\/a><\/div><\/li><li style=\"display: flex; margin-bottom: 10px;\"><div class=\"post-content\" style=\"flex-grow: 1;\"><span class=\"post-date duyurutarih\" style=\"display: block; font-weight: bold; margin-bottom: 5px;\">23 \u015eubat 2026<\/span><a href=\"https:\/\/atauni.edu.tr\/onlisans-ve-lisans-egitim-koordinatorlugu\/2026\/02\/23\/sanat-egitiminde-kalite-ve-akreditasyon-toplantisi\/\" class=\" duyurubaslik\" >Sanat E\u011fitiminde Kalite ve Akreditasyon Toplant\u0131s\u0131<\/a><\/div><\/li><li style=\"display: flex; margin-bottom: 10px;\"><div class=\"post-content\" style=\"flex-grow: 1;\"><span class=\"post-date duyurutarih\" style=\"display: block; font-weight: bold; margin-bottom: 5px;\">23 \u015eubat 2026<\/span><a href=\"https:\/\/atauni.edu.tr\/onlisans-ve-lisans-egitim-koordinatorlugu\/2026\/02\/23\/ogrenmeyi-mukemmellestirme-ve-program-gelistirme-karar-ve-koordinasyon-kurulu-toplantisi\/\" class=\" duyurubaslik\" >\u00d6\u011frenmeyi M\u00fckemmelle\u015ftirme ve Program Geli\u015ftirme Karar ve Koordinasyon Kurulu Toplant\u0131s\u0131<\/a><\/div><\/li><li style=\"display: flex; margin-bottom: 10px;\"><div class=\"post-content\" style=\"flex-grow: 1;\"><span class=\"post-date duyurutarih\" style=\"display: block; font-weight: bold; margin-bottom: 5px;\">23 \u015eubat 2026<\/span><a href=\"https:\/\/atauni.edu.tr\/onlisans-ve-lisans-egitim-koordinatorlugu\/2026\/02\/23\/eczacilik-fakultesi-ile-toplanti\/\" class=\" duyurubaslik\" >Eczac\u0131l\u0131k Fak\u00fcltesi ile Toplant\u0131<\/a><\/div><\/li><\/ul>\n<\/div>\n\t\t\t\t\t\t<\/div>\n\t\t\t\t<\/div>\n\t\t\t\t\t<\/div>\n\t\t<\/div>\n\t\t\t\t<div class=\"elementor-column elementor-col-33 elementor-top-column elementor-element elementor-element-f2ba4db\" data-id=\"f2ba4db\" data-element_type=\"column\">\n\t\t\t<div class=\"elementor-widget-wrap elementor-element-populated\">\n\t\t\t\t\t\t<section class=\"elementor-section elementor-inner-section elementor-element elementor-element-18eb95c9 elementor-section-boxed elementor-section-height-default elementor-section-height-default\" data-id=\"18eb95c9\" data-element_type=\"section\">\n\t\t\t\t\t\t<div class=\"elementor-container elementor-column-gap-default\">\n\t\t\t\t\t<div class=\"elementor-column elementor-col-50 elementor-inner-column elementor-element elementor-element-4b0b3597\" data-id=\"4b0b3597\" data-element_type=\"column\">\n\t\t\t<div class=\"elementor-widget-wrap elementor-element-populated\">\n\t\t\t\t\t\t<div class=\"elementor-element elementor-element-3397ed38 elementor-widget elementor-widget-heading\" data-id=\"3397ed38\" data-element_type=\"widget\" data-widget_type=\"heading.default\">\n\t\t\t\t<div class=\"elementor-widget-container\">\n\t\t\t\t\t<h2 class=\"elementor-heading-title elementor-size-default\">Etkinlikler<\/h2>\t\t\t\t<\/div>\n\t\t\t\t<\/div>\n\t\t\t\t\t<\/div>\n\t\t<\/div>\n\t\t\t\t<div class=\"elementor-column elementor-col-50 elementor-inner-column elementor-element elementor-element-7286de95\" data-id=\"7286de95\" data-element_type=\"column\">\n\t\t\t<div class=\"elementor-widget-wrap elementor-element-populated\">\n\t\t\t\t\t\t<div class=\"elementor-element elementor-element-12e8fa8e elementor-align-right elementor-widget elementor-widget-button\" data-id=\"12e8fa8e\" data-element_type=\"widget\" data-widget_type=\"button.default\">\n\t\t\t\t<div class=\"elementor-widget-container\">\n\t\t\t\t\t\t\t\t\t<div class=\"elementor-button-wrapper\">\n\t\t\t\t\t<a class=\"elementor-button elementor-button-link elementor-size-sm\" href=\"https:\/\/atauni.edu.tr\/onlisans-ve-lisans-egitim-koordinatorlugu\/etkinlikler\/\">\n\t\t\t\t\t\t<span class=\"elementor-button-content-wrapper\">\n\t\t\t\t\t\t<span class=\"elementor-button-icon\">\n\t\t\t\t<i aria-hidden=\"true\" class=\"fas fa-long-arrow-alt-right\"><\/i>\t\t\t<\/span>\n\t\t\t\t\t\t\t\t\t<span class=\"elementor-button-text\">T\u00fcm\u00fc<\/span>\n\t\t\t\t\t<\/span>\n\t\t\t\t\t<\/a>\n\t\t\t\t<\/div>\n\t\t\t\t\t\t\t\t<\/div>\n\t\t\t\t<\/div>\n\t\t\t\t\t<\/div>\n\t\t<\/div>\n\t\t\t\t\t<\/div>\n\t\t<\/section>\n\t\t\t\t<div class=\"elementor-element elementor-element-2f665519 elementor-widget-divider--view-line elementor-widget elementor-widget-divider\" data-id=\"2f665519\" data-element_type=\"widget\" data-widget_type=\"divider.default\">\n\t\t\t\t<div class=\"elementor-widget-container\">\n\t\t\t\t\t\t\t<div class=\"elementor-divider\">\n\t\t\t<span class=\"elementor-divider-separator\">\n\t\t\t\t\t\t<\/span>\n\t\t<\/div>\n\t\t\t\t\t\t<\/div>\n\t\t\t\t<\/div>\n\t\t\t\t<div class=\"elementor-element elementor-element-262f86fc elementor-widget elementor-widget-shortcode\" data-id=\"262f86fc\" data-element_type=\"widget\" data-widget_type=\"shortcode.default\">\n\t\t\t\t<div class=\"elementor-widget-container\">\n\t\t\t\t\t\t\t<div class=\"elementor-shortcode\"><div class=\"swiper etkinlikler-swiper\"><div class=\"swiper-wrapper\"><div class=\"swiper-slide\"><div>Bu kategoride etkinlik bulunmamaktad\u0131r.<\/div><\/div><\/div><div class=\"swiper-button-next\"><\/div><div class=\"swiper-button-prev\"><\/div><\/div><\/div>\n\t\t\t\t\t\t<\/div>\n\t\t\t\t<\/div>\n\t\t\t\t\t<\/div>\n\t\t<\/div>\n\t\t\t\t\t<\/div>\n\t\t<\/section>\n\t\t\t\t<\/div>\n\t\t","protected":false},"excerpt":{"rendered":"<p>Haberler T\u00fcm\u00fc Duyurular T\u00fcm\u00fc Etkinlikler T\u00fcm\u00fc<\/p>\n","protected":false},"author":1,"featured_media":0,"parent":0,"menu_order":0,"comment_status":"closed","ping_status":"closed","template":"elementor_header_footer","meta":{"footnotes":""},"class_list":["post-68","page","type-page","status-publish","hentry"],"_links":{"self":[{"href":"https:\/\/atauni.edu.tr\/onlisans-ve-lisans-egitim-koordinatorlugu\/wp-json\/wp\/v2\/pages\/68","targetHints":{"allow":["GET"]}}],"collection":[{"href":"https:\/\/atauni.edu.tr\/onlisans-ve-lisans-egitim-koordinatorlugu\/wp-json\/wp\/v2\/pages"}],"about":[{"href":"https:\/\/atauni.edu.tr\/onlisans-ve-lisans-egitim-koordinatorlugu\/wp-json\/wp\/v2\/types\/page"}],"author":[{"embeddable":true,"href":"https:\/\/atauni.edu.tr\/onlisans-ve-lisans-egitim-koordinatorlugu\/wp-json\/wp\/v2\/users\/1"}],"replies":[{"embeddable":true,"href":"https:\/\/atauni.edu.tr\/onlisans-ve-lisans-egitim-koordinatorlugu\/wp-json\/wp\/v2\/comments?post=68"}],"version-history":[{"count":105,"href":"https:\/\/atauni.edu.tr\/onlisans-ve-lisans-egitim-koordinatorlugu\/wp-json\/wp\/v2\/pages\/68\/revisions"}],"predecessor-version":[{"id":6500,"href":"https:\/\/atauni.edu.tr\/onlisans-ve-lisans-egitim-koordinatorlugu\/wp-json\/wp\/v2\/pages\/68\/revisions\/6500"}],"wp:attachment":[{"href":"https:\/\/atauni.edu.tr\/onlisans-ve-lisans-egitim-koordinatorlugu\/wp-json\/wp\/v2\/media?parent=68"}],"curies":[{"name":"wp","href":"https:\/\/api.w.org\/{rel}","templated":true}]}}