{"id":6146,"date":"2021-12-12T12:11:44","date_gmt":"2021-12-12T09:11:44","guid":{"rendered":"https:\/\/birimler.atauni.edu.tr\/ormancilik-bolumu\/?page_id=6146"},"modified":"2021-12-12T12:14:33","modified_gmt":"2021-12-12T09:14:33","slug":"hakkinda","status":"publish","type":"page","link":"https:\/\/atauni.edu.tr\/ormancilik-bolumu\/hakkinda\/","title":{"rendered":"Hakk\u0131nda"},"content":{"rendered":"\t\t<div data-elementor-type=\"wp-page\" data-elementor-id=\"6146\" class=\"elementor elementor-6146\" data-elementor-post-type=\"page\">\n\t\t\t\t\t\t<section class=\"elementor-section elementor-top-section elementor-element elementor-element-10b6253 elementor-section-boxed elementor-section-height-default elementor-section-height-default\" data-id=\"10b6253\" data-element_type=\"section\">\n\t\t\t\t\t\t<div class=\"elementor-container elementor-column-gap-default\">\n\t\t\t\t\t<div class=\"elementor-column elementor-col-100 elementor-top-column elementor-element elementor-element-710d710\" data-id=\"710d710\" data-element_type=\"column\">\n\t\t\t<div class=\"elementor-widget-wrap elementor-element-populated\">\n\t\t\t\t\t\t<div class=\"elementor-element elementor-element-baf0804 elementor-widget elementor-widget-text-editor\" data-id=\"baf0804\" data-element_type=\"widget\" data-widget_type=\"text-editor.default\">\n\t\t\t\t<div class=\"elementor-widget-container\">\n\t\t\t\t\t\t\t\t\t<p>\u00a0\u00a0 Ormanc\u0131l\u0131k ve Orman \u00dcr\u00fcnleri Program\u0131 ve Avc\u0131l\u0131k ve Yaban Hayat\u0131 Programlar\u0131ndan olu\u015fan Ormanc\u0131l\u0131k B\u00f6l\u00fcm\u00fc, 2012-2013 E\u011fitim-\u00d6\u011fretim akademik y\u0131l\u0131nda faaliyetine ba\u015flam\u0131\u015f olup, o g\u00fcnden bug\u00fcne y\u00fczlerce \u00f6\u011frenci mezun etmi\u015ftir. Ormanc\u0131l\u0131k B\u00f6l\u00fcm\u00fc mezunlar\u0131 Tar\u0131m ve Orman Bakanl\u0131\u011f\u0131\u2019na ba\u011fl\u0131 Genel M\u00fcd\u00fcrl\u00fcklerde orman muhafaza memuru olarak, belediyelerde, korunan alanlarda, barajlarda, \u00f6zel avlaklarda, hayvanat bah\u00e7elerinde, il ve il\u00e7e av komisyonlar\u0131nda, avc\u0131l\u0131k turizmi ile ilgili \u00f6zel \u015firketlerde aktif olarak \u00e7al\u0131\u015fmaktad\u0131r.<\/p><p>\u00a0\u00a0 Ormanc\u0131l\u0131k B\u00f6l\u00fcm\u00fc \u00f6\u011frencilerimizin staj ve uygulama faaliyetlerini s\u00fcrd\u00fcrebilmelerine y\u00f6nelik olarak \u0130spir il\u00e7esinde bulunan \u0130spir Kaymakaml\u0131\u011f\u0131, \u0130spir Belediyesi, Milli Parklar \u015eube M\u00fcd\u00fcrl\u00fc\u011f\u00fc ve Hidroelektrik Santralleri ile protokollerimiz mevcuttur.<\/p>\t\t\t\t\t\t\t\t<\/div>\n\t\t\t\t<\/div>\n\t\t\t\t\t<\/div>\n\t\t<\/div>\n\t\t\t\t\t<\/div>\n\t\t<\/section>\n\t\t\t\t<\/div>\n\t\t","protected":false},"excerpt":{"rendered":"<p>\u00a0\u00a0 Ormanc\u0131l\u0131k ve Orman \u00dcr\u00fcnleri Program\u0131 ve Avc\u0131l\u0131k ve Yaban Hayat\u0131 Programlar\u0131ndan olu\u015fan Ormanc\u0131l\u0131k B\u00f6l\u00fcm\u00fc, 2012-2013 E\u011fitim-\u00d6\u011fretim akademik y\u0131l\u0131nda faaliyetine ba\u015flam\u0131\u015f olup, o g\u00fcnden bug\u00fcne y\u00fczlerce \u00f6\u011frenci mezun etmi\u015ftir. Ormanc\u0131l\u0131k B\u00f6l\u00fcm\u00fc mezunlar\u0131 Tar\u0131m ve Orman Bakanl\u0131\u011f\u0131\u2019na ba\u011fl\u0131 Genel M\u00fcd\u00fcrl\u00fcklerde orman muhafaza memuru olarak, belediyelerde, korunan alanlarda, barajlarda, \u00f6zel avlaklarda, hayvanat bah\u00e7elerinde, il ve il\u00e7e av [&hellip;]<\/p>\n","protected":false},"author":416,"featured_media":0,"parent":0,"menu_order":0,"comment_status":"closed","ping_status":"closed","template":"","meta":{"footnotes":""},"class_list":["post-6146","page","type-page","status-publish","hentry"],"_links":{"self":[{"href":"https:\/\/atauni.edu.tr\/ormancilik-bolumu\/wp-json\/wp\/v2\/pages\/6146","targetHints":{"allow":["GET"]}}],"collection":[{"href":"https:\/\/atauni.edu.tr\/ormancilik-bolumu\/wp-json\/wp\/v2\/pages"}],"about":[{"href":"https:\/\/atauni.edu.tr\/ormancilik-bolumu\/wp-json\/wp\/v2\/types\/page"}],"author":[{"embeddable":true,"href":"https:\/\/atauni.edu.tr\/ormancilik-bolumu\/wp-json\/wp\/v2\/users\/416"}],"replies":[{"embeddable":true,"href":"https:\/\/atauni.edu.tr\/ormancilik-bolumu\/wp-json\/wp\/v2\/comments?post=6146"}],"version-history":[{"count":7,"href":"https:\/\/atauni.edu.tr\/ormancilik-bolumu\/wp-json\/wp\/v2\/pages\/6146\/revisions"}],"predecessor-version":[{"id":6154,"href":"https:\/\/atauni.edu.tr\/ormancilik-bolumu\/wp-json\/wp\/v2\/pages\/6146\/revisions\/6154"}],"wp:attachment":[{"href":"https:\/\/atauni.edu.tr\/ormancilik-bolumu\/wp-json\/wp\/v2\/media?parent=6146"}],"curies":[{"name":"wp","href":"https:\/\/api.w.org\/{rel}","templated":true}]}}