{"id":5638,"date":"2021-07-13T09:49:25","date_gmt":"2021-07-13T06:49:25","guid":{"rendered":"https:\/\/portaltest.atauni.edu.tr\/bilgisayar-muhendisligi\/?page_id=5638"},"modified":"2021-09-13T10:21:35","modified_gmt":"2021-09-13T07:21:35","slug":"tarihce","status":"publish","type":"page","link":"https:\/\/atauni.edu.tr\/ormancilik-ve-orman-urunleri-programi\/tarihce\/","title":{"rendered":"Tarih\u00e7e"},"content":{"rendered":"\t\t<div data-elementor-type=\"wp-page\" data-elementor-id=\"5638\" class=\"elementor elementor-5638\" data-elementor-post-type=\"page\">\n\t\t\t\t\t\t<section class=\"elementor-section elementor-top-section elementor-element elementor-element-730d320 elementor-section-boxed elementor-section-height-default elementor-section-height-default\" data-id=\"730d320\" data-element_type=\"section\">\n\t\t\t\t\t\t<div class=\"elementor-container elementor-column-gap-default\">\n\t\t\t\t\t<div class=\"elementor-column elementor-col-100 elementor-top-column elementor-element elementor-element-753d0860\" data-id=\"753d0860\" data-element_type=\"column\">\n\t\t\t<div class=\"elementor-widget-wrap\">\n\t\t\t\t\t\t\t<\/div>\n\t\t<\/div>\n\t\t\t\t\t<\/div>\n\t\t<\/section>\n\t\t\t\t<section class=\"elementor-section elementor-top-section elementor-element elementor-element-9be811a elementor-section-boxed elementor-section-height-default elementor-section-height-default\" data-id=\"9be811a\" data-element_type=\"section\">\n\t\t\t\t\t\t<div class=\"elementor-container elementor-column-gap-default\">\n\t\t\t\t\t<div class=\"elementor-column elementor-col-100 elementor-top-column elementor-element elementor-element-1ed847b7\" data-id=\"1ed847b7\" data-element_type=\"column\">\n\t\t\t<div class=\"elementor-widget-wrap elementor-element-populated\">\n\t\t\t\t\t\t<div class=\"elementor-element elementor-element-4ce0d07f elementor-widget elementor-widget-heading\" data-id=\"4ce0d07f\" data-element_type=\"widget\" data-widget_type=\"heading.default\">\n\t\t\t\t<div class=\"elementor-widget-container\">\n\t\t\t\t\t<h2 class=\"elementor-heading-title elementor-size-default\">Tarih\u00e7e<\/h2>\t\t\t\t<\/div>\n\t\t\t\t<\/div>\n\t\t\t\t<div class=\"elementor-element elementor-element-63260862 elementor-widget-divider--view-line elementor-widget elementor-widget-divider\" data-id=\"63260862\" data-element_type=\"widget\" data-widget_type=\"divider.default\">\n\t\t\t\t<div class=\"elementor-widget-container\">\n\t\t\t\t\t\t\t<div class=\"elementor-divider\">\n\t\t\t<span class=\"elementor-divider-separator\">\n\t\t\t\t\t\t<\/span>\n\t\t<\/div>\n\t\t\t\t\t\t<\/div>\n\t\t\t\t<\/div>\n\t\t\t\t\t<\/div>\n\t\t<\/div>\n\t\t\t\t\t<\/div>\n\t\t<\/section>\n\t\t\t\t<section class=\"elementor-section elementor-top-section elementor-element elementor-element-681db8b elementor-section-boxed elementor-section-height-default elementor-section-height-default\" data-id=\"681db8b\" data-element_type=\"section\">\n\t\t\t\t\t\t<div class=\"elementor-container elementor-column-gap-default\">\n\t\t\t\t\t<div class=\"elementor-column elementor-col-100 elementor-top-column elementor-element elementor-element-ad4dac5\" data-id=\"ad4dac5\" data-element_type=\"column\">\n\t\t\t<div class=\"elementor-widget-wrap elementor-element-populated\">\n\t\t\t\t\t\t<div class=\"elementor-element elementor-element-2f96b3d elementor-widget elementor-widget-text-editor\" data-id=\"2f96b3d\" data-element_type=\"widget\" data-widget_type=\"text-editor.default\">\n\t\t\t\t<div class=\"elementor-widget-container\">\n\t\t\t\t\t\t\t\t\t<p>Atat\u00fcrk \u00dcniversitesi Ormanc\u0131l\u0131k ve Orman \u00dcr\u00fcnleri Program\u0131, \u00fclkemizin ormanc\u0131l\u0131k alan\u0131nda \u00f6nemli bir yeri olan bir e\u011fitim kurumudur. Bu program\u0131n tarihi, \u00fclkenin ormanc\u0131l\u0131k ihtiyac\u0131n\u0131 kar\u015f\u0131lamak ve sekt\u00f6re nitelikli eleman yeti\u015ftirmek amac\u0131yla ba\u015flat\u0131lan \u00e7al\u0131\u015fmalar\u0131 i\u00e7ermektedir.<\/p>\n<p>Ormanc\u0131l\u0131k ve Orman \u00dcr\u00fcnleri Program\u0131, \u00f6\u011frencilere orman ekolojisi, orman y\u00f6netimi, a\u011fa\u00e7 i\u015fleme, odun hammaddesi \u00fcretimi gibi konularda kapsaml\u0131 bir e\u011fitim vermeyi ama\u00e7lar. Program\u0131n amac\u0131, ormanc\u0131l\u0131k sekt\u00f6r\u00fcn\u00fcn gereksinimlerini kar\u015f\u0131layabilecek, \u00e7evre bilinci olan ve s\u00fcrd\u00fcr\u00fclebilir ormanc\u0131l\u0131k uygulamalar\u0131na \u00f6nem veren mezunlar yeti\u015ftirmektir.<\/p>\n<p>Programda verilen e\u011fitimler teorik ve uygulamal\u0131 olmak \u00fczere iki ana ba\u015fl\u0131k alt\u0131nda toplanabilir. Teorik e\u011fitimler, \u00f6\u011frencilerin orman ekolojisi, orman y\u00f6netimi, a\u011fa\u00e7 i\u015fleme teknolojileri gibi konular hakk\u0131nda derinlemesine bilgi edinmelerini sa\u011flar. Uygulamal\u0131 e\u011fitimler ise stajlar, arazi \u00e7al\u0131\u015fmalar\u0131 ve laboratuvar uygulamalar\u0131 arac\u0131l\u0131\u011f\u0131yla \u00f6\u011frencilerin pratik deneyim kazanmalar\u0131na olanak tan\u0131r.<\/p>\n<p>Atat\u00fcrk \u00dcniversitesi Ormanc\u0131l\u0131k ve Orman \u00dcr\u00fcnleri Program\u0131, \u00f6\u011frencilere mezuniyet sonras\u0131 \u00e7e\u015fitli kariyer f\u0131rsatlar\u0131 sunar. Mezunlar, devlet kurumlar\u0131nda, \u00f6zel sekt\u00f6rde veya sivil toplum kurulu\u015flar\u0131nda ormanc\u0131l\u0131k uzman\u0131, orman m\u00fchendisi veya a\u011fa\u00e7 i\u015fleme teknisyeni olarak \u00e7al\u0131\u015fabilirler.<\/p>\n<p>Program\u0131n gelecekteki hedefleri aras\u0131nda, e\u011fitim kalitesini s\u00fcrekli iyile\u015ftirmek, \u00f6\u011frencilere g\u00fcncel ve teknolojik geli\u015fmeleri yak\u0131ndan takip edebilecek bir ortam sunmak ve ormanc\u0131l\u0131k sekt\u00f6r\u00fcn\u00fcn ihtiya\u00e7lar\u0131n\u0131 kar\u015f\u0131layacak nitelikli mezunlar yeti\u015ftirmek bulunmaktad\u0131r.<\/p>\t\t\t\t\t\t\t\t<\/div>\n\t\t\t\t<\/div>\n\t\t\t\t\t<\/div>\n\t\t<\/div>\n\t\t\t\t\t<\/div>\n\t\t<\/section>\n\t\t\t\t<\/div>\n\t\t","protected":false},"excerpt":{"rendered":"<p>Tarih\u00e7e Lorem Ipsum Nedir? Lorem Ipsum, dizgi ve bask\u0131 end\u00fcstrisinde kullan\u0131lan m\u0131g\u0131r metinlerdir. Lorem Ipsum, ad\u0131 bilinmeyen bir matbaac\u0131n\u0131n bir hurufat numune kitab\u0131 olu\u015fturmak \u00fczere bir yaz\u0131 galerisini alarak kar\u0131\u015ft\u0131rd\u0131\u011f\u0131 1500&#8217;lerden beri end\u00fcstri standard\u0131 sahte metinler olarak kullan\u0131lm\u0131\u015ft\u0131r. Be\u015fy\u00fcz y\u0131l boyunca varl\u0131\u011f\u0131n\u0131 s\u00fcrd\u00fcrmekle kalmam\u0131\u015f, ayn\u0131 zamanda pek de\u011fi\u015fmeden elektronik dizgiye de s\u0131\u00e7ram\u0131\u015ft\u0131r. 1960&#8217;larda Lorem Ipsum [&hellip;]<\/p>\n","protected":false},"author":1,"featured_media":0,"parent":0,"menu_order":0,"comment_status":"closed","ping_status":"closed","template":"","meta":{"footnotes":""},"class_list":["post-5638","page","type-page","status-publish","hentry"],"_links":{"self":[{"href":"https:\/\/atauni.edu.tr\/ormancilik-ve-orman-urunleri-programi\/wp-json\/wp\/v2\/pages\/5638","targetHints":{"allow":["GET"]}}],"collection":[{"href":"https:\/\/atauni.edu.tr\/ormancilik-ve-orman-urunleri-programi\/wp-json\/wp\/v2\/pages"}],"about":[{"href":"https:\/\/atauni.edu.tr\/ormancilik-ve-orman-urunleri-programi\/wp-json\/wp\/v2\/types\/page"}],"author":[{"embeddable":true,"href":"https:\/\/atauni.edu.tr\/ormancilik-ve-orman-urunleri-programi\/wp-json\/wp\/v2\/users\/1"}],"replies":[{"embeddable":true,"href":"https:\/\/atauni.edu.tr\/ormancilik-ve-orman-urunleri-programi\/wp-json\/wp\/v2\/comments?post=5638"}],"version-history":[{"count":22,"href":"https:\/\/atauni.edu.tr\/ormancilik-ve-orman-urunleri-programi\/wp-json\/wp\/v2\/pages\/5638\/revisions"}],"predecessor-version":[{"id":6117,"href":"https:\/\/atauni.edu.tr\/ormancilik-ve-orman-urunleri-programi\/wp-json\/wp\/v2\/pages\/5638\/revisions\/6117"}],"wp:attachment":[{"href":"https:\/\/atauni.edu.tr\/ormancilik-ve-orman-urunleri-programi\/wp-json\/wp\/v2\/media?parent=5638"}],"curies":[{"name":"wp","href":"https:\/\/api.w.org\/{rel}","templated":true}]}}