{"id":5638,"date":"2021-07-13T09:49:25","date_gmt":"2021-07-13T06:49:25","guid":{"rendered":"https:\/\/portaltest.atauni.edu.tr\/bilgisayar-muhendisligi\/?page_id=5638"},"modified":"2023-08-13T15:23:11","modified_gmt":"2023-08-13T12:23:11","slug":"tarihce","status":"publish","type":"page","link":"https:\/\/atauni.edu.tr\/orta-dogu-ve-orta-asya-kafkaslar-arastirma-ve-uygulama-merkezi\/tarihce\/","title":{"rendered":"Tarih\u00e7e"},"content":{"rendered":"\t\t<div data-elementor-type=\"wp-page\" data-elementor-id=\"5638\" class=\"elementor elementor-5638\" data-elementor-post-type=\"page\">\n\t\t\t\t\t\t<section class=\"elementor-section elementor-top-section elementor-element elementor-element-730d320 elementor-section-boxed elementor-section-height-default elementor-section-height-default\" data-id=\"730d320\" data-element_type=\"section\">\n\t\t\t\t\t\t<div class=\"elementor-container elementor-column-gap-default\">\n\t\t\t\t\t<div class=\"elementor-column elementor-col-100 elementor-top-column elementor-element elementor-element-753d0860\" data-id=\"753d0860\" data-element_type=\"column\">\n\t\t\t<div class=\"elementor-widget-wrap\">\n\t\t\t\t\t\t\t<\/div>\n\t\t<\/div>\n\t\t\t\t\t<\/div>\n\t\t<\/section>\n\t\t\t\t<section class=\"elementor-section elementor-top-section elementor-element elementor-element-9be811a elementor-section-boxed elementor-section-height-default elementor-section-height-default\" data-id=\"9be811a\" data-element_type=\"section\">\n\t\t\t\t\t\t<div class=\"elementor-container elementor-column-gap-default\">\n\t\t\t\t\t<div class=\"elementor-column elementor-col-100 elementor-top-column elementor-element elementor-element-1ed847b7\" data-id=\"1ed847b7\" data-element_type=\"column\">\n\t\t\t<div class=\"elementor-widget-wrap elementor-element-populated\">\n\t\t\t\t\t\t<div class=\"elementor-element elementor-element-4ce0d07f elementor-widget elementor-widget-heading\" data-id=\"4ce0d07f\" data-element_type=\"widget\" data-widget_type=\"heading.default\">\n\t\t\t\t<div class=\"elementor-widget-container\">\n\t\t\t\t\t<h2 class=\"elementor-heading-title elementor-size-default\">Tarih\u00e7e<\/h2>\t\t\t\t<\/div>\n\t\t\t\t<\/div>\n\t\t\t\t<div class=\"elementor-element elementor-element-63260862 elementor-widget-divider--view-line elementor-widget elementor-widget-divider\" data-id=\"63260862\" data-element_type=\"widget\" data-widget_type=\"divider.default\">\n\t\t\t\t<div class=\"elementor-widget-container\">\n\t\t\t\t\t\t\t<div class=\"elementor-divider\">\n\t\t\t<span class=\"elementor-divider-separator\">\n\t\t\t\t\t\t<\/span>\n\t\t<\/div>\n\t\t\t\t\t\t<\/div>\n\t\t\t\t<\/div>\n\t\t\t\t\t<\/div>\n\t\t<\/div>\n\t\t\t\t\t<\/div>\n\t\t<\/section>\n\t\t\t\t<section class=\"elementor-section elementor-top-section elementor-element elementor-element-681db8b elementor-section-boxed elementor-section-height-default elementor-section-height-default\" data-id=\"681db8b\" data-element_type=\"section\">\n\t\t\t\t\t\t<div class=\"elementor-container elementor-column-gap-default\">\n\t\t\t\t\t<div class=\"elementor-column elementor-col-100 elementor-top-column elementor-element elementor-element-ad4dac5\" data-id=\"ad4dac5\" data-element_type=\"column\">\n\t\t\t<div class=\"elementor-widget-wrap elementor-element-populated\">\n\t\t\t\t\t\t<div class=\"elementor-element elementor-element-2f96b3d elementor-widget__width-initial elementor-widget elementor-widget-text-editor\" data-id=\"2f96b3d\" data-element_type=\"widget\" data-widget_type=\"text-editor.default\">\n\t\t\t\t<div class=\"elementor-widget-container\">\n\t\t\t\t\t\t\t\t\t<div>\n<h2><span style=\"color: var( --e-global-color-text );font-family: var( --e-global-typography-text-font-family ), Sans-serif;font-size: 17px;font-weight: var( --e-global-typography-text-font-weight );letter-spacing: 0px\">Ortado\u011fu, Orta Asya ve Kafkaslar (ODAK) Ara\u015ft\u0131rma Merkezi&#8217;nin ba\u011fl\u0131 bulundu\u011fu Atat\u00fcrk \u00dcniversitesi, T\u00fcrkiye Cumhuriyeti&#8217;nin \u00f6nemli projelerinden birinin ger\u00e7ekle\u015fme \u00f6yk\u00fcs\u00fcd\u00fcr. Cumhuriyetimizin kurucusu Gazi Mustafa Kemal Atat\u00fcrk, 1 Kas\u0131m 1937 tarihinde T\u00fcrkiye B\u00fcy\u00fck Millet Meclisi&#8217;nin yasama y\u0131l\u0131 a\u00e7\u0131l\u0131\u015f konu\u015fmas\u0131nda Do\u011fu Anadolu&#8217;da b\u00fcy\u00fck bir \u00fcniversite kurulmas\u0131n\u0131n gereklili\u011fini ifade ederek, bu husustaki \u00e7al\u0131\u015fmalar\u0131n&nbsp; ba\u015flat\u0131lmas\u0131 talimat\u0131n\u0131 vermi\u015fti.&nbsp; Ancak bu talimattan k\u0131sa bir s\u00fcre sonra Gazi Mustafa Kemal Atat\u00fcrk vefat edince, Do\u011fu Anadolu&#8217;da bir \u00fcniversite kurma hususundaki \u00e7al\u0131\u015fmalar 12 y\u0131l s\u00fcreyle sekteye u\u011frad\u0131. Mesele daha sonra 1 Kas\u0131m 1950 tarihinde T\u00fcrkiye Cumhuriyeti&#8217;nin 3. Cumhurba\u015fkan\u0131 Celal Bayar taraf\u0131ndan B\u00fcy\u00fck Millet Meclisi&#8217;nin a\u00e7\u0131l\u0131\u015f konu\u015fmas\u0131nda tekrar g\u00fcndeme getirildi. Erzurum&#8217;da bir \u00fcniversite kurulmas\u0131 amac\u0131yla olu\u015fturulan komite, 1955-1957 y\u0131llar\u0131 aras\u0131nda \u00e7al\u0131\u015farak \u00fcniversite Kanun Tasar\u0131s\u0131&#8217;n\u0131 haz\u0131rlad\u0131. Bu tasar\u0131, 31.05.1957 tarihinde 6990 say\u0131 ile&nbsp; B\u00fcy\u00fck Millet Meclisi&#8217;nde kanunla\u015ft\u0131 ve Resmi Gazete&#8217;de yay\u0131mlanarak 07.06.1957 tarihinde y\u00fcr\u00fcrl\u00fc\u011fe girdi. Bu suretle Atat\u00fcrk \u00dcniversitesi&nbsp; 7 Haziran 1957 tarihinde resmen kurulmu\u015f oldu.&nbsp;<\/span><br><\/h2>\n<div><span style=\"color: var( --e-global-color-text );font-family: var( --e-global-typography-text-font-family ), Sans-serif;font-weight: var( --e-global-typography-text-font-weight );letter-spacing: 0px;font-size: 17px\"><br><\/span><\/div>\n<div>Atat\u00fcrk \u00dcniversitesi&#8217;ne ba\u011fl\u0131 olan Ortado\u011fu Orta Asya ve Kafkaslar (ODAK) Ara\u015ft\u0131rma Merkezi ise 2547 say\u0131l\u0131 kanunun 7\/d2 maddesi uyar\u0131nca 20009 y\u0131l\u0131nda kurulmu\u015f olup, 2010 y\u0131l\u0131nda faaliyetlerine ba\u015flam\u0131\u015ft\u0131r.&nbsp;<\/div>\n<\/div>\n<div>\n<\/div>\t\t\t\t\t\t\t\t<\/div>\n\t\t\t\t<\/div>\n\t\t\t\t\t<\/div>\n\t\t<\/div>\n\t\t\t\t\t<\/div>\n\t\t<\/section>\n\t\t\t\t<\/div>\n\t\t","protected":false},"excerpt":{"rendered":"<p>Tarih\u00e7e Ortado\u011fu, Orta Asya ve Kafkaslar (ODAK) Ara\u015ft\u0131rma Merkezi&#8217;nin ba\u011fl\u0131 bulundu\u011fu Atat\u00fcrk \u00dcniversitesi, T\u00fcrkiye Cumhuriyeti&#8217;nin \u00f6nemli projelerinden birinin ger\u00e7ekle\u015fme \u00f6yk\u00fcs\u00fcd\u00fcr. Cumhuriyetimizin kurucusu Gazi Mustafa Kemal Atat\u00fcrk, 1 Kas\u0131m 1937 tarihinde T\u00fcrkiye B\u00fcy\u00fck Millet Meclisi&#8217;nin yasama y\u0131l\u0131 a\u00e7\u0131l\u0131\u015f konu\u015fmas\u0131nda Do\u011fu Anadolu&#8217;da b\u00fcy\u00fck bir \u00fcniversite kurulmas\u0131n\u0131n gereklili\u011fini ifade ederek, bu husustaki \u00e7al\u0131\u015fmalar\u0131n&nbsp; ba\u015flat\u0131lmas\u0131 talimat\u0131n\u0131 vermi\u015fti.&nbsp; Ancak bu [&hellip;]<\/p>\n","protected":false},"author":1,"featured_media":0,"parent":0,"menu_order":0,"comment_status":"closed","ping_status":"closed","template":"","meta":{"footnotes":""},"class_list":["post-5638","page","type-page","status-publish","hentry"],"_links":{"self":[{"href":"https:\/\/atauni.edu.tr\/orta-dogu-ve-orta-asya-kafkaslar-arastirma-ve-uygulama-merkezi\/wp-json\/wp\/v2\/pages\/5638","targetHints":{"allow":["GET"]}}],"collection":[{"href":"https:\/\/atauni.edu.tr\/orta-dogu-ve-orta-asya-kafkaslar-arastirma-ve-uygulama-merkezi\/wp-json\/wp\/v2\/pages"}],"about":[{"href":"https:\/\/atauni.edu.tr\/orta-dogu-ve-orta-asya-kafkaslar-arastirma-ve-uygulama-merkezi\/wp-json\/wp\/v2\/types\/page"}],"author":[{"embeddable":true,"href":"https:\/\/atauni.edu.tr\/orta-dogu-ve-orta-asya-kafkaslar-arastirma-ve-uygulama-merkezi\/wp-json\/wp\/v2\/users\/1"}],"replies":[{"embeddable":true,"href":"https:\/\/atauni.edu.tr\/orta-dogu-ve-orta-asya-kafkaslar-arastirma-ve-uygulama-merkezi\/wp-json\/wp\/v2\/comments?post=5638"}],"version-history":[{"count":25,"href":"https:\/\/atauni.edu.tr\/orta-dogu-ve-orta-asya-kafkaslar-arastirma-ve-uygulama-merkezi\/wp-json\/wp\/v2\/pages\/5638\/revisions"}],"predecessor-version":[{"id":6671,"href":"https:\/\/atauni.edu.tr\/orta-dogu-ve-orta-asya-kafkaslar-arastirma-ve-uygulama-merkezi\/wp-json\/wp\/v2\/pages\/5638\/revisions\/6671"}],"wp:attachment":[{"href":"https:\/\/atauni.edu.tr\/orta-dogu-ve-orta-asya-kafkaslar-arastirma-ve-uygulama-merkezi\/wp-json\/wp\/v2\/media?parent=5638"}],"curies":[{"name":"wp","href":"https:\/\/api.w.org\/{rel}","templated":true}]}}