{"id":5682,"date":"2021-07-13T10:10:01","date_gmt":"2021-07-13T07:10:01","guid":{"rendered":"https:\/\/portaltest.atauni.edu.tr\/bilgisayar-muhendisligi\/?page_id=5682"},"modified":"2022-03-09T15:14:47","modified_gmt":"2022-03-09T12:14:47","slug":"misyon-vizyon-ve-temel-degerler","status":"publish","type":"page","link":"https:\/\/atauni.edu.tr\/orta-dogu-ve-orta-asya-kafkaslar-arastirma-ve-uygulama-merkezi\/misyon-vizyon-ve-temel-degerler\/","title":{"rendered":"Misyon, Vizyon ve Temel De\u011ferler"},"content":{"rendered":"\t\t<div data-elementor-type=\"wp-page\" data-elementor-id=\"5682\" class=\"elementor elementor-5682\" data-elementor-post-type=\"page\">\n\t\t\t\t\t\t<section class=\"elementor-section elementor-top-section elementor-element elementor-element-730d320 elementor-section-boxed elementor-section-height-default elementor-section-height-default\" data-id=\"730d320\" data-element_type=\"section\">\n\t\t\t\t\t\t<div class=\"elementor-container elementor-column-gap-default\">\n\t\t\t\t\t<div class=\"elementor-column elementor-col-100 elementor-top-column elementor-element elementor-element-753d0860\" data-id=\"753d0860\" data-element_type=\"column\">\n\t\t\t<div class=\"elementor-widget-wrap\">\n\t\t\t\t\t\t\t<\/div>\n\t\t<\/div>\n\t\t\t\t\t<\/div>\n\t\t<\/section>\n\t\t\t\t<section class=\"elementor-section elementor-top-section elementor-element elementor-element-9be811a elementor-section-boxed elementor-section-height-default elementor-section-height-default\" data-id=\"9be811a\" data-element_type=\"section\">\n\t\t\t\t\t\t<div class=\"elementor-container elementor-column-gap-default\">\n\t\t\t\t\t<div class=\"elementor-column elementor-col-100 elementor-top-column elementor-element elementor-element-1ed847b7\" data-id=\"1ed847b7\" data-element_type=\"column\">\n\t\t\t<div class=\"elementor-widget-wrap elementor-element-populated\">\n\t\t\t\t\t\t<div class=\"elementor-element elementor-element-4ce0d07f elementor-widget elementor-widget-heading\" data-id=\"4ce0d07f\" data-element_type=\"widget\" data-widget_type=\"heading.default\">\n\t\t\t\t<div class=\"elementor-widget-container\">\n\t\t\t\t\t<h2 class=\"elementor-heading-title elementor-size-default\">Misyon, Vizyon ve Temel De\u011ferler<\/h2>\t\t\t\t<\/div>\n\t\t\t\t<\/div>\n\t\t\t\t<div class=\"elementor-element elementor-element-63260862 elementor-widget-divider--view-line elementor-widget elementor-widget-divider\" data-id=\"63260862\" data-element_type=\"widget\" data-widget_type=\"divider.default\">\n\t\t\t\t<div class=\"elementor-widget-container\">\n\t\t\t\t\t\t\t<div class=\"elementor-divider\">\n\t\t\t<span class=\"elementor-divider-separator\">\n\t\t\t\t\t\t<\/span>\n\t\t<\/div>\n\t\t\t\t\t\t<\/div>\n\t\t\t\t<\/div>\n\t\t\t\t\t<\/div>\n\t\t<\/div>\n\t\t\t\t\t<\/div>\n\t\t<\/section>\n\t\t\t\t<section class=\"elementor-section elementor-top-section elementor-element elementor-element-681db8b elementor-section-boxed elementor-section-height-default elementor-section-height-default\" data-id=\"681db8b\" data-element_type=\"section\">\n\t\t\t\t\t\t<div class=\"elementor-container elementor-column-gap-default\">\n\t\t\t\t\t<div class=\"elementor-column elementor-col-100 elementor-top-column elementor-element elementor-element-ad4dac5\" data-id=\"ad4dac5\" data-element_type=\"column\">\n\t\t\t<div class=\"elementor-widget-wrap elementor-element-populated\">\n\t\t\t\t\t\t<div class=\"elementor-element elementor-element-2f96b3d elementor-widget elementor-widget-text-editor\" data-id=\"2f96b3d\" data-element_type=\"widget\" data-widget_type=\"text-editor.default\">\n\t\t\t\t<div class=\"elementor-widget-container\">\n\t\t\t\t\t\t\t\t\t<p><b>Y\u00d6NET\u0130M\u0130N MESAJI:<br \/><\/b>Geli\u015fen d\u00fcnya d\u00fczeninde uluslar daha s\u0131k ve yak\u0131n ili\u015fkiler kurma f\u0131rsatlar\u0131na sahiptir. Co\u011frafi ve politik konumu dikkate al\u0131nd\u0131\u011f\u0131nda, T\u00fcrk ulusunun da bu f\u0131rsatlardan yararlanmas\u0131 ka\u00e7\u0131n\u0131lmazd\u0131r. Uluslar\u0131n konumunu ulusal ve uluslar aras\u0131 altyap\u0131lar\u0131n\u0131 belirlemi\u015f kurum ve kurulu\u015flar \u00fcstlenirler. Atat\u00fcrk \u00dcniversitesi, e\u011fitim ve bilim alan\u0131nda uluslar aras\u0131 ili\u015fkilerini bu g\u00fcnk\u00fc konumundan daha ileri ta\u015f\u0131ma sorumlulu\u011funu bilin\u00e7 seviyesinde y\u00fcklenmi\u015ftir. \u00c7e\u015fitli ba\u015fl\u0131klar alt\u0131nda faaliyet y\u00fcr\u00fcten birimler, uygarl\u0131\u011fa hizmette ve \u00fcretilenlerden yararlanmada di\u011fer uluslar\u0131n yan\u0131nda yer alma \u00e7abas\u0131nda olmal\u0131d\u0131r. Merkezimiz de bu \u00e7aban\u0131n ve bilincin gere\u011fi olarak, \u00dcniversitemizin di\u011fer uluslara a\u00e7\u0131ld\u0131\u011f\u0131 ge\u00e7ittedir. \u00d6ncelikle yak\u0131n \u00e7evre \u00fclkelerinin \u00fcniversiteleri ba\u015fta olmak \u00fczere bir \u00e7ok d\u00fcnya \u00fcniversitesiyle kuraca\u011f\u0131 ili\u015fkilerle, b\u00f6lgede etkin bir akademik g\u00fc\u00e7 olarak kendine bir yer belirlemi\u015ftir. Ortado\u011fu \u00fclkeleri, Orta Asya ve Kafkas \u00fclkelerindeki halklar\u0131n ya\u015fam\u0131, k\u00fclt\u00fcr\u00fc, ekonomileri ve politikalar\u0131n\u0131n bilim d\u00fcnyas\u0131na yans\u0131malar\u0131n\u0131 takip, Merkezimizin birincil hedefidir. Mevcut birikimlerin de\u011ferlendirilmesinde yaln\u0131z geli\u015fmeleri takip eden de\u011fil, y\u00f6nlendiren, programlayan, d\u00fczenleyen ve uygulayan konumuna ula\u015fma ve geli\u015fme hedeflerine de ad\u0131m ad\u0131m yakla\u015ft\u0131r\u0131lmal\u0131d\u0131r. Kurulu\u015fundan itibaren, d\u00fcnya \u00fcniversiteleriyle yap\u0131lan s\u00f6zle\u015fmeler ve hemen ard\u0131ndan gerekli ad\u0131mlar\u0131n at\u0131lm\u0131\u015f olmas\u0131 sevindiricidir. Yemen, \u0130ran, Azerbaycan, G\u00fcrcistan, Kazakistan ve K\u0131rg\u0131zistan\u2019\u0131n ileri gelen \u00fcniversiteleri ba\u015fta olmak \u00fczere, bir \u00e7ok \u00fcniversiteyle, \u00f6\u011fretim \u00fcyesi, \u00f6\u011frenci, bilgi ve dok\u00fcman ak\u0131\u015f\u0131n\u0131n ba\u015flam\u0131\u015f olmas\u0131 sevindiricidir. Ba\u015far\u0131l\u0131 uygulamalar, gelecekte yap\u0131lacaklar i\u00e7in istek ve heyecan\u0131m\u0131z\u0131 art\u0131rmaktad\u0131r. Yak\u0131n zamanda yeni at\u0131l\u0131mlar\u0131n ger\u00e7ekle\u015ftirilmesi \u00fcmidimizi halen g\u00fc\u00e7l\u00fc tutmaktay\u0131z.<\/p><p>\u00a0 \u00a0 \u00a0 \u00a0 \u00a0 \u00a0 \u00a0 \u00a0 \u00a0 \u00a0 \u00a0 \u00a0 \u00a0 \u00a0 \u00a0 \u00a0 \u00a0 \u00a0 \u00a0 \u00a0 \u00a0 \u00a0 \u00a0 \u00a0 \u00a0 \u00a0 \u00a0 \u00a0 \u00a0 \u00a0 \u00a0 \u00a0 \u00a0 \u00a0 \u00a0 \u00a0 \u00a0 \u00a0 \u00a0 \u00a0 \u00a0 \u00a0 \u00a0 \u00a0 \u00a0 \u00a0 \u00a0 \u00a0 \u00a0 \u00a0 \u00a0 \u00a0 \u00a0 \u00a0 \u00a0 \u00a0 \u00a0 \u00a0 \u00a0 \u00a0 \u00a0 \u00a0 \u00a0 \u00a0 \u00a0 \u00a0 \u00a0 \u00a0 \u00a0 \u00a0 \u00a0 \u00a0 \u00a0 \u00a0 \u00a0 \u00a0 \u00a0 \u00a0 \u00a0 \u00a0 \u00a0 \u00a0 \u00a0 \u00a0 \u00a0 \u00a0 \u00a0 \u00a0 \u00a0 \u00a0 \u00a0 \u00a0 \u00a0 \u00a0 \u00a0 \u00a0 \u00a0 \u00a0 \u00a0 \u00a0 \u00a0 \u00a0 \u00a0 \u00a0 \u00a0 \u00a0 \u00a0 \u00a0 \u00a0 \u00a0 \u00a0 \u00a0 \u00a0 \u00a0 \u00a0 \u00a0 \u00a0 \u00a0 \u00a0 \u00a0 \u00a0 \u00a0 \u00a0 \u00a0 \u00a0 \u00a0 \u00a0 \u00a0 \u00a0 \u00a0 \u00a0 \u00a0 \u00a0 \u00a0M\u00dcD\u00dcR<\/p><p><strong>HAKKIMIZDA:<\/strong><b><br \/><\/b>Merkezimiz, 2547 say\u0131l\u0131 Kanunun 7\/d2 maddesi uyar\u0131nca 2009 y\u0131l\u0131nda kurulmu\u015f 2010 y\u0131l\u0131nda faaliyetlerine ba\u015flam\u0131\u015ft\u0131r.<\/p><p><strong>M\u0130SYON:<\/strong><br \/>Odak\u2019\u0131n \u00f6ncelikli amac\u0131, ad\u0131ndan da anla\u015f\u0131laca\u011f\u0131 \u00fczere Ortado\u011fu, Orta Asya ve Kafkaslar ile ilgili ara\u015ft\u0131rma esaslar\u0131na dayal\u0131, bilimsel ve objektif ara\u015ft\u0131rmalar yaparak b\u00f6lgenin do\u011fru bi\u00e7imde anla\u015f\u0131l\u0131p tan\u0131nmas\u0131na katk\u0131 sunmakt\u0131r. ODAK\u2019ta ger\u00e7ekle\u015ftirilecek olan \u00e7al\u0131\u015fmalar, b\u00f6lgelerin daha iyi tan\u0131nmas\u0131na, T\u00fcrkiye a\u00e7\u0131s\u0131ndan \u00f6neminin kavranmas\u0131na ve \u00fclkemizin b\u00f6lgeyle var olan ili\u015fkilerine ciddi katk\u0131 sunmas\u0131 ama\u00e7lanm\u0131\u015ft\u0131r.<\/p><p>\u0130nsanl\u0131k tarihi boyunca Kafkaslar ve Ortado\u011fu, Avrasya\u2019n\u0131n de\u011fi\u015fik b\u00f6lgelerine yap\u0131lan kavim g\u00f6\u00e7lerinin en \u00f6nemli kav\u015fak noktalar\u0131ndan birini olu\u015fturmu\u015ftur. Anadolu-Akdeniz ve Step-Karadeniz nitelikli siyasi g\u00fc\u00e7ler aras\u0131ndaki en \u00f6nemli rekabet alanlar\u0131ndan birini te\u015fkil eden b\u00f6lge, Jeopolitik a\u00e7\u0131dan da son derece kritik bir konumdad\u0131r. Kafkaslar, Avrupa, Asya ve Afrika k\u0131talar\u0131n\u0131n aras\u0131na girmi\u015f olan ve be\u015f bin kilometre uzunlu\u011funda bulunan Akdeniz-Ege-Marmara ile Bo\u011fazlar-Karadeniz ve Azak Denizi gibi birbirine ba\u011fl\u0131 i\u00e7 denizlerin meydana getirdi\u011fi bir su koridorunun ucundad\u0131r. Ayr\u0131ca, Hazar Denizi vas\u0131tas\u0131yla da Orta Asya\u2019ya ba\u011flanm\u0131\u015f bir konumdad\u0131r. Ortado\u011fu ise d\u00fcnyan\u0131n en zengin yer alt\u0131 kaynaklar\u0131n\u0131n bulundu\u011fu b\u00f6lge olman\u0131n yan\u0131 s\u0131ra insanl\u0131\u011f\u0131n ortak k\u00fclt\u00fcr\u00fcn\u00fc olu\u015fturan dinler tarihinin de anavatan\u0131 konumundad\u0131r. B\u00f6lgede emperyalizmin hesaplar\u0131ndan kaynaklanan ac\u0131mas\u0131z giri\u015fimler sonucunda halklar\u0131n \u00e7ekti\u011fi ac\u0131lar\u0131 anlamak ve buna \u00e7\u00f6z\u00fcm bulmak T\u00fcrkiye gibi bir \u00fclkenin g\u00f6revidir. Kafkaslar ve Ortado\u011fu\u2019nun yan\u0131 s\u0131ra Orta Asya\u2019n\u0131n da b\u00f6lgemiz ve \u00fclkemiz i\u00e7in \u00f6nemime k\u0131saca de\u011finmek gerekmektedir.<\/p><p>D\u00fcnya politik dengesinin giderek Asya\u2019ya kayd\u0131\u011f\u0131 bir d\u00f6nemde T\u00fcrkiye gibi bir \u00fclkenin bu de\u011fi\u015fime haz\u0131rl\u0131kl\u0131 olmas\u0131 gerekti\u011fi herkes\u00e7e bilinmektedir. Bu geli\u015fmelerin yan\u0131 s\u0131ra Orta Asya ile tarihi ve k\u00fclt\u00fcrel ba\u011f\u0131 olan T\u00fcrkiye\u2019nin b\u00f6lgedeki jeopolitik ve jeostratejik ger\u00e7e\u011fi anlay\u0131p yorumlamas\u0131na katk\u0131 sunmay\u0131 ama\u00e7lanmaktad\u0131r. Yukar\u0131da bahsedilen ger\u00e7eklerden yola \u00e7\u0131karak Merkezimiz, Ortado\u011fu ve Orta Asya \u2013 Kafkasya b\u00f6lgelerindeki \u00fcniversiteler, akademisyenler ve \u00f6\u011frenci guruplar\u0131yla ba\u011flant\u0131 kurmak; y\u00fcr\u00fct\u00fclen her t\u00fcrl\u00fc bilimsel faaliyetlerden ve haz\u0131rlanan imkanlardan yararlanmak; bilgi-belge ve insan kaynaklar\u0131n\u0131n payla\u015f\u0131m\u0131n\u0131n sa\u011flanmas\u0131nda arac\u0131 olmak g\u00f6revini y\u00fcklenmi\u015ftir.<\/p><p><strong>V\u0130ZYON:<\/strong><br \/>Merkezimiz, 2547 say\u0131l\u0131 Kanunun 7\/d2 maddesi uyar\u0131nca 2009 y\u0131l\u0131nda kurulmu\u015f 2010 y\u0131l\u0131nda faaliyetlerine ba\u015flam\u0131\u015ft\u0131r. Ara\u015ft\u0131rma Merkezi, \u00dcniversitemizin b\u00f6lgedeki konumu gere\u011fi, b\u00f6lge medeniyetleri, halklar\u0131 \u00fczerine yap\u0131lacak bilimsel ve sosyal faaliyetlerde bulunma; bu \u00e7er\u00e7evede \u00e7al\u0131\u015fan ulusal ve uluslar aras\u0131 kurum ve kurulu\u015flarla yap\u0131lacak i\u015fbirlikleriyle bilimsel alanda sayg\u0131nl\u0131k ve yetkinlik kazanma \u00f6zelliklerine sahiptir.<\/p>\t\t\t\t\t\t\t\t<\/div>\n\t\t\t\t<\/div>\n\t\t\t\t\t<\/div>\n\t\t<\/div>\n\t\t\t\t\t<\/div>\n\t\t<\/section>\n\t\t\t\t<\/div>\n\t\t","protected":false},"excerpt":{"rendered":"<p>Misyon, Vizyon ve Temel De\u011ferler Y\u00d6NET\u0130M\u0130N MESAJI:Geli\u015fen d\u00fcnya d\u00fczeninde uluslar daha s\u0131k ve yak\u0131n ili\u015fkiler kurma f\u0131rsatlar\u0131na sahiptir. Co\u011frafi ve politik konumu dikkate al\u0131nd\u0131\u011f\u0131nda, T\u00fcrk ulusunun da bu f\u0131rsatlardan yararlanmas\u0131 ka\u00e7\u0131n\u0131lmazd\u0131r. Uluslar\u0131n konumunu ulusal ve uluslar aras\u0131 altyap\u0131lar\u0131n\u0131 belirlemi\u015f kurum ve kurulu\u015flar \u00fcstlenirler. Atat\u00fcrk \u00dcniversitesi, e\u011fitim ve bilim alan\u0131nda uluslar aras\u0131 ili\u015fkilerini bu g\u00fcnk\u00fc konumundan [&hellip;]<\/p>\n","protected":false},"author":1,"featured_media":0,"parent":0,"menu_order":0,"comment_status":"closed","ping_status":"closed","template":"elementor_header_footer","meta":{"footnotes":""},"class_list":["post-5682","page","type-page","status-publish","hentry"],"_links":{"self":[{"href":"https:\/\/atauni.edu.tr\/orta-dogu-ve-orta-asya-kafkaslar-arastirma-ve-uygulama-merkezi\/wp-json\/wp\/v2\/pages\/5682","targetHints":{"allow":["GET"]}}],"collection":[{"href":"https:\/\/atauni.edu.tr\/orta-dogu-ve-orta-asya-kafkaslar-arastirma-ve-uygulama-merkezi\/wp-json\/wp\/v2\/pages"}],"about":[{"href":"https:\/\/atauni.edu.tr\/orta-dogu-ve-orta-asya-kafkaslar-arastirma-ve-uygulama-merkezi\/wp-json\/wp\/v2\/types\/page"}],"author":[{"embeddable":true,"href":"https:\/\/atauni.edu.tr\/orta-dogu-ve-orta-asya-kafkaslar-arastirma-ve-uygulama-merkezi\/wp-json\/wp\/v2\/users\/1"}],"replies":[{"embeddable":true,"href":"https:\/\/atauni.edu.tr\/orta-dogu-ve-orta-asya-kafkaslar-arastirma-ve-uygulama-merkezi\/wp-json\/wp\/v2\/comments?post=5682"}],"version-history":[{"count":26,"href":"https:\/\/atauni.edu.tr\/orta-dogu-ve-orta-asya-kafkaslar-arastirma-ve-uygulama-merkezi\/wp-json\/wp\/v2\/pages\/5682\/revisions"}],"predecessor-version":[{"id":6193,"href":"https:\/\/atauni.edu.tr\/orta-dogu-ve-orta-asya-kafkaslar-arastirma-ve-uygulama-merkezi\/wp-json\/wp\/v2\/pages\/5682\/revisions\/6193"}],"wp:attachment":[{"href":"https:\/\/atauni.edu.tr\/orta-dogu-ve-orta-asya-kafkaslar-arastirma-ve-uygulama-merkezi\/wp-json\/wp\/v2\/media?parent=5682"}],"curies":[{"name":"wp","href":"https:\/\/api.w.org\/{rel}","templated":true}]}}