{"id":6213,"date":"2022-03-09T15:21:13","date_gmt":"2022-03-09T12:21:13","guid":{"rendered":"https:\/\/birimler.atauni.edu.tr\/orta-dogu-ve-orta-asya-kafkaslar-arastirma-ve-uygulama-merkezi\/?page_id=6213"},"modified":"2022-03-09T15:28:16","modified_gmt":"2022-03-09T12:28:16","slug":"orta-asya-calismalari","status":"publish","type":"page","link":"https:\/\/atauni.edu.tr\/orta-dogu-ve-orta-asya-kafkaslar-arastirma-ve-uygulama-merkezi\/orta-asya-calismalari\/","title":{"rendered":"Orta Asya \u00c7al\u0131\u015fmalar\u0131"},"content":{"rendered":"","protected":false},"excerpt":{"rendered":"","protected":false},"author":8,"featured_media":0,"parent":0,"menu_order":0,"comment_status":"closed","ping_status":"closed","template":"","meta":{"footnotes":""},"class_list":["post-6213","page","type-page","status-publish","hentry"],"_links":{"self":[{"href":"https:\/\/atauni.edu.tr\/orta-dogu-ve-orta-asya-kafkaslar-arastirma-ve-uygulama-merkezi\/wp-json\/wp\/v2\/pages\/6213","targetHints":{"allow":["GET"]}}],"collection":[{"href":"https:\/\/atauni.edu.tr\/orta-dogu-ve-orta-asya-kafkaslar-arastirma-ve-uygulama-merkezi\/wp-json\/wp\/v2\/pages"}],"about":[{"href":"https:\/\/atauni.edu.tr\/orta-dogu-ve-orta-asya-kafkaslar-arastirma-ve-uygulama-merkezi\/wp-json\/wp\/v2\/types\/page"}],"author":[{"embeddable":true,"href":"https:\/\/atauni.edu.tr\/orta-dogu-ve-orta-asya-kafkaslar-arastirma-ve-uygulama-merkezi\/wp-json\/wp\/v2\/users\/8"}],"replies":[{"embeddable":true,"href":"https:\/\/atauni.edu.tr\/orta-dogu-ve-orta-asya-kafkaslar-arastirma-ve-uygulama-merkezi\/wp-json\/wp\/v2\/comments?post=6213"}],"version-history":[{"count":2,"href":"https:\/\/atauni.edu.tr\/orta-dogu-ve-orta-asya-kafkaslar-arastirma-ve-uygulama-merkezi\/wp-json\/wp\/v2\/pages\/6213\/revisions"}],"predecessor-version":[{"id":6242,"href":"https:\/\/atauni.edu.tr\/orta-dogu-ve-orta-asya-kafkaslar-arastirma-ve-uygulama-merkezi\/wp-json\/wp\/v2\/pages\/6213\/revisions\/6242"}],"wp:attachment":[{"href":"https:\/\/atauni.edu.tr\/orta-dogu-ve-orta-asya-kafkaslar-arastirma-ve-uygulama-merkezi\/wp-json\/wp\/v2\/media?parent=6213"}],"curies":[{"name":"wp","href":"https:\/\/api.w.org\/{rel}","templated":true}]}}