{"id":6224,"date":"2022-03-09T15:23:56","date_gmt":"2022-03-09T12:23:56","guid":{"rendered":"https:\/\/birimler.atauni.edu.tr\/orta-dogu-ve-orta-asya-kafkaslar-arastirma-ve-uygulama-merkezi\/?page_id=6224"},"modified":"2022-03-09T15:23:56","modified_gmt":"2022-03-09T12:23:56","slug":"etnisite-calismalari-masasi","status":"publish","type":"page","link":"https:\/\/atauni.edu.tr\/orta-dogu-ve-orta-asya-kafkaslar-arastirma-ve-uygulama-merkezi\/etnisite-calismalari-masasi\/","title":{"rendered":"Etnisite \u00c7al\u0131\u015fmalar\u0131 Masas\u0131"},"content":{"rendered":"","protected":false},"excerpt":{"rendered":"","protected":false},"author":8,"featured_media":0,"parent":0,"menu_order":0,"comment_status":"closed","ping_status":"closed","template":"","meta":{"footnotes":""},"class_list":["post-6224","page","type-page","status-publish","hentry"],"_links":{"self":[{"href":"https:\/\/atauni.edu.tr\/orta-dogu-ve-orta-asya-kafkaslar-arastirma-ve-uygulama-merkezi\/wp-json\/wp\/v2\/pages\/6224","targetHints":{"allow":["GET"]}}],"collection":[{"href":"https:\/\/atauni.edu.tr\/orta-dogu-ve-orta-asya-kafkaslar-arastirma-ve-uygulama-merkezi\/wp-json\/wp\/v2\/pages"}],"about":[{"href":"https:\/\/atauni.edu.tr\/orta-dogu-ve-orta-asya-kafkaslar-arastirma-ve-uygulama-merkezi\/wp-json\/wp\/v2\/types\/page"}],"author":[{"embeddable":true,"href":"https:\/\/atauni.edu.tr\/orta-dogu-ve-orta-asya-kafkaslar-arastirma-ve-uygulama-merkezi\/wp-json\/wp\/v2\/users\/8"}],"replies":[{"embeddable":true,"href":"https:\/\/atauni.edu.tr\/orta-dogu-ve-orta-asya-kafkaslar-arastirma-ve-uygulama-merkezi\/wp-json\/wp\/v2\/comments?post=6224"}],"version-history":[{"count":1,"href":"https:\/\/atauni.edu.tr\/orta-dogu-ve-orta-asya-kafkaslar-arastirma-ve-uygulama-merkezi\/wp-json\/wp\/v2\/pages\/6224\/revisions"}],"predecessor-version":[{"id":6225,"href":"https:\/\/atauni.edu.tr\/orta-dogu-ve-orta-asya-kafkaslar-arastirma-ve-uygulama-merkezi\/wp-json\/wp\/v2\/pages\/6224\/revisions\/6225"}],"wp:attachment":[{"href":"https:\/\/atauni.edu.tr\/orta-dogu-ve-orta-asya-kafkaslar-arastirma-ve-uygulama-merkezi\/wp-json\/wp\/v2\/media?parent=6224"}],"curies":[{"name":"wp","href":"https:\/\/api.w.org\/{rel}","templated":true}]}}