{"id":6295,"date":"2022-03-09T15:47:23","date_gmt":"2022-03-09T12:47:23","guid":{"rendered":"https:\/\/birimler.atauni.edu.tr\/orta-dogu-ve-orta-asya-kafkaslar-arastirma-ve-uygulama-merkezi\/?page_id=6295"},"modified":"2022-03-09T16:36:01","modified_gmt":"2022-03-09T13:36:01","slug":"duyurular","status":"publish","type":"page","link":"https:\/\/atauni.edu.tr\/orta-dogu-ve-orta-asya-kafkaslar-arastirma-ve-uygulama-merkezi\/duyurular\/","title":{"rendered":"Duyurular"},"content":{"rendered":"\t\t<div data-elementor-type=\"wp-page\" data-elementor-id=\"6295\" class=\"elementor elementor-6295\" data-elementor-post-type=\"page\">\n\t\t\t\t\t\t<section class=\"elementor-section elementor-top-section elementor-element elementor-element-4d6ff26 elementor-section-boxed elementor-section-height-default elementor-section-height-default\" data-id=\"4d6ff26\" data-element_type=\"section\">\n\t\t\t\t\t\t<div class=\"elementor-container elementor-column-gap-default\">\n\t\t\t\t\t<div class=\"elementor-column elementor-col-100 elementor-top-column elementor-element elementor-element-3e119e5\" data-id=\"3e119e5\" data-element_type=\"column\">\n\t\t\t<div class=\"elementor-widget-wrap elementor-element-populated\">\n\t\t\t\t\t\t<div class=\"elementor-element elementor-element-5b02ef4 elementor-widget elementor-widget-text-editor\" data-id=\"5b02ef4\" data-element_type=\"widget\" data-widget_type=\"text-editor.default\">\n\t\t\t\t<div class=\"elementor-widget-container\">\n\t\t\t\t\t\t\t\t\t<p><a href=\"https:\/\/birimler.atauni.edu.tr\/orta-dogu-ve-orta-asya-kafkaslar-arastirma-ve-uygulama-merkezi\/2022\/03\/09\/arastirma-merkez-uyemiz-sayin-prof-dr-nimet-yildirima-firdevsi-devlet-nisani-verildi\/\" target=\"_blank\" rel=\"noopener\">\u2013Ara\u015ft\u0131rma Merkez \u00dcyemiz Say\u0131n Prof. Dr. Nimet Y\u0131ld\u0131r\u0131m\u2019a \u201cFirdevsi Devlet Ni\u015fan\u0131\u201d Verildi<\/a><br \/>&#8211;<a href=\"https:\/\/birimler.atauni.edu.tr\/orta-dogu-ve-orta-asya-kafkaslar-arastirma-ve-uygulama-merkezi\/2022\/03\/09\/odak-orta-dogu-ve-orta-asya-kafkaslar-arastirma-ve-uygulama-merkezita-farsca-kursu-basladi\/\" target=\"_blank\" rel=\"noopener\">ODAK (Orta Do\u011fu ve Orta Asya-Kafkaslar Ara\u015ft\u0131rma ve Uygulama Merkezi)\u2019ta Fars\u00e7a Kursu Ba\u015flad\u0131<\/a><br \/><a href=\"https:\/\/birimler.atauni.edu.tr\/orta-dogu-ve-orta-asya-kafkaslar-arastirma-ve-uygulama-merkezi\/2022\/03\/09\/rektor-comakli-ve-yonetiminden-edebiyat-fakultesine-ziyaret\/\" target=\"_blank\" rel=\"noopener\">-Rekt\u00f6r \u00c7omakl\u0131 ve Y\u00f6netiminden Edebiyat Fak\u00fcltesine Ziyaret<\/a><br \/><a href=\"https:\/\/birimler.atauni.edu.tr\/orta-dogu-ve-orta-asya-kafkaslar-arastirma-ve-uygulama-merkezi\/2022\/03\/09\/ataturk-universitesi-ogrencilerine-ucretsiz-farsca-kursu\/\" target=\"_blank\" rel=\"noopener\">-Atat\u00fcrk \u00dcniversitesi \u00d6\u011frencilerine \u00dccretsiz Fars\u00e7a Kursu<\/a><br \/><a href=\"https:\/\/birimler.atauni.edu.tr\/orta-dogu-ve-orta-asya-kafkaslar-arastirma-ve-uygulama-merkezi\/2022\/03\/09\/yabanci-uyruklu-misafir-ogrencilere-burs-basvursu\/\" target=\"_blank\" rel=\"noopener\">-Yabanc\u0131 Uyruklu Misafir \u00d6\u011frencilere Burs Ba\u015fvursu<\/a><br \/>4 Aral\u0131k 2020 \u201cKaraba\u011f\u201d Uluslararas\u0131 Sempozyum D\u00fczenledik<\/p><p>27 Aral\u0131k 2020 Uluslararas\u0131 Sar\u0131kam\u0131\u015f Sempozyumu D\u00fczenledik<\/p>\t\t\t\t\t\t\t\t<\/div>\n\t\t\t\t<\/div>\n\t\t\t\t\t<\/div>\n\t\t<\/div>\n\t\t\t\t\t<\/div>\n\t\t<\/section>\n\t\t\t\t<\/div>\n\t\t","protected":false},"excerpt":{"rendered":"<p>\u2013Ara\u015ft\u0131rma Merkez \u00dcyemiz Say\u0131n Prof. Dr. Nimet Y\u0131ld\u0131r\u0131m\u2019a \u201cFirdevsi Devlet Ni\u015fan\u0131\u201d Verildi&#8211;ODAK (Orta Do\u011fu ve Orta Asya-Kafkaslar Ara\u015ft\u0131rma ve Uygulama Merkezi)\u2019ta Fars\u00e7a Kursu Ba\u015flad\u0131-Rekt\u00f6r \u00c7omakl\u0131 ve Y\u00f6netiminden Edebiyat Fak\u00fcltesine Ziyaret-Atat\u00fcrk \u00dcniversitesi \u00d6\u011frencilerine \u00dccretsiz Fars\u00e7a Kursu-Yabanc\u0131 Uyruklu Misafir \u00d6\u011frencilere Burs Ba\u015fvursu4 Aral\u0131k 2020 \u201cKaraba\u011f\u201d Uluslararas\u0131 Sempozyum D\u00fczenledik 27 Aral\u0131k 2020 Uluslararas\u0131 Sar\u0131kam\u0131\u015f Sempozyumu D\u00fczenledik<\/p>\n","protected":false},"author":8,"featured_media":0,"parent":0,"menu_order":0,"comment_status":"closed","ping_status":"closed","template":"","meta":{"footnotes":""},"class_list":["post-6295","page","type-page","status-publish","hentry"],"_links":{"self":[{"href":"https:\/\/atauni.edu.tr\/orta-dogu-ve-orta-asya-kafkaslar-arastirma-ve-uygulama-merkezi\/wp-json\/wp\/v2\/pages\/6295","targetHints":{"allow":["GET"]}}],"collection":[{"href":"https:\/\/atauni.edu.tr\/orta-dogu-ve-orta-asya-kafkaslar-arastirma-ve-uygulama-merkezi\/wp-json\/wp\/v2\/pages"}],"about":[{"href":"https:\/\/atauni.edu.tr\/orta-dogu-ve-orta-asya-kafkaslar-arastirma-ve-uygulama-merkezi\/wp-json\/wp\/v2\/types\/page"}],"author":[{"embeddable":true,"href":"https:\/\/atauni.edu.tr\/orta-dogu-ve-orta-asya-kafkaslar-arastirma-ve-uygulama-merkezi\/wp-json\/wp\/v2\/users\/8"}],"replies":[{"embeddable":true,"href":"https:\/\/atauni.edu.tr\/orta-dogu-ve-orta-asya-kafkaslar-arastirma-ve-uygulama-merkezi\/wp-json\/wp\/v2\/comments?post=6295"}],"version-history":[{"count":22,"href":"https:\/\/atauni.edu.tr\/orta-dogu-ve-orta-asya-kafkaslar-arastirma-ve-uygulama-merkezi\/wp-json\/wp\/v2\/pages\/6295\/revisions"}],"predecessor-version":[{"id":6375,"href":"https:\/\/atauni.edu.tr\/orta-dogu-ve-orta-asya-kafkaslar-arastirma-ve-uygulama-merkezi\/wp-json\/wp\/v2\/pages\/6295\/revisions\/6375"}],"wp:attachment":[{"href":"https:\/\/atauni.edu.tr\/orta-dogu-ve-orta-asya-kafkaslar-arastirma-ve-uygulama-merkezi\/wp-json\/wp\/v2\/media?parent=6295"}],"curies":[{"name":"wp","href":"https:\/\/api.w.org\/{rel}","templated":true}]}}