{"id":6520,"date":"2022-03-10T10:24:10","date_gmt":"2022-03-10T07:24:10","guid":{"rendered":"https:\/\/birimler.atauni.edu.tr\/orta-dogu-ve-orta-asya-kafkaslar-arastirma-ve-uygulama-merkezi\/?page_id=6520"},"modified":"2023-08-25T15:32:25","modified_gmt":"2023-08-25T12:32:25","slug":"e-dergi","status":"publish","type":"page","link":"https:\/\/atauni.edu.tr\/orta-dogu-ve-orta-asya-kafkaslar-arastirma-ve-uygulama-merkezi\/e-dergi\/","title":{"rendered":"E-dergi"},"content":{"rendered":"\t\t<div data-elementor-type=\"wp-page\" data-elementor-id=\"6520\" class=\"elementor elementor-6520\" data-elementor-post-type=\"page\">\n\t\t\t\t\t\t<section class=\"elementor-section elementor-top-section elementor-element elementor-element-ab563af elementor-section-boxed elementor-section-height-default elementor-section-height-default\" data-id=\"ab563af\" data-element_type=\"section\">\n\t\t\t\t\t\t<div class=\"elementor-container elementor-column-gap-default\">\n\t\t\t\t\t<div class=\"elementor-column elementor-col-100 elementor-top-column elementor-element elementor-element-375038f\" data-id=\"375038f\" data-element_type=\"column\">\n\t\t\t<div class=\"elementor-widget-wrap elementor-element-populated\">\n\t\t\t\t\t\t<div class=\"elementor-element elementor-element-0dac780 elementor-widget elementor-widget-button\" data-id=\"0dac780\" data-element_type=\"widget\" data-widget_type=\"button.default\">\n\t\t\t\t<div class=\"elementor-widget-container\">\n\t\t\t\t\t\t\t\t\t<div class=\"elementor-button-wrapper\">\n\t\t\t\t\t<a class=\"elementor-button elementor-button-link elementor-size-sm\" href=\"https:\/\/dergipark.org.tr\/tr\/pub\/odak\">\n\t\t\t\t\t\t<span class=\"elementor-button-content-wrapper\">\n\t\t\t\t\t\t\t\t\t<span class=\"elementor-button-text\">Makale G\u00f6nderimi ve Dergi Hakk\u0131nda Daha Fazla Bilgi \u0130\u00e7in T\u0131klay\u0131n\u0131z<\/span>\n\t\t\t\t\t<\/span>\n\t\t\t\t\t<\/a>\n\t\t\t\t<\/div>\n\t\t\t\t\t\t\t\t<\/div>\n\t\t\t\t<\/div>\n\t\t\t\t\t<\/div>\n\t\t<\/div>\n\t\t\t\t\t<\/div>\n\t\t<\/section>\n\t\t\t\t<section class=\"elementor-section elementor-top-section elementor-element elementor-element-078b24a elementor-section-boxed elementor-section-height-default elementor-section-height-default\" data-id=\"078b24a\" data-element_type=\"section\">\n\t\t\t\t\t\t<div class=\"elementor-container elementor-column-gap-default\">\n\t\t\t\t\t<div class=\"elementor-column elementor-col-100 elementor-top-column elementor-element elementor-element-85c55d8\" data-id=\"85c55d8\" data-element_type=\"column\">\n\t\t\t<div class=\"elementor-widget-wrap elementor-element-populated\">\n\t\t\t\t\t\t<div class=\"elementor-element elementor-element-96c06d3 elementor-widget elementor-widget-text-editor\" data-id=\"96c06d3\" data-element_type=\"widget\" data-widget_type=\"text-editor.default\">\n\t\t\t\t<div class=\"elementor-widget-container\">\n\t\t\t\t\t\t\t\t\t<p>Dergimiz multidisipliner bir akademik platformda ara\u015ft\u0131rma ve uygulama \u00e7al\u0131\u015fmalar\u0131na odaklanan, hakemli bir dergidir. Orta Do\u011fu ve Orta Asya-Kafkaslar Ara\u015ft\u0131rma ve Uygulama Merkezi Dergisi, Orta Do\u011fu, Orta Asya ve Kafkaslar b\u00f6lgesindeki k\u00fclt\u00fcrel, sosyal, ekonomik, tarih\u00ee ve politik konular\u0131 ele alan orijinal ara\u015ft\u0131rmalara ve incelemelere ev sahipli\u011fi yapmaktad\u0131r.<\/p>\n<p>ODAK, b\u00f6lgesel bir perspektiften, farkl\u0131 disiplinlerden gelen ara\u015ft\u0131rmac\u0131lar i\u00e7in bir platform sa\u011flamaktad\u0131r. Dergimiz, sosyal ve be\u015feri bilimler, ekonomi, siyaset bilimi, tarih, k\u00fclt\u00fcrel \u00e7al\u0131\u015fmalar, dilbilim ve di\u011fer ilgili alanlarda yap\u0131lan nitelikli ara\u015ft\u0131rmalar\u0131 yay\u0131nlamay\u0131 hedeflemektedir. Ayn\u0131 zamanda b\u00f6lgesel kalk\u0131nma, sosyal de\u011fi\u015fim, k\u00fclt\u00fcrel de\u011fi\u015fimler ve politik geli\u015fmeler gibi konular\u0131 da kapsayan interdisipliner \u00e7al\u0131\u015fmalara da yer vermektedir.<\/p>\n<p>ODAK, yay\u0131n politikalar\u0131 a\u00e7\u0131s\u0131ndan y\u00fcksek akademik standartlara ba\u011fl\u0131d\u0131r. Dergi, uluslararas\u0131 alanda tan\u0131nm\u0131\u015f ve deneyimli bir hakem kurulu taraf\u0131ndan incelenen makaleleri yay\u0131nlamaktad\u0131r. Bu s\u00fcre\u00e7, ara\u015ft\u0131rmac\u0131lar\u0131n \u00e7al\u0131\u015fmalar\u0131n\u0131 ele\u015ftirel bir g\u00f6zle de\u011ferlendirerek bilimsel kaliteyi sa\u011flamak amac\u0131yla y\u00fcr\u00fct\u00fclmektedir.&nbsp;<\/p>\n<p>Derginin amac\u0131, b\u00f6lgesel ve uluslararas\u0131 d\u00fczeyde bilgi payla\u015f\u0131m\u0131n\u0131 te\u015fvik etmek, ara\u015ft\u0131rmac\u0131lar\u0131n \u00e7al\u0131\u015fmalar\u0131n\u0131 geni\u015f bir okuyucu kitlesiyle payla\u015fmalar\u0131n\u0131 sa\u011flamakt\u0131r. ODAK, disiplinler aras\u0131 bir perspektifle b\u00f6lgesel dinamikleri ve k\u00fcresel ba\u011flant\u0131lar\u0131 anlamam\u0131z\u0131 ve kapsaml\u0131 bir bilgi birikimi olu\u015fturmam\u0131z\u0131 ama\u00e7lamaktad\u0131r.<\/p><p>ODAK, akademik d\u00fcnyada etkili bir rol oynamay\u0131 ve b\u00f6lgesel ara\u015ft\u0131rmalar\u0131n geli\u015fimine katk\u0131da bulunmay\u0131 hedeflemektedir. Derginin yay\u0131nlar\u0131, bilimsel niteli\u011fi, g\u00fcncelli\u011fi ve ilgi \u00e7ekici konular\u0131yla ara\u015ft\u0131rmac\u0131lar, akademisyenler, \u00f6\u011frenciler ve ilgilenen herkes i\u00e7in \u00f6nemli bir kaynak olmay\u0131 ama\u00e7lamaktad\u0131r.&nbsp;<\/p>\t\t\t\t\t\t\t\t<\/div>\n\t\t\t\t<\/div>\n\t\t\t\t\t<\/div>\n\t\t<\/div>\n\t\t\t\t\t<\/div>\n\t\t<\/section>\n\t\t\t\t<\/div>\n\t\t","protected":false},"excerpt":{"rendered":"<p>Makale G\u00f6nderimi ve Dergi Hakk\u0131nda Daha Fazla Bilgi \u0130\u00e7in T\u0131klay\u0131n\u0131z Dergimiz multidisipliner bir akademik platformda ara\u015ft\u0131rma ve uygulama \u00e7al\u0131\u015fmalar\u0131na odaklanan, hakemli bir dergidir. Orta Do\u011fu ve Orta Asya-Kafkaslar Ara\u015ft\u0131rma ve Uygulama Merkezi Dergisi, Orta Do\u011fu, Orta Asya ve Kafkaslar b\u00f6lgesindeki k\u00fclt\u00fcrel, sosyal, ekonomik, tarih\u00ee ve politik konular\u0131 ele alan orijinal ara\u015ft\u0131rmalara ve incelemelere ev sahipli\u011fi [&hellip;]<\/p>\n","protected":false},"author":8,"featured_media":0,"parent":0,"menu_order":0,"comment_status":"closed","ping_status":"closed","template":"","meta":{"footnotes":""},"class_list":["post-6520","page","type-page","status-publish","hentry"],"_links":{"self":[{"href":"https:\/\/atauni.edu.tr\/orta-dogu-ve-orta-asya-kafkaslar-arastirma-ve-uygulama-merkezi\/wp-json\/wp\/v2\/pages\/6520","targetHints":{"allow":["GET"]}}],"collection":[{"href":"https:\/\/atauni.edu.tr\/orta-dogu-ve-orta-asya-kafkaslar-arastirma-ve-uygulama-merkezi\/wp-json\/wp\/v2\/pages"}],"about":[{"href":"https:\/\/atauni.edu.tr\/orta-dogu-ve-orta-asya-kafkaslar-arastirma-ve-uygulama-merkezi\/wp-json\/wp\/v2\/types\/page"}],"author":[{"embeddable":true,"href":"https:\/\/atauni.edu.tr\/orta-dogu-ve-orta-asya-kafkaslar-arastirma-ve-uygulama-merkezi\/wp-json\/wp\/v2\/users\/8"}],"replies":[{"embeddable":true,"href":"https:\/\/atauni.edu.tr\/orta-dogu-ve-orta-asya-kafkaslar-arastirma-ve-uygulama-merkezi\/wp-json\/wp\/v2\/comments?post=6520"}],"version-history":[{"count":13,"href":"https:\/\/atauni.edu.tr\/orta-dogu-ve-orta-asya-kafkaslar-arastirma-ve-uygulama-merkezi\/wp-json\/wp\/v2\/pages\/6520\/revisions"}],"predecessor-version":[{"id":6740,"href":"https:\/\/atauni.edu.tr\/orta-dogu-ve-orta-asya-kafkaslar-arastirma-ve-uygulama-merkezi\/wp-json\/wp\/v2\/pages\/6520\/revisions\/6740"}],"wp:attachment":[{"href":"https:\/\/atauni.edu.tr\/orta-dogu-ve-orta-asya-kafkaslar-arastirma-ve-uygulama-merkezi\/wp-json\/wp\/v2\/media?parent=6520"}],"curies":[{"name":"wp","href":"https:\/\/api.w.org\/{rel}","templated":true}]}}