{"id":6552,"date":"2022-03-10T10:35:46","date_gmt":"2022-03-10T07:35:46","guid":{"rendered":"https:\/\/birimler.atauni.edu.tr\/orta-dogu-ve-orta-asya-kafkaslar-arastirma-ve-uygulama-merkezi\/?page_id=6552"},"modified":"2022-03-10T10:35:47","modified_gmt":"2022-03-10T07:35:47","slug":"uluslararasi-goc-ve-multeci-sorunu-ve-politikalari","status":"publish","type":"page","link":"https:\/\/atauni.edu.tr\/orta-dogu-ve-orta-asya-kafkaslar-arastirma-ve-uygulama-merkezi\/uluslararasi-goc-ve-multeci-sorunu-ve-politikalari\/","title":{"rendered":"Uluslararas\u0131 G\u00f6\u00e7 ve M\u00fclteci Sorunu ve Politikalar\u0131"},"content":{"rendered":"","protected":false},"excerpt":{"rendered":"","protected":false},"author":8,"featured_media":0,"parent":0,"menu_order":0,"comment_status":"closed","ping_status":"closed","template":"","meta":{"footnotes":""},"class_list":["post-6552","page","type-page","status-publish","hentry"],"_links":{"self":[{"href":"https:\/\/atauni.edu.tr\/orta-dogu-ve-orta-asya-kafkaslar-arastirma-ve-uygulama-merkezi\/wp-json\/wp\/v2\/pages\/6552","targetHints":{"allow":["GET"]}}],"collection":[{"href":"https:\/\/atauni.edu.tr\/orta-dogu-ve-orta-asya-kafkaslar-arastirma-ve-uygulama-merkezi\/wp-json\/wp\/v2\/pages"}],"about":[{"href":"https:\/\/atauni.edu.tr\/orta-dogu-ve-orta-asya-kafkaslar-arastirma-ve-uygulama-merkezi\/wp-json\/wp\/v2\/types\/page"}],"author":[{"embeddable":true,"href":"https:\/\/atauni.edu.tr\/orta-dogu-ve-orta-asya-kafkaslar-arastirma-ve-uygulama-merkezi\/wp-json\/wp\/v2\/users\/8"}],"replies":[{"embeddable":true,"href":"https:\/\/atauni.edu.tr\/orta-dogu-ve-orta-asya-kafkaslar-arastirma-ve-uygulama-merkezi\/wp-json\/wp\/v2\/comments?post=6552"}],"version-history":[{"count":1,"href":"https:\/\/atauni.edu.tr\/orta-dogu-ve-orta-asya-kafkaslar-arastirma-ve-uygulama-merkezi\/wp-json\/wp\/v2\/pages\/6552\/revisions"}],"predecessor-version":[{"id":6553,"href":"https:\/\/atauni.edu.tr\/orta-dogu-ve-orta-asya-kafkaslar-arastirma-ve-uygulama-merkezi\/wp-json\/wp\/v2\/pages\/6552\/revisions\/6553"}],"wp:attachment":[{"href":"https:\/\/atauni.edu.tr\/orta-dogu-ve-orta-asya-kafkaslar-arastirma-ve-uygulama-merkezi\/wp-json\/wp\/v2\/media?parent=6552"}],"curies":[{"name":"wp","href":"https:\/\/api.w.org\/{rel}","templated":true}]}}