{"id":6691,"date":"2023-08-25T14:42:34","date_gmt":"2023-08-25T11:42:34","guid":{"rendered":"https:\/\/birimler.atauni.edu.tr\/orta-dogu-ve-orta-asya-kafkaslar-arastirma-ve-uygulama-merkezi\/?page_id=6691"},"modified":"2023-08-25T15:01:18","modified_gmt":"2023-08-25T12:01:18","slug":"1-sayi","status":"publish","type":"page","link":"https:\/\/atauni.edu.tr\/orta-dogu-ve-orta-asya-kafkaslar-arastirma-ve-uygulama-merkezi\/1-sayi\/","title":{"rendered":"1. Say\u0131"},"content":{"rendered":"\t\t<div data-elementor-type=\"wp-page\" data-elementor-id=\"6691\" class=\"elementor elementor-6691\" data-elementor-post-type=\"page\">\n\t\t\t\t\t\t<section class=\"elementor-section elementor-top-section elementor-element elementor-element-30c607a elementor-section-boxed elementor-section-height-default elementor-section-height-default\" data-id=\"30c607a\" data-element_type=\"section\">\n\t\t\t\t\t\t<div class=\"elementor-container elementor-column-gap-default\">\n\t\t\t\t\t<div class=\"elementor-column elementor-col-100 elementor-top-column elementor-element elementor-element-f5133f7\" data-id=\"f5133f7\" data-element_type=\"column\">\n\t\t\t<div class=\"elementor-widget-wrap elementor-element-populated\">\n\t\t\t\t\t\t\t<\/div>\n\t\t<\/div>\n\t\t\t\t\t<\/div>\n\t\t<\/section>\n\t\t\t\t<section class=\"elementor-section elementor-top-section elementor-element elementor-element-24b9990 elementor-section-boxed elementor-section-height-default elementor-section-height-default\" data-id=\"24b9990\" data-element_type=\"section\">\n\t\t\t\t\t\t<div class=\"elementor-container elementor-column-gap-default\">\n\t\t\t\t\t<div class=\"elementor-column elementor-col-100 elementor-top-column elementor-element elementor-element-e467225\" data-id=\"e467225\" data-element_type=\"column\">\n\t\t\t<div class=\"elementor-widget-wrap elementor-element-populated\">\n\t\t\t\t\t\t<div class=\"elementor-element elementor-element-6b7e4dd elementor-align-center elementor-widget elementor-widget-button\" data-id=\"6b7e4dd\" data-element_type=\"widget\" data-widget_type=\"button.default\">\n\t\t\t\t<div class=\"elementor-widget-container\">\n\t\t\t\t\t\t\t\t\t<div class=\"elementor-button-wrapper\">\n\t\t\t\t\t<a class=\"elementor-button elementor-button-link elementor-size-md\" href=\"https:\/\/dergipark.org.tr\/tr\/pub\/odak\/issue\/72540\">\n\t\t\t\t\t\t<span class=\"elementor-button-content-wrapper\">\n\t\t\t\t\t\t\t\t\t<span class=\"elementor-button-text\">1. Say\u0131 \u0130\u00e7in T\u0131klay\u0131n\u0131z<\/span>\n\t\t\t\t\t<\/span>\n\t\t\t\t\t<\/a>\n\t\t\t\t<\/div>\n\t\t\t\t\t\t\t\t<\/div>\n\t\t\t\t<\/div>\n\t\t\t\t\t<\/div>\n\t\t<\/div>\n\t\t\t\t\t<\/div>\n\t\t<\/section>\n\t\t\t\t<\/div>\n\t\t","protected":false},"excerpt":{"rendered":"<p>1. Say\u0131 \u0130\u00e7in T\u0131klay\u0131n\u0131z<\/p>\n","protected":false},"author":549,"featured_media":6730,"parent":0,"menu_order":0,"comment_status":"closed","ping_status":"closed","template":"","meta":{"footnotes":""},"class_list":["post-6691","page","type-page","status-publish","has-post-thumbnail","hentry"],"_links":{"self":[{"href":"https:\/\/atauni.edu.tr\/orta-dogu-ve-orta-asya-kafkaslar-arastirma-ve-uygulama-merkezi\/wp-json\/wp\/v2\/pages\/6691","targetHints":{"allow":["GET"]}}],"collection":[{"href":"https:\/\/atauni.edu.tr\/orta-dogu-ve-orta-asya-kafkaslar-arastirma-ve-uygulama-merkezi\/wp-json\/wp\/v2\/pages"}],"about":[{"href":"https:\/\/atauni.edu.tr\/orta-dogu-ve-orta-asya-kafkaslar-arastirma-ve-uygulama-merkezi\/wp-json\/wp\/v2\/types\/page"}],"author":[{"embeddable":true,"href":"https:\/\/atauni.edu.tr\/orta-dogu-ve-orta-asya-kafkaslar-arastirma-ve-uygulama-merkezi\/wp-json\/wp\/v2\/users\/549"}],"replies":[{"embeddable":true,"href":"https:\/\/atauni.edu.tr\/orta-dogu-ve-orta-asya-kafkaslar-arastirma-ve-uygulama-merkezi\/wp-json\/wp\/v2\/comments?post=6691"}],"version-history":[{"count":8,"href":"https:\/\/atauni.edu.tr\/orta-dogu-ve-orta-asya-kafkaslar-arastirma-ve-uygulama-merkezi\/wp-json\/wp\/v2\/pages\/6691\/revisions"}],"predecessor-version":[{"id":6731,"href":"https:\/\/atauni.edu.tr\/orta-dogu-ve-orta-asya-kafkaslar-arastirma-ve-uygulama-merkezi\/wp-json\/wp\/v2\/pages\/6691\/revisions\/6731"}],"wp:featuredmedia":[{"embeddable":true,"href":"https:\/\/atauni.edu.tr\/orta-dogu-ve-orta-asya-kafkaslar-arastirma-ve-uygulama-merkezi\/wp-json\/wp\/v2\/media\/6730"}],"wp:attachment":[{"href":"https:\/\/atauni.edu.tr\/orta-dogu-ve-orta-asya-kafkaslar-arastirma-ve-uygulama-merkezi\/wp-json\/wp\/v2\/media?parent=6691"}],"curies":[{"name":"wp","href":"https:\/\/api.w.org\/{rel}","templated":true}]}}