{"id":6693,"date":"2023-08-25T14:42:46","date_gmt":"2023-08-25T11:42:46","guid":{"rendered":"https:\/\/birimler.atauni.edu.tr\/orta-dogu-ve-orta-asya-kafkaslar-arastirma-ve-uygulama-merkezi\/?page_id=6693"},"modified":"2023-08-25T14:47:48","modified_gmt":"2023-08-25T11:47:48","slug":"2-sayi","status":"publish","type":"page","link":"https:\/\/atauni.edu.tr\/orta-dogu-ve-orta-asya-kafkaslar-arastirma-ve-uygulama-merkezi\/2-sayi\/","title":{"rendered":"2. Say\u0131"},"content":{"rendered":"\t\t<div data-elementor-type=\"wp-page\" data-elementor-id=\"6693\" class=\"elementor elementor-6693\" data-elementor-post-type=\"page\">\n\t\t\t\t\t\t<section class=\"elementor-section elementor-top-section elementor-element elementor-element-d41e890 elementor-section-boxed elementor-section-height-default elementor-section-height-default\" data-id=\"d41e890\" data-element_type=\"section\">\n\t\t\t\t\t\t<div class=\"elementor-container elementor-column-gap-default\">\n\t\t\t\t\t<div class=\"elementor-column elementor-col-100 elementor-top-column elementor-element elementor-element-9c04901\" data-id=\"9c04901\" data-element_type=\"column\">\n\t\t\t<div class=\"elementor-widget-wrap elementor-element-populated\">\n\t\t\t\t\t\t<div class=\"elementor-element elementor-element-d35acf6 elementor-widget elementor-widget-button\" data-id=\"d35acf6\" data-element_type=\"widget\" data-widget_type=\"button.default\">\n\t\t\t\t<div class=\"elementor-widget-container\">\n\t\t\t\t\t\t\t\t\t<div class=\"elementor-button-wrapper\">\n\t\t\t\t\t<a class=\"elementor-button elementor-button-link elementor-size-sm\" href=\"https:\/\/dergipark.org.tr\/tr\/pub\/odak\/issue\/72625\">\n\t\t\t\t\t\t<span class=\"elementor-button-content-wrapper\">\n\t\t\t\t\t\t\t\t\t<span class=\"elementor-button-text\">2. Say\u0131 \u0130\u00e7in T\u0131klay\u0131n\u0131z<\/span>\n\t\t\t\t\t<\/span>\n\t\t\t\t\t<\/a>\n\t\t\t\t<\/div>\n\t\t\t\t\t\t\t\t<\/div>\n\t\t\t\t<\/div>\n\t\t\t\t\t<\/div>\n\t\t<\/div>\n\t\t\t\t\t<\/div>\n\t\t<\/section>\n\t\t\t\t<\/div>\n\t\t","protected":false},"excerpt":{"rendered":"<p>2. Say\u0131 \u0130\u00e7in T\u0131klay\u0131n\u0131z<\/p>\n","protected":false},"author":549,"featured_media":0,"parent":0,"menu_order":0,"comment_status":"closed","ping_status":"closed","template":"","meta":{"footnotes":""},"class_list":["post-6693","page","type-page","status-publish","hentry"],"_links":{"self":[{"href":"https:\/\/atauni.edu.tr\/orta-dogu-ve-orta-asya-kafkaslar-arastirma-ve-uygulama-merkezi\/wp-json\/wp\/v2\/pages\/6693","targetHints":{"allow":["GET"]}}],"collection":[{"href":"https:\/\/atauni.edu.tr\/orta-dogu-ve-orta-asya-kafkaslar-arastirma-ve-uygulama-merkezi\/wp-json\/wp\/v2\/pages"}],"about":[{"href":"https:\/\/atauni.edu.tr\/orta-dogu-ve-orta-asya-kafkaslar-arastirma-ve-uygulama-merkezi\/wp-json\/wp\/v2\/types\/page"}],"author":[{"embeddable":true,"href":"https:\/\/atauni.edu.tr\/orta-dogu-ve-orta-asya-kafkaslar-arastirma-ve-uygulama-merkezi\/wp-json\/wp\/v2\/users\/549"}],"replies":[{"embeddable":true,"href":"https:\/\/atauni.edu.tr\/orta-dogu-ve-orta-asya-kafkaslar-arastirma-ve-uygulama-merkezi\/wp-json\/wp\/v2\/comments?post=6693"}],"version-history":[{"count":4,"href":"https:\/\/atauni.edu.tr\/orta-dogu-ve-orta-asya-kafkaslar-arastirma-ve-uygulama-merkezi\/wp-json\/wp\/v2\/pages\/6693\/revisions"}],"predecessor-version":[{"id":6714,"href":"https:\/\/atauni.edu.tr\/orta-dogu-ve-orta-asya-kafkaslar-arastirma-ve-uygulama-merkezi\/wp-json\/wp\/v2\/pages\/6693\/revisions\/6714"}],"wp:attachment":[{"href":"https:\/\/atauni.edu.tr\/orta-dogu-ve-orta-asya-kafkaslar-arastirma-ve-uygulama-merkezi\/wp-json\/wp\/v2\/media?parent=6693"}],"curies":[{"name":"wp","href":"https:\/\/api.w.org\/{rel}","templated":true}]}}