{"id":5638,"date":"2021-07-13T09:49:25","date_gmt":"2021-07-13T06:49:25","guid":{"rendered":"https:\/\/portaltest.atauni.edu.tr\/bilgisayar-muhendisligi\/?page_id=5638"},"modified":"2021-09-13T10:21:35","modified_gmt":"2021-09-13T07:21:35","slug":"tarihce","status":"publish","type":"page","link":"https:\/\/atauni.edu.tr\/orta-ogretim-fen-ve-matematik-alanlari-egitimi-bolumu\/tarihce\/","title":{"rendered":"Tarih\u00e7e"},"content":{"rendered":"\t\t<div data-elementor-type=\"wp-page\" data-elementor-id=\"5638\" class=\"elementor elementor-5638\" data-elementor-post-type=\"page\">\n\t\t\t\t\t\t<section class=\"elementor-section elementor-top-section elementor-element elementor-element-730d320 elementor-section-boxed elementor-section-height-default elementor-section-height-default\" data-id=\"730d320\" data-element_type=\"section\">\n\t\t\t\t\t\t<div class=\"elementor-container elementor-column-gap-default\">\n\t\t\t\t\t<div class=\"elementor-column elementor-col-100 elementor-top-column elementor-element elementor-element-753d0860\" data-id=\"753d0860\" data-element_type=\"column\">\n\t\t\t<div class=\"elementor-widget-wrap\">\n\t\t\t\t\t\t\t<\/div>\n\t\t<\/div>\n\t\t\t\t\t<\/div>\n\t\t<\/section>\n\t\t\t\t<section class=\"elementor-section elementor-top-section elementor-element elementor-element-9be811a elementor-section-boxed elementor-section-height-default elementor-section-height-default\" data-id=\"9be811a\" data-element_type=\"section\">\n\t\t\t\t\t\t<div class=\"elementor-container elementor-column-gap-default\">\n\t\t\t\t\t<div class=\"elementor-column elementor-col-100 elementor-top-column elementor-element elementor-element-1ed847b7\" data-id=\"1ed847b7\" data-element_type=\"column\">\n\t\t\t<div class=\"elementor-widget-wrap elementor-element-populated\">\n\t\t\t\t\t\t<div class=\"elementor-element elementor-element-4ce0d07f elementor-widget elementor-widget-heading\" data-id=\"4ce0d07f\" data-element_type=\"widget\" data-widget_type=\"heading.default\">\n\t\t\t\t<div class=\"elementor-widget-container\">\n\t\t\t\t\t<h2 class=\"elementor-heading-title elementor-size-default\">Tarih\u00e7e<\/h2>\t\t\t\t<\/div>\n\t\t\t\t<\/div>\n\t\t\t\t<div class=\"elementor-element elementor-element-63260862 elementor-widget-divider--view-line elementor-widget elementor-widget-divider\" data-id=\"63260862\" data-element_type=\"widget\" data-widget_type=\"divider.default\">\n\t\t\t\t<div class=\"elementor-widget-container\">\n\t\t\t\t\t\t\t<div class=\"elementor-divider\">\n\t\t\t<span class=\"elementor-divider-separator\">\n\t\t\t\t\t\t<\/span>\n\t\t<\/div>\n\t\t\t\t\t\t<\/div>\n\t\t\t\t<\/div>\n\t\t\t\t\t<\/div>\n\t\t<\/div>\n\t\t\t\t\t<\/div>\n\t\t<\/section>\n\t\t\t\t<section class=\"elementor-section elementor-top-section elementor-element elementor-element-681db8b elementor-section-boxed elementor-section-height-default elementor-section-height-default\" data-id=\"681db8b\" data-element_type=\"section\">\n\t\t\t\t\t\t<div class=\"elementor-container elementor-column-gap-default\">\n\t\t\t\t\t<div class=\"elementor-column elementor-col-100 elementor-top-column elementor-element elementor-element-ad4dac5\" data-id=\"ad4dac5\" data-element_type=\"column\">\n\t\t\t<div class=\"elementor-widget-wrap elementor-element-populated\">\n\t\t\t\t\t\t<div class=\"elementor-element elementor-element-2f96b3d elementor-widget elementor-widget-text-editor\" data-id=\"2f96b3d\" data-element_type=\"widget\" data-widget_type=\"text-editor.default\">\n\t\t\t\t<div class=\"elementor-widget-container\">\n\t\t\t\t\t\t\t\t\t<p>Atat\u00fcrk \u00dcniversitesi Matematik ve Fen Bilimleri E\u011fitimi B\u00f6l\u00fcm\u00fc&#8217;n\u00fcn hist\u00f3ria\u00e7\u0131klamaya \u00e7al\u0131\u015ft\u0131\u011f\u0131m\u0131zda, b\u00f6l\u00fcm\u00fcn ge\u00e7mi\u015finin olduk\u00e7a zengin ve \u00e7e\u015fitli oldu\u011funu g\u00f6r\u00fcyoruz.<\/p>\n<p>B\u00f6l\u00fcm\u00fcn kurulu\u015fu, \u00fclkenin e\u011fitim sisteminin geli\u015ftirilmesi ve matematik ile fen bilimleri alan\u0131ndaki \u00f6\u011fretim faaliyetlerinin desteklenmesi amac\u0131n\u0131 ta\u015f\u0131yor. section<\/p>\n<p>Bu ama\u00e7la b\u00f6l\u00fcm, uzun y\u0131llard\u0131r \u00f6\u011frencilere kaliteli bir e\u011fitim sunmaya \u00e7al\u0131\u015f\u0131yor. Matematik, fizik, biyoloji, kimya gibi temel bilim dallar\u0131nda verilen derslerle birlikte, \u00f6\u011frencilerin bu alanlarda derinlemesine bilgi sahibi olmalar\u0131 hedefleniyor.<\/p>\n<p>B\u00f6l\u00fcm\u00fcn tarihi boyunca \u00e7e\u015fitli geli\u015fmeler ve de\u011fi\u015fiklikler ya\u015fand\u0131. B\u00f6l\u00fcmdeki \u00f6\u011fretim elemanlar\u0131n\u0131n nghi\u00ean c\u1ee9u projelerine kat\u0131l\u0131m\u0131, ulusal ve uluslararas\u0131 i\u015fbirlikleri gibi etkenler, b\u00f6l\u00fcm\u00fcn akademik ve bilimsel faaliyetlerine katk\u0131da bulunmu\u015f g\u00f6r\u00fcn\u00fcyor.<\/p>\n<p>Bunun yan\u0131 s\u0131ra, \u00f6\u011frencilerin ara\u015ft\u0131rma ve proje \u00e7al\u0131\u015fmalar\u0131 ile desteklenmesi, b\u00f6l\u00fcm\u00fcn e\u011fitim misyonuna uygun olarak y\u00fcr\u00fct\u00fcl\u00fcyor. \u00d6\u011frencilere sunulan tez ve proje imk\u00e2nlar\u0131, onlar\u0131n ba\u011f\u0131ms\u0131z d\u00fc\u015f\u00fcnebilmeleri ve uygulamal\u0131 becerilerini geli\u015ftirmelerine olanak tan\u0131yor.<\/p>\t\t\t\t\t\t\t\t<\/div>\n\t\t\t\t<\/div>\n\t\t\t\t\t<\/div>\n\t\t<\/div>\n\t\t\t\t\t<\/div>\n\t\t<\/section>\n\t\t\t\t<\/div>\n\t\t","protected":false},"excerpt":{"rendered":"<p>Tarih\u00e7e Lorem Ipsum Nedir? Lorem Ipsum, dizgi ve bask\u0131 end\u00fcstrisinde kullan\u0131lan m\u0131g\u0131r metinlerdir. Lorem Ipsum, ad\u0131 bilinmeyen bir matbaac\u0131n\u0131n bir hurufat numune kitab\u0131 olu\u015fturmak \u00fczere bir yaz\u0131 galerisini alarak kar\u0131\u015ft\u0131rd\u0131\u011f\u0131 1500&#8217;lerden beri end\u00fcstri standard\u0131 sahte metinler olarak kullan\u0131lm\u0131\u015ft\u0131r. Be\u015fy\u00fcz y\u0131l boyunca varl\u0131\u011f\u0131n\u0131 s\u00fcrd\u00fcrmekle kalmam\u0131\u015f, ayn\u0131 zamanda pek de\u011fi\u015fmeden elektronik dizgiye de s\u0131\u00e7ram\u0131\u015ft\u0131r. 1960&#8217;larda Lorem Ipsum [&hellip;]<\/p>\n","protected":false},"author":1,"featured_media":0,"parent":0,"menu_order":0,"comment_status":"closed","ping_status":"closed","template":"","meta":{"footnotes":""},"class_list":["post-5638","page","type-page","status-publish","hentry"],"_links":{"self":[{"href":"https:\/\/atauni.edu.tr\/orta-ogretim-fen-ve-matematik-alanlari-egitimi-bolumu\/wp-json\/wp\/v2\/pages\/5638","targetHints":{"allow":["GET"]}}],"collection":[{"href":"https:\/\/atauni.edu.tr\/orta-ogretim-fen-ve-matematik-alanlari-egitimi-bolumu\/wp-json\/wp\/v2\/pages"}],"about":[{"href":"https:\/\/atauni.edu.tr\/orta-ogretim-fen-ve-matematik-alanlari-egitimi-bolumu\/wp-json\/wp\/v2\/types\/page"}],"author":[{"embeddable":true,"href":"https:\/\/atauni.edu.tr\/orta-ogretim-fen-ve-matematik-alanlari-egitimi-bolumu\/wp-json\/wp\/v2\/users\/1"}],"replies":[{"embeddable":true,"href":"https:\/\/atauni.edu.tr\/orta-ogretim-fen-ve-matematik-alanlari-egitimi-bolumu\/wp-json\/wp\/v2\/comments?post=5638"}],"version-history":[{"count":22,"href":"https:\/\/atauni.edu.tr\/orta-ogretim-fen-ve-matematik-alanlari-egitimi-bolumu\/wp-json\/wp\/v2\/pages\/5638\/revisions"}],"predecessor-version":[{"id":6117,"href":"https:\/\/atauni.edu.tr\/orta-ogretim-fen-ve-matematik-alanlari-egitimi-bolumu\/wp-json\/wp\/v2\/pages\/5638\/revisions\/6117"}],"wp:attachment":[{"href":"https:\/\/atauni.edu.tr\/orta-ogretim-fen-ve-matematik-alanlari-egitimi-bolumu\/wp-json\/wp\/v2\/media?parent=5638"}],"curies":[{"name":"wp","href":"https:\/\/api.w.org\/{rel}","templated":true}]}}