{"id":5791,"date":"2021-07-13T13:07:15","date_gmt":"2021-07-13T10:07:15","guid":{"rendered":"https:\/\/portaltest.atauni.edu.tr\/bilgisayar-muhendisligi\/?page_id=5791"},"modified":"2021-08-27T15:49:32","modified_gmt":"2021-08-27T12:49:32","slug":"staj","status":"publish","type":"page","link":"https:\/\/atauni.edu.tr\/orta-ogretim-sosyal-alanlar-egitimi-bolumu\/staj\/","title":{"rendered":"Staj"},"content":{"rendered":"\t\t<div data-elementor-type=\"wp-page\" data-elementor-id=\"5791\" class=\"elementor elementor-5791\" data-elementor-post-type=\"page\">\n\t\t\t\t\t\t<section class=\"elementor-section elementor-top-section elementor-element elementor-element-730d320 elementor-section-boxed elementor-section-height-default elementor-section-height-default\" data-id=\"730d320\" data-element_type=\"section\">\n\t\t\t\t\t\t<div class=\"elementor-container elementor-column-gap-default\">\n\t\t\t\t\t<div class=\"elementor-column elementor-col-100 elementor-top-column elementor-element elementor-element-753d0860\" data-id=\"753d0860\" data-element_type=\"column\">\n\t\t\t<div class=\"elementor-widget-wrap\">\n\t\t\t\t\t\t\t<\/div>\n\t\t<\/div>\n\t\t\t\t\t<\/div>\n\t\t<\/section>\n\t\t\t\t<section class=\"elementor-section elementor-top-section elementor-element elementor-element-9be811a elementor-section-boxed elementor-section-height-default elementor-section-height-default\" data-id=\"9be811a\" data-element_type=\"section\">\n\t\t\t\t\t\t<div class=\"elementor-container elementor-column-gap-default\">\n\t\t\t\t\t<div class=\"elementor-column elementor-col-100 elementor-top-column elementor-element elementor-element-1ed847b7\" data-id=\"1ed847b7\" data-element_type=\"column\">\n\t\t\t<div class=\"elementor-widget-wrap elementor-element-populated\">\n\t\t\t\t\t\t<div class=\"elementor-element elementor-element-4ce0d07f elementor-widget elementor-widget-heading\" data-id=\"4ce0d07f\" data-element_type=\"widget\" data-widget_type=\"heading.default\">\n\t\t\t\t<div class=\"elementor-widget-container\">\n\t\t\t\t\t<h2 class=\"elementor-heading-title elementor-size-default\">Staj<\/h2>\t\t\t\t<\/div>\n\t\t\t\t<\/div>\n\t\t\t\t<div class=\"elementor-element elementor-element-63260862 elementor-widget-divider--view-line elementor-widget elementor-widget-divider\" data-id=\"63260862\" data-element_type=\"widget\" data-widget_type=\"divider.default\">\n\t\t\t\t<div class=\"elementor-widget-container\">\n\t\t\t\t\t\t\t<div class=\"elementor-divider\">\n\t\t\t<span class=\"elementor-divider-separator\">\n\t\t\t\t\t\t<\/span>\n\t\t<\/div>\n\t\t\t\t\t\t<\/div>\n\t\t\t\t<\/div>\n\t\t\t\t\t<\/div>\n\t\t<\/div>\n\t\t\t\t\t<\/div>\n\t\t<\/section>\n\t\t\t\t<section class=\"elementor-section elementor-top-section elementor-element elementor-element-10e8347 elementor-section-boxed elementor-section-height-default elementor-section-height-default\" data-id=\"10e8347\" data-element_type=\"section\">\n\t\t\t\t\t\t<div class=\"elementor-container elementor-column-gap-default\">\n\t\t\t\t\t<div class=\"elementor-column elementor-col-100 elementor-top-column elementor-element elementor-element-795ab05\" data-id=\"795ab05\" data-element_type=\"column\">\n\t\t\t<div class=\"elementor-widget-wrap elementor-element-populated\">\n\t\t\t\t\t\t<div class=\"elementor-element elementor-element-4524745 elementor-widget elementor-widget-text-editor\" data-id=\"4524745\" data-element_type=\"widget\" data-widget_type=\"text-editor.default\">\n\t\t\t\t<div class=\"elementor-widget-container\">\n\t\t\t\t\t\t\t\t\t<p>Atat\u00fcrk \u00dcniversitesi T\u00fcrk\u00e7e ve Sosyal Bilimler E\u011fitimi B\u00f6l\u00fcm\u00fc&#8217;nde staj, \u00f6\u011frencilerin teorik bilgileri prati\u011fe d\u00f6kerek deneyim kazanmalar\u0131n\u0131 sa\u011flayan \u00f6nemli bir uygulamad\u0131r. Bu b\u00f6l\u00fcmde e\u011fitim g\u00f6ren \u00f6\u011frenciler, ald\u0131klar\u0131 derslerin yan\u0131 s\u0131ra verschieden alanlarda staj yapma f\u0131rsat\u0131 bulabilirler.<\/p>\n<p>Staj ch\u01b0\u01a1ng tr\u00ecnh\u0131, \u00f6\u011frencilere mesleki becerilerini geli\u015ftirme ve i\u015f ortam\u0131na al\u0131\u015fma imkan\u0131 tan\u0131r. Ayn\u0131 zamanda, \u00f6\u011frencilerin kendilerini farkl\u0131 ortamlarda ifade etmeleri ve ileti\u015fim becerilerini g\u00fc\u00e7lendirmelerine yard\u0131mc\u0131 olur. \u00d6\u011frenciler, staj s\u0131ras\u0131nda edindikleri deneyim ve bilgilerle birlikte mezuniyet sonras\u0131 i\u015f hayatlar\u0131na daha sa\u011flam bir temelde ba\u015flama \u015fans\u0131n\u0131 elde ederler.<\/p>\n<p>Staj yap\u0131lan alanlar, e\u011fitimcilerin uzmanl\u0131k alanlar\u0131na g\u00f6re \u00e7e\u015fitlilik g\u00f6sterebilir. \u00d6rne\u011fin, dil e\u011fitimi veren bir kurumda staj yapan \u00f6\u011frenciler, dil \u00f6\u011fretiminde kullan\u0131lan y\u00f6ntemleri uygulamaya koyabilir ve \u00f6\u011fretmenlik becerilerini geli\u015ftirebilirler. Benzer \u015fekilde, sosyal bilimler alan\u0131nda staj yapan \u00f6\u011frenciler, toplumsal olaylar hakk\u0131nda ara\u015ft\u0131rmalar yapabilir ve veri toplama tekniklerini \u00f6\u011frenebilirler.<\/p>\n<p>Staj program\u0131n\u0131n r\u00e9ussitesi i\u00e7in, \u00f6\u011frencilerin aktif olarak kat\u0131l\u0131m g\u00f6stermeleri ve ald\u0131klar\u0131 g\u00f6revleri seriousness ile yerine getirmeleri beklenir. \u00d6\u011frencilere, staj boyunca rehberlik eden bir dan\u0131\u015fman atan\u0131r ve bu dan\u0131\u015fman, \u00f6\u011frencilerin deneyimlerini de\u011ferlendirmelerine yard\u0131mc\u0131 olur.<\/p>\n<p>Atat\u00fcrk \u00dcniversitesi T\u00fcrk\u00e7e ve Sosyal Bilimler E\u011fitimi B\u00f6l\u00fcm\u00fc&#8217;n\u00fcn staj program\u0131, \u00f6\u011frencilerin kendilerini geli\u015ftirmeleri ve i\u015f hayat\u0131na haz\u0131rlanmalar\u0131 i\u00e7in \u00f6nemli bir ad\u0131m olarak g\u00f6r\u00fcl\u00fcr. \u00d6\u011frenciler, bu programa kat\u0131larak hem teorik bilgilerini peki\u015ftirir hem de mesleki deneyim kazanarak gelece\u011fe daha g\u00fcvenle bakarlar.<\/p>\t\t\t\t\t\t\t\t<\/div>\n\t\t\t\t<\/div>\n\t\t\t\t\t<\/div>\n\t\t<\/div>\n\t\t\t\t\t<\/div>\n\t\t<\/section>\n\t\t\t\t<\/div>\n\t\t","protected":false},"excerpt":{"rendered":"<p>Staj Lorem Ipsum Nedir? Lorem Ipsum, dizgi ve bask\u0131 end\u00fcstrisinde kullan\u0131lan m\u0131g\u0131r metinlerdir. Lorem Ipsum, ad\u0131 bilinmeyen bir matbaac\u0131n\u0131n bir hurufat numune kitab\u0131 olu\u015fturmak \u00fczere bir yaz\u0131 galerisini alarak kar\u0131\u015ft\u0131rd\u0131\u011f\u0131 1500&#8217;lerden beri end\u00fcstri standard\u0131 sahte metinler olarak kullan\u0131lm\u0131\u015ft\u0131r. Be\u015fy\u00fcz y\u0131l boyunca varl\u0131\u011f\u0131n\u0131 s\u00fcrd\u00fcrmekle kalmam\u0131\u015f, ayn\u0131 zamanda pek de\u011fi\u015fmeden elektronik dizgiye de s\u0131\u00e7ram\u0131\u015ft\u0131r. 1960&#8217;larda Lorem Ipsum [&hellip;]<\/p>\n","protected":false},"author":1,"featured_media":0,"parent":0,"menu_order":0,"comment_status":"closed","ping_status":"closed","template":"elementor_header_footer","meta":{"footnotes":""},"class_list":["post-5791","page","type-page","status-publish","hentry"],"_links":{"self":[{"href":"https:\/\/atauni.edu.tr\/orta-ogretim-sosyal-alanlar-egitimi-bolumu\/wp-json\/wp\/v2\/pages\/5791","targetHints":{"allow":["GET"]}}],"collection":[{"href":"https:\/\/atauni.edu.tr\/orta-ogretim-sosyal-alanlar-egitimi-bolumu\/wp-json\/wp\/v2\/pages"}],"about":[{"href":"https:\/\/atauni.edu.tr\/orta-ogretim-sosyal-alanlar-egitimi-bolumu\/wp-json\/wp\/v2\/types\/page"}],"author":[{"embeddable":true,"href":"https:\/\/atauni.edu.tr\/orta-ogretim-sosyal-alanlar-egitimi-bolumu\/wp-json\/wp\/v2\/users\/1"}],"replies":[{"embeddable":true,"href":"https:\/\/atauni.edu.tr\/orta-ogretim-sosyal-alanlar-egitimi-bolumu\/wp-json\/wp\/v2\/comments?post=5791"}],"version-history":[{"count":8,"href":"https:\/\/atauni.edu.tr\/orta-ogretim-sosyal-alanlar-egitimi-bolumu\/wp-json\/wp\/v2\/pages\/5791\/revisions"}],"predecessor-version":[{"id":6094,"href":"https:\/\/atauni.edu.tr\/orta-ogretim-sosyal-alanlar-egitimi-bolumu\/wp-json\/wp\/v2\/pages\/5791\/revisions\/6094"}],"wp:attachment":[{"href":"https:\/\/atauni.edu.tr\/orta-ogretim-sosyal-alanlar-egitimi-bolumu\/wp-json\/wp\/v2\/media?parent=5791"}],"curies":[{"name":"wp","href":"https:\/\/api.w.org\/{rel}","templated":true}]}}