{"id":5765,"date":"2021-07-13T12:56:51","date_gmt":"2021-07-13T09:56:51","guid":{"rendered":"https:\/\/portaltest.atauni.edu.tr\/bilgisayar-muhendisligi\/?page_id=5765"},"modified":"2022-05-17T22:11:31","modified_gmt":"2022-05-17T19:11:31","slug":"anabilim-dallari","status":"publish","type":"page","link":"https:\/\/atauni.edu.tr\/ozel-egitim-bolumu\/anabilim-dallari\/","title":{"rendered":"Anabilim Dallar\u0131"},"content":{"rendered":"\t\t<div data-elementor-type=\"wp-page\" data-elementor-id=\"5765\" class=\"elementor elementor-5765\" data-elementor-post-type=\"page\">\n\t\t\t\t\t\t<section class=\"elementor-section elementor-top-section elementor-element elementor-element-730d320 elementor-section-boxed elementor-section-height-default elementor-section-height-default\" data-id=\"730d320\" data-element_type=\"section\">\n\t\t\t\t\t\t<div class=\"elementor-container elementor-column-gap-default\">\n\t\t\t\t\t<div class=\"elementor-column elementor-col-100 elementor-top-column elementor-element elementor-element-753d0860\" data-id=\"753d0860\" data-element_type=\"column\">\n\t\t\t<div class=\"elementor-widget-wrap\">\n\t\t\t\t\t\t\t<\/div>\n\t\t<\/div>\n\t\t\t\t\t<\/div>\n\t\t<\/section>\n\t\t\t\t<section class=\"elementor-section elementor-top-section elementor-element elementor-element-9be811a elementor-section-boxed elementor-section-height-default elementor-section-height-default\" data-id=\"9be811a\" data-element_type=\"section\">\n\t\t\t\t\t\t<div class=\"elementor-container elementor-column-gap-default\">\n\t\t\t\t\t<div class=\"elementor-column elementor-col-100 elementor-top-column elementor-element elementor-element-1ed847b7\" data-id=\"1ed847b7\" data-element_type=\"column\">\n\t\t\t<div class=\"elementor-widget-wrap elementor-element-populated\">\n\t\t\t\t\t\t<div class=\"elementor-element elementor-element-4ce0d07f elementor-widget elementor-widget-heading\" data-id=\"4ce0d07f\" data-element_type=\"widget\" data-widget_type=\"heading.default\">\n\t\t\t\t<div class=\"elementor-widget-container\">\n\t\t\t\t\t<h2 class=\"elementor-heading-title elementor-size-default\">Anabilim Dallar\u0131<\/h2>\t\t\t\t<\/div>\n\t\t\t\t<\/div>\n\t\t\t\t<div class=\"elementor-element elementor-element-63260862 elementor-widget-divider--view-line elementor-widget elementor-widget-divider\" data-id=\"63260862\" data-element_type=\"widget\" data-widget_type=\"divider.default\">\n\t\t\t\t<div class=\"elementor-widget-container\">\n\t\t\t\t\t\t\t<div class=\"elementor-divider\">\n\t\t\t<span class=\"elementor-divider-separator\">\n\t\t\t\t\t\t<\/span>\n\t\t<\/div>\n\t\t\t\t\t\t<\/div>\n\t\t\t\t<\/div>\n\t\t\t\t\t<\/div>\n\t\t<\/div>\n\t\t\t\t\t<\/div>\n\t\t<\/section>\n\t\t\t\t<section class=\"elementor-section elementor-top-section elementor-element elementor-element-681db8b elementor-section-boxed elementor-section-height-default elementor-section-height-default\" data-id=\"681db8b\" data-element_type=\"section\">\n\t\t\t\t\t\t<div class=\"elementor-container elementor-column-gap-default\">\n\t\t\t\t\t<div class=\"elementor-column elementor-col-100 elementor-top-column elementor-element elementor-element-ad4dac5\" data-id=\"ad4dac5\" data-element_type=\"column\">\n\t\t\t<div class=\"elementor-widget-wrap elementor-element-populated\">\n\t\t\t\t\t\t<div class=\"elementor-element elementor-element-2f96b3d elementor-widget elementor-widget-text-editor\" data-id=\"2f96b3d\" data-element_type=\"widget\" data-widget_type=\"text-editor.default\">\n\t\t\t\t<div class=\"elementor-widget-container\">\n\t\t\t\t\t\t\t\t\t<div><h2>Zihin Engelliler E\u011fitimi Anabilim Dal\u0131<\/h2><p><b>Zihin Engelliler E\u011fitimi Anabilim Dal\u0131<\/b>\u00a0erken \u00e7ocukluk d\u00f6neminden yeti\u015fkinlik d\u00f6nemine kadar t\u00fcm ya\u015f gruplar\u0131nda,\u00a0<b>zihinsel<\/b>\u00a0yetersizlikten etkilenmi\u015f bireylerin geli\u015fimsel potansiyellerine ula\u015fmalar\u0131n\u0131 desteklemek amac\u0131yla kurulmu\u015f bir\u00a0<b>anabilim<\/b>\u00a0dal\u0131d\u0131r.<\/p><\/div><div><h2>\u0130\u015fitme Engelliler E\u011fitimi Anabilim Dal\u0131<\/h2><p>Bu\u00a0<b>anabilim<\/b>\u00a0dal\u0131n\u0131n amac\u0131 \u00d6zel\u00a0<b>E\u011fitim<\/b>\u00a0\u00d6\u011fretmenli\u011fi lisans program\u0131nda\u00a0<b>i\u015fitme<\/b>\u00a0yetersizli\u011fi ile ilgili dersleri y\u00fcr\u00fctmek,\u00a0<b>i\u015fitme<\/b>\u00a0yetersizli\u011fi uzmanl\u0131k alan\u0131yla ilgili derslerin koordinasyonunu sa\u011flamak,\u00a0<b>i\u015fitme<\/b>\u00a0yetersizli\u011fi alan\u0131nda lisans\u00fcst\u00fc\u00a0<b>e\u011fitim<\/b>\u00a0y\u00fcr\u00fctmek ve\u00a0<b>i\u015fitme<\/b>\u00a0yetersizli\u011fi konusunda bilimsel ara\u015ft\u0131rmalar &#8230;<\/p><\/div>\t\t\t\t\t\t\t\t<\/div>\n\t\t\t\t<\/div>\n\t\t\t\t\t<\/div>\n\t\t<\/div>\n\t\t\t\t\t<\/div>\n\t\t<\/section>\n\t\t\t\t<\/div>\n\t\t","protected":false},"excerpt":{"rendered":"<p>Anabilim Dallar\u0131 Zihin Engelliler E\u011fitimi Anabilim Dal\u0131 Zihin Engelliler E\u011fitimi Anabilim Dal\u0131\u00a0erken \u00e7ocukluk d\u00f6neminden yeti\u015fkinlik d\u00f6nemine kadar t\u00fcm ya\u015f gruplar\u0131nda,\u00a0zihinsel\u00a0yetersizlikten etkilenmi\u015f bireylerin geli\u015fimsel potansiyellerine ula\u015fmalar\u0131n\u0131 desteklemek amac\u0131yla kurulmu\u015f bir\u00a0anabilim\u00a0dal\u0131d\u0131r. \u0130\u015fitme Engelliler E\u011fitimi Anabilim Dal\u0131 Bu\u00a0anabilim\u00a0dal\u0131n\u0131n amac\u0131 \u00d6zel\u00a0E\u011fitim\u00a0\u00d6\u011fretmenli\u011fi lisans program\u0131nda\u00a0i\u015fitme\u00a0yetersizli\u011fi ile ilgili dersleri y\u00fcr\u00fctmek,\u00a0i\u015fitme\u00a0yetersizli\u011fi uzmanl\u0131k alan\u0131yla ilgili derslerin koordinasyonunu sa\u011flamak,\u00a0i\u015fitme\u00a0yetersizli\u011fi alan\u0131nda lisans\u00fcst\u00fc\u00a0e\u011fitim\u00a0y\u00fcr\u00fctmek ve\u00a0i\u015fitme\u00a0yetersizli\u011fi konusunda bilimsel ara\u015ft\u0131rmalar [&hellip;]<\/p>\n","protected":false},"author":1,"featured_media":0,"parent":0,"menu_order":0,"comment_status":"closed","ping_status":"closed","template":"elementor_header_footer","meta":{"footnotes":""},"class_list":["post-5765","page","type-page","status-publish","hentry"],"_links":{"self":[{"href":"https:\/\/atauni.edu.tr\/ozel-egitim-bolumu\/wp-json\/wp\/v2\/pages\/5765","targetHints":{"allow":["GET"]}}],"collection":[{"href":"https:\/\/atauni.edu.tr\/ozel-egitim-bolumu\/wp-json\/wp\/v2\/pages"}],"about":[{"href":"https:\/\/atauni.edu.tr\/ozel-egitim-bolumu\/wp-json\/wp\/v2\/types\/page"}],"author":[{"embeddable":true,"href":"https:\/\/atauni.edu.tr\/ozel-egitim-bolumu\/wp-json\/wp\/v2\/users\/1"}],"replies":[{"embeddable":true,"href":"https:\/\/atauni.edu.tr\/ozel-egitim-bolumu\/wp-json\/wp\/v2\/comments?post=5765"}],"version-history":[{"count":15,"href":"https:\/\/atauni.edu.tr\/ozel-egitim-bolumu\/wp-json\/wp\/v2\/pages\/5765\/revisions"}],"predecessor-version":[{"id":6813,"href":"https:\/\/atauni.edu.tr\/ozel-egitim-bolumu\/wp-json\/wp\/v2\/pages\/5765\/revisions\/6813"}],"wp:attachment":[{"href":"https:\/\/atauni.edu.tr\/ozel-egitim-bolumu\/wp-json\/wp\/v2\/media?parent=5765"}],"curies":[{"name":"wp","href":"https:\/\/api.w.org\/{rel}","templated":true}]}}