{"id":6891,"date":"2024-11-12T21:50:00","date_gmt":"2024-11-12T18:50:00","guid":{"rendered":"http:\/\/birimler.atauni.edu.tr\/ozel-egitim-bolumu\/?page_id=6891"},"modified":"2024-11-13T11:14:25","modified_gmt":"2024-11-13T08:14:25","slug":"misyon-vizyon-ve-temel-degerler","status":"publish","type":"page","link":"https:\/\/atauni.edu.tr\/ozel-egitim-bolumu\/misyon-vizyon-ve-temel-degerler\/","title":{"rendered":"Misyon, Vizyon ve Temel De\u011ferler"},"content":{"rendered":"\t\t<div data-elementor-type=\"wp-page\" data-elementor-id=\"6891\" class=\"elementor elementor-6891\" data-elementor-post-type=\"page\">\n\t\t\t\t\t\t<section class=\"elementor-section elementor-top-section elementor-element elementor-element-a90c8f3 elementor-section-boxed elementor-section-height-default elementor-section-height-default\" data-id=\"a90c8f3\" data-element_type=\"section\">\n\t\t\t\t\t\t<div class=\"elementor-container elementor-column-gap-default\">\n\t\t\t\t\t<div class=\"elementor-column elementor-col-100 elementor-top-column elementor-element elementor-element-bffecfc\" data-id=\"bffecfc\" data-element_type=\"column\">\n\t\t\t<div class=\"elementor-widget-wrap elementor-element-populated\">\n\t\t\t\t\t\t<div class=\"elementor-element elementor-element-ac46d32 elementor-widget elementor-widget-spacer\" data-id=\"ac46d32\" data-element_type=\"widget\" data-widget_type=\"spacer.default\">\n\t\t\t\t<div class=\"elementor-widget-container\">\n\t\t\t\t\t\t\t<div class=\"elementor-spacer\">\n\t\t\t<div class=\"elementor-spacer-inner\"><\/div>\n\t\t<\/div>\n\t\t\t\t\t\t<\/div>\n\t\t\t\t<\/div>\n\t\t\t\t<div class=\"elementor-element elementor-element-0e57ae6 elementor-widget elementor-widget-toggle\" data-id=\"0e57ae6\" data-element_type=\"widget\" data-widget_type=\"toggle.default\">\n\t\t\t\t<div class=\"elementor-widget-container\">\n\t\t\t\t\t\t\t<div class=\"elementor-toggle\">\n\t\t\t\t\t\t\t<div class=\"elementor-toggle-item\">\n\t\t\t\t\t<div id=\"elementor-tab-title-1501\" class=\"elementor-tab-title\" data-tab=\"1\" role=\"button\" aria-controls=\"elementor-tab-content-1501\" aria-expanded=\"false\">\n\t\t\t\t\t\t\t\t\t\t\t\t<span class=\"elementor-toggle-icon elementor-toggle-icon-left\" aria-hidden=\"true\">\n\t\t\t\t\t\t\t\t\t\t\t\t\t\t\t<span class=\"elementor-toggle-icon-closed\"><i class=\"fas fa-caret-right\"><\/i><\/span>\n\t\t\t\t\t\t\t\t<span class=\"elementor-toggle-icon-opened\"><i class=\"elementor-toggle-icon-opened fas fa-caret-up\"><\/i><\/span>\n\t\t\t\t\t\t\t\t\t\t\t\t\t<\/span>\n\t\t\t\t\t\t\t\t\t\t\t\t<a class=\"elementor-toggle-title\" tabindex=\"0\">Vizyon<\/a>\n\t\t\t\t\t<\/div>\n\n\t\t\t\t\t<div id=\"elementor-tab-content-1501\" class=\"elementor-tab-content elementor-clearfix\" data-tab=\"1\" role=\"region\" aria-labelledby=\"elementor-tab-title-1501\"><p style=\"font-weight: 400\"><em>Ya\u015fam boyu \u00f6\u011frenmeyi hedefleyen, \u00e7e\u015fitli e\u011fitim f\u0131rsatlar\u0131n\u0131 destekleyen, \u0130leti\u015fim yollar\u0131n\u0131 etkin kullanan, farkl\u0131 fikirlere ho\u015fg\u00f6r\u00fcl\u00fc olan, teknolojik geli\u015fmeleri takip eden, insani ve etik ilkelere ba\u011fl\u0131 kalan, Milli de\u011ferlere sayg\u0131l\u0131 \u00f6zel gereksinimi olan bireylere ve ailelerine hizmet edecek yetkin ve profesyonel \u00f6\u011fretmen adaylar\u0131 haz\u0131rlamak.<\/em><\/p><\/div>\n\t\t\t\t<\/div>\n\t\t\t\t\t\t\t<div class=\"elementor-toggle-item\">\n\t\t\t\t\t<div id=\"elementor-tab-title-1502\" class=\"elementor-tab-title\" data-tab=\"2\" role=\"button\" aria-controls=\"elementor-tab-content-1502\" aria-expanded=\"false\">\n\t\t\t\t\t\t\t\t\t\t\t\t<span class=\"elementor-toggle-icon elementor-toggle-icon-left\" aria-hidden=\"true\">\n\t\t\t\t\t\t\t\t\t\t\t\t\t\t\t<span class=\"elementor-toggle-icon-closed\"><i class=\"fas fa-caret-right\"><\/i><\/span>\n\t\t\t\t\t\t\t\t<span class=\"elementor-toggle-icon-opened\"><i class=\"elementor-toggle-icon-opened fas fa-caret-up\"><\/i><\/span>\n\t\t\t\t\t\t\t\t\t\t\t\t\t<\/span>\n\t\t\t\t\t\t\t\t\t\t\t\t<a class=\"elementor-toggle-title\" tabindex=\"0\">Misyon<\/a>\n\t\t\t\t\t<\/div>\n\n\t\t\t\t\t<div id=\"elementor-tab-content-1502\" class=\"elementor-tab-content elementor-clearfix\" data-tab=\"2\" role=\"region\" aria-labelledby=\"elementor-tab-title-1502\"><p><em>Ara\u015ft\u0131rma, \u00f6\u011fretme ve hizmet yoluyla temel becerileri, bilgileri ve de\u011ferleri geli\u015ftirerek ve yayarak \u00f6zel gereksinimi olan bireylerin ve ailelerinin ya\u015fam kalitesini iyile\u015ftirmektir.<\/em><\/p><\/div>\n\t\t\t\t<\/div>\n\t\t\t\t\t\t\t<div class=\"elementor-toggle-item\">\n\t\t\t\t\t<div id=\"elementor-tab-title-1503\" class=\"elementor-tab-title\" data-tab=\"3\" role=\"button\" aria-controls=\"elementor-tab-content-1503\" aria-expanded=\"false\">\n\t\t\t\t\t\t\t\t\t\t\t\t<span class=\"elementor-toggle-icon elementor-toggle-icon-left\" aria-hidden=\"true\">\n\t\t\t\t\t\t\t\t\t\t\t\t\t\t\t<span class=\"elementor-toggle-icon-closed\"><i class=\"fas fa-caret-right\"><\/i><\/span>\n\t\t\t\t\t\t\t\t<span class=\"elementor-toggle-icon-opened\"><i class=\"elementor-toggle-icon-opened fas fa-caret-up\"><\/i><\/span>\n\t\t\t\t\t\t\t\t\t\t\t\t\t<\/span>\n\t\t\t\t\t\t\t\t\t\t\t\t<a class=\"elementor-toggle-title\" tabindex=\"0\">Temel De\u011ferler<\/a>\n\t\t\t\t\t<\/div>\n\n\t\t\t\t\t<div id=\"elementor-tab-content-1503\" class=\"elementor-tab-content elementor-clearfix\" data-tab=\"3\" role=\"region\" aria-labelledby=\"elementor-tab-title-1503\"><p style=\"font-weight: 400\"><em>1.Ulusal ve Evrensel Hukuk ilkelerine ve yasallara uymak.<\/em><br \/><em>2.Bilimin evrenselli\u011fine inanarak \u00e7al\u0131\u015fmak.<\/em><br \/><em>3.Geli\u015fmelere a\u00e7\u0131k olmak.<\/em><br \/><em>4. Kurumsal kimli\u011fimize ve i\u015f birli\u011fine \u00f6nem vermek.<\/em><br \/><em>5. \u00d6zel gereksinimi olanlar da dahil olmak \u00fczere b\u00fct\u00fcn insan topluluklar\u0131n\u0131n geli\u015fimine ve evrensellik ilkesine \u00f6nem vermek.<\/em><br \/><em>6. \u00d6zg\u00fcn ara\u015ft\u0131rmalar yapmak.<\/em><\/p><\/div>\n\t\t\t\t<\/div>\n\t\t\t\t\t\t\t\t<\/div>\n\t\t\t\t\t\t<\/div>\n\t\t\t\t<\/div>\n\t\t\t\t\t<\/div>\n\t\t<\/div>\n\t\t\t\t\t<\/div>\n\t\t<\/section>\n\t\t\t\t<\/div>\n\t\t","protected":false},"excerpt":{"rendered":"<p>Vizyon Ya\u015fam boyu \u00f6\u011frenmeyi hedefleyen, \u00e7e\u015fitli e\u011fitim f\u0131rsatlar\u0131n\u0131 destekleyen, \u0130leti\u015fim yollar\u0131n\u0131 etkin kullanan, farkl\u0131 fikirlere ho\u015fg\u00f6r\u00fcl\u00fc olan, teknolojik geli\u015fmeleri takip eden, insani ve etik ilkelere ba\u011fl\u0131 kalan, Milli de\u011ferlere sayg\u0131l\u0131 \u00f6zel gereksinimi olan bireylere ve ailelerine hizmet edecek yetkin ve profesyonel \u00f6\u011fretmen adaylar\u0131 haz\u0131rlamak. Misyon Ara\u015ft\u0131rma, \u00f6\u011fretme ve hizmet yoluyla temel becerileri, bilgileri ve de\u011ferleri [&hellip;]<\/p>\n","protected":false},"author":482,"featured_media":0,"parent":0,"menu_order":2,"comment_status":"closed","ping_status":"closed","template":"","meta":{"footnotes":""},"class_list":["post-6891","page","type-page","status-publish","hentry"],"_links":{"self":[{"href":"https:\/\/atauni.edu.tr\/ozel-egitim-bolumu\/wp-json\/wp\/v2\/pages\/6891","targetHints":{"allow":["GET"]}}],"collection":[{"href":"https:\/\/atauni.edu.tr\/ozel-egitim-bolumu\/wp-json\/wp\/v2\/pages"}],"about":[{"href":"https:\/\/atauni.edu.tr\/ozel-egitim-bolumu\/wp-json\/wp\/v2\/types\/page"}],"author":[{"embeddable":true,"href":"https:\/\/atauni.edu.tr\/ozel-egitim-bolumu\/wp-json\/wp\/v2\/users\/482"}],"replies":[{"embeddable":true,"href":"https:\/\/atauni.edu.tr\/ozel-egitim-bolumu\/wp-json\/wp\/v2\/comments?post=6891"}],"version-history":[{"count":13,"href":"https:\/\/atauni.edu.tr\/ozel-egitim-bolumu\/wp-json\/wp\/v2\/pages\/6891\/revisions"}],"predecessor-version":[{"id":6921,"href":"https:\/\/atauni.edu.tr\/ozel-egitim-bolumu\/wp-json\/wp\/v2\/pages\/6891\/revisions\/6921"}],"wp:attachment":[{"href":"https:\/\/atauni.edu.tr\/ozel-egitim-bolumu\/wp-json\/wp\/v2\/media?parent=6891"}],"curies":[{"name":"wp","href":"https:\/\/api.w.org\/{rel}","templated":true}]}}