{"id":6911,"date":"2024-11-13T11:05:23","date_gmt":"2024-11-13T08:05:23","guid":{"rendered":"https:\/\/birimler.atauni.edu.tr\/ozel-egitim-bolumu\/?page_id=6911"},"modified":"2024-11-13T14:59:06","modified_gmt":"2024-11-13T11:59:06","slug":"tarihce","status":"publish","type":"page","link":"https:\/\/atauni.edu.tr\/ozel-egitim-bolumu\/tarihce\/","title":{"rendered":"Tarih\u00e7e"},"content":{"rendered":"\t\t<div data-elementor-type=\"wp-page\" data-elementor-id=\"6911\" class=\"elementor elementor-6911\" data-elementor-post-type=\"page\">\n\t\t\t\t\t\t<section class=\"elementor-section elementor-top-section elementor-element elementor-element-bae7cbc elementor-section-boxed elementor-section-height-default elementor-section-height-default\" data-id=\"bae7cbc\" data-element_type=\"section\">\n\t\t\t\t\t\t<div class=\"elementor-container elementor-column-gap-default\">\n\t\t\t\t\t<div class=\"elementor-column elementor-col-100 elementor-top-column elementor-element elementor-element-13e790d\" data-id=\"13e790d\" data-element_type=\"column\">\n\t\t\t<div class=\"elementor-widget-wrap elementor-element-populated\">\n\t\t\t\t\t\t<div class=\"elementor-element elementor-element-6e1456b elementor-widget elementor-widget-spacer\" data-id=\"6e1456b\" data-element_type=\"widget\" data-widget_type=\"spacer.default\">\n\t\t\t\t<div class=\"elementor-widget-container\">\n\t\t\t\t\t\t\t<div class=\"elementor-spacer\">\n\t\t\t<div class=\"elementor-spacer-inner\"><\/div>\n\t\t<\/div>\n\t\t\t\t\t\t<\/div>\n\t\t\t\t<\/div>\n\t\t\t\t\t<\/div>\n\t\t<\/div>\n\t\t\t\t\t<\/div>\n\t\t<\/section>\n\t\t\t\t<section class=\"elementor-section elementor-top-section elementor-element elementor-element-56d8109 elementor-section-boxed elementor-section-height-default elementor-section-height-default\" data-id=\"56d8109\" data-element_type=\"section\">\n\t\t\t\t\t\t<div class=\"elementor-container elementor-column-gap-default\">\n\t\t\t\t\t<div class=\"elementor-column elementor-col-100 elementor-top-column elementor-element elementor-element-f6dd7da\" data-id=\"f6dd7da\" data-element_type=\"column\">\n\t\t\t<div class=\"elementor-widget-wrap elementor-element-populated\">\n\t\t\t\t\t\t<div class=\"elementor-element elementor-element-ba560bb elementor-widget elementor-widget-heading\" data-id=\"ba560bb\" data-element_type=\"widget\" data-widget_type=\"heading.default\">\n\t\t\t\t<div class=\"elementor-widget-container\">\n\t\t\t\t\t<h1 class=\"elementor-heading-title elementor-size-default\">Tarih\u00e7e<\/h1>\t\t\t\t<\/div>\n\t\t\t\t<\/div>\n\t\t\t\t\t<\/div>\n\t\t<\/div>\n\t\t\t\t\t<\/div>\n\t\t<\/section>\n\t\t\t\t<section class=\"elementor-section elementor-top-section elementor-element elementor-element-b99fff5 elementor-section-boxed elementor-section-height-default elementor-section-height-default\" data-id=\"b99fff5\" data-element_type=\"section\">\n\t\t\t\t\t\t<div class=\"elementor-container elementor-column-gap-default\">\n\t\t\t\t\t<div class=\"elementor-column elementor-col-100 elementor-top-column elementor-element elementor-element-118cb1e\" data-id=\"118cb1e\" data-element_type=\"column\">\n\t\t\t<div class=\"elementor-widget-wrap elementor-element-populated\">\n\t\t\t\t\t\t<div class=\"elementor-element elementor-element-7606497 elementor-widget elementor-widget-text-editor\" data-id=\"7606497\" data-element_type=\"widget\" data-widget_type=\"text-editor.default\">\n\t\t\t\t<div class=\"elementor-widget-container\">\n\t\t\t\t\t\t\t\t\t<div class=\"elementor-element-overlay\"><p>\u00d6zel E\u011fitim B\u00f6l\u00fcm\u00fc 2005 y\u0131l\u0131nda Zihin Engelliler \u00d6\u011fretmenli\u011fi olarak a\u00e7\u0131lm\u0131\u015ft\u0131r. 2014-2015 e\u011fitim \u00f6\u011fretim y\u0131l\u0131ndan itibaren \u00f6\u011frenci al\u0131n\u0131m\u0131na ba\u015flam\u0131\u015ft\u0131r. \u00d6zel E\u011fitim B\u00f6l\u00fcm\u00fc Zihinsel Engellilerin E\u011fitimi AnabilimDal\u0131\u2019na 2014\u2019den 2016 y\u0131l\u0131na kadar Zihinsel Engelliler \u00d6\u011fretmenli\u011fi Program\u0131 ad\u0131yla lisans d\u00fczeyinde \u00f6\u011frenci al\u0131nm\u0131\u015ft\u0131r. 2016-2017 e\u011fitim-\u00f6\u011fretim y\u0131l\u0131ndan itibaren ise Y\u00d6K taraf\u0131ndan haz\u0131rlanan \u00d6zel E\u011fitim \u00d6\u011fretmenli\u011fi Program\u0131 ad\u0131 alt\u0131nda lisans d\u00fczeyinde \u00f6\u011frenci al\u0131nmaya devam etmi\u015ftir. 2017-2018 e\u011fitim \u00f6\u011fretim y\u0131l\u0131nda ilk mezunlar\u0131n\u0131 vermi\u015ftir. Toplam yedi y\u0131ld\u0131r \u00f6\u011frenci mezun etmektedir. 2022-2023 e\u011fitim \u00f6\u011fretim y\u0131l\u0131 m\u00fcfredat g\u00fcncelleme \u00e7al\u0131\u015fmalar\u0131 kapsam\u0131nda Atat\u00fcrk \u00dcniversitesi senato karar\u0131yla \u00fcniversitedeki b\u00fct\u00fcn b\u00f6l\u00fcmlere kendi programlar\u0131n\u0131 olu\u015fturma f\u0131rsat\u0131 vermi\u015ftir. Bu ba\u011flamda \u00d6zel E\u011fitim B\u00f6l\u00fcm\u00fc \u00fcyeleri yapt\u0131klar\u0131 toplant\u0131lar sonucunda programda baz\u0131 de\u011fi\u015fiklikler yapmay\u0131 uygun g\u00f6rm\u00fc\u015ft\u00fcr. B\u00f6ylece yeni olu\u015fturulan \u00d6zel E\u011fitim Lisans Program\u0131 \u00d6\u011fretim Plan\u0131 uygulanmaya ba\u015flanm\u0131\u015ft\u0131r.<\/p><\/div>\t\t\t\t\t\t\t\t<\/div>\n\t\t\t\t<\/div>\n\t\t\t\t\t<\/div>\n\t\t<\/div>\n\t\t\t\t\t<\/div>\n\t\t<\/section>\n\t\t\t\t<\/div>\n\t\t","protected":false},"excerpt":{"rendered":"<p>Tarih\u00e7e \u00d6zel E\u011fitim B\u00f6l\u00fcm\u00fc 2005 y\u0131l\u0131nda Zihin Engelliler \u00d6\u011fretmenli\u011fi olarak a\u00e7\u0131lm\u0131\u015ft\u0131r. 2014-2015 e\u011fitim \u00f6\u011fretim y\u0131l\u0131ndan itibaren \u00f6\u011frenci al\u0131n\u0131m\u0131na ba\u015flam\u0131\u015ft\u0131r. \u00d6zel E\u011fitim B\u00f6l\u00fcm\u00fc Zihinsel Engellilerin E\u011fitimi AnabilimDal\u0131\u2019na 2014\u2019den 2016 y\u0131l\u0131na kadar Zihinsel Engelliler \u00d6\u011fretmenli\u011fi Program\u0131 ad\u0131yla lisans d\u00fczeyinde \u00f6\u011frenci al\u0131nm\u0131\u015ft\u0131r. 2016-2017 e\u011fitim-\u00f6\u011fretim y\u0131l\u0131ndan itibaren ise Y\u00d6K taraf\u0131ndan haz\u0131rlanan \u00d6zel E\u011fitim \u00d6\u011fretmenli\u011fi Program\u0131 ad\u0131 alt\u0131nda lisans d\u00fczeyinde [&hellip;]<\/p>\n","protected":false},"author":482,"featured_media":0,"parent":0,"menu_order":2,"comment_status":"closed","ping_status":"closed","template":"","meta":{"footnotes":""},"class_list":["post-6911","page","type-page","status-publish","hentry"],"_links":{"self":[{"href":"https:\/\/atauni.edu.tr\/ozel-egitim-bolumu\/wp-json\/wp\/v2\/pages\/6911","targetHints":{"allow":["GET"]}}],"collection":[{"href":"https:\/\/atauni.edu.tr\/ozel-egitim-bolumu\/wp-json\/wp\/v2\/pages"}],"about":[{"href":"https:\/\/atauni.edu.tr\/ozel-egitim-bolumu\/wp-json\/wp\/v2\/types\/page"}],"author":[{"embeddable":true,"href":"https:\/\/atauni.edu.tr\/ozel-egitim-bolumu\/wp-json\/wp\/v2\/users\/482"}],"replies":[{"embeddable":true,"href":"https:\/\/atauni.edu.tr\/ozel-egitim-bolumu\/wp-json\/wp\/v2\/comments?post=6911"}],"version-history":[{"count":10,"href":"https:\/\/atauni.edu.tr\/ozel-egitim-bolumu\/wp-json\/wp\/v2\/pages\/6911\/revisions"}],"predecessor-version":[{"id":6933,"href":"https:\/\/atauni.edu.tr\/ozel-egitim-bolumu\/wp-json\/wp\/v2\/pages\/6911\/revisions\/6933"}],"wp:attachment":[{"href":"https:\/\/atauni.edu.tr\/ozel-egitim-bolumu\/wp-json\/wp\/v2\/media?parent=6911"}],"curies":[{"name":"wp","href":"https:\/\/api.w.org\/{rel}","templated":true}]}}