{"id":7002,"date":"2024-11-13T16:16:07","date_gmt":"2024-11-13T13:16:07","guid":{"rendered":"http:\/\/birimler.atauni.edu.tr\/ozel-egitim-bolumu\/?page_id=7002"},"modified":"2024-11-24T18:38:12","modified_gmt":"2024-11-24T15:38:12","slug":"ogretim-programi","status":"publish","type":"page","link":"https:\/\/atauni.edu.tr\/ozel-egitim-bolumu\/ogretim-programi\/","title":{"rendered":"\u00d6\u011fretim Program\u0131"},"content":{"rendered":"\t\t<div data-elementor-type=\"wp-page\" data-elementor-id=\"7002\" class=\"elementor elementor-7002\" data-elementor-post-type=\"page\">\n\t\t\t\t\t\t<section class=\"elementor-section elementor-top-section elementor-element elementor-element-4528f82 elementor-section-boxed elementor-section-height-default elementor-section-height-default\" data-id=\"4528f82\" data-element_type=\"section\">\n\t\t\t\t\t\t<div class=\"elementor-container elementor-column-gap-default\">\n\t\t\t\t\t<div class=\"elementor-column elementor-col-100 elementor-top-column elementor-element elementor-element-c755a90\" data-id=\"c755a90\" data-element_type=\"column\">\n\t\t\t<div class=\"elementor-widget-wrap elementor-element-populated\">\n\t\t\t\t\t\t<div class=\"elementor-element elementor-element-e26efcf elementor-widget elementor-widget-spacer\" data-id=\"e26efcf\" data-element_type=\"widget\" data-widget_type=\"spacer.default\">\n\t\t\t\t<div class=\"elementor-widget-container\">\n\t\t\t\t\t\t\t<div class=\"elementor-spacer\">\n\t\t\t<div class=\"elementor-spacer-inner\"><\/div>\n\t\t<\/div>\n\t\t\t\t\t\t<\/div>\n\t\t\t\t<\/div>\n\t\t\t\t\t<\/div>\n\t\t<\/div>\n\t\t\t\t\t<\/div>\n\t\t<\/section>\n\t\t\t\t<section class=\"elementor-section elementor-top-section elementor-element elementor-element-4d8098e elementor-section-boxed elementor-section-height-default elementor-section-height-default\" data-id=\"4d8098e\" data-element_type=\"section\">\n\t\t\t\t\t\t<div class=\"elementor-container elementor-column-gap-default\">\n\t\t\t\t\t<div class=\"elementor-column elementor-col-100 elementor-top-column elementor-element elementor-element-04c5b7e\" data-id=\"04c5b7e\" data-element_type=\"column\">\n\t\t\t<div class=\"elementor-widget-wrap elementor-element-populated\">\n\t\t\t\t\t\t<div class=\"elementor-element elementor-element-3a71742 elementor-widget elementor-widget-image\" data-id=\"3a71742\" data-element_type=\"widget\" data-widget_type=\"image.default\">\n\t\t\t\t<div class=\"elementor-widget-container\">\n\t\t\t\t\t\t\t\t\t\t\t\t\t\t\t<img fetchpriority=\"high\" decoding=\"async\" width=\"1024\" height=\"351\" src=\"https:\/\/atauni.edu.tr\/ozel-egitim-bolumu\/wp-content\/uploads\/sites\/145\/2020\/07\/Ekran-goruntusu-2024-11-14-130124-1024x351.png\" class=\"attachment-large size-large wp-image-7114\" alt=\"\" srcset=\"https:\/\/atauni.edu.tr\/ozel-egitim-bolumu\/wp-content\/uploads\/sites\/145\/2020\/07\/Ekran-goruntusu-2024-11-14-130124-1024x351.png 1024w, https:\/\/atauni.edu.tr\/ozel-egitim-bolumu\/wp-content\/uploads\/sites\/145\/2020\/07\/Ekran-goruntusu-2024-11-14-130124-300x103.png 300w, https:\/\/atauni.edu.tr\/ozel-egitim-bolumu\/wp-content\/uploads\/sites\/145\/2020\/07\/Ekran-goruntusu-2024-11-14-130124-768x263.png 768w, https:\/\/atauni.edu.tr\/ozel-egitim-bolumu\/wp-content\/uploads\/sites\/145\/2020\/07\/Ekran-goruntusu-2024-11-14-130124-1536x527.png 1536w, https:\/\/atauni.edu.tr\/ozel-egitim-bolumu\/wp-content\/uploads\/sites\/145\/2020\/07\/Ekran-goruntusu-2024-11-14-130124-600x206.png 600w, https:\/\/atauni.edu.tr\/ozel-egitim-bolumu\/wp-content\/uploads\/sites\/145\/2020\/07\/Ekran-goruntusu-2024-11-14-130124-560x192.png 560w, https:\/\/atauni.edu.tr\/ozel-egitim-bolumu\/wp-content\/uploads\/sites\/145\/2020\/07\/Ekran-goruntusu-2024-11-14-130124.png 1592w\" sizes=\"(max-width: 1024px) 100vw, 1024px\" \/>\t\t\t\t\t\t\t\t\t\t\t\t\t\t\t<\/div>\n\t\t\t\t<\/div>\n\t\t\t\t\t<\/div>\n\t\t<\/div>\n\t\t\t\t\t<\/div>\n\t\t<\/section>\n\t\t\t\t<section class=\"elementor-section elementor-top-section elementor-element elementor-element-fd4f0f2 elementor-section-boxed elementor-section-height-default elementor-section-height-default\" data-id=\"fd4f0f2\" data-element_type=\"section\">\n\t\t\t\t\t\t<div class=\"elementor-container elementor-column-gap-default\">\n\t\t\t\t\t<div class=\"elementor-column elementor-col-100 elementor-top-column elementor-element elementor-element-8daa480\" data-id=\"8daa480\" data-element_type=\"column\">\n\t\t\t<div class=\"elementor-widget-wrap elementor-element-populated\">\n\t\t\t\t\t\t<div class=\"elementor-element elementor-element-0d58b45 elementor-widget elementor-widget-image\" data-id=\"0d58b45\" data-element_type=\"widget\" data-widget_type=\"image.default\">\n\t\t\t\t<div class=\"elementor-widget-container\">\n\t\t\t\t\t\t\t\t\t\t\t\t\t\t\t<img decoding=\"async\" width=\"1024\" height=\"359\" src=\"https:\/\/atauni.edu.tr\/ozel-egitim-bolumu\/wp-content\/uploads\/sites\/145\/2024\/11\/Ekran-goruntusu-2024-11-14-131012-1024x359.png\" class=\"attachment-large size-large wp-image-7115\" alt=\"\" srcset=\"https:\/\/atauni.edu.tr\/ozel-egitim-bolumu\/wp-content\/uploads\/sites\/145\/2024\/11\/Ekran-goruntusu-2024-11-14-131012-1024x359.png 1024w, https:\/\/atauni.edu.tr\/ozel-egitim-bolumu\/wp-content\/uploads\/sites\/145\/2024\/11\/Ekran-goruntusu-2024-11-14-131012-300x105.png 300w, https:\/\/atauni.edu.tr\/ozel-egitim-bolumu\/wp-content\/uploads\/sites\/145\/2024\/11\/Ekran-goruntusu-2024-11-14-131012-768x269.png 768w, https:\/\/atauni.edu.tr\/ozel-egitim-bolumu\/wp-content\/uploads\/sites\/145\/2024\/11\/Ekran-goruntusu-2024-11-14-131012-1536x539.png 1536w, https:\/\/atauni.edu.tr\/ozel-egitim-bolumu\/wp-content\/uploads\/sites\/145\/2024\/11\/Ekran-goruntusu-2024-11-14-131012-600x210.png 600w, https:\/\/atauni.edu.tr\/ozel-egitim-bolumu\/wp-content\/uploads\/sites\/145\/2024\/11\/Ekran-goruntusu-2024-11-14-131012-560x196.png 560w, https:\/\/atauni.edu.tr\/ozel-egitim-bolumu\/wp-content\/uploads\/sites\/145\/2024\/11\/Ekran-goruntusu-2024-11-14-131012.png 1591w\" sizes=\"(max-width: 1024px) 100vw, 1024px\" \/>\t\t\t\t\t\t\t\t\t\t\t\t\t\t\t<\/div>\n\t\t\t\t<\/div>\n\t\t\t\t\t<\/div>\n\t\t<\/div>\n\t\t\t\t\t<\/div>\n\t\t<\/section>\n\t\t\t\t<section class=\"elementor-section elementor-top-section elementor-element elementor-element-927b544 elementor-section-boxed elementor-section-height-default elementor-section-height-default\" data-id=\"927b544\" data-element_type=\"section\">\n\t\t\t\t\t\t<div class=\"elementor-container elementor-column-gap-default\">\n\t\t\t\t\t<div class=\"elementor-column elementor-col-100 elementor-top-column elementor-element elementor-element-6a0163c\" data-id=\"6a0163c\" data-element_type=\"column\">\n\t\t\t<div class=\"elementor-widget-wrap elementor-element-populated\">\n\t\t\t\t\t\t<div class=\"elementor-element elementor-element-9c3bf47 elementor-widget elementor-widget-image\" data-id=\"9c3bf47\" data-element_type=\"widget\" data-widget_type=\"image.default\">\n\t\t\t\t<div class=\"elementor-widget-container\">\n\t\t\t\t\t\t\t\t\t\t\t\t\t\t\t<img decoding=\"async\" width=\"1024\" height=\"322\" src=\"https:\/\/atauni.edu.tr\/ozel-egitim-bolumu\/wp-content\/uploads\/sites\/145\/2024\/11\/Ekran-goruntusu-2024-11-14-131022-1024x322.png\" class=\"attachment-large size-large wp-image-7120\" alt=\"\" srcset=\"https:\/\/atauni.edu.tr\/ozel-egitim-bolumu\/wp-content\/uploads\/sites\/145\/2024\/11\/Ekran-goruntusu-2024-11-14-131022-1024x322.png 1024w, https:\/\/atauni.edu.tr\/ozel-egitim-bolumu\/wp-content\/uploads\/sites\/145\/2024\/11\/Ekran-goruntusu-2024-11-14-131022-300x94.png 300w, https:\/\/atauni.edu.tr\/ozel-egitim-bolumu\/wp-content\/uploads\/sites\/145\/2024\/11\/Ekran-goruntusu-2024-11-14-131022-768x242.png 768w, https:\/\/atauni.edu.tr\/ozel-egitim-bolumu\/wp-content\/uploads\/sites\/145\/2024\/11\/Ekran-goruntusu-2024-11-14-131022-1536x483.png 1536w, https:\/\/atauni.edu.tr\/ozel-egitim-bolumu\/wp-content\/uploads\/sites\/145\/2024\/11\/Ekran-goruntusu-2024-11-14-131022-600x189.png 600w, https:\/\/atauni.edu.tr\/ozel-egitim-bolumu\/wp-content\/uploads\/sites\/145\/2024\/11\/Ekran-goruntusu-2024-11-14-131022-560x176.png 560w, https:\/\/atauni.edu.tr\/ozel-egitim-bolumu\/wp-content\/uploads\/sites\/145\/2024\/11\/Ekran-goruntusu-2024-11-14-131022.png 1589w\" sizes=\"(max-width: 1024px) 100vw, 1024px\" \/>\t\t\t\t\t\t\t\t\t\t\t\t\t\t\t<\/div>\n\t\t\t\t<\/div>\n\t\t\t\t\t<\/div>\n\t\t<\/div>\n\t\t\t\t\t<\/div>\n\t\t<\/section>\n\t\t\t\t<section class=\"elementor-section elementor-top-section elementor-element elementor-element-6c9cc9f elementor-section-boxed elementor-section-height-default elementor-section-height-default\" data-id=\"6c9cc9f\" data-element_type=\"section\">\n\t\t\t\t\t\t<div class=\"elementor-container elementor-column-gap-default\">\n\t\t\t\t\t<div class=\"elementor-column elementor-col-100 elementor-top-column elementor-element elementor-element-ba13bd5\" data-id=\"ba13bd5\" data-element_type=\"column\">\n\t\t\t<div class=\"elementor-widget-wrap elementor-element-populated\">\n\t\t\t\t\t\t<div class=\"elementor-element elementor-element-021b005 elementor-widget elementor-widget-image\" data-id=\"021b005\" data-element_type=\"widget\" data-widget_type=\"image.default\">\n\t\t\t\t<div class=\"elementor-widget-container\">\n\t\t\t\t\t\t\t\t\t\t\t\t\t\t\t<img loading=\"lazy\" decoding=\"async\" width=\"1024\" height=\"301\" src=\"https:\/\/atauni.edu.tr\/ozel-egitim-bolumu\/wp-content\/uploads\/sites\/145\/2024\/11\/Ekran-goruntusu-2024-11-14-131030-1024x301.png\" class=\"attachment-large size-large wp-image-7121\" alt=\"\" srcset=\"https:\/\/atauni.edu.tr\/ozel-egitim-bolumu\/wp-content\/uploads\/sites\/145\/2024\/11\/Ekran-goruntusu-2024-11-14-131030-1024x301.png 1024w, https:\/\/atauni.edu.tr\/ozel-egitim-bolumu\/wp-content\/uploads\/sites\/145\/2024\/11\/Ekran-goruntusu-2024-11-14-131030-300x88.png 300w, https:\/\/atauni.edu.tr\/ozel-egitim-bolumu\/wp-content\/uploads\/sites\/145\/2024\/11\/Ekran-goruntusu-2024-11-14-131030-768x226.png 768w, https:\/\/atauni.edu.tr\/ozel-egitim-bolumu\/wp-content\/uploads\/sites\/145\/2024\/11\/Ekran-goruntusu-2024-11-14-131030-1536x451.png 1536w, https:\/\/atauni.edu.tr\/ozel-egitim-bolumu\/wp-content\/uploads\/sites\/145\/2024\/11\/Ekran-goruntusu-2024-11-14-131030-600x176.png 600w, https:\/\/atauni.edu.tr\/ozel-egitim-bolumu\/wp-content\/uploads\/sites\/145\/2024\/11\/Ekran-goruntusu-2024-11-14-131030-560x165.png 560w, https:\/\/atauni.edu.tr\/ozel-egitim-bolumu\/wp-content\/uploads\/sites\/145\/2024\/11\/Ekran-goruntusu-2024-11-14-131030.png 1589w\" sizes=\"(max-width: 1024px) 100vw, 1024px\" \/>\t\t\t\t\t\t\t\t\t\t\t\t\t\t\t<\/div>\n\t\t\t\t<\/div>\n\t\t\t\t\t<\/div>\n\t\t<\/div>\n\t\t\t\t\t<\/div>\n\t\t<\/section>\n\t\t\t\t<\/div>\n\t\t","protected":false},"excerpt":{"rendered":"","protected":false},"author":482,"featured_media":0,"parent":0,"menu_order":3,"comment_status":"closed","ping_status":"closed","template":"","meta":{"footnotes":""},"class_list":["post-7002","page","type-page","status-publish","hentry"],"_links":{"self":[{"href":"https:\/\/atauni.edu.tr\/ozel-egitim-bolumu\/wp-json\/wp\/v2\/pages\/7002","targetHints":{"allow":["GET"]}}],"collection":[{"href":"https:\/\/atauni.edu.tr\/ozel-egitim-bolumu\/wp-json\/wp\/v2\/pages"}],"about":[{"href":"https:\/\/atauni.edu.tr\/ozel-egitim-bolumu\/wp-json\/wp\/v2\/types\/page"}],"author":[{"embeddable":true,"href":"https:\/\/atauni.edu.tr\/ozel-egitim-bolumu\/wp-json\/wp\/v2\/users\/482"}],"replies":[{"embeddable":true,"href":"https:\/\/atauni.edu.tr\/ozel-egitim-bolumu\/wp-json\/wp\/v2\/comments?post=7002"}],"version-history":[{"count":55,"href":"https:\/\/atauni.edu.tr\/ozel-egitim-bolumu\/wp-json\/wp\/v2\/pages\/7002\/revisions"}],"predecessor-version":[{"id":7178,"href":"https:\/\/atauni.edu.tr\/ozel-egitim-bolumu\/wp-json\/wp\/v2\/pages\/7002\/revisions\/7178"}],"wp:attachment":[{"href":"https:\/\/atauni.edu.tr\/ozel-egitim-bolumu\/wp-json\/wp\/v2\/media?parent=7002"}],"curies":[{"name":"wp","href":"https:\/\/api.w.org\/{rel}","templated":true}]}}